{"id":1002,"date":"2013-09-26T07:26:10","date_gmt":"2013-09-26T05:26:10","guid":{"rendered":"http:\/\/forum-via.org\/?page_id=1002"},"modified":"2018-11-13T12:49:45","modified_gmt":"2018-11-13T11:49:45","slug":"first-challenge","status":"publish","type":"page","link":"https:\/\/forum-via.org\/de\/first-challenge\/","title":{"rendered":"Mobilit\u00e4ts Challenge"},"content":{"rendered":"<p><strong>Titel der Challenge<\/strong><br \/>\nVon Portland (Oregon) nach San Francisco (Kalifornien)!<\/p>\n<p><strong>Verwandte Themenbereich(e)<\/strong><br \/>\nMobilit\u00e4t, Klima, Gesundheit<\/p>\n<p><a href=\"http:\/\/forum-via.org\/wp-content\/uploads\/2013\/09\/CYOSA_logo.png\" rel=\"lightbox\"><img decoding=\"async\" loading=\"lazy\" src=\"http:\/\/forum-via.org\/wp-content\/uploads\/2013\/09\/CYOSA_logo.png\" alt=\"\" width=\"366\" height=\"138\" \/><\/a><\/p>\n<p><strong>Einleitung<\/strong><br \/>\nDie Art und Weise wie jede\/r Einzelne von uns von Punkt A nach Punkt B reist hat eine Auswirkung auf unsere nat\u00fcrliche Umwelt, unsere Gesundheit und unser soziales Umfeld. Wie wir uns fortbewegen hat z.B. einen Einfluss auf den Verkehr (z.B. Stau), wie schnell wir am Ziel ankommen, auf die L\u00e4rmbel\u00e4stigung oder auf den Aussto\u00df von Treibhausgasen, die sich auf unser Klima und unsere Gesundheit auswirken. Dar\u00fcber hinaus haben die von uns ausgew\u00e4hlten Transportmittel auch direkte Folgen f\u00fcr unsere Geldbeutel. Die Frage ist also, wie diese \u00f6kologischen, sozialen und \u00f6konomischen Auswirkungen der unterschiedlichen Fortbewegungsmittel abgewogen werden sollen, damit wir die Option ausw\u00e4hlen, die am besten f\u00fcr die Gesellschaft, f\u00fcr die Umwelt, aber auch f\u00fcr uns Reisende ist? Um diese Challenge zu meistern, brauchen wir eure Hilfe. Wie sollen wir uns fotbewegen, so dass wir m\u00f6glichst die alle drei Dimensionen (bzw. S\u00e4ulen im Video unten) der Nachhaltigkeit ber\u00fccksichtigen!<\/p>\n<p>Bevor ihr loslegt, hier noch ein kurzer Videoclip zu Nachhaltigkeit:<\/p>\n<p><iframe loading=\"lazy\" src=\"\/\/www.youtube.com\/embed\/RcNKHQb8QIc?feature=player_detailpage\" width=\"400\" height=\"260\" frameborder=\"0\" allowfullscreen=\"allowfullscreen\" data-mce-fragment=\"1\"><\/iframe><\/p>\n<p><strong>Challenge<\/strong><br \/>\nNachdem Matt und Valentina der amerikanischen Partnerklasse an der Harrison Preparatory Academy in Lakewood (WA) heute (am 26. September) das Projekt vorgestellt haben, starten sie offiziell ihre Nachhaltigkeits Weltreise. Und zwar nicht irgendwie, sondern mit dem Fahrrad von Lakewood \u00fcber Olympia (Washington State) nach Portland (Oregon), eine Distanz von etwa 130 Kilometern oder 210 Meilen!<\/p>\n<p>Wie soll es nun bei der 2. Etappe weitergehen? Diese wird Matt und Valentina von Portland nach San Francisco (Kalifornien) bringen. Dabei m\u00fcssen sie eine Distanz von etwa 1.125 km (oder 700 Meilen) \u00fcberwinden.<\/p>\n<p><strong>Hier die drei Optionen<\/strong><\/p>\n<p><a href=\"http:\/\/forum-via.org\/wp-content\/uploads\/2013\/09\/Valentina_Greyhound_opt.jpg\" rel=\"lightbox\"><img decoding=\"async\" loading=\"lazy\" class=\"alignleft size-full wp-image-1016\" src=\"http:\/\/forum-via.org\/wp-content\/uploads\/2013\/09\/Valentina_Greyhound_opt.jpg\" alt=\"Valentina_Greyhound_opt\" width=\"150\" height=\"150\" \/><\/a><a href=\"http:\/\/forum-via.org\/wp-content\/uploads\/2013\/09\/Matt_Rad_opt1.jpg\" rel=\"lightbox\"><img decoding=\"async\" loading=\"lazy\" class=\"alignnone size-full wp-image-1017\" src=\"http:\/\/forum-via.org\/wp-content\/uploads\/2013\/09\/Matt_Rad_opt1.jpg\" alt=\"Matt_Rad_opt\" width=\"150\" height=\"150\" \/><\/a><a href=\"http:\/\/forum-via.org\/wp-content\/uploads\/2013\/09\/Matt_Rad_opt1.jpg\" rel=\"lightbox\">\u00a0\u00a0 \u00a0\u00a0 \u00a0 <\/a><a href=\"http:\/\/forum-via.org\/wp-content\/uploads\/2013\/09\/Amtrak_Valentina_opt.jpg\" rel=\"lightbox\"><img decoding=\"async\" loading=\"lazy\" class=\"alignnone size-full wp-image-1018 alignleft\" src=\"http:\/\/forum-via.org\/wp-content\/uploads\/2013\/09\/Amtrak_Valentina_opt.jpg\" alt=\"Amtrak_Valentina_opt\" width=\"150\" height=\"150\" \/><\/a><\/p>\n<p>&nbsp;<\/p>\n<p>a) mit dem Bus\u00a0\u00a0\u00a0\u00a0\u00a0\u00a0\u00a0\u00a0\u00a0\u00a0\u00a0\u00a0\u00a0\u00a0\u00a0\u00a0\u00a0\u00a0\u00a0\u00a0\u00a0\u00a0 b) mit dem Zug\u00a0\u00a0\u00a0\u00a0\u00a0\u00a0\u00a0\u00a0\u00a0\u00a0\u00a0\u00a0\u00a0\u00a0\u00a0\u00a0\u00a0\u00a0 \u00a0\u00a0 c) mit dem Fahrrad<\/p>\n<p>Wer schafft es Matt und Valentina davon zu \u00fcberzeugen, eine der drei M\u00f6glichkeiten auszuw\u00e4hlen? Wer will und gute Argumente findet, der kann auch einen Mobilit\u00e4ts-Mix vorschlagen (also 2 oder 3 Optionen (a, b und c) kombinieren).<\/p>\n<p>Es h\u00e4ngt alles davon ab, was ihr vorschlagt! Mit euren Mitsch\u00fclerInnen, alleine, mit euren LehrerInnen in Gruppen oder zusammen mit den anderen Partnerschulen w\u00e4hlt ihr das Fortbewegungsmittel aus, mit dem Valentina und Matt die Distanz hinter sich bringen sollten.<\/p>\n<p>Beim Argumentieren und \u00dcberzeugen vergesst nicht, die drei S\u00e4ulen der Nachhaltigkeit zu Ber\u00fccksichtigen, n\u00e4mlich die \u00f6kologische, die soziale und die \u00f6konomische S\u00e4ulen.<\/p>\n<p>Erinnerung: Je mehr ihr miteinander zusammenarbeitet, desto besser stehen die Chancen, dass Matt und Valentina sich f\u00fcr eure Auswahl entscheiden!<\/p>\n<p><strong>Was man bei der Auswahl zum Beispiel ber\u00fccksichtigen kann<\/strong><\/p>\n<ul>\n<li>Treibhausgase und Energie\/Brennstoff (z.B. Benzin, Diesel, Strom, Kalorien, \u2026)<\/li>\n<li>Finanzielle Kosten (z.B. Fahrkarten, m\u00f6gliche Reparaturen, Essen, Unterkunft f\u00fcr die Dauer der Reise \u2026)<\/li>\n<li>Soziale Vor- und Nachteile (z.B. das Kennenlernen von neuen und interessanten Menschen auf dem Weg, die F\u00e4higkeit zu spontanen Umwegen und Entscheidungen, \u2026)<\/li>\n<li>Kulturelle M\u00f6glichkeiten (z.B. Gibt es etwas auf dem Weg, das sie sich anschauen sollten? Wie k\u00f6nnen sie solche M\u00f6glichkeiten am besten einbinden?)<\/li>\n<\/ul>\n<p>Jenseits der Fragen bez\u00fcglich Nachhaltigkeit solltet ihr euch auch Gedanken dar\u00fcber machen, wie weitere externe Faktoren eine wichtige Rolle spielen k\u00f6nnten. Zum Beispiel: Wie viel Gep\u00e4ck werden sie dabei haben? Wie wird das Wetter sein? Gibt es Sicherheitsgr\u00fcnde, die gegen oder f\u00fcr eine Option sprechen w\u00fcrden? Wie knapp ist ihr Zeitplan?<\/p>\n<p><strong>N\u00fctzliche Informationen und Links<\/strong><\/p>\n<ul>\n<li>Greyhound (Busse): <a title=\"Greyhound\" href=\"http:\/\/www.greyhound.com\" target=\"_blank\" rel=\"noopener\">www.greyhound.com<\/a><\/li>\n<li>Amtrak (Z\u00fcge): <a title=\"Amtrak\" href=\"http:\/\/www.amtrak.com\" target=\"_blank\" rel=\"noopener\">www.amtrak.com<\/a><\/li>\n<li>Google Maps bietet Fahrradstrecken in Beta an: <a title=\"Google Maps\" href=\"http:\/\/www.maps.google.com\" target=\"_blank\" rel=\"noopener\">www.maps.google.com<\/a><\/li>\n<li>Das Wetter in den USA: <a title=\"U.S. weather\" href=\"http:\/\/www.weather.gov\" target=\"_blank\" rel=\"noopener\">www.weather.gov<\/a><\/li>\n<li>Ein Rechner f\u00fcr Treibhausgasen (CO2): <a title=\"TravelMatters - Emissions Calculator\" href=\"http:\/\/www.travelmatters.org\/calculator\/individual\/index.php\" target=\"_blank\" rel=\"noopener\">www.travelmatters.org\/calculator\/<\/a> (oder ihr k\u00f6nntet einen anderen Emissionsrechner suchen. Bitte beachtet dabei, wie die Emissionen oder CO2-Aussto\u00dfe berechnet werden (das kann sehr unterschiedlich sein!)<\/li>\n<\/ul>\n<p>Solltet ihr irgendwelche Fragen an Matt und Valentina haben, k\u00f6nnt ihr sie hier posten (siehe unten) oder uns einfach eine\u00a0Email senden! Wir freuen uns darauf, von euch zur\u00fcckzuh\u00f6ren und auf die Reise von Portland nach San Francisco!<\/p>\n<p>Valentina und Matt<\/p>\n<p>P.S.: Ihr k\u00f6nnt uns auch auf Twitter verfolgen: <a title=\"Forum ViA Twitter\" href=\"https:\/\/twitter.com\/Forum_ViA\" target=\"_blank\" rel=\"noopener\">@Forum_ViA<\/a>!<\/p>\n<p><strong>HIER DAS AUFL\u00d6SUNGSVIDEO:<\/strong><\/p>\n<p><iframe loading=\"lazy\" src=\"\/\/www.youtube.com\/embed\/fosm51kQ3pQ?feature=player_detailpage\" width=\"640\" height=\"360\" frameborder=\"0\" allowfullscreen=\"allowfullscreen\" data-mce-fragment=\"1\"><\/iframe><\/p>\n<p><strong>Challenge 1: Von Portland (Oregon) nach San Francisco (Kalifornien)!<\/strong><\/p>\n<p>Die Aufregung auf unserer Seite war gro\u00df letzte Woche, als wir auf eure R\u00fcckmeldungen zur ersten Challenge gewartet haben\u2026. WAS WERDEN SIE ENTSCHEIDEN?<\/p>\n<p>Und \u2026 wir waren \u00fcberrascht: Keiner wollte uns das Radl nochmal antun \ud83d\ude09 \u2013 Zumindest nicht f\u00fcr die ganze lange Strecke von Portland nach San Francisco! Die Amerikanische Schulklasse hat zwar in einer Gruppendiskussion anscheinend kurz eine Wanderung zu Fu\u00df in Erw\u00e4gung gezogen (ihr Argument: \u00f6kologischer geht\u2019s nicht), aber das war ja 1. keine Option und 2. sind sie bei der Recherche drauf gekommen, dass wir damit fast ein Monat l\u00e4nger im Gegensatz zu den anderen drei Optionen unterwegs w\u00e4ren. Wir haben zwar keinen wahnsinnigen Stress, aber dadurch, dass wir im Mai sp\u00e4testens ein Frachtschiff von Argentinien nach Afrika nehmen wollen (bevor der Winter \u00fcber S\u00fcdargentinien hereinbricht \u2013 Achtung verkehrte Jahreszeit!), d\u00fcrfen wir uns auch nicht zu viel verzetteln in den USA.. wir haben schlie\u00dflich noch den ganzen S\u00fcdamerikanischen Teil des Kontinents vor uns!<\/p>\n<p><strong>Aber jetzt zu unserer Auswahl eurer \u201eEinsendungen\u201c:<\/strong><br \/>\nWir nehmen \u2026\u2026 tataaaa\u2026. eine Mischung aus Rad und Zug!<\/p>\n<p><a href=\"http:\/\/forum-via.org\/wp-content\/uploads\/2013\/10\/go-by-train_opt.jpg\" rel=\"lightbox\"><img decoding=\"async\" loading=\"lazy\" class=\"wp-image-1091 aligncenter\" src=\"http:\/\/forum-via.org\/wp-content\/uploads\/2013\/10\/go-by-train_opt-1024x768.jpg\" alt=\"go by train_opt\" width=\"350\" height=\"263\" srcset=\"https:\/\/forum-via.org\/wp-content\/uploads\/2013\/10\/go-by-train_opt-1024x768.jpg 1024w, https:\/\/forum-via.org\/wp-content\/uploads\/2013\/10\/go-by-train_opt-300x225.jpg 300w, https:\/\/forum-via.org\/wp-content\/uploads\/2013\/10\/go-by-train_opt-400x300.jpg 400w, https:\/\/forum-via.org\/wp-content\/uploads\/2013\/10\/go-by-train_opt.jpg 1200w\" sizes=\"(max-width: 350px) 100vw, 350px\" \/><\/a>Das hat nicht nur die Mehrheit von euch empfohlen, sondern ihr habt auch einige gute Argumente gefunden, warum es nachhaltig ist.<\/p>\n<p><strong>Eure besten Argumente:<\/strong><\/p>\n<ul>\n<li><strong>Sozial<\/strong>: Vom Wetter gesch\u00fctzt (Retz, Wien, Lakewood), Man trifft mehr interessante Leute (Caf\u00e9 und Buffet Car) (Wien und Retz), man kann aufstehen und herumgehen, gem\u00fctlicher (Wien, Lakewood), Zug ist leiser (Retz) (gr\u00f6\u00dftenteils au\u00dferhalb von St\u00e4dten), langfristig Kr\u00e4fte\/Zeit einteilen (Retz)<\/li>\n<li><strong>\u00d6konomisch<\/strong>: Nur Ticket f\u00fcr Sitzplatz ist bei Bus und Zug ca. gleich teuer (ihr habt sehr unterschiedliche Preise f\u00fcr Z\u00fcge und Busse rausgefunden). Aber Fahrradmitnahme ist bei Zug einfacher und viel billiger (gute Recherche Wien und Retz!). Wir haben Gl\u00fcck gehabt und sogar Zugtickets f\u00fcr 86$ pro Person (das hei\u00dft nur 63 EUR) bekommen*. Mehr Gratis Gep\u00e4ckmitnahme im Zug als im Bus (Lakewood), \u00dcbernachtung ist im Nachtzug inkludiert im Gegensatz zum Fahrrad (Wien) und zudem etwas bequemer (hoffentlich) im Gegensatz zum engen, hei\u00dfen Bus (Wien), Zug ist schnellste Option (Wien)<\/li>\n<li><strong>\u00d6kologisch<\/strong>: Bus und Bahn (im Gegensatz zu Auto und Flugzeug) haben beide ziemlich niedrigen CO2 Aussto\u00df (Bus eigtl. ein bissl besser (gute Recherche Wien und Lakewood!), weil wenn man die Energie f\u00fcr den Stra\u00dfenbau mit einberechnet, dieser sich auf mehr Nutzer der Stra\u00dfe verteilt. Daf\u00fcr kann es beim Bus aber auch Staus (vermehrt CO2) geben (Retz). Um CO2 einzusparen und etwas \u201eWorkout\u201c zu bekommen, werden wir den Transfer zum\/vom Bahnhof immerhin mit dem Fahrrad machen (ca. 1h innerhalb Portland und ca. 1h von Oakland nach San Francisco) &#8211; Danke f\u00fcr den Rat HTL Wien!<\/li>\n<\/ul>\n<p><strong>Route<\/strong>: Insgesamt wird unsere Route also in etwa so aussehen, wie das eine Gruppe aus der HTL Wien (wir konnten die Namen nicht lesen) auf einem Flipchart aufgezeichnet hat: <a href=\"http:\/\/forum-via.org\/wp-content\/uploads\/2013\/10\/flipchart_portland_sanfran.jpg\" rel=\"lightbox\"><img decoding=\"async\" loading=\"lazy\" class=\" wp-image-1093 aligncenter\" src=\"http:\/\/forum-via.org\/wp-content\/uploads\/2013\/10\/flipchart_portland_sanfran.jpg\" alt=\"flipchart_portland_sanfran\" width=\"514\" height=\"384\" srcset=\"https:\/\/forum-via.org\/wp-content\/uploads\/2013\/10\/flipchart_portland_sanfran.jpg 643w, https:\/\/forum-via.org\/wp-content\/uploads\/2013\/10\/flipchart_portland_sanfran-300x223.jpg 300w, https:\/\/forum-via.org\/wp-content\/uploads\/2013\/10\/flipchart_portland_sanfran-401x300.jpg 401w\" sizes=\"(max-width: 514px) 100vw, 514px\" \/><\/a><\/p>\n<p>Dadurch dass ihr letztendlich alle (!) am Ende f\u00fcr Bus oder Bahn als Haupttransportmittel gevotet habt, zeigt, dass ihr unsere Fitness auch ziemlich gut eingesch\u00e4tzt habt (besser als wir). Denn es macht zwar ur-viel Spa\u00df mit dem Fahrrad zu fahren, man ist ziemlich unabh\u00e4ngig und wenn man Gl\u00fcck hat, gibt es streckenweise auch sch\u00f6ne, ruhige Radlwege, aber nach 3 oder 4 Stunden radeln am St\u00fcck, l\u00e4sst unsere Kraft momentan schon ziemlich nach und wir sp\u00fcren bestimmte K\u00f6rperteile nicht mehr..\u00a0 Ein bisschen unheimlich wird Fahrradfahren in den USA auch, wenn man pl\u00f6tzlich keine andere Wahl hat, als auf der Autobahn zu fahren, was hier streckenweise erlaubt ist! Arg! Aber wir haben es \u00fcberlebt ;-))<\/p>\n<p>Wir sind schon gespannt, wie die 18 Stunden im Zug mit Sitzplatz sein werden (den Liegewagen k\u00f6nnen wir uns nicht leisten, wenn wir in unserem Budgetrahmen bleiben wollen), aber wir werden es f\u00fcr euch mitdokumentieren und mit einem Video (siehe oben) wissen lassen, wie euer Plan aufgeht!!!<\/p>\n<p>Danke nochmal f\u00fcr eure R\u00fcckmeldungen! Das ist echt cool und ur-motivierend eure Entscheidungen zu bekommen!<\/p>\n<p>LG,<br \/>\nValentina und Matt<\/p>\n<p>* Geld: Wir haben ca. 20 EUR pro Person und Tag eingeplant. An manchen Tagen (Reisetagen) werden wir sicher dr\u00fcber kommen. An anderen z.B. wenn wir bei Freunden oder am Campingplatz schlafen und keine Reisetransportkosten entstehen, werden wir weit drunter bleiben. So sollte es sich hoffentlich ausgleichen.<\/p>\n","protected":false},"excerpt":{"rendered":"<p>Titel der Challenge Von Portland (Oregon) nach San Francisco (Kalifornien)! Verwandte Themenbereich(e) Mobilit\u00e4t, Klima, Gesundheit Einleitung Die Art und Weise wie jede\/r Einzelne von uns von Punkt A nach Punkt B reist hat eine Auswirkung auf unsere nat\u00fcrliche Umwelt, unsere Gesundheit und unser soziales Umfeld. Wie wir uns fortbewegen hat z.B. einen Einfluss auf den Verkehr (z.B. Stau), wie schnell wir am Ziel ankommen, auf die L\u00e4rmbel\u00e4stigung oder auf den Aussto\u00df von Treibhausgasen, die sich auf unser Klima und unsere&hellip;<\/p>\n","protected":false},"author":1,"featured_media":0,"parent":0,"menu_order":0,"comment_status":"closed","ping_status":"closed","template":"","meta":{"footnotes":""},"translation":{"provider":"WPGlobus","version":"3.0.2","language":"de","enabled_languages":["en","de"],"languages":{"en":{"title":true,"content":true,"excerpt":false},"de":{"title":true,"content":true,"excerpt":false}}},"acf":[],"_links":{"self":[{"href":"https:\/\/forum-via.org\/de\/wp-json\/wp\/v2\/pages\/1002"}],"collection":[{"href":"https:\/\/forum-via.org\/de\/wp-json\/wp\/v2\/pages"}],"about":[{"href":"https:\/\/forum-via.org\/de\/wp-json\/wp\/v2\/types\/page"}],"author":[{"embeddable":true,"href":"https:\/\/forum-via.org\/de\/wp-json\/wp\/v2\/users\/1"}],"replies":[{"embeddable":true,"href":"https:\/\/forum-via.org\/de\/wp-json\/wp\/v2\/comments?post=1002"}],"version-history":[{"count":30,"href":"https:\/\/forum-via.org\/de\/wp-json\/wp\/v2\/pages\/1002\/revisions"}],"predecessor-version":[{"id":4626,"href":"https:\/\/forum-via.org\/de\/wp-json\/wp\/v2\/pages\/1002\/revisions\/4626"}],"wp:attachment":[{"href":"https:\/\/forum-via.org\/de\/wp-json\/wp\/v2\/media?parent=1002"}],"curies":[{"name":"wp","href":"https:\/\/api.w.org\/{rel}","templated":true}]}}