{"id":1134,"date":"2013-12-05T03:45:29","date_gmt":"2013-12-03T21:53:56","guid":{"rendered":"http:\/\/forum-via.org\/?page_id=1134"},"modified":"2018-05-30T14:12:01","modified_gmt":"2018-05-30T12:12:01","slug":"3-challenge-matt-valentina-america","status":"publish","type":"page","link":"https:\/\/forum-via.org\/de\/3-challenge-matt-valentina-america\/","title":{"rendered":"3. Challenge Matt &#038; Valentina: Amerika"},"content":{"rendered":"<p><strong>DAS AUFL\u00d6SUNGSVIDEO UND EIN INTERVIEW MIT ERIC UND ANTONIO VOM MESOAMERIKANISCHEN INSTITUT F\u00dcR PERMAKULTUR (IMAP) FINDEN SIE\/FINDEST DU UNTEN AUF DIESER SEITE!<\/strong><\/p>\n<p><a href=\"http:\/\/forum-via.org\/wp-content\/uploads\/2013\/09\/CYOSA_logo.png\" rel=\"lightbox\"><img decoding=\"async\" loading=\"lazy\" class=\"aligncenter\" src=\"http:\/\/forum-via.org\/wp-content\/uploads\/2013\/09\/CYOSA_logo.png\" alt=\"\" width=\"366\" height=\"138\" \/><\/a><strong>Titel der dritten Challenge<\/strong><br \/>\nLago de Atitl\u00e1n (Atitl\u00e1nsee), Guatemala &#8211; Abenteuer \u00d6kodorf<\/p>\n<p><strong>Verwandte Themenbereich(e)<\/strong><br \/>\nNachhaltigkeit, Soziales, Governance<\/p>\n<p><strong>Einleitung<\/strong><br \/>\nLago de Atitl\u00e1n, oder der Atitl\u00e1nsee, ist ein gro\u00dfer See im Hochland Guatemalas, der von den drei Vulkanen Tolim\u00e1n, Atitl\u00e1n und San Pedro umgeben ist. Der See, einer der tiefsten Seen Zentralamerikas (wenn nicht der tiefste), ist auch die Heimat von vielen Maya-Gemeinden.<\/p>\n<p>W\u00e4hrend wir f\u00fcr die Weihnachtszeit von Mexiko richtung Nicaragua reisen, werden wir Guatemala durchqueren und m\u00f6chten kurz stehen bleiben, um etwas von diesem sch\u00f6nen Land zu sehen. Angesichts der Einzigartigkeit des Atitl\u00e1nsees haben wir uns daf\u00fcr entschieden, dort eine kleine Pause zu machen &#8211; aber wo sollen wir &#8218;wohnen&#8216;?<\/p>\n<p>In Mazunte haben wir ein paar Leute aus Argentinien kennen gelernt, die auf der Reise durch Lateinamerika und der Suche nach &#8222;eco-aldeas&#8220; (oder \u00d6kod\u00f6rfer) sind. Seitdem Valentina angefangen hat, \u00e4hnliche Gemeinschaften zu erforschen, sind wir daran interessiert und neugierig, ein \u00d6kodorf zu besuchen und zu sehen, wie sie die Grenzen des M\u00f6glichen bez\u00fcglich der F\u00f6rderung von Nachhaltigkeit kontinuierlich \u00fcberschreiten und dabei weitere Personen inspirieren. Und stellt ihr euch vor &#8211; genau wie es drei Vulkane am See gibt, haben wir auch drei \u00d6kod\u00f6rfer um den See gefunden, bei denen wir gerne anfragen m\u00f6chten, ob wir sie besuchen und ein paar Tage bei ihnen bleiben k\u00f6nnen!<\/p>\n<p>Inzwischen fragt ihr euch wahrscheinlich, was ein \u00d6kodorf ist, oder?<\/p>\n<p>Wie Robert Gilman das Konzept eines \u00d6kodorfes im Jahr 1991 in &#8222;The Eco-Village Challenge&#8220; auf Englisch beschrieb, ist ein \u00d6kodorf ein &#8222;human-scale\u00a0full-featured settlement in which human activities are harmlessly integrated into the natural world in a way that is supportive of healthy human development, and can be successfully continued into the indefinite future.&#8220;<\/p>\n<p>Aber ihr k\u00f6nnt mehr \u00fcber \u00d6kod\u00f6rfer auf der Homepage des globalen Netzwerks von \u00d6kod\u00f6rfern (<a title=\"Global Ecovillage Network\" href=\"http:\/\/gen.ecovillage.org\" target=\"_blank\" rel=\"noopener\">Global Ecovillage Network<\/a>) erfahren, das ein sich st\u00e4ndig wachsendes Netzwerk von tausenden zukunftsf\u00e4higen Gemeinschaften weltweit vertritt. Oder ihr k\u00f6nnt das folgende Video anschauen, das euch das deutsche \u00d6kodorf Sieben Linden vorstellt.<\/p>\n<p><iframe loading=\"lazy\" src=\"\/\/www.youtube.com\/embed\/6P6kcjhBr9g?feature=player_detailpage\" width=\"400\" height=\"260\" frameborder=\"0\" allowfullscreen=\"allowfullscreen\" data-mce-fragment=\"1\"><\/iframe><\/p>\n<p><strong>Challenge<\/strong><br \/>\nGegen Ende der ersten Dezember-Woche werden wir Mazunte (Mexiko) verlassen und nach San Cristobal de las Casas und dann Palenque (beide im mexikanischen Bundesstaat Chiapas) weiter reisen. Nach ein paar Tagen in den beiden St\u00e4dten haben wir uns vorgenommen, einen Bus nach Lago de Atitl\u00e1n zu nehmen. Dennoch m\u00f6chten wir eins der drei folgenden \u00d6kod\u00f6rfer kontaktieren, bevor wir ankommen, um anzufragen, ob wir sie besuchen und ein paar Tage bei ihnen \u00fcbernachten d\u00fcrfen. IHR entscheidet, welches \u00d6kodorf wir besuchen werden!<\/p>\n<p><strong>Hier die drei Optionen<\/strong><br \/>\na) Mesoamerican Institute of Permaculture<br \/>\nb) Atitl\u00e1n Organics<br \/>\nc) Green New World<\/p>\n<p>Wer schafft es Matt und Valentina davon zu \u00fcberzeugen, eine der drei M\u00f6glichkeiten auszuw\u00e4hlen?<\/p>\n<p>Es h\u00e4ngt alles davon ab, was ihr vorschlagt! Mit euren Mitsch\u00fclerInnen, alleine, mit euren LehrerInnen in Gruppen oder zusammen mit den anderen Partnerschulen w\u00e4hlt ihr das \u00d6kodorf aus, das Valentina und Matt am Atitl\u00e1nsee besuchen sollten.<\/p>\n<p>Beim Argumentieren und \u00dcberzeugen vergesst nicht, die drei S\u00e4ulen der Nachhaltigkeit zu Ber\u00fccksichtigen, n\u00e4mlich die \u00f6kologische, die soziale und die \u00f6konomische S\u00e4ulen.<\/p>\n<p><strong>Erinnerung:<\/strong> Je mehr ihr miteinander zusammenarbeitet, desto besser stehen die Chancen, dass Matt und Valentina sich f\u00fcr eure Auswahl entscheiden!<\/p>\n<p><strong>N\u00fctzliche Informationen und Links<\/strong><\/p>\n<ul>\n<li>Global Eco-Village Network:\u00a0<a title=\"Global Ecovillage Network\" href=\"http:\/\/gen.ecovillage.org\" target=\"_blank\" rel=\"noopener\">http:\/\/gen.ecovillage.org<\/a><\/li>\n<li>Mesoamerican Institute of Permaculture: <a title=\"Mesoamerican Institute of Permaculture\" href=\"http:\/\/imapermaculture.wordpress.com\" target=\"_blank\" rel=\"noopener\">http:\/\/imapermaculture.wordpress.com<\/a><\/li>\n<li>Atitl\u00e1n\u00a0Organics:\u00a0<a title=\"Atitlan Organics\" href=\"http:\/\/www.atitlanorganics.com\" target=\"_blank\" rel=\"noopener\">http:\/\/www.atitlanorganics.com<\/a><\/li>\n<li>Green New World:\u00a0<a title=\"Green New World\" href=\"http:\/\/www.greennewworld.org\/index.html\" target=\"_blank\" rel=\"noopener\">http:\/\/www.greennewworld.org\/index.html<\/a><\/li>\n<li>&#8222;Paradise Lost&#8220;, ein Artikel von Joyce Maynard in the New York Times (2012) \u00fcber den See (auf Englisch):\u00a0<a title=\"Paradise Lost - Artikel\" href=\"http:\/\/www.nytimes.com\/2012\/05\/14\/t-magazine\/paradise-lost-in-guatemala.html?pagewanted=all\" target=\"_blank\" rel=\"noopener\">http:\/\/www.nytimes.com\/2012\/05\/14\/t-magazine\/paradise-lost-in-guatemala.html?pagewanted=all<\/a><\/li>\n<li>Der Wikipedia-Eintrag \u00fcber \u00d6kod\u00f6rfer: <a title=\"\u00d6kod\u00f6rfer - Wiki\" href=\"http:\/\/de.wikipedia.org\/wiki\/%C3%96kodorf\" target=\"_blank\" rel=\"noopener\">http:\/\/de.wikipedia.org\/wiki\/%C3%96kodorf<\/a><\/li>\n<\/ul>\n<p>Solltet ihr irgendwelche Fragen an Matt und Valentina haben, k\u00f6nnt ihr sie hier posten (siehe unten) oder uns einfach eine\u00a0Email senden!<\/p>\n<p>Wir freuen uns darauf, von euch zu h\u00f6ren und euch bald aus dem Hochland Guatemalas zu berichten!<\/p>\n<p>Valentina und Matt<\/p>\n<p><strong>HIER DAS AUFL\u00d6SUNGSVIDEO:<\/strong><br \/>\n<iframe loading=\"lazy\" src=\"\/\/www.youtube.com\/embed\/cLab58h_XGI?feature=player_detailpage\" width=\"640\" height=\"360\" frameborder=\"0\" allowfullscreen=\"allowfullscreen\" data-mce-fragment=\"1\"><\/iframe><\/p>\n<p><strong>UND HIER DAS INTERVIEW (UNTERTITEL NUR AUF ENGLISCH) MIT ERIC UND ANTONIO VOM MESOAMERIKANISCHEN INSTITUT F\u00dcR PERMAKULTUR (IMAP):<\/strong><br \/>\n<iframe loading=\"lazy\" src=\"\/\/www.youtube.com\/embed\/-yGNTinMVrk?feature=player_detailpage\" width=\"640\" height=\"360\" frameborder=\"0\" allowfullscreen=\"allowfullscreen\" data-mce-fragment=\"1\"><\/iframe><\/p>\n","protected":false},"excerpt":{"rendered":"<p>DAS AUFL\u00d6SUNGSVIDEO UND EIN INTERVIEW MIT ERIC UND ANTONIO VOM MESOAMERIKANISCHEN INSTITUT F\u00dcR PERMAKULTUR (IMAP) FINDEN SIE\/FINDEST DU UNTEN AUF DIESER SEITE! Titel der dritten Challenge Lago de Atitl\u00e1n (Atitl\u00e1nsee), Guatemala &#8211; Abenteuer \u00d6kodorf Verwandte Themenbereich(e) Nachhaltigkeit, Soziales, Governance Einleitung Lago de Atitl\u00e1n, oder der Atitl\u00e1nsee, ist ein gro\u00dfer See im Hochland Guatemalas, der von den drei Vulkanen Tolim\u00e1n, Atitl\u00e1n und San Pedro umgeben ist. Der See, einer der tiefsten Seen Zentralamerikas (wenn nicht der tiefste), ist auch die Heimat&hellip;<\/p>\n","protected":false},"author":1,"featured_media":0,"parent":0,"menu_order":0,"comment_status":"closed","ping_status":"closed","template":"","meta":{"footnotes":""},"translation":{"provider":"WPGlobus","version":"3.0.2","language":"de","enabled_languages":["en","de"],"languages":{"en":{"title":true,"content":true,"excerpt":false},"de":{"title":true,"content":true,"excerpt":false}}},"acf":[],"_links":{"self":[{"href":"https:\/\/forum-via.org\/de\/wp-json\/wp\/v2\/pages\/1134"}],"collection":[{"href":"https:\/\/forum-via.org\/de\/wp-json\/wp\/v2\/pages"}],"about":[{"href":"https:\/\/forum-via.org\/de\/wp-json\/wp\/v2\/types\/page"}],"author":[{"embeddable":true,"href":"https:\/\/forum-via.org\/de\/wp-json\/wp\/v2\/users\/1"}],"replies":[{"embeddable":true,"href":"https:\/\/forum-via.org\/de\/wp-json\/wp\/v2\/comments?post=1134"}],"version-history":[{"count":28,"href":"https:\/\/forum-via.org\/de\/wp-json\/wp\/v2\/pages\/1134\/revisions"}],"predecessor-version":[{"id":4190,"href":"https:\/\/forum-via.org\/de\/wp-json\/wp\/v2\/pages\/1134\/revisions\/4190"}],"wp:attachment":[{"href":"https:\/\/forum-via.org\/de\/wp-json\/wp\/v2\/media?parent=1134"}],"curies":[{"name":"wp","href":"https:\/\/api.w.org\/{rel}","templated":true}]}}