{"id":1185,"date":"2014-01-28T03:50:41","date_gmt":"2014-01-28T02:50:41","guid":{"rendered":"http:\/\/forum-via.org\/?page_id=1185"},"modified":"2014-04-19T18:55:13","modified_gmt":"2014-04-19T16:55:13","slug":"vierte-challenge","status":"publish","type":"page","link":"https:\/\/forum-via.org\/de\/vierte-challenge\/","title":{"rendered":"VIERTE CHALLENGE!"},"content":{"rendered":"<p style=\"text-align: center;\"><strong>DAS AUFL\u00d6SUNGSVIDEO FINDEN SIE\/FINDEST DU UNTEN AUF DIESER SEITE!<\/strong><\/p>\n<p><strong><a href=\"http:\/\/forum-via.org\/wp-content\/uploads\/2014\/01\/north-america-political-map_opt.gif\" rel=\"lightbox\"><img decoding=\"async\" loading=\"lazy\" class=\" wp-image-1191 alignright\" style=\"border: 0px none;\" alt=\"north-america-political-map_opt\" src=\"http:\/\/forum-via.org\/wp-content\/uploads\/2014\/01\/north-america-political-map_opt.gif\" width=\"285\" height=\"284\" \/><\/a>Titel der vierten Challenge<\/strong><br \/>\nValentina und Matt in Bergen von M\u00fcll<\/p>\n<p><strong>Verwandte Themenbereich(e)<\/strong><br \/>\nRessourcen, Governance, Bildung<\/p>\n<p>Nun sind wir genau einen Monat in Nicaragua! (k\u00f6nnt ihr uns ungef\u00e4hr auf der Weltkarte orten?)<\/p>\n<p>Sylvester und Neujahr durften wir hier auch schon feiern und sind \u2013 neugierig auf das Land \u2013 am 1.J\u00e4nner der Hitze der Stadt in Leon entflohen, um den Tag am Meer zu verbringen. Weil das auch f\u00fcr die einheimischen Leute hier die traditionelle Art und Weise ist, das neue Jahr zu begehen, haben zigtausend Menschen dieselbe Idee gehabt und sind an den n\u00e4chstgelegenen Strand gefahren.<\/p>\n<p>Das war auf jeden Fall ein spannendes Erlebnis: Der Strand glich einem Markt mit unz\u00e4hligen aus Palmen und Bambus gebauten kleinen St\u00e4nden, wo Essen und Snacks und Getr\u00e4nke verkauft wurden. Jeder Millimeter des restlichen Strands war von Gruppen von Menschen besiedelt, die gemeinsam getrunken, gegessen und gelacht haben. Bis auf die Tatsache, dass nur die wenigsten von ihnen ins Wasser gegangen sind (schwimmen k\u00f6nnen hier nur die wenigsten), schien alles eben ein normales Strand-Fest. Am n\u00e4chsten Morgen waren dann nur noch die Touristen da (die Einheimischen k\u00f6nnen sich die Hotelpreise am Meer meistens nicht leisten bzw. m\u00fcssen am n\u00e4chsten Tag arbeiten und fahren daher am selben Tag wieder mit dem Bus &#8211; umgerechnet ca 35 Cent \u2013 zur\u00fcck).<\/p>\n<p>Als wir also am n\u00e4chsten Morgen die ersten Schritte in den Sand gesetzt haben um den pl\u00f6tzlich menschenleeren Strand zu bewundern, traf uns fast der Schlag:<\/p>\n<p><strong><a href=\"http:\/\/forum-via.org\/wp-content\/uploads\/2014\/01\/trashinparadise_opt.jpg\" rel=\"lightbox\"><img decoding=\"async\" loading=\"lazy\" class=\"alignright\" style=\"border: 0px none;\" alt=\"trashinparadise_opt\" src=\"http:\/\/forum-via.org\/wp-content\/uploads\/2014\/01\/trashinparadise_opt.jpg\" width=\"250\" height=\"333\" \/><\/a><\/strong>Der Strand war voooooooooooooollller M\u00fcll!!! Nach nur wenigen Schritten klebte schon eine leere Plastikt\u00fcte an den F\u00fc\u00dfen von Valentina, in der der Rest einer milchigen Fl\u00fcssigkeit war. Ein lokaler zuckriger Milchdrink mit Eis, der hier direkt in die Plastikt\u00fcte gegossen und mit einem Plastikstrohhalm serviert wird. W\u00e4hrend sie noch versuchte das klebrig, lapprige Ding von ihrem Fu\u00df zu bekommen, stand Matt schon mitten in einem Berg von halb vergrabenen halb als Konfetti im Wind herumfliegenden Styropor- und Plastikbeh\u00e4ltern. Gestern waren die Nacatamales (gef\u00fcllte Maispolenta) oder Quesillos (eine K\u00e4setortilla mit Krautsalat), die darin serviert wurden, noch ein Genuss\u00a0 f\u00fcr die feiernden Menschen, heute wurde das Verpackungsmaterial zum Verderben f\u00fcr die Strand- und Meeresbewohner.<\/p>\n<p>Wir lie\u00dfen unsere Blicke schweifen, sahen wie die Flut langsam zur\u00fcckkam an den Strand und einiges an M\u00fcll mit ins Meer zur\u00fcckriss. \u201eWie praktisch\u201c\u2026dachten sich wahrscheinlich die lokalen Hotelbesitzer. \u201eWie schrecklich\u201c dachten wir uns. Uns fiel siedend hei\u00df ein, was der Meeresbiologe uns im Schildkr\u00f6tenzentrum in Mazunte in Mexiko erz\u00e4hlt hatte: Wenn Plastikt\u00fcten im Meer treiben, sehen sie den Quallen (Medusas), der Lieblingsspeise der Schildkr\u00f6ten, zum verwechseln \u00e4hnlich. <a title=\"Wenn Schildkr\u00f6te Plastik essen\" href=\"http:\/\/instagram.com\/p\/ho0Rk_s-CS\/\" target=\"_blank\">Wenn die Schildkr\u00f6ten aber eine Plastikt\u00fcte verschlingen<\/a>, verschlie\u00dfen sie mit dem unverdaulichen Plastik ihren Magen und k\u00f6nnen nichts mehr essen, bis jemand (wie z.B. die Schildkr\u00f6tenzentrums-Veterin\u00e4re) die Plastikt\u00fcte operativ entfernt. Sie verhungern also, wenn sie kein Gl\u00fcck haben und vorher gerettet werden. Und das Styropor? Keinen Deut besser: In den Filmen &#8222;<a title=\"&quot;Midway&quot; by Chris Jordan\" href=\"http:\/\/www.youtube.com\/watch?v=s7dseIC9Sdc\" target=\"_blank\">Midway<\/a>&#8220; und &#8222;<a href=\"http:\/\/www.youtube.com\/watch?v=jdXY2Yq_Hac\" target=\"_blank\">Plastic Planet<\/a>&#8220; hatten wir mal gesehen, wie es im Meer einfach immer kleiner wird und am Ende als Speise einiger Fisch,- und Vogelarten endet, die wiederum mit vollen M\u00e4gen sterben, weil sie zwar voll, aber n\u00e4hrstofflos nicht genug Kraft zum weiter schwimmen oder fliegen haben.<\/p>\n<p>Und was bedeutete all der M\u00fcll f\u00fcr die Menschen? Bevor wir uns noch dar\u00fcber Gedanken machen konnten, was mit dem M\u00fcll passiert, der nicht im Meer endet, stieg uns schon der Geruch von verbranntem Plastik in die Nase. Das kann nicht gesund sein, oder?<\/p>\n<p>Eine tickende Zeitbombe! Wir weckten also unsere Freunde auf, organisierten M\u00fclls\u00e4cke vom Hostel in dem wir waren und zogen los zu einer M\u00fcllsammelaktion im Wettlauf gegen die Flut.<\/p>\n<p><strong>Die schlechte Nachricht:<\/strong> Ein Tropfen auf den hei\u00dfen Stein? Nach 1 Stunde M\u00fcllsammeln war zwar unser Strandabschnitt sauber, aber wir waren dennoch frustriert und \u00fcberw\u00e4ltigt von all den Fragen, die uns nun besch\u00e4ftigten: Wie viel M\u00fcll ist es \u00fcberhaupt, den wir als Menschen t\u00e4glich produzieren? Was passiert mit dem M\u00fcll in Nicaragua, wenn er nicht vom Meer oder Feuer (scheinbar) beseitigt wird? Warum werfen \u00fcberhaupt alle einfach alles in den Strand? Und wie sieht die M\u00fcllsituation an anderen Str\u00e4nden und Orten des Landes aus?<\/p>\n<p><strong>Die gute Nachricht:<\/strong> Wo es ein Problem gibt, gibt es in Lateinamerika meistens auch schon L\u00f6sungen. Oder zumindest Ans\u00e4tze. Einen so einen L\u00f6sungsansatz sind wir buchst\u00e4blich nach 15 Minuten M\u00fcllsammeln in die H\u00e4nde gelaufen: Lenni! Wer oder was ist Lenni? Lenni ist ein lokaler Surfer und hat gemeinsam mit Hotelbesitzern, B\u00fcrgerinnen, und anderen Gruppen im Ort eine lokale Umweltorganisation gestartet: PUMA: Protecci\u00f3n Urgente del Medio Ambiente (Akuter Schutz der Umwelt). Gemeinsam wollen sie so viele Tropfen auf den hei\u00dfen Stein schaffen, dass der Stein tats\u00e4chlich k\u00fchl wird beziehungsweise erst gar nicht so hei\u00df wird. Wie? Damit die M\u00fcllsituation erst gar nicht so eskaliert, organisieren sie Aufkl\u00e4rungsaktionen (M\u00fcllvermeidung und Umgang mit M\u00fcll), stellen M\u00fcllsammelaktionen wie die unsere auf die Beine und arbeiten mit der Gemeinde zusammen, um langfristig ein richtiges M\u00fcllsammel-, M\u00fcllentsorgungs &#8211; und M\u00fcllaufbereitungssystem\u00a0 (Recycling) zu schaffen. Das sind ja mal gute Neuigkeiten zum schlechten Jahresbeginn 2014!<\/p>\n<div id=\"attachment_1181\" style=\"width: 594px\" class=\"wp-caption alignleft\"><a href=\"http:\/\/forum-via.org\/wp-content\/uploads\/2014\/01\/IMG_20140127_163339.jpg\" rel=\"lightbox\"><img aria-describedby=\"caption-attachment-1181\" decoding=\"async\" loading=\"lazy\" class=\" wp-image-1181\" alt=\"IMG_20140127_163339\" src=\"http:\/\/forum-via.org\/wp-content\/uploads\/2014\/01\/IMG_20140127_163339-1024x768.jpg\" width=\"584\" height=\"438\" srcset=\"https:\/\/forum-via.org\/wp-content\/uploads\/2014\/01\/IMG_20140127_163339-1024x768.jpg 1024w, https:\/\/forum-via.org\/wp-content\/uploads\/2014\/01\/IMG_20140127_163339-300x225.jpg 300w, https:\/\/forum-via.org\/wp-content\/uploads\/2014\/01\/IMG_20140127_163339-399x300.jpg 399w\" sizes=\"(max-width: 584px) 100vw, 584px\" \/><\/a><p id=\"caption-attachment-1181\" class=\"wp-caption-text\">Lenni und ein anderes Mitglied von PUMA mit einem Sack voll mit frisch gesammeltem M\u00fcll<\/p><\/div>\n<p>Aber unsere vielen Fragen zum M\u00fcll sind nach wie vor brennend hei\u00df\u2026 K\u00f6nnt ihr uns und Lenni und seinem Team von PUMA wieder mit eurer spitzen Recherche unterst\u00fctzen und ein paar Dinge f\u00fcr uns rausfinden?<\/p>\n<p><strong>F\u00fcr das Aufl\u00f6sungsvideo brauchen wir wieder eure Hilfe!<\/strong><\/p>\n<ol>\n<li>Was passiert mit Plastik und Styropor, wenn es nicht an Land, sondern im Meer entsorgt wird?<\/li>\n<li>Wie lange braucht Plastik um in seine Bestandteile zu verfallen?<\/li>\n<li>Was sind \u00fcberhaupt die Bestandteile von Plastik?<\/li>\n<li>Und was passiert, wenn es verbrennt (gesund?)<\/li>\n<li>Wie lange braucht eine Bananenschale um zu zerfallen?<\/li>\n<li>Was sind die Bestandteile von einer Bananenschale?<\/li>\n<li>Kann man Plastik und Styropor recyceln?<\/li>\n<\/ol>\n<p>Wer den Film &#8222;Plastic Planet&#8220; noch nicht gesehen hat, hier ist der Link dazu: <a href=\"http:\/\/www.youtube.com\/watch?v=jdXY2Yq_Hac\" target=\"_blank\">http:\/\/www.youtube.com\/watch?v=jdXY2Yq_Hac<\/a><\/p>\n<p>Au\u00dferdem w\u00fcrde uns brennend interessieren:<\/p>\n<ul style=\"list-style-type: disc;\">\n<li>Wie viel M\u00fcll entsteht t\u00e4glich in eurer Schule?<\/li>\n<li>Wie viel M\u00fcll wird w\u00f6chentlich in Retz\/Wien\/Lakewood entsorgt?<\/li>\n<li>Wir versuchen in der Zwischenzeit Zahlen f\u00fcr Schulen und Orte in Nicaragua rauszufinden!<\/li>\n<\/ul>\n<p>W\u00e4hrend ihr an diesen Fragen arbeitet, k\u00f6nnt ihr wieder den Fortgang unserer Reise beeinflussen. Auch wir m\u00f6chten uns in den n\u00e4chsten Wochen weiter mit dem Thema M\u00fcll besch\u00e4ftigen und der Situation dazu in Nicaragua auf den Grund gehen beziehungsweise einen kleinen weiteren Beitrag zur M\u00fcllreduktion leisten<\/p>\n<p><strong>IHR ENTSCHEIDET:<\/strong><\/p>\n<ol>\n<li>Sollen wir versuchen Menschen zu finden, die sich mit der M\u00fcllproblematik in Nicaragua auskennen und sie interviewen (z.B. auf Stadt\/Gemeinde- oder Staatsebene)?<\/li>\n<li>Sollen wir versuchen eine Woche lang ohne Plastik\/k\u00fcnstliches Verpackungsmaterial zu leben?<\/li>\n<li>Sollen wir einen halben Tag lang M\u00fcll sammeln gehen und dann dem M\u00fcll bis zu seiner Endstation in Managua folgen?<\/li>\n<\/ol>\n<p>Stimmt ab und sagt uns wie viele jeweils in eurer Klasse f\u00fcr welche Option gestimmt haben. Jede Option wird addiert mit den Stimmen der anderen zwei Klassen. Die Mehrheit gewinnt dieses mal. Egal, wie ihr euch entscheidet \u2013wir dokumentieren nat\u00fcrlich wieder das Ergebnis f\u00fcr euch mit und schicken euch die L\u00f6sung per Videobotschaft im Februar!<\/p>\n<p><strong><strong>HIER DAS AUFL\u00d6SUNGSVIDEO:<\/strong><\/strong><br \/>\n<iframe loading=\"lazy\" src=\"\/\/www.youtube.com\/embed\/Ko8AK-XxUhw?feature=player_detailpage\" height=\"360\" width=\"640\" allowfullscreen=\"\" frameborder=\"0\"><\/iframe><\/p>\n","protected":false},"excerpt":{"rendered":"<p>DAS AUFL\u00d6SUNGSVIDEO FINDEN SIE\/FINDEST DU UNTEN AUF DIESER SEITE! Titel der vierten Challenge Valentina und Matt in Bergen von M\u00fcll Verwandte Themenbereich(e) Ressourcen, Governance, Bildung Nun sind wir genau einen Monat in Nicaragua! (k\u00f6nnt ihr uns ungef\u00e4hr auf der Weltkarte orten?) Sylvester und Neujahr durften wir hier auch schon feiern und sind \u2013 neugierig auf das Land \u2013 am 1.J\u00e4nner der Hitze der Stadt in Leon entflohen, um den Tag am Meer zu verbringen. Weil das auch f\u00fcr die einheimischen&hellip;<\/p>\n","protected":false},"author":1,"featured_media":0,"parent":0,"menu_order":0,"comment_status":"closed","ping_status":"closed","template":"sidebar-page.php","meta":{"footnotes":""},"translation":{"provider":"WPGlobus","version":"3.0.2","language":"de","enabled_languages":["en","de"],"languages":{"en":{"title":true,"content":true,"excerpt":false},"de":{"title":false,"content":false,"excerpt":false}}},"acf":[],"_links":{"self":[{"href":"https:\/\/forum-via.org\/de\/wp-json\/wp\/v2\/pages\/1185"}],"collection":[{"href":"https:\/\/forum-via.org\/de\/wp-json\/wp\/v2\/pages"}],"about":[{"href":"https:\/\/forum-via.org\/de\/wp-json\/wp\/v2\/types\/page"}],"author":[{"embeddable":true,"href":"https:\/\/forum-via.org\/de\/wp-json\/wp\/v2\/users\/1"}],"replies":[{"embeddable":true,"href":"https:\/\/forum-via.org\/de\/wp-json\/wp\/v2\/comments?post=1185"}],"version-history":[{"count":11,"href":"https:\/\/forum-via.org\/de\/wp-json\/wp\/v2\/pages\/1185\/revisions"}],"predecessor-version":[{"id":5048,"href":"https:\/\/forum-via.org\/de\/wp-json\/wp\/v2\/pages\/1185\/revisions\/5048"}],"wp:attachment":[{"href":"https:\/\/forum-via.org\/de\/wp-json\/wp\/v2\/media?parent=1185"}],"curies":[{"name":"wp","href":"https:\/\/api.w.org\/{rel}","templated":true}]}}