{"id":1337,"date":"2014-03-27T20:36:41","date_gmt":"2014-03-27T19:32:59","guid":{"rendered":"http:\/\/forum-via.org\/?page_id=1337"},"modified":"2014-06-07T11:52:37","modified_gmt":"2014-06-07T09:52:37","slug":"fuenfte-challenge","status":"publish","type":"page","link":"https:\/\/forum-via.org\/de\/fuenfte-challenge\/","title":{"rendered":"F\u00dcNFTE CHALLENGE!"},"content":{"rendered":"<p style=\"text-align: justify;\">\n<p style=\"text-align: center;\"><strong style=\"color: #373737;\">DAS AUFL\u00d6SUNGSVIDEO FINDEN SIE\/FINDEST DU UNTEN AUF DIESER SEITE!<\/strong><br \/>\n<a href=\"http:\/\/forum-via.org\/wp-content\/uploads\/2013\/09\/CYOSA_logo.png\" rel=\"lightbox\"><img decoding=\"async\" loading=\"lazy\" class=\"aligncenter\" style=\"border: 0px;\" src=\"http:\/\/forum-via.org\/wp-content\/uploads\/2013\/09\/CYOSA_logo.png\" alt=\"\" width=\"366\" height=\"138\" \/><\/a><\/p>\n<p style=\"text-align: justify;\"><strong>Titel der f\u00fcnften Challenge<\/strong><br \/>\nDem \u00d6kotourismus auf der Spur<\/p>\n<p style=\"text-align: justify;\"><strong>Verwandte Themenbereich(e)<\/strong><br \/>\nNachhaltigkeit, Nachhaltiger Tourismus, \u00d6kotourismus, Nachhaltigkeitstourismus<\/p>\n<p style=\"text-align: justify;\"><strong>Einleitung<\/strong><br \/>\n<a href=\"http:\/\/forum-via.org\/wp-content\/uploads\/2014\/04\/IMG_20140331_165708.jpg\" rel=\"lightbox\"><img decoding=\"async\" loading=\"lazy\" class=\"alignleft\" style=\"border: 0px none;\" src=\"http:\/\/forum-via.org\/wp-content\/uploads\/2014\/04\/IMG_20140331_165708-1024x1024.jpg\" alt=\"IMG_20140331_165708\" width=\"157\" height=\"157\" \/><\/a>Nach knapp einer Woche auf einem Segelboot von Portobelo, Panama nach Cartagena, Kolumbien, wo wir unser Bestes getan haben, die Reise trotz Seekrankheit zu geniessen, sind wir nun offiziell in S\u00fcdamerika! Und jetzt &#8211; was sollen wir machen?<\/p>\n<p style=\"text-align: justify;\"><a href=\"http:\/\/forum-via.org\/wp-content\/uploads\/2014\/04\/IMG_20140331_171638.jpg\" rel=\"lightbox\"><img decoding=\"async\" loading=\"lazy\" class=\"alignright\" style=\"border: 0px;\" src=\"http:\/\/forum-via.org\/wp-content\/uploads\/2014\/04\/IMG_20140331_171638-1024x1024.jpg\" alt=\"IMG_20140331_171638\" width=\"168\" height=\"168\" \/><\/a>Da wir so eine tolle Erfahrung mit &#8217;nachhaltigem Tourismus&#8216;, oder \u00d6kotourismus, in Costa Rica gemacht haben, m\u00f6chten wir jetzt das Angebot Kolumbiens kennenlernen. Aber w\u00e4hrend Costa Rica seinen nachhaltigen Tourismus bereits seit Jahrzehnten weiterentwickelt und man kaum einen Schritt gehen kann, ohne tolle \u00d6kotours und nachhaltige Abenteuer zu begegnen, ist der nachhaltige Tourismus in Kolumbien verh\u00e4ltnism\u00e4\u00dfig\u00a0unerschlossen.<\/p>\n<p style=\"text-align: justify;\">Daher brauchen wir eure Hilfe!<\/p>\n<p style=\"text-align: justify;\"><strong>Challenge<\/strong><br \/>\n<a href=\"http:\/\/forum-via.org\/wp-content\/uploads\/2014\/04\/IMG_20140331_173557.jpg\" rel=\"lightbox\"><img decoding=\"async\" loading=\"lazy\" class=\"alignleft\" style=\"border: 0px none;\" src=\"http:\/\/forum-via.org\/wp-content\/uploads\/2014\/04\/IMG_20140331_173557-1024x1024.jpg\" alt=\"IMG_20140331_173557\" width=\"122\" height=\"122\" \/><\/a>Basierend auf der Definition von nachhaltigem Tourismus vom Zertifikat f\u00fcr\u00a0nachhaltigen Tourismus (CST) des\u00a0<a title=\"Costa Rican Board of Tourism\" href=\"http:\/\/www.visitcostarica.com\/ict\/paginas\/TourismBoard.asp\" target=\"_blank\">Costa Rican Board of Tourism<\/a>, die ihr in eurer Klasse diskutiert habt, und den Eindr\u00fccken der Organisationen, die wir auf der Reise besucht haben, solltet ihr bereits eine Idee davon haben, was &#8217;nachhaltiger Tourismus&#8216; ist!<\/p>\n<p style=\"text-align: justify;\"><a href=\"http:\/\/forum-via.org\/wp-content\/uploads\/2014\/04\/IMG_20140326_155829.jpg\" rel=\"lightbox\"><img decoding=\"async\" loading=\"lazy\" class=\"alignright\" style=\"border: 0px;\" src=\"http:\/\/forum-via.org\/wp-content\/uploads\/2014\/04\/IMG_20140326_155829-1024x1024.jpg\" alt=\"IMG_20140326_155829\" width=\"147\" height=\"147\" \/><\/a>Und eine \u00dcberaschung &#8211; dieses Mal bekommt ihr nicht drei Optionen, sonder IHR seid diejenigen, die ein \u00d6kotourismus-Abendteuer ausw\u00e4hlen, das wir besuchen m\u00fcssen! Dieses wird die herausfordendste Herausforderung bisher! Und warum, fragst du? Weil ihr dieses Mal verschiedenste Faktoren in Erw\u00e4gung ziehen werden m\u00fcsst, damit wir etwas erleben und dabei \u00fcberleben.. Zum Beispiel:<\/p>\n<ul style=\"text-align: justify;\">\n<li><span style=\"text-decoration: underline;\">Geographie<\/span>: Wo liegt Kolumbien und wie ist die Umwelt\/Natur dort? Ist es bergig, tropisch, kalt, regnerisch usw.?<\/li>\n<li><span style=\"text-decoration: underline;\">Kultur\/Geschichte<\/span>: Wie ist es in Kolumbien? Wie sind die Menschen? Gibt es indigene Bevolkerungsgruppen? Ist es ein gef\u00e4hrliches oder sicheres Land?<\/li>\n<li><span style=\"text-decoration: underline;\">Nachhaltigkeit<\/span>: Wir wollen kein\u00a0<a title=\"Greenwashing Index\" href=\"http:\/\/www.greenwashingindex.com\/about-greenwashing\/#what\" target=\"_blank\">&#8218;greenwashed&#8216;<\/a>\u00a0Erlebnis! Die Tour, auf die ihr uns schicken wollt oder der Ort, den wir besuchen sollen &#8211; wird dort wirklich versucht, die ggf. negativen Auswirkungen auf die Umwelt zu minimieren? Wie? Werden lokale Gemeinschaften eingebunden? Ist es bezahlbar? Wir haben ein begrenztes Budget, jedoch sind viele \u00d6kotours ziemlich kostspielig. Denkt an die drei Dimensionen der Nachhaltigkeit (\u00f6kologisch, \u00f6konomisch, sozial) und wie sie sich in eurem Vorschlag wiederspiegeln!<\/li>\n<li><span style=\"text-decoration: underline;\">Kreativitat<\/span>: W\u00e4hrend es euch frei steht, eine Touragentur, ein Hotel usw. auszusuchen, das nachhaltigen Tourismus explizit anbietet, k\u00f6nntet ihr auch gerne eure eigene nachhaltige Tour zusammenstellen, solange sie den Werten des nachhaltigen Tourismus entspricht (bsp. Besuch einer Bio-Kaffee Farm, wo man sich ehrenamtlich engagieren kann oder eine Gruppe die Radtouren durch die Landschaft anbietet).<\/li>\n<\/ul>\n<p style=\"text-align: justify;\"><strong><a href=\"http:\/\/forum-via.org\/wp-content\/uploads\/2014\/04\/Colombia_map.jpg\" rel=\"lightbox\"><img decoding=\"async\" loading=\"lazy\" class=\"alignright\" style=\"border: 0px;\" src=\"http:\/\/forum-via.org\/wp-content\/uploads\/2014\/04\/Colombia_map.jpg\" alt=\"Colombia_map\" width=\"200\" height=\"219\" \/><\/a>Um die Suche ein bisschen einzugrenzen und euch dadurch zu helfen <\/strong>&#8211; und auch weil wir nur begrenzte Zeit in Kolumbien haben und es ein gro\u00dfes Land ist &#8211; solltet ihr eure Suche auf die folgenden zwei &#8218;Regionen&#8216; konzentrieren:<\/p>\n<ol style=\"text-align: justify;\">\n<li>Das Dreieck, das die St\u00e4dte Bogot\u00e1 (die Hauptstadt), Cali und Medell\u00edn in der Mitte des Landes bilden<\/li>\n<li>Das Gebiet um die Stadt Santa Marta (an der nordlichen K\u00fcste)<\/li>\n<\/ol>\n<p style=\"text-align: justify;\">Wer schafft es uns davon zu \u00fcberzeugen, seine nachhaltige Tour auszuw\u00e4hlen?<\/p>\n<p>Es h\u00e4ngt alles davon ab, was ihr vorschlagt! Mit euren Mitsch\u00fclerInnen, alleine, mit euren LehrerInnen in Gruppen oder zusammen mit den anderen Partnerschulen findet ihr ein bereits existierendes\u00a0\u00d6kotourismus-Projekt, eine\u00a0\u00d6kotour, die von einer privaten Firma oder einer zivilgesellschaftlichen Gruppe angeboten wird oder &#8211; basierend auf euren bisherigen Diskussionen, der Definition von nachhaltigem Tourismus und der oben erw\u00e4hnten Punkte &#8211; bildet eure eigene nachhaltige Tour, die wir erleben sollten! Beim Argumentieren und \u00dcberzeugen vergesst nicht, die drei S\u00e4ulen\/Dimensionen der Nachhaltigkeit zu ber\u00fccksichtigen, n\u00e4mlich die \u00f6kologische, die soziale und die \u00f6konomische.<\/p>\n<p><strong>Erinnerung:<\/strong>\u00a0Je mehr ihr miteinander zusammenarbeitet, desto besser stehen die Chancen, dass wir uns f\u00fcr eure Auswahl entscheiden!<\/p>\n<p><strong>N\u00fctzliche Informationen und Links<\/strong><\/p>\n<ul style=\"text-align: justify;\">\n<li style=\"text-align: left;\">Costa Rican Board of Tourism: <a title=\"Costa Rican Board of Tourism\" href=\"http:\/\/www.visitcostarica.com\/ict\/paginas\/TourismBoard.asp\" target=\"_blank\">http:\/\/www.visitcostarica.com\/ict\/paginas\/TourismBoard.asp<\/a><\/li>\n<li style=\"text-align: left;\">Zertifikat f\u00fcr nachhaltigen Tourismus: <a title=\"Certification for Sustainable Tourism Program\" href=\"http:\/\/www.turismo-sostenible.co.cr\" target=\"_blank\">http:\/\/www.turismo-sostenible.co.cr<\/a><\/li>\n<li style=\"text-align: left;\">Greenwashing Index:\u00a0<a title=\"Greenwashing Index\" href=\"http:\/\/www.greenwashingindex.com\/about-greenwashing\/#what\" target=\"_blank\">http:\/\/www.greenwashingindex.com\/about-greenwashing\/#what<\/a><\/li>\n<li style=\"text-align: left;\">Colombia Eco Travel:\u00a0<a title=\"Colombia Eco Travel\" href=\"http:\/\/colombiaecotravel.com\" target=\"_blank\">http:\/\/colombiaecotravel.com<\/a><\/li>\n<li style=\"text-align: left;\">Colombia Eco Tours: <a title=\"Colombia Eco Tours\" href=\"http:\/\/www.colombiaecotours.com\/\" target=\"_blank\">http:\/\/www.colombiaecotours.com\/<\/a><\/li>\n<li style=\"text-align: left;\">Amazon Interative &#8211; the Ecotourism Game: <a title=\"Amazon Interactive - the Ecotourism Game\" href=\"http:\/\/www.eduweb.com\/ecotourism\/eco1.html\" target=\"_blank\">http:\/\/www.eduweb.com\/ecotourism\/eco1.html<\/a>\u00a0(ein online Spiel, das euch erm\u00f6glicht, ein \u00d6kotourismusprojekt im ecuadorianischen Amazonas auf die Beine zu stellen und dabei zu lernen, was die potentiellen Konsequenzen euer Aktionen sein k\u00f6nnen &#8211; vielleicht interessant als Gruppenaktivit\u00e4t f\u00fcr die ganze Klasse)<\/li>\n<li style=\"text-align: left;\">Brundtland Report &#8222;Our Common Future&#8220;:\u00a0<a title=\"Brundtland Report\" href=\"http:\/\/www.un-documents.net\/ocf-02.htm#I\" target=\"_blank\">http:\/\/www.un-documents.net\/ocf-02.htm#I<\/a><\/li>\n<\/ul>\n<p>Solltet ihr irgendwelche Fragen an uns haben, k\u00f6nnt ihr sie hier posten (siehe unten) oder uns einfach eine\u00a0Email\u00a0senden! Wir freuen uns darauf, von euch zu h\u00f6ren und euch bald aus Kolumbien zu berichten!<\/p>\n<p><strong style=\"color: #373737;\"><strong>HIER DAS AUFL\u00d6SUNGSVIDEO:<\/strong><\/strong><br \/>\n<iframe loading=\"lazy\" width=\"640\" height=\"390\" src=\"\/\/www.youtube.com\/embed\/06HXbEQ-_qw\" frameborder=\"0\" allowfullscreen><\/iframe><\/p>\n","protected":false},"excerpt":{"rendered":"<p>DAS AUFL\u00d6SUNGSVIDEO FINDEN SIE\/FINDEST DU UNTEN AUF DIESER SEITE! Titel der f\u00fcnften Challenge Dem \u00d6kotourismus auf der Spur Verwandte Themenbereich(e) Nachhaltigkeit, Nachhaltiger Tourismus, \u00d6kotourismus, Nachhaltigkeitstourismus Einleitung Nach knapp einer Woche auf einem Segelboot von Portobelo, Panama nach Cartagena, Kolumbien, wo wir unser Bestes getan haben, die Reise trotz Seekrankheit zu geniessen, sind wir nun offiziell in S\u00fcdamerika! Und jetzt &#8211; was sollen wir machen? Da wir so eine tolle Erfahrung mit &#8217;nachhaltigem Tourismus&#8216;, oder \u00d6kotourismus, in Costa Rica gemacht haben,&hellip;<\/p>\n","protected":false},"author":1,"featured_media":0,"parent":0,"menu_order":0,"comment_status":"closed","ping_status":"closed","template":"sidebar-page.php","meta":{"footnotes":""},"translation":{"provider":"WPGlobus","version":"3.0.2","language":"de","enabled_languages":["en","de"],"languages":{"en":{"title":true,"content":true,"excerpt":false},"de":{"title":false,"content":false,"excerpt":false}}},"acf":[],"_links":{"self":[{"href":"https:\/\/forum-via.org\/de\/wp-json\/wp\/v2\/pages\/1337"}],"collection":[{"href":"https:\/\/forum-via.org\/de\/wp-json\/wp\/v2\/pages"}],"about":[{"href":"https:\/\/forum-via.org\/de\/wp-json\/wp\/v2\/types\/page"}],"author":[{"embeddable":true,"href":"https:\/\/forum-via.org\/de\/wp-json\/wp\/v2\/users\/1"}],"replies":[{"embeddable":true,"href":"https:\/\/forum-via.org\/de\/wp-json\/wp\/v2\/comments?post=1337"}],"version-history":[{"count":19,"href":"https:\/\/forum-via.org\/de\/wp-json\/wp\/v2\/pages\/1337\/revisions"}],"predecessor-version":[{"id":4556,"href":"https:\/\/forum-via.org\/de\/wp-json\/wp\/v2\/pages\/1337\/revisions\/4556"}],"wp:attachment":[{"href":"https:\/\/forum-via.org\/de\/wp-json\/wp\/v2\/media?parent=1337"}],"curies":[{"name":"wp","href":"https:\/\/api.w.org\/{rel}","templated":true}]}}