{"id":1348,"date":"2014-03-28T19:51:11","date_gmt":"2014-03-28T18:51:11","guid":{"rendered":"http:\/\/forum-via.org\/?page_id=1348"},"modified":"2014-03-28T20:17:13","modified_gmt":"2014-03-28T19:17:13","slug":"danke-fuer-ihre-spende","status":"publish","type":"page","link":"https:\/\/forum-via.org\/de\/danke-fuer-ihre-spende\/","title":{"rendered":"Vielen Dank f\u00fcr Ihre Spende!"},"content":{"rendered":"<p style=\"text-align: center;\"><span style=\"text-decoration: underline;\">Ihre Spende wurde erfolgreich abgeschlossen.<\/span><\/p>\n<p style=\"text-align: justify;\">Das ganze Forum ViA Team bedankt sich recht herzlich bei Ihnen f\u00fcr Ihre Unterst\u00fctzung! Ihre Spende wird direkt in unser aktuelles Projekt &#8222;Choose Your Own Sustainability Adventure&#8220; investiert. Mit Ihrer Hilfe erm\u00f6glichen Sie uns, das Projekt weiterzuf\u00fchren und es langfristig als Bildungsinitiative f\u00fcr\u00a0nachhaltige Entwicklung zu verankern!<\/p>\n<p style=\"text-align: center;\"><strong>VIELEN DANK!!!<\/strong><\/p>\n<p style=\"text-align: center;\">\n","protected":false},"excerpt":{"rendered":"<p>Ihre Spende wurde erfolgreich abgeschlossen. Das ganze Forum ViA Team bedankt sich recht herzlich bei Ihnen f\u00fcr Ihre Unterst\u00fctzung! Ihre Spende wird direkt in unser aktuelles Projekt &#8222;Choose Your Own Sustainability Adventure&#8220; investiert. Mit Ihrer Hilfe erm\u00f6glichen Sie uns, das Projekt weiterzuf\u00fchren und es langfristig als Bildungsinitiative f\u00fcr\u00a0nachhaltige Entwicklung zu verankern! VIELEN DANK!!!<\/p>\n","protected":false},"author":1,"featured_media":0,"parent":0,"menu_order":0,"comment_status":"closed","ping_status":"closed","template":"","meta":{"footnotes":""},"translation":{"provider":"WPGlobus","version":"3.0.2","language":"de","enabled_languages":["en","de"],"languages":{"en":{"title":true,"content":true,"excerpt":false},"de":{"title":false,"content":false,"excerpt":false}}},"acf":[],"_links":{"self":[{"href":"https:\/\/forum-via.org\/de\/wp-json\/wp\/v2\/pages\/1348"}],"collection":[{"href":"https:\/\/forum-via.org\/de\/wp-json\/wp\/v2\/pages"}],"about":[{"href":"https:\/\/forum-via.org\/de\/wp-json\/wp\/v2\/types\/page"}],"author":[{"embeddable":true,"href":"https:\/\/forum-via.org\/de\/wp-json\/wp\/v2\/users\/1"}],"replies":[{"embeddable":true,"href":"https:\/\/forum-via.org\/de\/wp-json\/wp\/v2\/comments?post=1348"}],"version-history":[{"count":4,"href":"https:\/\/forum-via.org\/de\/wp-json\/wp\/v2\/pages\/1348\/revisions"}],"predecessor-version":[{"id":4057,"href":"https:\/\/forum-via.org\/de\/wp-json\/wp\/v2\/pages\/1348\/revisions\/4057"}],"wp:attachment":[{"href":"https:\/\/forum-via.org\/de\/wp-json\/wp\/v2\/media?parent=1348"}],"curies":[{"name":"wp","href":"https:\/\/api.w.org\/{rel}","templated":true}]}}