{"id":1356,"date":"2014-03-28T21:13:20","date_gmt":"2014-03-28T20:13:20","guid":{"rendered":"http:\/\/forum-via.org\/?page_id=1356"},"modified":"2021-06-24T01:28:07","modified_gmt":"2021-06-23T23:28:07","slug":"donate","status":"publish","type":"page","link":"https:\/\/forum-via.org\/de\/donate\/","title":{"rendered":"Spenden"},"content":{"rendered":"<p>Forum ViA ist ein gemeinn\u00fctziger Verein, dessen Arbeit zum \u00fcberwiegenden Teil durch private Ersparnisse und ehrenamtliche Arbeit erm\u00f6glicht wird. Jede noch so kleine Spende bedeutet uns daher wirklich viel!<\/p>\n<p>Wof\u00fcr wird Ihre Spende verwendet?<\/p>\n<p>Ihre Spende wird direkt in unsere Projekte <a href=\"http:\/\/www.sustainability-adventure.org\" target=\"_blank\" rel=\"noopener noreferrer\">Choose Your Own Sustainability Adventure<\/a>, <a href=\"http:\/\/forum-via.org\/de\/portfolio-item\/un-climate-simulation\/\">World Climate<\/a> und andere <strong>aktuelle Nachhaltigkeitsinitiativen<\/strong> investiert. Mit Ihrer Hilfe erm\u00f6glichen Sie uns, unsere Projekte weiterzuf\u00fchren und damit zum Capacity Building von jungen Vision\u00e4ren in Aktion beizutragen! Gemeinsam k\u00f6nnen wir den Wandel bewirken, den wir in dieser Welt sehen m\u00f6chten!<\/p>\n<p>Wie k\u00f6nnen Sie spenden?<\/p>\n<p>&nbsp;<\/p>\n<p>Klicken Sie auf den &#8218;Spenden&#8216;-Button unten, um eine Spende Ihrer Wahl mittels PayPal zu bet\u00e4tigen. Alternativ k\u00f6nnen Sie Ihre Spende auch direkt auf das Forum ViA Vereinskonto bei der Bank Austria \u00fcberweisen (siehe bitte Bankdetails unten).<\/p>\n<p>&nbsp;<\/p>\n<form action=\"https:\/\/www.paypal.com\/cgi-bin\/webscr\" method=\"post\" target=\"_top\"><input name=\"cmd\" type=\"hidden\" value=\"_s-xclick\" \/><input name=\"hosted_button_id\" type=\"hidden\" value=\"2BK7M9BEXEE2N\" \/><input alt=\"Jetzt einfach, schnell und sicher online bezahlen \u2013 mit PayPal.\" name=\"submit\" src=\"https:\/\/www.paypalobjects.com\/de_DE\/AT\/i\/btn\/btn_donate_LG.gif\" type=\"image\" \/><img decoding=\"async\" loading=\"lazy\" src=\"https:\/\/www.paypalobjects.com\/de_DE\/i\/scr\/pixel.gif\" alt=\"\" width=\"1\" height=\"1\" border=\"0\" \/><\/p>\n<p><strong>DAS GANZE FORUM VIA TEAM BEDANKT SICH RECHT HERZLICH BEI IHNEN F\u00dcR IHRE UNTERST\u00dcTZUNG!<\/strong><\/p>\n<\/form>\n<p><strong>Vereinskonto:<\/strong><br \/>\nForum fur nachhaltige Visionen in Aktion<br \/>\nBank Austria<br \/>\nIBAN: AT701200010002156338<br \/>\nBIC: BKAUATWW<\/p>\n","protected":false},"excerpt":{"rendered":"<p>Forum ViA ist ein gemeinn\u00fctziger Verein, dessen Arbeit zum \u00fcberwiegenden Teil durch private Ersparnisse und ehrenamtliche Arbeit erm\u00f6glicht wird. Jede noch so kleine Spende bedeutet uns daher wirklich viel! Wof\u00fcr wird Ihre Spende verwendet? Ihre Spende wird direkt in unsere Projekte Choose Your Own Sustainability Adventure, World Climate und andere aktuelle Nachhaltigkeitsinitiativen investiert. Mit Ihrer Hilfe erm\u00f6glichen Sie uns, unsere Projekte weiterzuf\u00fchren und damit zum Capacity Building von jungen Vision\u00e4ren in Aktion beizutragen! Gemeinsam k\u00f6nnen wir den Wandel bewirken, den&hellip;<\/p>\n","protected":false},"author":1,"featured_media":0,"parent":0,"menu_order":0,"comment_status":"closed","ping_status":"closed","template":"","meta":{"footnotes":""},"translation":{"provider":"WPGlobus","version":"3.0.2","language":"de","enabled_languages":["en","de"],"languages":{"en":{"title":true,"content":true,"excerpt":false},"de":{"title":true,"content":true,"excerpt":false}}},"acf":[],"_links":{"self":[{"href":"https:\/\/forum-via.org\/de\/wp-json\/wp\/v2\/pages\/1356"}],"collection":[{"href":"https:\/\/forum-via.org\/de\/wp-json\/wp\/v2\/pages"}],"about":[{"href":"https:\/\/forum-via.org\/de\/wp-json\/wp\/v2\/types\/page"}],"author":[{"embeddable":true,"href":"https:\/\/forum-via.org\/de\/wp-json\/wp\/v2\/users\/1"}],"replies":[{"embeddable":true,"href":"https:\/\/forum-via.org\/de\/wp-json\/wp\/v2\/comments?post=1356"}],"version-history":[{"count":44,"href":"https:\/\/forum-via.org\/de\/wp-json\/wp\/v2\/pages\/1356\/revisions"}],"predecessor-version":[{"id":4960,"href":"https:\/\/forum-via.org\/de\/wp-json\/wp\/v2\/pages\/1356\/revisions\/4960"}],"wp:attachment":[{"href":"https:\/\/forum-via.org\/de\/wp-json\/wp\/v2\/media?parent=1356"}],"curies":[{"name":"wp","href":"https:\/\/api.w.org\/{rel}","templated":true}]}}