{"id":1508,"date":"2014-05-09T07:20:44","date_gmt":"2014-05-09T05:19:24","guid":{"rendered":"http:\/\/forum-via.org\/?page_id=1508"},"modified":"2014-06-27T17:10:43","modified_gmt":"2014-06-27T15:10:43","slug":"sechste-challenge","status":"publish","type":"page","link":"https:\/\/forum-via.org\/de\/sechste-challenge\/","title":{"rendered":"SECHSTE CHALLENGE!"},"content":{"rendered":"<p style=\"text-align: center;\"><span style=\"color: #000000;\"><strong>BITTE NACH UNTEN SCROLLEN F\u00dcR DIE AUFL<strong style=\"color: #000000;\"><strong>\u00d6<\/strong><\/strong>SUNG DER SECHSTEN CHALLENGE!<\/strong><\/span> <a href=\"http:\/\/forum-via.org\/wp-content\/uploads\/2013\/09\/CYOSA_logo.png\" rel=\"lightbox\"><img decoding=\"async\" loading=\"lazy\" class=\" wp-image-980 aligncenter\" style=\"border: 0px;\" src=\"http:\/\/forum-via.org\/wp-content\/uploads\/2013\/09\/CYOSA_logo.png\" alt=\"CYOSA_logo\" width=\"366\" height=\"138\" srcset=\"https:\/\/forum-via.org\/wp-content\/uploads\/2013\/09\/CYOSA_logo.png 457w, https:\/\/forum-via.org\/wp-content\/uploads\/2013\/09\/CYOSA_logo-300x112.png 300w\" sizes=\"(max-width: 366px) 100vw, 366px\" \/><\/a><\/p>\n<p style=\"text-align: justify;\"><strong>Titel der sechsten Challenge<\/strong> Nachhaltigkeits-Abenteuer in der Welt und zu Hause<\/p>\n<p style=\"text-align: justify;\"><strong>Verwandte Themenbereich(e)<\/strong> Nachhaltigkeit, Landwirtschaft, Mobilit\u00e4t, Soziales, Bildung, Ressourcen<\/p>\n<p style=\"text-align: justify;\"><strong>Einleitung<\/strong> Wie ihr wisst, funktionierten die Challenges bisher so: Die zwei ViA Botschafter schickten die Challenges an alle drei Klassen, normalerweise mit drei Optionen von denen sie eine ausw\u00e4hlen sollten. Die drei Schulklassen recherchierten die drei Optionen und haben danach ihr Bestes getan, um Matt und Valentina davon zu \u00fcberzeugen, das zu tun, was sie vorgeschlagen hatten (alleine, in Gruppen oder die gesamte Klasse). Die zwei Reisenden haben dann dokumentiert, wie der Plan aufgegangen ist und ihre Eindr\u00fccke auf soziale Medien gepostet bzw. Videobotschaften mit den Ergebnissen an die Schulklassen gesendet.<\/p>\n<p style=\"text-align: justify;\">F\u00fcr die sechste und letzte Challenge dieses Schuljahrs gibt es ein etwas anderes und ganz besonderes Format: Dieses Mal stellt sich die Challenge nicht nur den ViA-Ambassadors Matt und Valentina, sondern auch den zwei \u00f6sterreichischen Partnerklassen, der 1HTA in Bergheidengasse (Wien) und der 4B in Retz (Nieder\u00f6sterreich)! Jeder der drei erarbeitet jeweils eine Challenge-Option. Aber wer entscheidet dann, welche der drei Challenge Optionen umgesetzt wird? Die Partnerschule auf der anderen Seite des Teichs: Die Harrison Preparatory Academy bzw. unsere Partnerklasse in Lakewood\/USA.<\/p>\n<p style=\"text-align: justify;\"><strong>Was sind die Spielregeln f\u00fcr das Erstellen einer Option?<\/strong> Um die Challenges\/Themen, die im Laufe des Schuljahrs bisher behandelt wurden, nochmal revue passieren zu lassen und dieses mal hautnah zu erleben, sollten alle drei Optionen dieser Challenge eine oder mehrere Themen aus den alten Challenges einbeziehen.<\/p>\n<p style=\"text-align: justify;\">Denkt zum Beispiel an die 1. (Mobilit\u00e4t) und die 4. Challenge (Abfall). Man k\u00f6nnte z.B. als eine Option der Geschichte von M\u00fcll und Abfallmanagement in \u00d6sterreich auf den Grund gehen und mit dem Zug zu einem Treffen mit dem Wiener Magistrat 48 und der M\u00fcllverbrennungsanlage in Wien fahren. Eine weitere Option k\u00f6nnte beispielsweise auf die 2. Challenge (Landwirtschaft) basiert sein und die Besichtigung eines Biobauernhofs mit Erdbeerverkostung inkludieren. Die M\u00f6glichkeiten sind unbegrenzt also gebt eure Kreativit\u00e4t freien Lauf!<\/p>\n<p style=\"text-align: justify;\"><strong>Challenge<\/strong> Hier also nochmal zusammengfasst &#8211; wie diese Challenge abl\u00e4uft:<\/p>\n<ul style=\"list-style-type: disc; text-align: justify;\">\n<li>Valentina und Matt, die 4B in Retz und die 1HTA in Wien werden JEWEILS eine Option* f\u00fcr die Challenge entwickeln (damit letztendlich 3 Optionen zur Auswahl stehen)<\/li>\n<li>Die Partnerklasse an Harrison Preparatory Academy in den Vereinigten Staaten wird sich dann dar\u00fcber entscheiden, was die ViA Botschafter und die zwei \u00f6sterreichischen Partnerklassen zusammen unternehmen.<\/li>\n<\/ul>\n<p style=\"text-align: justify;\">* Jede Option sollte auf einer oder &#8211; noch besser &#8211; mehrerer bisheriger Challenges aufbauen, wie es oben beschrieben ist.<\/p>\n<p style=\"text-align: justify;\">Matt und Valentina werden ihre Option w\u00e4hrend der \u00dcberfahrt \u00fcber den Atlantik auf dem Frachtschiff MS Rita Schepers entwickeln. Zum gleichen Zeitpunkt werden die Klassen in Retz und Wien ihre Optionen ausarbeiten. Das heisst, dass <strong>alle drei Optionen bis Ende Mai online<\/strong> gestellt werden!<\/p>\n<p style=\"text-align: justify;\">Die Sch\u00fclerInnen an Harrison Preparatory werden sich danach entscheiden, welche der drei Optionen durchgef\u00fchrt werden sollte und den ViA Botschaftern und den \u00f6sterreichischen Klassen ihre <strong>Antwort bis Freitag, den 6. Juni<\/strong> schicken.<\/p>\n<p style=\"text-align: justify;\"><strong>Am 18. Juni ist es dann soweit: Valentina und Matt l\u00f6sen gemeinsam mit der 1HTA und der 4B die Challenge auf!<\/strong><\/p>\n<p style=\"text-align: justify;\">Wer schafft es Harrison Preparatory Academy davon zu \u00fcberzeugen, ihre Option auszuw\u00e4hlen?<\/p>\n<p style=\"text-align: justify;\">Bei der Vorstellung der von eurer Klasse entwickelten Option vergesst nicht, die drei S\u00e4ulen\/Dimensionen der Nachhaltigkeit zu ber\u00fccksichtigen, n\u00e4mlich die \u00f6kologische, die soziale und die \u00f6konomische. Und vergesst nicht, die untenstehende Liste von &#8218;N\u00fctzliche Informationen und Links&#8220; zu lesen!<\/p>\n<p style=\"text-align: justify;\"><strong>N\u00fctzliche Informationen und Links<\/strong><\/p>\n<ul style=\"list-style-type: disc;\">\n<li>\u00d6konomische Nachhaltigkeit: Wir haben 500 EUR f\u00fcr die 2. Challenge im Rahmen des Ideenwettbewerbs &#8222;Nachhaltig Zukunft lehren&#8220; gewonnen. Das ist unsere Grenze des Budgets f\u00fcr die gemeinsame Exkursion! Bitte beachtet das, w\u00e4hrend ihr eure Optionen ausarbeitet<\/li>\n<li><span style=\"text-align: justify;\">Gute Nachricht: Die Sch\u00fclerInnen in Retz m\u00fcssen im Zug nicht zahlen! (falls ihr euch f\u00fcr eine Anreise mit dem Zug entscheidet)<\/span><\/li>\n<li><span style=\"text-align: justify;\">die Mutmacherei hat eine gute Homepage mit inspirierenden Projekten in der Welt. Da es eine \u00f6sterreichische Organisation ist, gibt es einige Projekte in \u00d6sterreich in ihrer Datenbank aufgelistet bzw. man kann auch nach Projekten nach Land\/Region suchen. Hier die Homepage: www.mutmacherei.net<\/span><\/li>\n<li><span style=\"text-align: justify;\">\u00d6sterreichische Bahn: www.oebb.at<\/span><\/li>\n<li><span style=\"text-align: justify;\">Bisherige Challenges: http:\/\/forum-via.org\/challenges-de\/<\/span><\/li>\n<\/ul>\n<p style=\"text-align: justify;\">Wir freuen uns darauf zu sehen, welche Optionen Wien und Retz entwickeln, f\u00fcr welche Lakewood sich entscheidet und v.a im Juni die Challenge mit unseren Partnerklassen in \u00d6sterreich durchzuf\u00fchren!<\/p>\n<p>&#8212;&#8212;&#8212;&#8212;&#8212;&#8212;&#8212;&#8212;&#8212;&#8212;&#8212;&#8212;&#8212;&#8212;&#8212;&#8212;&#8212;&#8212;&#8212;&#8212;&#8212;&#8212;&#8212;&#8212;&#8212;&#8212;&#8212;&#8212;&#8211; <strong>HIER DIE DREI OPTIONEN IN ZUF<span style=\"color: #222222;\">\u00c4<\/span>LLIGER REIHENFOLGE:<\/strong> <strong>Option #1, von der 4b in Retz:<\/strong><\/p>\n<p style=\"text-align: justify;\">Die 4B in Retz m\u00f6chte, aufbauend auf nachhaltiger Mobilit\u00e4t (Challenge #1, <a style=\"color: #2688bc;\" title=\"ERSTE CHALLENGE!\" href=\"http:\/\/forum-via.org\/erste-challenge\/\">Von Portland (Oregon) nach San Francisco (Kalifornien)!<\/a>) und nachhaltigem Tourismus (Challenge #5,\u00a0<a style=\"color: #2688bc;\" title=\"FUENFTE CHALLENGE!\" href=\"http:\/\/forum-via.org\/fuenfte-challenge\/\">Dem \u00d6kotourismus auf der Spur<\/a>), den <a href=\"http:\/\/www.np-thayatal.at\/de\/pages\/default.aspx\" target=\"_blank\">Nationalpark Thayatal<\/a> besuchen und mehr \u00fcber Nachhaltigkeit in der Region lernen. Der Nationalpark ist an der Thaya sowohl in <span style=\"color: #373737;\">\u00d6<\/span>sterreich als auch in Tschechien.<\/p>\n<p style=\"text-align: justify;\">Schau das folgende Video an, um mehr \u00fcber den Nationalpark Thayatal zu erfahren:<\/p>\n<p><iframe loading=\"lazy\" src=\"\/\/www.youtube.com\/embed\/3o1eK0eeMd0\" width=\"640\" height=\"400\" frameborder=\"0\" allowfullscreen=\"allowfullscreen\"><\/iframe> &#8212; <strong>Option #2, von der 1HTA in Wien:<\/strong><\/p>\n<p style=\"text-align: justify;\">Die 1HTA in Wien m\u00f6chte, aufbauend auf\u00a0nachhaltiger Mobilit\u00e4t (Challenge #1,\u00a0<a style=\"color: #2688bc;\" title=\"ERSTE CHALLENGE!\" href=\"http:\/\/forum-via.org\/erste-challenge\/\">Von Portland (Oregon) nach San Francisco (Kalifornien)!<\/a>) und nachhaltigem Tourismus (Challenge #5,\u00a0<a style=\"color: #2688bc;\" title=\"FUENFTE CHALLENGE!\" href=\"http:\/\/forum-via.org\/fuenfte-challenge\/\">Dem \u00d6kotourismus auf der Spur<\/a>), den Schlosspark Laxenburg besuchen, dort picknicken und eine Bootfahrt mit E-Booten am See machen.<\/p>\n<p style=\"text-align: justify;\">Klicke auf das folgende Bild, um mehr zu erfahren!<\/p>\n<p><a href=\"http:\/\/forum-via.org\/wp-content\/uploads\/2014\/06\/Challenge_Vienna.pptx\" target=\"_blank\"><img decoding=\"async\" loading=\"lazy\" class=\"alignleft wp-image-1536 size-large\" src=\"http:\/\/forum-via.org\/wp-content\/uploads\/2014\/06\/Challenge6_Vienna-1024x576.jpg\" alt=\"Challenge6_Vienna\" width=\"584\" height=\"328\" srcset=\"https:\/\/forum-via.org\/wp-content\/uploads\/2014\/06\/Challenge6_Vienna-1024x576.jpg 1024w, https:\/\/forum-via.org\/wp-content\/uploads\/2014\/06\/Challenge6_Vienna-300x168.jpg 300w, https:\/\/forum-via.org\/wp-content\/uploads\/2014\/06\/Challenge6_Vienna-500x281.jpg 500w, https:\/\/forum-via.org\/wp-content\/uploads\/2014\/06\/Challenge6_Vienna.jpg 1280w\" sizes=\"(max-width: 584px) 100vw, 584px\" \/><\/a> &#8212; <strong>Option #3, von Valentina und Matt:<\/strong><\/p>\n<p style=\"text-align: justify;\">Valentina und Matt schlagen vor, aufbauend auf nachhaltiger Mobilit\u00e4t (Challenge #1,\u00a0<a style=\"color: #2688bc;\" title=\"ERSTE CHALLENGE!\" href=\"http:\/\/forum-via.org\/erste-challenge\/\">Von Portland (Oregon) nach San Francisco (Kalifornien)!<\/a>) und nachhaltiger Landwirtschaft (Challenge #2, <a style=\"color: #2688bc;\" title=\"Erdbeertraum oder Erdbeeralbtraum?\" href=\"http:\/\/www.youtube.com\/watch?v=LXXWQb-iu2g\" target=\"_blank\">Erdbeertraum oder Erdbeeralbtraum?<\/a>) eine Bioerdbeerfarm in der N\u00e4he von Wien zu besuchen, frische Erdbeeren mit fairer Schokolade zu kosten und dabei mehr \u00fcber die solidarische Landwirtschaft in \u00d6sterreich\u00a0und der Welt zu lernen.<\/p>\n<p style=\"text-align: justify;\">Klicke auf das folgende Bild, um mehr zu erfahren!<\/p>\n<p><a href=\"http:\/\/forum-via.org\/wp-content\/uploads\/2014\/06\/Challenge_6_Matt_Valentina.pdf\" target=\"_blank\"><img decoding=\"async\" loading=\"lazy\" class=\"alignleft wp-image-1535 size-full\" src=\"http:\/\/forum-via.org\/wp-content\/uploads\/2014\/06\/Challenge_6_Matt_Valentina.jpg\" alt=\"Challenge_6_Matt_Valentina\" width=\"960\" height=\"720\" srcset=\"https:\/\/forum-via.org\/wp-content\/uploads\/2014\/06\/Challenge_6_Matt_Valentina.jpg 960w, https:\/\/forum-via.org\/wp-content\/uploads\/2014\/06\/Challenge_6_Matt_Valentina-300x225.jpg 300w, https:\/\/forum-via.org\/wp-content\/uploads\/2014\/06\/Challenge_6_Matt_Valentina-400x300.jpg 400w\" sizes=\"(max-width: 960px) 100vw, 960px\" \/><\/a><\/p>\n<p style=\"color: #373737; text-align: justify;\"><strong>AUFL<strong>\u00d6<\/strong>SUNG DER SECHSTEN CHALLENGE<\/strong><\/p>\n<p style=\"color: #373737; text-align: justify;\">Das Nachhaltigkeits-Abenteuer ist wieder in\u00a0\u00d6sterreich!<\/p>\n<p style=\"color: #373737; text-align: justify;\">Letzte Woche haben wir unsere <span style=\"color: #333333;\">\u00f6<\/span>sterreichische Partnerklassen in Retz und Wien besucht und haben gemeinsam einen Ausflug nach Laxenburg gemacht (unsere Partnerschule in Lakewood, WA hat sich daf<span style=\"color: #333333;\">\u00fc<\/span>r entschieden, uns im Rahmen der 6. und letzten Mega-Challenge des Schuljahres dahin zu schicken).<\/p>\n<p style=\"color: #373737;\">Neben der Gelegenheit, sich pers<span style=\"color: #333333;\">\u00f6<\/span>nlich kennenzulernen, haben die Sch<span style=\"color: #333333;\">\u00fc<\/span>ler und Sch<span style=\"color: #333333;\">\u00fc<\/span>lerinnen auch mehr <span style=\"color: #333333;\">\u00fc<\/span>ber Fair Trade Schokolade und die europ<span style=\"color: #333333;\">\u00e4<\/span>ische &#8222;Make Chocolate Fair&#8220; Kampagne (<a title=\"Make Chocolate Fair Kampagne\" href=\"http:\/\/www.makechocolatefair.org\" target=\"_blank\">www.makechocolatefair.org<\/a>) gelernt. Es war toll, das erfolgreiche erste Jahr des Choose Your Own Sustainability Adventure Projekts (<a title=\"Choose Your Own Sustainability Adventure\" href=\"http:\/\/www.sustainability-adventure.org\" target=\"_blank\">www.sustainability-adventure.org<\/a>) mit unseren <span style=\"color: #333333;\">\u00f6<\/span>sterreichischen Partnerklassen und einem feierlichen Picknick, inklusive <span style=\"color: #333333;\">\u00f6<\/span>sterreichischer Fair Trade- und Bio-Schokolade von Zotter (<a title=\"Zotter Schokolade\" href=\"http:\/\/www.zotter.at\" target=\"_blank\">www.zotter.at<\/a>) abschliessen zu k<span style=\"color: #333333;\">\u00f6<\/span>nnen!<\/p>\n<p style=\"color: #373737; text-align: justify;\">Fotoeindr<span style=\"color: #333333;\">\u00fc<\/span>cke von unserem Besuch der <span style=\"color: #333333;\">\u00f6<\/span>sterreichischen Partnerklassen und vom gemeinsamen Ausflug nach Laxenburg findest du, wenn du dem folgenden Link zu unserer Facebook-Seite folgst:\u00a0<a title=\"Forum ViA Facebook\" href=\"http:\/\/www.facebook.com\/forumvia\" target=\"_blank\">www.facebook.com\/forumvia<\/a><\/p>\n<p>&nbsp;<\/p>\n","protected":false},"excerpt":{"rendered":"<p>BITTE NACH UNTEN SCROLLEN F\u00dcR DIE AUFL\u00d6SUNG DER SECHSTEN CHALLENGE! Titel der sechsten Challenge Nachhaltigkeits-Abenteuer in der Welt und zu Hause Verwandte Themenbereich(e) Nachhaltigkeit, Landwirtschaft, Mobilit\u00e4t, Soziales, Bildung, Ressourcen Einleitung Wie ihr wisst, funktionierten die Challenges bisher so: Die zwei ViA Botschafter schickten die Challenges an alle drei Klassen, normalerweise mit drei Optionen von denen sie eine ausw\u00e4hlen sollten. Die drei Schulklassen recherchierten die drei Optionen und haben danach ihr Bestes getan, um Matt und Valentina davon zu \u00fcberzeugen, das&hellip;<\/p>\n","protected":false},"author":1,"featured_media":0,"parent":0,"menu_order":0,"comment_status":"closed","ping_status":"closed","template":"sidebar-page.php","meta":{"footnotes":""},"translation":{"provider":"WPGlobus","version":"3.0.2","language":"de","enabled_languages":["en","de"],"languages":{"en":{"title":true,"content":true,"excerpt":false},"de":{"title":false,"content":false,"excerpt":false}}},"acf":[],"_links":{"self":[{"href":"https:\/\/forum-via.org\/de\/wp-json\/wp\/v2\/pages\/1508"}],"collection":[{"href":"https:\/\/forum-via.org\/de\/wp-json\/wp\/v2\/pages"}],"about":[{"href":"https:\/\/forum-via.org\/de\/wp-json\/wp\/v2\/types\/page"}],"author":[{"embeddable":true,"href":"https:\/\/forum-via.org\/de\/wp-json\/wp\/v2\/users\/1"}],"replies":[{"embeddable":true,"href":"https:\/\/forum-via.org\/de\/wp-json\/wp\/v2\/comments?post=1508"}],"version-history":[{"count":18,"href":"https:\/\/forum-via.org\/de\/wp-json\/wp\/v2\/pages\/1508\/revisions"}],"predecessor-version":[{"id":1593,"href":"https:\/\/forum-via.org\/de\/wp-json\/wp\/v2\/pages\/1508\/revisions\/1593"}],"wp:attachment":[{"href":"https:\/\/forum-via.org\/de\/wp-json\/wp\/v2\/media?parent=1508"}],"curies":[{"name":"wp","href":"https:\/\/api.w.org\/{rel}","templated":true}]}}