{"id":1630,"date":"2014-08-13T17:09:40","date_gmt":"2014-08-13T15:07:22","guid":{"rendered":"http:\/\/forum-via.org\/?page_id=1630"},"modified":"2021-06-24T01:37:07","modified_gmt":"2021-06-23T23:37:07","slug":"faq","status":"publish","type":"page","link":"https:\/\/forum-via.org\/de\/educational-games\/faq\/","title":{"rendered":"FAQs &#8211; H\u00e4ufig gestellte Fragen"},"content":{"rendered":"<p>Im Folgenden haben wir einige h\u00e4ufig gestellten Fragen (Frequently Asked Questions, FAQs) zum Projekt zusammengestellt. Wenn Sie hier keine Antwort auf Ihre Frage finden, z\u00f6gern Sie nicht und schreiben Sie uns eine Email an:<\/p>\n<ol>\n<li><a href=\"#ziele\">Was genau sind die Ziele des Projekts?<\/a><\/li>\n<li><a href=\"#fliegen\">Warum versuchen die SDG-Reporter im Sustainability Adventure, nicht zu fliegen?<\/a><\/li>\n<li><a href=\"#finanziert\">Wie wird das Projekt finanziert?<\/a><\/li>\n<li><a href=\"#bezahlen\">Bezahlen die Schulen oder StudentInnen, um teilzunehmen?<\/a><\/li>\n<li><a href=\"#partnerklassen\">Wie werden die Partnerklassen ausgew\u00e4hlt?<\/a><\/li>\n<li><a href=\"#partnerklassen2\">Wie viele Partnerklassen k\u00f6nnen pro gleichzeitig teilnehmen?<\/a><\/li>\n<li><a href=\"#stunden\">Wie viele Stunden pro Woche investieren Partnerklassen in das Projekt?<\/a><\/li>\n<li><a href=\"#challenge\">Wie oft bekommen Partnerklassen eine neue &#8222;Challenge&#8220;?<\/a><\/li>\n<li><a href=\"#kommunikation\">Wie oft kommunizieren die SDG-ReporterInnen mit den Partnerklassen?<\/a><\/li>\n<li><a href=\"#vorteile\">Was genau sind die Vorteile und Verpflichtungen einer Partnerschule?<\/a><\/li>\n<li><a href=\"#nachteile\">Was genau sind die Vorteile und Verpflichtungen einer Associated School?<\/a><\/li>\n<li><a href=\"#lehrer\">Ich bin LehrerIn und m\u00f6chte mehr \u00fcber das Projekt erfahren und wie sich meine Klasse \/ Schule einbringen kann &#8211; wie gehe ich dabei vor?<\/a><\/li>\n<li><a href=\"#arbeit\">Werden die SDG-ReporterInnen f\u00fcr ihre Arbeit bezahlt?<\/a><\/li>\n<li><a href=\"#reisekosten\">Wie bezahlen die SDG-ReporterInnen ihre Reisekosten?<\/a><\/li>\n<li><a href=\"#sdg-reporter\">Kann ich SDG-ReporterIn werden (und eine Schulklasse f\u00fcr meine n\u00e4chste Reise annehmen)?<\/a><\/li>\n<li><a href=\"#unterstuetzen\">Wie kann ich die Arbeit von Forum ViA unterst\u00fctzen?<\/a><\/li>\n<\/ol>\n<p><strong><span id=\"ziele\" class=\"sta-anchor \" aria-hidden=\"true\">Was genau sind die Ziele des Projekts?<\/span><\/strong><\/p>\n<ul>\n<li>Sensibilisierung der Jugend f\u00fcr \u00f6kologische, soziale und wirtschaftliche Herausforderungen in ihrem pers\u00f6nlichen Umfeld und auf der ganzen Welt<\/li>\n<li>Kennenlernen inspirierender Initiativen und Menschen vor Ort und weltweit vor, die sich f\u00fcr die Bew\u00e4ltigung dieser Herausforderungen einsetzen<\/li>\n<li>Bef\u00e4higung von Jugendlichen kritische Denkf\u00e4higkeiten weiter zu entwickeln, damit sie ihre eigenen L\u00f6sungen und Handlungsm\u00f6glichkeiten finden k\u00f6nnen.<\/li>\n<\/ul>\n<p>Das Projekt tr\u00e4gt aktiv dazu bei &#8222;Bildung f\u00fcr nachhaltige Entwicklung&#8220; (BNE) und globalem Lernen (GL) in Schulen zu f\u00f6rdern.<\/p>\n<p><strong><span id=\"fliegen\" class=\"sta-anchor \" aria-hidden=\"true\">Warum versuchen die SDG-Reporter im Sustainable Adventure, nicht zu fliegen?<\/span><\/strong><\/p>\n<p><strong><span id=\"finanziert\" class=\"sta-anchor \" aria-hidden=\"true\">Wie wird das Projekt finanziert?<\/span><\/strong><\/p>\n<p>Wir glauben an das Projekt und machen es m\u00f6glich durch viele Stunden Freiwilligenarbeit an allen Enden. In der Zukunft ist es unser Ziel, die Finanzierung durch Zusch\u00fcsse und \/ oder Kooperation mit anderen Organisationen sowie zus\u00e4tzliche Finanzierungsquellen zu sichern, um eine Skalierung des Projekts zu erm\u00f6glichen, damit wir mehr Reisenden und mehr Schulen bei der Durchf\u00fchrung des Nachhaltigkeitsabenteuers helfen k\u00f6nnen.<\/p>\n<p><strong><span id=\"bezahlen\" class=\"sta-anchor \" aria-hidden=\"true\">Bezahlen die Schulen oder Studenten, um teilzunehmen?<\/span><\/strong><\/p>\n<p>text<\/p>\n<p><strong><span id=\"partnerklassen\" class=\"sta-anchor \" aria-hidden=\"true\">Wie werden die Partnerklassen ausgew\u00e4hlt?<\/span><\/strong><\/p>\n<p>text<\/p>\n<p><strong><span id=\"partnerklassen2\" class=\"sta-anchor \" aria-hidden=\"true\">Wie viele Partnerklassen k\u00f6nnen pro gleichzeitig teilnehmen?<\/span><\/strong><\/p>\n<p>text<\/p>\n<p><strong><span id=\"stunden\" class=\"sta-anchor \" aria-hidden=\"true\">Wie viele Stunden pro Woche investieren Partnerklassen in das Projekt?<\/span><\/strong><\/p>\n<p>text<\/p>\n<p><strong><span id=\"challenge\" class=\"sta-anchor \" aria-hidden=\"true\">Wie oft bekommen Partnerklassen eine neue &#8222;Challenge&#8220;?<\/span><\/strong><\/p>\n<p>text<\/p>\n<p><strong><span id=\"kommunikation\" class=\"sta-anchor \" aria-hidden=\"true\"> Wie oft kommunizieren die SDG-ReporterInnen mit den Partnerklassen?<\/span><\/strong><\/p>\n<p>text<\/p>\n<p><strong><span id=\"vorteile\" class=\"sta-anchor \" aria-hidden=\"true\">Was genau sind die Vorteile und Verpflichtungen einer Partnerschule?<\/span><\/strong><\/p>\n<p>text<\/p>\n<p><strong><span id=\"nachteile\" class=\"sta-anchor \" aria-hidden=\"true\">Was genau sind die Vorteile und Verpflichtungen einer Associated School?<\/span><\/strong><\/p>\n<p>text<\/p>\n<p><strong><span id=\"lehrer\" class=\"sta-anchor \" aria-hidden=\"true\"> Ich bin LehrerIn und m\u00f6chte mehr \u00fcber das Projekt erfahren und wie sich meine Klasse \/ Schule einbringen kann &#8211; wie gehe ich dabei vor? <\/span><\/strong><\/p>\n<p>text<\/p>\n<p><strong><span id=\"arbeit\" class=\"sta-anchor \" aria-hidden=\"true\"> Werden die SDG-ReporterInnen f\u00fcr ihre Arbeit bezahlt? <\/span><\/strong><\/p>\n<p>text<\/p>\n<p><strong><span id=\"reisekosten\" class=\"sta-anchor \" aria-hidden=\"true\"> Wie bezahlen die SDG-ReporterInnen ihre Reisekosten? <\/span><\/strong><\/p>\n<p>text<\/p>\n<p><strong><span id=\"sdg-reporter\" class=\"sta-anchor \" aria-hidden=\"true\"> Kann ich SDG-ReporterIn werden (und eine Schulklasse f\u00fcr meine n\u00e4chste Reise annehmen)? <\/span><\/strong><\/p>\n<p>text<\/p>\n<p><strong><span id=\"unterstuetzen\" class=\"sta-anchor \" aria-hidden=\"true\"> Wie kann ich die Arbeit von Forum ViA unterst\u00fctzen? <\/span><\/strong><\/p>\n<p>text<\/p>\n","protected":false},"excerpt":{"rendered":"<p>Im Folgenden haben wir einige h\u00e4ufig gestellten Fragen (Frequently Asked Questions, FAQs) zum Projekt zusammengestellt. Wenn Sie hier keine Antwort auf Ihre Frage finden, z\u00f6gern Sie nicht und schreiben Sie uns eine Email an: Was genau sind die Ziele des Projekts? Warum versuchen die SDG-Reporter im Sustainability Adventure, nicht zu fliegen? Wie wird das Projekt finanziert? Bezahlen die Schulen oder StudentInnen, um teilzunehmen? Wie werden die Partnerklassen ausgew\u00e4hlt? Wie viele Partnerklassen k\u00f6nnen pro gleichzeitig teilnehmen? Wie viele Stunden pro Woche&hellip;<\/p>\n","protected":false},"author":1,"featured_media":0,"parent":3615,"menu_order":0,"comment_status":"closed","ping_status":"closed","template":"","meta":{"footnotes":""},"translation":{"provider":"WPGlobus","version":"3.0.2","language":"de","enabled_languages":["en","de"],"languages":{"en":{"title":true,"content":true,"excerpt":false},"de":{"title":true,"content":true,"excerpt":false}}},"acf":[],"_links":{"self":[{"href":"https:\/\/forum-via.org\/de\/wp-json\/wp\/v2\/pages\/1630"}],"collection":[{"href":"https:\/\/forum-via.org\/de\/wp-json\/wp\/v2\/pages"}],"about":[{"href":"https:\/\/forum-via.org\/de\/wp-json\/wp\/v2\/types\/page"}],"author":[{"embeddable":true,"href":"https:\/\/forum-via.org\/de\/wp-json\/wp\/v2\/users\/1"}],"replies":[{"embeddable":true,"href":"https:\/\/forum-via.org\/de\/wp-json\/wp\/v2\/comments?post=1630"}],"version-history":[{"count":24,"href":"https:\/\/forum-via.org\/de\/wp-json\/wp\/v2\/pages\/1630\/revisions"}],"predecessor-version":[{"id":4967,"href":"https:\/\/forum-via.org\/de\/wp-json\/wp\/v2\/pages\/1630\/revisions\/4967"}],"up":[{"embeddable":true,"href":"https:\/\/forum-via.org\/de\/wp-json\/wp\/v2\/pages\/3615"}],"wp:attachment":[{"href":"https:\/\/forum-via.org\/de\/wp-json\/wp\/v2\/media?parent=1630"}],"curies":[{"name":"wp","href":"https:\/\/api.w.org\/{rel}","templated":true}]}}