{"id":1695,"date":"2014-08-16T17:30:08","date_gmt":"2014-08-16T15:03:15","guid":{"rendered":"http:\/\/forum-via.org\/?page_id=1695"},"modified":"2018-05-04T19:08:41","modified_gmt":"2018-05-04T17:08:41","slug":"challenges-de","status":"publish","type":"page","link":"https:\/\/forum-via.org\/de\/educational-games\/projekte\/challenges-de\/","title":{"rendered":"Recherche Challenges"},"content":{"rendered":"<p>Im Rahmen des Projekts <strong>Choose Your Own Sustainability Adventure<\/strong> werden regelm\u00e4\u00dfig sogenannte <em>Challenges<\/em> durchgef\u00fchrt. Mittels dieser Challenges setzen sich beteiligte Sch\u00fclerinnen und Sch\u00fcler mit unterschiedlichen Themen der Nachhaltigkeit auseinander, recherchieren Hintergrundinformationen und beeinfl\u00fcssen damit das Nachhaltigkeits-Abenteuer der ViA Ambassadors.<\/p>\n<p>Klicke auf die folgenden Fotos, um zu den Challenges der jeweiligen ViA Botschafterinnen und Botschafter zu gelangen:<\/p>\n<div id=\"attachment_2817\" style=\"width: 160px\" class=\"wp-caption alignleft\"><a href=\"http:\/\/forum-via.org\/projekte\/sustainability-adventure\/challenges-de\/challenges-julia-jose\/\"><img aria-describedby=\"caption-attachment-2817\" decoding=\"async\" loading=\"lazy\" class=\"wp-image-2817 size-thumbnail\" src=\"http:\/\/forum-via.org\/wp-content\/uploads\/2015\/01\/JJ-2-150x150.jpg\" alt=\"Julia und Jos\u00e9\" width=\"150\" height=\"150\" srcset=\"https:\/\/forum-via.org\/wp-content\/uploads\/2015\/01\/JJ-2-150x150.jpg 150w, https:\/\/forum-via.org\/wp-content\/uploads\/2015\/01\/JJ-2-300x300.jpg 300w, https:\/\/forum-via.org\/wp-content\/uploads\/2015\/01\/JJ-2-768x768.jpg 768w, https:\/\/forum-via.org\/wp-content\/uploads\/2015\/01\/JJ-2-1024x1024.jpg 1024w, https:\/\/forum-via.org\/wp-content\/uploads\/2015\/01\/JJ-2.jpg 1060w\" sizes=\"(max-width: 150px) 100vw, 150px\" \/><\/a><p id=\"caption-attachment-2817\" class=\"wp-caption-text\">Julia &amp; Jos\u00e9<\/p><\/div>\n<div id=\"attachment_1887\" style=\"width: 210px\" class=\"wp-caption alignleft\"><a title=\"Matt &amp; Valentinas Challenges\" href=\"http:\/\/forum-via.org\/projekte\/sustainability-adventure\/challenges-de\/challenges-matt-valentina\/\" rel=\"lightbox\"><img aria-describedby=\"caption-attachment-1887\" decoding=\"async\" loading=\"lazy\" class=\"wp-image-1887\" src=\"http:\/\/forum-via.org\/wp-content\/uploads\/2015\/01\/DSCN8054_opt-300x225.jpg\" alt=\"DSCN8054_opt\" width=\"200\" height=\"150\" srcset=\"https:\/\/forum-via.org\/wp-content\/uploads\/2015\/01\/DSCN8054_opt-300x225.jpg 300w, https:\/\/forum-via.org\/wp-content\/uploads\/2015\/01\/DSCN8054_opt.jpg 400w\" sizes=\"(max-width: 200px) 100vw, 200px\" \/><\/a><p id=\"caption-attachment-1887\" class=\"wp-caption-text\">Matt &amp; Valentina<\/p><\/div>\n<div id=\"attachment_2428\" style=\"width: 210px\" class=\"wp-caption alignleft\"><a href=\"http:\/\/forum-via.org\/projekte\/sustainability-adventure\/challenges-de\/clara-seraphins-challenges\/\"><img aria-describedby=\"caption-attachment-2428\" decoding=\"async\" loading=\"lazy\" class=\"wp-image-2428\" src=\"http:\/\/forum-via.org\/wp-content\/uploads\/2015\/01\/Foto_Clara_Seraphin_Rikscha_opt.jpg\" alt=\"- Clara &amp; Seraphin\" width=\"200\" height=\"200\" srcset=\"https:\/\/forum-via.org\/wp-content\/uploads\/2015\/01\/Foto_Clara_Seraphin_Rikscha_opt.jpg 300w, https:\/\/forum-via.org\/wp-content\/uploads\/2015\/01\/Foto_Clara_Seraphin_Rikscha_opt-150x150.jpg 150w\" sizes=\"(max-width: 200px) 100vw, 200px\" \/><\/a><p id=\"caption-attachment-2428\" class=\"wp-caption-text\">Clara &amp; Seraphin<\/p><\/div>\n<p>&nbsp;<\/p>\n<div id=\"attachment_2210\" style=\"width: 210px\" class=\"wp-caption alignleft\"><a href=\"http:\/\/forum-via.org\/projekte\/sustainability-adventure\/challenges-de\/irenes-challenges\/\"><img aria-describedby=\"caption-attachment-2210\" decoding=\"async\" loading=\"lazy\" class=\"wp-image-2210\" src=\"http:\/\/forum-via.org\/wp-content\/uploads\/2015\/08\/Irene.jpg\" alt=\"\" width=\"200\" height=\"200\" srcset=\"https:\/\/forum-via.org\/wp-content\/uploads\/2015\/08\/Irene.jpg 300w, https:\/\/forum-via.org\/wp-content\/uploads\/2015\/08\/Irene-150x150.jpg 150w\" sizes=\"(max-width: 200px) 100vw, 200px\" \/><\/a><p id=\"caption-attachment-2210\" class=\"wp-caption-text\">Irene<\/p><\/div>\n<div id=\"attachment_1885\" style=\"width: 210px\" class=\"wp-caption alignleft\"><a title=\"Hannah &amp; Mathis\u2019 Challenges\" href=\"http:\/\/forum-via.org\/projekte\/sustainability-adventure\/challenges-de\/challenges-hannah-mathis\/\"><img aria-describedby=\"caption-attachment-1885\" decoding=\"async\" loading=\"lazy\" class=\"wp-image-1885\" src=\"http:\/\/forum-via.org\/wp-content\/uploads\/2015\/01\/DSCN6240_1_opt-291x300.jpg\" alt=\"DSCN6240_1_opt\" width=\"200\" height=\"206\" srcset=\"https:\/\/forum-via.org\/wp-content\/uploads\/2015\/01\/DSCN6240_1_opt-291x300.jpg 291w, https:\/\/forum-via.org\/wp-content\/uploads\/2015\/01\/DSCN6240_1_opt.jpg 400w\" sizes=\"(max-width: 200px) 100vw, 200px\" \/><\/a><p id=\"caption-attachment-1885\" class=\"wp-caption-text\">Hannah &amp; Mathis<\/p><\/div>\n","protected":false},"excerpt":{"rendered":"<p>Im Rahmen des Projekts Choose Your Own Sustainability Adventure werden regelm\u00e4\u00dfig sogenannte Challenges durchgef\u00fchrt. Mittels dieser Challenges setzen sich beteiligte Sch\u00fclerinnen und Sch\u00fcler mit unterschiedlichen Themen der Nachhaltigkeit auseinander, recherchieren Hintergrundinformationen und beeinfl\u00fcssen damit das Nachhaltigkeits-Abenteuer der ViA Ambassadors. Klicke auf die folgenden Fotos, um zu den Challenges der jeweiligen ViA Botschafterinnen und Botschafter zu gelangen: &nbsp;<\/p>\n","protected":false},"author":1,"featured_media":0,"parent":27,"menu_order":0,"comment_status":"closed","ping_status":"closed","template":"","meta":{"footnotes":""},"translation":{"provider":"WPGlobus","version":"3.0.2","language":"de","enabled_languages":["en","de"],"languages":{"en":{"title":true,"content":true,"excerpt":false},"de":{"title":true,"content":true,"excerpt":false}}},"acf":[],"_links":{"self":[{"href":"https:\/\/forum-via.org\/de\/wp-json\/wp\/v2\/pages\/1695"}],"collection":[{"href":"https:\/\/forum-via.org\/de\/wp-json\/wp\/v2\/pages"}],"about":[{"href":"https:\/\/forum-via.org\/de\/wp-json\/wp\/v2\/types\/page"}],"author":[{"embeddable":true,"href":"https:\/\/forum-via.org\/de\/wp-json\/wp\/v2\/users\/1"}],"replies":[{"embeddable":true,"href":"https:\/\/forum-via.org\/de\/wp-json\/wp\/v2\/comments?post=1695"}],"version-history":[{"count":24,"href":"https:\/\/forum-via.org\/de\/wp-json\/wp\/v2\/pages\/1695\/revisions"}],"predecessor-version":[{"id":4580,"href":"https:\/\/forum-via.org\/de\/wp-json\/wp\/v2\/pages\/1695\/revisions\/4580"}],"up":[{"embeddable":true,"href":"https:\/\/forum-via.org\/de\/wp-json\/wp\/v2\/pages\/27"}],"wp:attachment":[{"href":"https:\/\/forum-via.org\/de\/wp-json\/wp\/v2\/media?parent=1695"}],"curies":[{"name":"wp","href":"https:\/\/api.w.org\/{rel}","templated":true}]}}