{"id":172,"date":"2012-11-07T00:28:38","date_gmt":"2012-11-06T23:28:38","guid":{"rendered":"http:\/\/forum-via.org\/?page_id=172"},"modified":"2018-05-25T15:22:08","modified_gmt":"2018-05-25T13:22:08","slug":"mission-statement","status":"publish","type":"page","link":"https:\/\/forum-via.org\/de\/about-us\/mission-statement\/","title":{"rendered":"Leitbild"},"content":{"rendered":"<blockquote><p>\u201cGlobal education is education that opens people\u2019s eyes and minds to the realities of the world, and awakens them to bring about a world of greater justice, equity and human rights for all\u201d<br \/>\n<em><a href=\"https:\/\/rm.coe.int\/168070f089\" target=\"_blank\" rel=\"noopener\">Maastricht Global Education Declaration<\/a><a href=\"https:\/\/rm.coe.int\/168070f089\" target=\"_blank\" rel=\"noopener\"> (pdf-Download)<\/a><\/em><\/p><\/blockquote>\n<p>Die zwei tragenden Konzepte von <strong>ViA<\/strong> sind: \u201cGlobal Education\u201d und \u201cEducation for Sustainable Development\u201d. Denn das <strong><a title=\"Willkommen!\" href=\"http:\/\/forum-via.org\/de\/about-us\/experience-sustainability-with-us\/\">Forum f\u00fcr nachhaltige Visionen in Aktion<\/a> (ViA)<\/strong> m\u00f6chte durch seine Aktivit\u00e4ten zu einer nachhaltigen Entwicklung beitragen, die mit dem Verstehen von komplexen Zusammenh\u00e4ngen beginnt. Verstehen ist jedoch nur der erste Schritt, denn im Sinne von \u201eGlobaler Bildung&#8220; und \u201eBildung f\u00fcr Nachhaltige Entwicklung\u201c ist es uns auch ein Anliegen einen pers\u00f6nlichen Bezug zu den aktuellen Herausforderungen herzustellen und damit die n\u00e4chste Generation dazu zu bef\u00e4higen, nachhaltige Aktionen selbst umzusetzen und damit zu aufgekl\u00e4rten globalen B\u00fcrgerinnen und B\u00fcrgern zu werden.<\/p>\n<p>Nachhaltige Entwicklung verstehen wir im Sinne der <a href=\"http:\/\/www.un-documents.net\/wced-ocf.htm\" target=\"_blank\" rel=\"noopener\">Brundtland Kommission<\/a> als eine Entwicklung, \u201edie den Bed\u00fcrfnissen der heutigen Generation[en] entspricht, ohne die M\u00f6glichkeiten k\u00fcnftiger Generationen zu gef\u00e4hrden, ihre eigenen Bed\u00fcrfnisse zu befriedigen und ihren Lebensstil zu w\u00e4hlen.\u201c<\/p>\n<p>Das Ziel einer nachhaltigen Entwicklung soll nicht das westliche Lebensmodell sein, sondern Lebensqualit\u00e4t, welche kulturell und individuell unterschiedlich definiert werden kann. Lebensqualit\u00e4t ist laut dem Konzept der Bildung f\u00fcr nachhaltige Entwicklung die Schnittstelle der drei Dimensionen der Nachhaltigkeit: \u00d6kologie, Soziales und \u00d6konomie. Je gr\u00f6\u00dfer der \u00dcberschneidungsgrad der drei Kreise, desto gr\u00f6\u00dfer die Lebensqualit\u00e4t.<\/p>\n<p>Mit den Aktionen von <strong>ViA<\/strong> m\u00f6chten wir folgende Aspekte in der Bildung st\u00e4rken:<\/p>\n<ul>\n<li>Bewusstseinsbildung und Kenntnisvermittlung zu den aktuellen globalen Herausforderungen (z.B. in den Themenbereichen Klima, Ern\u00e4hrung, Energie, Wirtschaft und Landwirtschaft)<\/li>\n<li>Kritisches Denken<\/li>\n<li>Interkulturelle Empathie<\/li>\n<li>Gestaltungskompetenzen f\u00fcr den nachhaltigen Wandel<\/li>\n<li>Wissen und Skills f\u00fcr einen optimistischen und proaktiven Umgang mit \u00f6kologischen, wirtschaftlichen und sozialen Herausforderungen<\/li>\n<li>Die Bef\u00e4higung dazu, als Individuum oder in der Gruppe selbst zu nachhaltiger Entwicklung beizutragen<\/li>\n<li>Nach L\u00f6sungen zu suchen, die sowohl \u00f6kologisch, als auch sozial und \u00f6konomisch sinnvoll sind und damit zu langfristiger Lebensqualit\u00e4t f\u00fchren<\/li>\n<\/ul>\n","protected":false},"excerpt":{"rendered":"<p>\u201cGlobal education is education that opens people\u2019s eyes and minds to the realities of the world, and awakens them to bring about a world of greater justice, equity and human rights for all\u201d Maastricht Global Education Declaration (pdf-Download) Die zwei tragenden Konzepte von ViA sind: \u201cGlobal Education\u201d und \u201cEducation for Sustainable Development\u201d. Denn das Forum f\u00fcr nachhaltige Visionen in Aktion (ViA) m\u00f6chte durch seine Aktivit\u00e4ten zu einer nachhaltigen Entwicklung beitragen, die mit dem Verstehen von komplexen Zusammenh\u00e4ngen beginnt. Verstehen ist&hellip;<\/p>\n","protected":false},"author":1,"featured_media":0,"parent":6,"menu_order":0,"comment_status":"closed","ping_status":"closed","template":"","meta":{"footnotes":""},"translation":{"provider":"WPGlobus","version":"3.0.2","language":"de","enabled_languages":["en","de"],"languages":{"en":{"title":true,"content":true,"excerpt":false},"de":{"title":true,"content":true,"excerpt":false}}},"acf":[],"_links":{"self":[{"href":"https:\/\/forum-via.org\/de\/wp-json\/wp\/v2\/pages\/172"}],"collection":[{"href":"https:\/\/forum-via.org\/de\/wp-json\/wp\/v2\/pages"}],"about":[{"href":"https:\/\/forum-via.org\/de\/wp-json\/wp\/v2\/types\/page"}],"author":[{"embeddable":true,"href":"https:\/\/forum-via.org\/de\/wp-json\/wp\/v2\/users\/1"}],"replies":[{"embeddable":true,"href":"https:\/\/forum-via.org\/de\/wp-json\/wp\/v2\/comments?post=172"}],"version-history":[{"count":17,"href":"https:\/\/forum-via.org\/de\/wp-json\/wp\/v2\/pages\/172\/revisions"}],"predecessor-version":[{"id":4557,"href":"https:\/\/forum-via.org\/de\/wp-json\/wp\/v2\/pages\/172\/revisions\/4557"}],"up":[{"embeddable":true,"href":"https:\/\/forum-via.org\/de\/wp-json\/wp\/v2\/pages\/6"}],"wp:attachment":[{"href":"https:\/\/forum-via.org\/de\/wp-json\/wp\/v2\/media?parent=172"}],"curies":[{"name":"wp","href":"https:\/\/api.w.org\/{rel}","templated":true}]}}