{"id":1762,"date":"2014-09-15T13:27:52","date_gmt":"2014-09-15T11:27:52","guid":{"rendered":"http:\/\/forum-via.org\/?page_id=1762"},"modified":"2018-08-09T21:52:47","modified_gmt":"2018-08-09T19:52:47","slug":"challenge-mongolia","status":"publish","type":"page","link":"https:\/\/forum-via.org\/de\/challenges-matt-valentina\/challenge-mongolia\/","title":{"rendered":"1st Challenge &#8211; Mongolia"},"content":{"rendered":"<div class=\"ctsc-focus ctsc-focus-normal \" style=\" background:#bae3e3;\">\n<p><strong>Klicke <a title=\"Aufl\u00f6sung \u2013 Challenge Mongolei\" href=\"http:\/\/forum-via.org\/1-challenge-mongolei-matt-valentina\/auflosung-challenge-mongolei\/\">HIER<\/a>, um zur Aufl\u00f6sung dieser Challenge zu gelangen! <\/strong><\/div><strong><br \/>\n<\/strong><\/p>\n<p><img decoding=\"async\" loading=\"lazy\" class=\"wp-image-980 size-medium aligncenter\" src=\"http:\/\/forum-via.org\/wp-content\/uploads\/2013\/09\/CYOSA_logo-300x112.png\" alt=\"CYOSA_logo\" width=\"300\" height=\"112\" srcset=\"https:\/\/forum-via.org\/wp-content\/uploads\/2013\/09\/CYOSA_logo-300x112.png 300w, https:\/\/forum-via.org\/wp-content\/uploads\/2013\/09\/CYOSA_logo.png 457w\" sizes=\"(max-width: 300px) 100vw, 300px\" \/><\/p>\n<p><strong>Titel<\/strong><br \/>\n&#8218;Bam&#8216; oder &#8218;Boom&#8216; in der Mongolei? Bergbau als Fluch oder Segen?<\/p>\n<p><strong>Ort &amp; Datum<\/strong><br \/>\nMongolei, September 2014<\/p>\n<p><strong>Themenbereich(e)<\/strong><br \/>\nEnergie, Ressourcen<\/p>\n<p><strong>Einleitung<\/strong><br \/>\n<a href=\"http:\/\/forum-via.org\/wp-content\/uploads\/2014\/09\/baikal_opt.jpg\" rel=\"lightbox\"><img decoding=\"async\" loading=\"lazy\" class=\"alignright wp-image-1773\" src=\"http:\/\/forum-via.org\/wp-content\/uploads\/2014\/09\/baikal_opt.jpg\" alt=\"baikal_opt\" width=\"125\" height=\"167\" \/><\/a>Wir sind in das 2. Jahr des Nachhaltigkeits-Abenteuers gestartet. Das diesj\u00e4hrige Abenteuer hat uns bisher von Wien \u00fcber M\u00fcnchen mit dem Bus zuerst nach Riga in Lettland gebracht und von dort aus weiter nach Moskau in Russland. Von Moskau aus sind Matt und Valentina dann aufgebrochen auf ein Erlebnis der besonderen Art: Eine \u00fcber 5500km lange Zugfahrt von der Transsibirischen Eisenbahn bis zum Baikalsee im Tiefen Sibirien. Ziemlich beeindrucken den tiefsten und \u00e4ltesten See der Welt zu sehen (\u00fcber 25 Millionen Jahre alt) in dem fast 20% der nicht-gefrorenen Frischwasserreserven schlummern. (schau auch <a title=\"Impressions from Russia\" href=\"http:\/\/youtu.be\/FcZOufx5oLA\" target=\"_blank\" rel=\"noopener\">das Video<\/a> an, das wir dort f\u00fcr euch gedreht haben!). Wir hatten dort auch die Gelegenheit zwei sehr coole <a href=\"http:\/\/forum-via.org\/wp-content\/uploads\/2014\/09\/baikalwave_opt.jpg\" rel=\"lightbox\"><img decoding=\"async\" loading=\"lazy\" class=\"alignleft wp-image-1775 size-full\" src=\"http:\/\/forum-via.org\/wp-content\/uploads\/2014\/09\/baikalwave_opt.jpg\" alt=\"baikalwave_opt\" width=\"150\" height=\"113\" \/><\/a>Organisationen zu besuchen, die sich f\u00fcr den Erhalt des Sees einsetzen:\u00a0<a title=\"Great Baikal Trail\" href=\"http:\/\/www.greatbaikaltrail.org\" target=\"_blank\" rel=\"noopener\">Great Baikal Trail<\/a> und <a title=\"Baikal Environmental Wave\" href=\"http:\/\/www.facebook.com\/baikalvolna\" target=\"_blank\" rel=\"noopener\">Ba<\/a><a title=\"Baikal Environmental Wave\" href=\"http:\/\/www.facebook.com\/baikalvolna\" target=\"_blank\" rel=\"noopener\">ikal Environmental Wave<\/a>. Danach sind wir mit dem Zug weitergefahren von Irkutsk \u00fcber Ulan Ude nach Ulaanbaatar, der Hauptstadt der Mongolei. (siehe\u00a0<a title=\"Instagram - Sustainability Adventure\" href=\"http:\/\/www.instagram.com\/sustainability_adventure\" target=\"_blank\" rel=\"noopener\">Instagram<\/a> f\u00fcr ein paar Bildeindr\u00fccke dieser Etappe unseres Abenteuers).<\/p>\n<p>Und was sagt unser Reisef\u00fchrer Spannendes zur Mongolei? Die Mongolei ist eins der am d\u00fcnnsten besiedelten L\u00e4nder der Welt mit nur 3 Millionen Einwohnern auf einer Fl\u00e4che die so gro\u00df ist wie \u2026<\/p>\n<p>Dabei sind 30% der Bev\u00f6lkerung tats\u00e4chlich noch als Nomaden unterwegs oder haben zumindest noch einen semi-nomadischen Lebensstil. Das weite Land ist gepr\u00e4gt durch die hochliegenden Steppenlandschaften, die Berge im Norden und Westen und die W\u00fcste Gobi im S\u00fcden. Gerade erf\u00e4hrt die Mongolei einen \u00d6konomischen \u201cBoom\u201d, der vor allem vom Bergbau-\/Rohstoffabbau angetrieben wird.<\/p>\n<p><a href=\"http:\/\/forum-via.org\/wp-content\/uploads\/2014\/09\/mongolia_wide_opt.jpg\" rel=\"lightbox\"><img decoding=\"async\" loading=\"lazy\" class=\"alignleft size-full wp-image-1778\" src=\"http:\/\/forum-via.org\/wp-content\/uploads\/2014\/09\/mongolia_wide_opt.jpg\" alt=\"mongolia_wide_opt\" width=\"600\" height=\"120\" srcset=\"https:\/\/forum-via.org\/wp-content\/uploads\/2014\/09\/mongolia_wide_opt.jpg 600w, https:\/\/forum-via.org\/wp-content\/uploads\/2014\/09\/mongolia_wide_opt-300x60.jpg 300w, https:\/\/forum-via.org\/wp-content\/uploads\/2014\/09\/mongolia_wide_opt-500x100.jpg 500w\" sizes=\"(max-width: 600px) 100vw, 600px\" \/><\/a><\/p>\n<p>Die Mongolei ist ansonsten ein wundersch\u00f6nes, unber\u00fchrtes Land mit freundlichen Menschen, die bekannt sind f\u00fcr ihre enorme Gastfreundschaft. All das macht das Land zu einem begehrten Reiseziel f\u00fcr Natur- und Aktivtouristen aus aller Welt. Hand in Hand mit dem \u00d6konomischen Boom ist die Mongolei jedoch auch mit wachsenden Umweltproblemen, sozialen Ungleichheiten und \u00f6konomischen Verteilungsproblematiken konfrontiert.<\/p>\n<p><strong>Unsere Challenge<\/strong><br \/>\n<a href=\"http:\/\/forum-via.org\/wp-content\/uploads\/2014\/09\/mongolia_gers_opt.jpg\" rel=\"lightbox\"><img decoding=\"async\" loading=\"lazy\" class=\"alignright wp-image-1782 size-full\" src=\"http:\/\/forum-via.org\/wp-content\/uploads\/2014\/09\/mongolia_gers_opt.jpg\" alt=\"mongolia_gers_opt\" width=\"200\" height=\"150\" \/><\/a>Wir haben hier in der Mongolei fast kein Internet (v.a. au\u00dferhalb der Hauptstadt) und brauchen EURE Hilfe um mehr Herauszufinden \u00fcber Bergbau und Energie in der Mongolei! Auf der Landkarte haben wir nun auch gesehen, dass unser Zug, den wir in einem Monat von Ulanbator nach Bejing (China) nehmen, genau durch eine der Hauptabbaugebiete von Uran fahren wird. Da haben wir uns gefragt: Ist es sicher, da durchzufahren?<\/p>\n<p><a href=\"http:\/\/forum-via.org\/wp-content\/uploads\/2014\/09\/mongolia_trash_opt.jpg\" rel=\"lightbox\"><img decoding=\"async\" loading=\"lazy\" class=\"alignleft wp-image-1785\" src=\"http:\/\/forum-via.org\/wp-content\/uploads\/2014\/09\/mongolia_trash_opt.jpg\" alt=\"mongolia_trash_opt\" width=\"200\" height=\"150\" \/><\/a>In nur einer Woche, die wir in der Hauptstadt der Mongolei verbracht haben, haben wir so unglaublich viele Ver\u00e4nderungen beobachtet, dass wir geschockt sind \u00fcber die Geschwindigkeit, mit der sich dieses Land ver\u00e4ndert. Darum h\u00e4tten wir gerne eure Hilfe beim Kl\u00e4ren einiger Fragen, die uns nicht mehr loslassen (siehe allg.Fragen unten). Wir haben auch ein paar speziellere Fragen, f\u00fcr die wir gerne eure Expertise (also die eurer jeweiligen Klassen) anzapfen wollen! Eure Antworten werden uns hoffentlich gegenseitig helfen, besser zu verstehen, was gerade in der Mongolei passiert.. auch hinter der Fassade.. So dass wir am Ende alle einen ganzheitlicheren Eindruck davon haben, was die Mongolei &#8211; neben den touristischen Highlights von Pferden, Steppen und fermentierter Stutenmilch, sonst noch ausmacht.<\/p>\n<p><strong>Allgemeine Fragen<\/strong><\/p>\n<ul>\n<li>Welchen allgemeinen Umweltproblemen steht die Mongolei gegen\u00fcber und welche spezifische Probleme geht es an oder sollte es angehen? <em>[Tipp: Wie sieht es mit Wasser- und Luftverschmutzung, den Auswirkungen von Uranabbau, Zustand der B\u00f6den, Klimawandel usw. aus?]<\/em><\/li>\n<li>Welche sozialen Herausforderungen oder Trends erlebt die Mongolei gerade? <em>[Tipp: Wie sieht es mit Migration, Urbanisierung, Demographie usw. aus?]<\/em><\/li>\n<li>Wie stabil ist die mongolische Wirtschaft? Welchen Herausforderungen steht sie gegen\u00fcber? <em>[Tipp: Wie sieht es mit der \u00f6konomischen Diversifizierung, mit Fragen der Korruption und ausl\u00e4ndischen Investitionen usw. aus?]<\/em><\/li>\n<li>Was sind die Hauptressourcen, die in der Mongolei abgebaut werden?<\/li>\n<li>Welche Art von Energie nutzt ein mongolischer Haushalt (in der Hauptstadt und auf dem Land) und wie viel nutzen sie im Vergleich zum durchschnittlichen Verbrauch in deinem Land (z.B. Kohle, Wasserkraft, Solar, Atomkraft, &#8230;)?<\/li>\n<li>Wie sind die politischen und kulturellen Beziehungen zwischen deinem Land und der Mongolei?<\/li>\n<\/ul>\n<p><strong>Spezifische Fragen<\/strong><br \/>\n<em>Spezielle Fragen f\u00fcr Mr. Dearborn\u2019s Physik Kurs an der Harrison Preparatory School:<\/em><\/p>\n<ul>\n<li>Wie funktioniert Atomkraft\/Kernenergie?<\/li>\n<li>Woher kommt sie? Was ist der ben\u00f6tigte Rohstoff?<\/li>\n<li>Was sind potenzielle Konsequenzen von Kernenergie\/Atomkraft? (Tipp: Denk an den ganzen Prozess, vom Uran Abbau, \u00fcber die Energieproduktion bis hin zum Umgang mit Atomm\u00fcll)<\/li>\n<li>Was sind Konsequenzen des Uran Abbaus in der Mongolei<\/li>\n<li>Betreibt die Mongolei Atomkraftwerke?<\/li>\n<li>Auf Basis deiner Recherchen, warum glaubst du, dass manche L\u00e4nder die Nutzung von Atomkraft verboten haben\/verbieten wollen und manche es einfach weiternutzen?<\/li>\n<li>Gibt es Atomkraftwerke in deiner N\u00e4he (Washington State)? Und wenn ja: Woher beziehen sie ihre Rohstoffe und was passiert mit dem anfallenden Atomm\u00fcll?<\/li>\n<\/ul>\n<p><em>Frau Browning-Cray\u2019s Senior Advisory\/Kunst Kurs an der Sumner High School:<br \/>\n<\/em>Basierend auf eurer Recherche w\u00fcrden wir gerne eure k\u00fcnstlerischen Eindr\u00fccke bekommen zu folgenden Fragen:<\/p>\n<ul>\n<li>Was sind Einfl\u00fcsse oder was k\u00f6nnten Einfl\u00fcsse des Bergbaus in der Mongolei sein \u2013 vor allem was die Umwelt und die Landschaften betrifft?<\/li>\n<li>Wie ver\u00e4ndern sich traditionelle Lebensstile der Mongolen durch die \u00f6konomischen und sozialen Entwicklungen der letzten Jahre (z.B. die Nomadischer Hirten)?<\/li>\n<li>Wie schaut es auf der anderen Seite bei dir im Land aus (USA)? Wie beeinflusst Bergbau und Atomenergie Leben und Landschaften? (recherchiere z.B. Informationen zu Atomkraftwerken in den USA, Oberfl\u00e4chenabbau von Rohstoffen (Strip-Mining) und Bergabtragungen f\u00fcr Ressourcenabbau<\/li>\n<li>Zusammenh\u00e4nge zwischen dem Uranabbau in der Mongolei und der Nutzung von Atomenergie in den USA<\/li>\n<\/ul>\n<p><em>Die 2HTA von Herrn Wandl an der HLTW13 in der Bergheidengasse:<\/em><\/p>\n<ul>\n<li>Welcher Prozentanteil des mongolischen Bruttoinlandsprodukts (BIP) bildet der Bergbau (insbesondere der Uranabbau) und wie war das Leben und die Wirtschaft in der Mongolei vor dem aktuellen Bergbau-&#8218;Boom&#8216; aufgebaut?<\/li>\n<li>Was sind wichtige Einkommensquellen f\u00fcr mongolische Haushalte? Was sind ihre Energiequellen (vergleiche in der Stadt und auf dem Land)?<\/li>\n<li>Wie wirken die unterschiedlichen Wirtschaftssektoren (eventuell) aufeinander? Zum Beispiel, welche Auswirkungen k\u00f6nnte der Bergbau eventuell auf die Weidewirtschaft und die Landwirtschaft haben und umgekehrt?<\/li>\n<li>Was f\u00fcr eine Rolle spielt der Tourismus in der mongolischen Wirtschaft und wie hat er sich \u00fcber die letzten ca.10 Jahre entwickelt?<\/li>\n<li>Was sind die positiven Auswirkungen vom aktuellen wirtschaftlichen &#8218;Boom&#8216; in der Mongolei und was sind die negativen Konsequenzen davon? <em>[Tipp: Ber\u00fccksichtige die sozialen Entwicklungen, \u00c4nderungen in den traditionellen Lebensstilen, potentielle k\u00fcnftige Probleme bei weitere Entwicklungen, Auswirkungen auf das nomadische Leben und den Tourismus usw.]<\/em><\/li>\n<\/ul>\n<p><a href=\"http:\/\/forum-via.org\/wp-content\/uploads\/2014\/09\/mongolia_cow_in_city_opt.jpg\" rel=\"lightbox\"><img decoding=\"async\" loading=\"lazy\" class=\"alignright wp-image-1791 size-full\" src=\"http:\/\/forum-via.org\/wp-content\/uploads\/2014\/09\/mongolia_cow_in_city_opt.jpg\" alt=\"mongolia_cow_in_city_opt\" width=\"113\" height=\"150\" \/><\/a>Viele Fragen! Wir sind sehr gespannt auf die Ergebnisse eurer Recherche und freuen uns darauf, eure Resultate zu teilen, damit wir alle eine holistischere Perspektive bilden k\u00f6nnen. Zur Erinnerung: die ersten allgemeinen Fragen sollten uns allen helfen, ein grundlegendes Bild zur aktuellen Lage in der Mongolei zu schaffen. Danach musst ihr nur auf die Klassen-spezifischen Fragen konzentrieren, die eure konkrete Expertise mit Naturwissenschaften, Kunst bzw. Wirtschaft ben\u00f6tigen! Um euch zu helfen haben wir auch eine Liste n\u00fctzlicher Links und Webseiten zusammengestellt (siehe unten).<\/p>\n<p><strong>N\u00fctzliche Links und Information (in alphabetischer Reihenfolge)*:<\/strong><\/p>\n<ul>\n<li>Common Dreams (Englisch): <a href=\"http:\/\/www.commondreams.org\/views\/2010\/03\/01\/top-10-reasons-we-dont-need-more-nukes\" target=\"_blank\" rel=\"noopener\">http:\/\/www.commondreams.org\/views\/2010\/03\/01\/top-10-reasons-we-dont-need-more-nukes<\/a><\/li>\n<li>Discovery (Englisch): <a href=\"http:\/\/www.discovery.com\/tv-shows\/curiosity\/topics\/pros-cons-nuclear-power-pictures.htm\" target=\"_blank\" rel=\"noopener\">http:\/\/www.discovery.com\/tv-shows\/curiosity\/topics\/pros-cons-nuclear-power-pictures.htm<\/a><\/li>\n<li>Global 2000: <a href=\"https:\/\/www.global2000.at\/themen\/atomkraft\" target=\"_blank\" rel=\"noopener\">https:\/\/www.global2000.at\/themen\/atomkraft<\/a><\/li>\n<li>Golomt: <a href=\"http:\/\/www.golomt.org\" target=\"_blank\" rel=\"noopener\">www.golomt.org<\/a> (links, gleich unter dem Men\u00fc, ist ein link mit Infos auf\u00a0 Englisch und Deutsch, z.B. auch der Flyer)<\/li>\n<li>Greenpeace International (Englisch): <a href=\"http:\/\/www.greenpeace.org\/international\/en\/campaigns\/nuclear\/\" target=\"_blank\" rel=\"noopener\">http:\/\/www.greenpeace.org\/international\/en\/campaigns\/nuclear\/<\/a><\/li>\n<li>How nuclear power works (Englisch): <a href=\"http:\/\/science.howstuffworks.com\/nuclear-power.htm\" target=\"_blank\" rel=\"noopener\">http:\/\/science.howstuffworks.com\/nuclear-power.htm<\/a><\/li>\n<li>Institut f\u00fcr Sicherheits- und Risikowissenschaften: <a href=\"http:\/\/www.risk.boku.ac.at\" target=\"_blank\" rel=\"noopener\">http:\/\/www.risk.boku.ac.at<\/a><\/li>\n<li>International Nuclear Risk Assessment Group (Englisch): <a href=\"http:\/\/www.inrag.org\" target=\"_blank\" rel=\"noopener\">http:\/\/www.inrag.org<\/a><\/li>\n<li>Die mongolische Botschaft in Wien (Englisch): <a href=\"http:\/\/www.embassymon.at\" target=\"_blank\" rel=\"noopener\">http:\/\/www.embassymon.at<\/a><\/li>\n<li>Die englische Wikipedia Seite f\u00fcr die Mongolei: <a href=\"http:\/\/en.wikipedia.org\/wiki\/Mongolia\" target=\"_blank\" rel=\"noopener\">http:\/\/en.wikipedia.org\/wiki\/Mongolia<\/a><\/li>\n<li>Die deutsche Wikipedia Seite f\u00fcr die Mongolei: <a href=\"http:\/\/de.wikipedia.org\/wiki\/Mongolei\" target=\"_blank\" rel=\"noopener\">http:\/\/de.wikipedia.org\/wiki\/Mongolei<\/a><\/li>\n<li>Munx Tenger: <a href=\"http:\/\/www.munx-tenger.de\" target=\"_blank\" rel=\"noopener\">http:\/\/www.munx-tenger.de<\/a><\/li>\n<li>Oekonews: <a href=\"http:\/\/oekonews.at\/index.php?mdoc_id=1076386\" target=\"_blank\" rel=\"noopener\">http:\/\/oekonews.at\/index.php?mdoc_id=1076386<\/a><\/li>\n<li>Einige Umweltprobleme in der Mongolei von der Zeitung Gobar Times (Englisch): <a href=\"http:\/\/www.gobartimes.org\/content\/mongolia\u2019s-environmental-problems\" target=\"_blank\" rel=\"noopener\">http:\/\/www.gobartimes.org\/content\/mongolia\u2019s-environmental-problems<\/a><\/li>\n<li>umweltFAIRaendern: <a href=\"http:\/\/umweltfairaendern.de\/2013\/12\/mongolei-atomindustrie-und-bergbaukonzerne-contra-nomaden\/\" target=\"_blank\" rel=\"noopener\">http:\/\/umweltfairaendern.de\/2013\/12\/mongolei-atomindustrie-und-bergbaukonzerne-contra-nomaden\/<\/a><\/li>\n<li>US News (Englisch): <a href=\"http:\/\/www.usnews.com\/debate-club\/should-nuclear-power-be-expanded\/us-should-bring-an-end-to-the-nuclear-era\" target=\"_blank\" rel=\"noopener\">http:\/\/www.usnews.com\/debate-club\/should-nuclear-power-be-expanded\/us-should-bring-an-end-to-the-nuclear-era<\/a><\/li>\n<li>US Botschaft in der Mongolei (Englisch): <a href=\"http:\/\/mongolia.usembassy.gov\" target=\"_blank\" rel=\"noopener\">http:\/\/mongolia.usembassy.gov<\/a><\/li>\n<li>Wendezeit: <a href=\"http:\/\/www.wendezeit.ch\/vorteile-nachteile-von-atomkraftwerken\" target=\"_blank\" rel=\"noopener\">http:\/\/www.wendezeit.ch\/vorteile-nachteile-von-atomkraftwerken<\/a><\/li>\n<\/ul>\n<p><em>* Wir \u00fcbernehmen keine Verantwortung f\u00fcr die Inhalte der hier verlinkten Webseiten und teilen nicht unbedingt die Informationen bzw. Meinungen, die darauf zu finden sind. Diese Links wurden nur zusammengestellt, um einen Ausgangspunkt f\u00fcr eure Recherche zu bieten! <\/em><\/p>\n<p><strong>Lernziele dieser Challenge<\/strong><br \/>\nDamit wir und ihr besser verstehen, wie die &#8218;echte&#8216; Situation in der Mongolei aussieht und nicht nur das, was im Reisef\u00fchrer steht:<\/p>\n<ul>\n<li>Du solltest einige \u00f6kologische, soziale und \u00f6konomische Probleme nennen k\u00f6nnen, mit denen die Mongolei sich auseinandersetzen muss bzw. sollte<\/li>\n<li>Du solltest beschreiben k\u00f6nnen, wie die Wirtschaft die Gesellschaft und die Umwelt beeinflusst und von ihnen beeinflusst wird<\/li>\n<li>Du solltest die mongolischen Beziehungen zu \u00d6sterreich und den USA beschreiben k\u00f6nnen (z.B. historisch, politisch, \u00f6konomisch, kulturell usw.)<\/li>\n<li>Du solltest sowohl die positiven als auch die negativen \u00f6kologischen, sozialen und \u00f6konomischen Konsequenzen des Bergbaus in der Mongolei beschreiben und dabei die potentiellen Auswirkungen von Bergbau in deinem Land kritisch evaluieren k\u00f6nnen<\/li>\n<li>Du solltest eine Idee von den Vor- und Nachteilen von Atomkraft haben und verstehen, warum die Kernkraft eine umstrittene Sachen in vielen Orten ist<\/li>\n<\/ul>\n<p>Wir freuen uns auf eure Ergebnisse und darauf, sie mit den anderen Klassen zu teilen und dabei mehr \u00fcber die Mongolei und die Rolle von Bergbau und Energie in der Mongolei zu erfahren!<\/p>\n<p><strong>Frist f\u00fcr die 1. Challenge: Freitag, 10. Oktober 2014.<\/strong><\/p>\n","protected":false},"excerpt":{"rendered":"<p>Titel &#8218;Bam&#8216; oder &#8218;Boom&#8216; in der Mongolei? Bergbau als Fluch oder Segen? Ort &amp; Datum Mongolei, September 2014 Themenbereich(e) Energie, Ressourcen Einleitung Wir sind in das 2. Jahr des Nachhaltigkeits-Abenteuers gestartet. Das diesj\u00e4hrige Abenteuer hat uns bisher von Wien \u00fcber M\u00fcnchen mit dem Bus zuerst nach Riga in Lettland gebracht und von dort aus weiter nach Moskau in Russland. Von Moskau aus sind Matt und Valentina dann aufgebrochen auf ein Erlebnis der besonderen Art: Eine \u00fcber 5500km lange Zugfahrt von&hellip;<\/p>\n","protected":false},"author":1,"featured_media":0,"parent":1211,"menu_order":0,"comment_status":"closed","ping_status":"closed","template":"","meta":{"footnotes":""},"translation":{"provider":"WPGlobus","version":"3.0.2","language":"de","enabled_languages":["en","de"],"languages":{"en":{"title":true,"content":true,"excerpt":false},"de":{"title":false,"content":true,"excerpt":false}}},"acf":[],"_links":{"self":[{"href":"https:\/\/forum-via.org\/de\/wp-json\/wp\/v2\/pages\/1762"}],"collection":[{"href":"https:\/\/forum-via.org\/de\/wp-json\/wp\/v2\/pages"}],"about":[{"href":"https:\/\/forum-via.org\/de\/wp-json\/wp\/v2\/types\/page"}],"author":[{"embeddable":true,"href":"https:\/\/forum-via.org\/de\/wp-json\/wp\/v2\/users\/1"}],"replies":[{"embeddable":true,"href":"https:\/\/forum-via.org\/de\/wp-json\/wp\/v2\/comments?post=1762"}],"version-history":[{"count":23,"href":"https:\/\/forum-via.org\/de\/wp-json\/wp\/v2\/pages\/1762\/revisions"}],"predecessor-version":[{"id":1764,"href":"https:\/\/forum-via.org\/de\/wp-json\/wp\/v2\/pages\/1762\/revisions\/1764"}],"up":[{"embeddable":true,"href":"https:\/\/forum-via.org\/de\/wp-json\/wp\/v2\/pages\/1211"}],"wp:attachment":[{"href":"https:\/\/forum-via.org\/de\/wp-json\/wp\/v2\/media?parent=1762"}],"curies":[{"name":"wp","href":"https:\/\/api.w.org\/{rel}","templated":true}]}}