{"id":1879,"date":"2015-01-28T09:39:46","date_gmt":"2015-01-28T07:17:19","guid":{"rendered":"http:\/\/forum-via.org\/?page_id=1879"},"modified":"2019-11-05T12:48:25","modified_gmt":"2019-11-05T11:48:25","slug":"our-current-sdg-reporters","status":"publish","type":"page","link":"https:\/\/forum-via.org\/de\/our-current-sdg-reporters\/","title":{"rendered":"Die SDG-ReporterInnen"},"content":{"rendered":"<p style=\"text-align: justify;\">Die folgenden engagierten Reisenden haben im Rahmen des Choose-Your-Own-Sustainability-Adventure-Projekts eine oder mehrere Schulklassen &#8218;adoptiert&#8216;, die ihre Nachhaltigkeits-Abenteuer, Kulturbegegnungen und Reiseerlebnisse virtuell mitverfolgen und regelm\u00e4\u00dfig aktiv mitgestalten!<\/p>\n<p style=\"text-align: justify;\">Wenn du auch SDG-ReporterIn werden willst, schreib uns eine Email mit ein paar Eckdaten zu deiner Person, deiner geplanten Reise und deinen Kenntissen, Skills und Interessen zum Thema Nachhaltigkeit und schicke sie an: <a href=\"mailto:sustainability.adventure@forum-via.org\">sustainability.adventure@forum-via.org<\/a><\/p>\n<p style=\"text-align: justify;\"><strong>SDG-ReporterInnen <\/strong><\/p>\n<p style=\"text-align: justify;\"><img decoding=\"async\" loading=\"lazy\" class=\"alignleft size-thumbnail wp-image-4677\" src=\"http:\/\/forum-via.org\/wp-content\/uploads\/2019\/10\/Stephan_SDG_Reporter-150x150.jpg\" alt=\"\" width=\"150\" height=\"150\" \/>Stephan hat Umwelt- und Bioressourcenmanagement studiert und verfolgt mehrere Unternehmungen im Nachhaltigkeitsbereich. 2019 ergab sich f\u00fcr ihn die M\u00f6glichkeit, mit dem Think Tank &#8222;Sail to the COP&#8220; nach Chile, zur 25. Klimakonferenz (COP25) zu segeln, um sich dort f\u00fcr eine faire und nachhaltige Reiseibranche einzusetzen. Die Flugindustrie erwartet \u00fcber die n\u00e4chsten Jahrzehnte eine Verdopplung bis Verdreifachung ihrer Gesch\u00e4fte. Das ist eine Entwicklung, die mit der drohenden Klimakrise und der damit einhergehenden notwendigen Klimaschutzma\u00dfnahmen schlicht unvereinbar ist. Mit diesem Hintergrund ist es f\u00fcr ihn wichtig, sich nicht nur f\u00fcr emissionsarmes Reisen einzusetzen, sondern dies auch konkret vorzuleben, egal ob es ins Nachbarland geht oder eben nach S\u00fcdamerika!<\/p>\n<p>Seine Motivation am Projekt teilzunehmen:<\/p>\n<blockquote><p>\u201eIch habe vor meine Segelreise nach Chile auf mehrere Wege zu nutzen. Einerseits, um die COP25 fluglos besuchen zu k\u00f6nnen, andererseits, um meinen Erfahrungshorizont \u00fcber das langsame Reisen zu erweitern und fernab von zu Hause Neues zu erleben. Ich erhoffe mir weiterhin, diese Erfahrungen und Erlebnisse auch mit anderen und v.a. anderen jungen Menschen teilen zu k\u00f6nnen. Vielleicht kann ich manche somit auch motivieren, ebenfalls ihre Kreativit\u00e4t und Vorstellungskraft zu nutzen, um ihren pers\u00f6nlichen Interessen nachzugehen und sich gleichzeitig f\u00fcr eine nachhaltige Welt einzusetzen. Als SDG Reporter meine Nachhaltigkeits-Abenteuer mit Schulklassen zu Hause zu teilen und zu co-recherchieren, ist f\u00fcr mich eine besonders interessante Art und Weise, Bildung f\u00fcr nachhaltige Entwicklung spannend und erlebbar zu machen.<\/p><\/blockquote>\n<p style=\"text-align: justify;\">_________________________________________________________________<\/p>\n<p style=\"text-align: justify;\"><strong><img decoding=\"async\" loading=\"lazy\" class=\"alignleft size-thumbnail wp-image-4654\" src=\"http:\/\/forum-via.org\/wp-content\/uploads\/2019\/04\/Serafin_Milo_as_kids-2-150x150.png\" alt=\"\" width=\"150\" height=\"150\" \/> <img decoding=\"async\" loading=\"lazy\" class=\"alignleft size-thumbnail wp-image-4656\" src=\"http:\/\/forum-via.org\/wp-content\/uploads\/2019\/04\/Serafin_Milo_as_kids-3-150x150.png\" alt=\"\" width=\"150\" height=\"150\" \/><\/strong>Milo (Student) und Serafin (Projekt Manager\/Referent) sind seit sie klein waren, miteinander auf Reisen. Schwitzend Richtung Toskana auf der R\u00fcckbank des elterlichen Suzukis, oder seekrank vor der K\u00fcste Albaniens auf einem maroden Schifferl. Irgendwie war auch immer schon klar: eines Tages kommt sie, die gro\u00dfe Br\u00fcderreise. Eine Reise zu zweit. Eine Reise mit Zeit. Eine Reise ins Unbekannte. Durch die Zusammenarbeit mit Forum ViA hat sich das erweitert. Mehrere Schulklassen begleiten sie jetzt digital, geben Input, stellen Fragen, helfen ihnen weiter. \u201eDie SDGs sind unser gemeinsamer theoretischer Referenzrahmen. Und so sind wir die SDG Brothers geworden ? \u2013 zumindest f\u00fcr die 3 Monate in S\u00fcdamerika. Auf geht\u2019s &#8211; V\u00e1monos!\u201c<\/p>\n<blockquote>\n<p style=\"text-align: justify;\">Motivation am Projekt teilzunehmen:<\/p>\n<p style=\"text-align: justify;\">Wir sind in Argentinien, Chile, Bolivien (tbd) und Peru auf der Suche nach zukunftsf\u00e4higen Projekten, Initiativen und Lebensmodellen, die alternative Wege nach vorne beschreiben: Entlang der vier Dimensionen der Nachhaltigkeit: Soziales, Kultur, \u00d6kologie und \u00d6konomie! Die existierenden vielf\u00e4ltigen Formen von L\u00f6sungsm\u00f6glichkeiten wollen wir dokumentieren, und so eine Art Zukunfts-Katalog voller Optimismus und Kreativit\u00e4t bauen f\u00fcr resiliente und regenerierungsf\u00e4hige Individuen und Gemeinschaften. F\u00fcr uns, die Partnerschulklassen und alle, die es interessiert!<\/p>\n<\/blockquote>\n<p style=\"text-align: justify;\">__________________________________________________________________________<\/p>\n<p style=\"text-align: justify;\"><strong><img decoding=\"async\" loading=\"lazy\" class=\"alignleft wp-image-4561 size-thumbnail\" src=\"http:\/\/forum-via.org\/wp-content\/uploads\/2012\/04\/BerndNessa_ViaAmbassadors2018_klein-150x150.png\" alt=\"\" width=\"150\" height=\"150\" \/>Bernd &amp; Nessa<\/strong>\u00a0sind mit ihren Fahrr\u00e4der \u201eHeilige Kuh&#8220; und \u201eRosalinde&#8220; Richtung Griechenland unterwegs. Direkt vor der Haust\u00fcr ging es los. Eingepackt wurde was Platz fand und ab ging&#8217;s Richtung S\u00fcden. Wie lange und wohin? Das wissen sie noch nicht genau. Jedenfalls mal bis Griechenland. Kennengelernt haben sie sich als Freiwillige bei einer Umwelt-NGO. Die Art und Weise, wie wir Menschen miteinander umgehen und wie wir unseren Planeten behandeln treibt sie an. Raubbau an unseren nat\u00fcrlichen Lebensgrundlagen, Rassismus, Ungerechtigkeiten, Klimawandel und Ausgrenzungen machen sie w\u00fctend und mit Weltschmerz kennen sie sich gut aus. Sie lieben die Herausforderung den eigenen Alltag sozial und \u00f6kologisch bewusst zu leben, sind sich aber gleichzeitig bewusst, dass gesellschaftliche Strukturen und die eigene Bequemlichkeit geschickte Gegenspieler sind.<\/p>\n<p style=\"text-align: justify;\">Ihre Motivation am Projekt teilzunehmen:<\/p>\n<blockquote>\n<p style=\"text-align: justify;\">Die Tourismuswirtschaft und ihr dunklen Fr\u00fcchte zeichnen kein liebevolles Bild f\u00fcr den kritischen Geist. Und was tun wir? Wir nehmen unser Erspartes und verschwinden. Na leiwand&#8230; Und wie genau soll das die Welt zu einem besseren Ort machen? Als ViA-BotschafterInnen versuchen wir so nachhaltige wie m\u00f6glich zu reisen. Wir erz\u00e4hlen von Begegnungen die Menschenrechten und Kreislaufwirtschaft eine konkrete Bedeutung geben, denn unsere Reise wird uns vor Herausforderungen (&#8222;Challenges&#8220;) stellen, und die Gelegenheit geben diese Konzepte gemeinsam mit euch mit Leben zu f\u00fcllen. Mit Partnersch\u00fclerInnen von ViA treten wir daher in Kontakt um Erfahrungen zu teilen, Denkanregungen zu bekommen und unsere Perspektiven zu weiten. Wir sind am Weg um Inspiration zu finden. Gemeinsam kann uns das noch besser gelingen!<\/p>\n<\/blockquote>\n<p style=\"text-align: justify;\">__________________________________________________________________________<\/p>\n<p style=\"text-align: justify;\"><strong><a href=\"http:\/\/forum-via.org\/projekte\/sustainability-adventure\/challenges-de\/challenges-julia-jose\/\"><img decoding=\"async\" loading=\"lazy\" class=\"alignleft wp-image-2817 size-thumbnail\" src=\"http:\/\/forum-via.org\/wp-content\/uploads\/2015\/01\/JJ-2-150x150.jpg\" alt=\"Julia_und_Jose\" width=\"150\" height=\"150\" srcset=\"https:\/\/forum-via.org\/wp-content\/uploads\/2015\/01\/JJ-2-150x150.jpg 150w, https:\/\/forum-via.org\/wp-content\/uploads\/2015\/01\/JJ-2-300x300.jpg 300w, https:\/\/forum-via.org\/wp-content\/uploads\/2015\/01\/JJ-2-768x768.jpg 768w, https:\/\/forum-via.org\/wp-content\/uploads\/2015\/01\/JJ-2-1024x1024.jpg 1024w, https:\/\/forum-via.org\/wp-content\/uploads\/2015\/01\/JJ-2.jpg 1060w\" sizes=\"(max-width: 150px) 100vw, 150px\" \/><\/a>Julia und Jos\u00e9 <\/strong>haben sich beim Reisen in Chile kennengelernt und haben dabei so viel Spannendes gemeinsam erlebt und gelernt, dass sie das alles unbedingt teilen wollen! Jos\u00e9 ist Graphikdesigner aus Chile und m\u00f6chte mit seinen audiovisuellen und Webdesign Skills zum Wandel beitragen. Julia ist Lehrerin f\u00fcr Geographie- und Wirtschaftskunde und Spanisch und m\u00f6chte globale Problematiken durch Lebensrealit\u00e4ten aus aller Welt in Schulklassen bringen und gemeinsam mit diesen an L\u00f6sungsm\u00f6glichkeiten arbeiten. Seit Oktober 2017 arbeiten sie als SDG-Reporterin mit einer Schulklasse in Deutschland. Sie sind noch bis Mitte Dezember 2017 in Ecuador und Kolumbien unterwegs, auf der Suche nach weiteren \u201eSustainability Adventures\u201c!<\/p>\n<p style=\"text-align: justify;\">Ihre Motivation am Projekt teilzunehmen:<\/p>\n<blockquote>\n<p style=\"text-align: justify;\">\u201cWir wollen als SDG-ReproterInnen mit Sch\u00fclerInnen arbeiten, weil wir fest daran glauben, dass Bildung (f\u00fcr nachhaltige Entwicklung) die Basis f\u00fcr jegliche Ver\u00e4nderung ist. Wir m\u00f6chten den Menschen zeigen, dass ihre Zukunft in ihren eigenen H\u00e4nden liegt. Dass wir durch kleine Ver\u00e4nderungen in unserem Lebensstil uns selbst, unseren Mitmenschen und unserer Umwelt etwas Gutes tun k\u00f6nnen. In einer Zeit in der die ganze Welt vernetzt ist, wollen wir durch Bildungsmaterialien Themen ansprechen, die uns alle betreffen. Wir wollen die sozialen Netzwerke und Medien nutzen um uns mit m\u00f6glichst vielen Menschen mit gesellschaftsrelevanten Themen der Nachhaltigkeit auseinanderzusetzen um diesen Themen so die Relevanz zukommen zu lassen, die ihnen zusteht!\u201d<\/p>\n<\/blockquote>\n<p style=\"text-align: justify;\">_________________________________________________________________________<\/p>\n<p style=\"text-align: justify;\"><a href=\"http:\/\/forum-via.org\/wp-content\/uploads\/2015\/01\/Foto_Clara_Seraphin_Rikscha_opt.jpg\" rel=\"lightbox\"><img decoding=\"async\" loading=\"lazy\" class=\"alignleft wp-image-2428 size-thumbnail\" src=\"http:\/\/forum-via.org\/wp-content\/uploads\/2015\/01\/Foto_Clara_Seraphin_Rikscha_opt-150x150.jpg\" alt=\"\" width=\"150\" height=\"150\" srcset=\"https:\/\/forum-via.org\/wp-content\/uploads\/2015\/01\/Foto_Clara_Seraphin_Rikscha_opt-150x150.jpg 150w, https:\/\/forum-via.org\/wp-content\/uploads\/2015\/01\/Foto_Clara_Seraphin_Rikscha_opt.jpg 300w\" sizes=\"(max-width: 150px) 100vw, 150px\" \/><\/a><strong>Clara<\/strong> (Redakteurin) &amp; <strong>Seraphin<\/strong> (Koch, Konditor) sind f\u00fcnf Monate unterwegs in Indien, S\u00fcdostasien und Japan. In ihrem Alltag in \u00d6sterreich versuchen sie bereits bewusst und ressourcenschonend zu leben. Das ist auch ein Grund, warum sie sich ehrenamtlich dem Verein ViA angeschlossen haben: Seit J\u00e4nner 2016 arbeiten sie\u00a0 als SDG-ReporterIn mit einer Schulklasse des Bundesrealgymnasiums Ringstra\u00dfe, Krems und der GWIKU18 Haizingergasse um gemeinsam Nachhaltigkeitsabenteuer zu l\u00f6sen und Global zu Lernen.<\/p>\n<p style=\"text-align: justify;\">Ihre Motivation am Projekt teilzunehmen:<\/p>\n<blockquote><p>&#8222;Wir haben uns entschlossen, auf Reisen zu gehen, um Neues zu sehen, unsere Sinne zu sch\u00e4rfen und unsere Lebensweise zu reflektieren. Da wir keine (reinen) Strandurlauber sind und auch gerne mal ein bisschen gefordert werden, haben wir die Aufgaben der SDG-ReporterInnen gerne angenommen: Wir m\u00f6chten uns nicht nur auf indischen Palmenstr\u00e4nden ausruhen, sondern auch auf \u00d6ko-Teeplantagen schwitzen und am eigenen Leib erfahren, wie Nachhaltigkeit in der Welt umgesetzt wird. Das war f\u00fcr uns schon in \u00d6sterreich ein Thema &#8211; wir leben bewusst und achten darauf, wie wir unsere Ressourcen schonen und gut mit Mensch und Umwelt umgehen &#8211; und soll es auch auf unseren Reisen bleiben. Die Idee, unsere Erkenntnisse mit Sch\u00fclern zu teilen, fanden wir fantastisch. Au\u00dferdem k\u00f6nnen wir uns durch die Challenges selbst weiterentwickeln und von den Sch\u00fclern neue Ansichtsweisen und Infos kennenlernen.&#8220;<\/p><\/blockquote>\n<p style=\"text-align: justify;\">________________________________________________________________________<\/p>\n<p style=\"text-align: justify;\"><a href=\"http:\/\/forum-via.org\/wp-content\/uploads\/2015\/08\/Irene.jpg\" rel=\"lightbox\"><img decoding=\"async\" loading=\"lazy\" class=\"alignleft wp-image-2210\" src=\"http:\/\/forum-via.org\/wp-content\/uploads\/2015\/08\/Irene.jpg\" alt=\"\" width=\"150\" height=\"150\" srcset=\"https:\/\/forum-via.org\/wp-content\/uploads\/2015\/08\/Irene.jpg 300w, https:\/\/forum-via.org\/wp-content\/uploads\/2015\/08\/Irene-150x150.jpg 150w\" sizes=\"(max-width: 150px) 100vw, 150px\" \/><\/a><strong><span lang=\"de-AT\">Irene<\/span><\/strong> <span lang=\"de-AT\">hat letztes Jahr das Masterstudium Human Rights in Wien begonnen und im Zuge dessen wird sie ein Praktikum bei einer Frauenrechtsorganisation in Malaysia machen. Aber dorthin fliegen ohne zu sehen was am Weg liegt wollte sie nicht. Deshalb hat sie sich entschlossen auf dem Landweg von Wien nach Kuala Lumpur zu reisen. Und da ihr Umweltschutz schon lange ein Anliegen ist, hat sie sich entschlossen dabei auch auf den Kauf von Plastikflaschen zu verzichten und das Wasser mit einem tragbaren UV Wasserreiniger trinkbar zu machen. In den zwei Reisemonaten ist ihre Wiener Schulklasse des <a href=\"http:\/\/rosasgasse.at\/\" target=\"_blank\" rel=\"noopener\">GRG12 Rosasgasse<\/a><\/span> <span lang=\"de-AT\">in den Sommerferien und deshalb via Whats App dabei. Ab Herbst teilt sie dann ihre Erfahrungen in Malaysia mit der Geschichtsklasse von Isabella Gr\u00fcnbeck im Unterricht.<\/span><\/p>\n<p style=\"text-align: justify;\" align=\"justify\"><span lang=\"de-AT\">Ihre Motivation, am Projekt teilzunehmen:<\/span><\/p>\n<blockquote>\n<p align=\"justify\"><span lang=\"de-AT\">Nachdem Bildung, Frauenrechte und Reisen meine gr\u00f6\u00dften Passionen sind, habe ich mich entschlossen meine Reise als SDG-Reporterin zu machen. Die Sch\u00fclerInnen meiner Partnerklasse sind extrem interessierte und interessante Pers\u00f6nlichkeiten. Wir konzentrieren uns eher auf die soziale Nachhaltigkeit und wollen gemeinsam etwas \u00fcber Menschenrechte, Frauenrechte und Frauengeschichte in verschiedenen L\u00e4ndern lernen. Gemeinsam m\u00f6chten wir m\u00f6glichst viele Projekte und Organisationen in verschiedenen L\u00e4ndern kennenlernen. Je mehr wir voneinander wissen und voneinander dazulernen, desto eher k\u00f6nnen wir in einer friedlichen, ausgeglichenen Gesellschaft leben, und das wiederum ist f\u00fcr mich die Basis f\u00fcr ein nachhaltiges Leben im Einklang mit der Natur.<\/span><\/p>\n<\/blockquote>\n<p style=\"text-align: justify;\">________________________________________________________________________<\/p>\n<p style=\"text-align: justify;\"><strong><a href=\"http:\/\/forum-via.org\/wp-content\/uploads\/2015\/01\/DSCN6240_1_opt.jpg\" rel=\"lightbox\"><img decoding=\"async\" loading=\"lazy\" class=\" wp-image-1885 alignleft\" src=\"http:\/\/forum-via.org\/wp-content\/uploads\/2015\/01\/DSCN6240_1_opt.jpg\" alt=\"DSCN6240_1_opt\" width=\"151\" height=\"155\" srcset=\"https:\/\/forum-via.org\/wp-content\/uploads\/2015\/01\/DSCN6240_1_opt.jpg 400w, https:\/\/forum-via.org\/wp-content\/uploads\/2015\/01\/DSCN6240_1_opt-291x300.jpg 291w\" sizes=\"(max-width: 151px) 100vw, 151px\" \/><\/a>Hannah<\/strong> &amp; <strong>Mathis<\/strong> haben ihre Reise am 5. Dezember 2014 begonnen und werden bis ca. November 2015 durch die Welt reisen. Ihre Route ist zun\u00e4chst von Thailand nach Myanmar \u00fcber Indien nach Nepal auf Landwegen. Als weitere favorisierte Reisel\u00e4nder (aber noch nicht fix) kommen die Philippinen, Neuseeland, Peru, Ecuador, Bolivien und Kolumbien in Frage. F\u00fcr ihre Reise haben sie die Klasse von Stefan Hilpert an der <a title=\"Montessori Essing\" href=\"http:\/\/montessori-essing.de\/\" target=\"_blank\" rel=\"noopener\">Montessori Schule in Essing<\/a> (DE) adoptiert.<\/p>\n<p style=\"text-align: justify;\">Ihre Motivation, am Projekt teilzunehmen:<\/p>\n<blockquote><p>Auf Reisen bekommt man oft andere Einblicke in Soziale- und Umweltproblematiken und m\u00f6chte am liebsten sofort alles \u00e4ndern, doch die Frage ist wie? Unsere Motivation f\u00fcr das Projekt ist vor allem einen kleinen pers\u00f6nlichen Beitrag zu leisten, die Erde nachhaltig und gesund f\u00fcr sp\u00e4tere Generationen zu erhalten. An dem Nachhaltigkeitsabenteuer gef\u00e4llt uns besonders der positive Ansatz, bereits bestehende Initiativen zu entdecken und junge Generationen f\u00fcr kritische Themen zu sensibilisieren. Au\u00dferdem wollen wir, wenn uns schon die Chance f\u00fcr ein Jahr reisen gegeben ist, nicht nur tolle Eindr\u00fccke sammeln, sondern diese auch teilen und damit auch etwas Positives beitragen. Wir erhoffen uns dabei selbst neue Eindr\u00fccke und Sichtweisen zu gewinnen und somit unseren Horizont zu erweitern. Wir denken das Projekt beeinflusst auch die Art zu reisen und man lernt bestimmt selbst einiges dazu.<\/p><\/blockquote>\n<p style=\"text-align: justify;\">________________________________________________________________________<\/p>\n<p style=\"text-align: justify;\"><strong><a href=\"http:\/\/forum-via.org\/wp-content\/uploads\/2015\/01\/DSCN8054_opt.jpg\" rel=\"lightbox\"><img decoding=\"async\" loading=\"lazy\" class=\" wp-image-1887 alignleft\" src=\"http:\/\/forum-via.org\/wp-content\/uploads\/2015\/01\/DSCN8054_opt.jpg\" alt=\"DSCN8054_opt\" width=\"163\" height=\"125\" \/><\/a>Matt<\/strong> &amp; <strong>Valentina<\/strong> haben das Forum ViA und das Choose Your Own Sustainability Adventure Projekt ins Leben gerufen. Ihre flugzeugfreie Weltreise hat im September 2013 an einer ihrer Partnerschulen (<a title=\"Harrison Preparatory School\" href=\"http:\/\/www.edline.net\/pages\/Harrison_Preparatory_School\" target=\"_blank\" rel=\"noopener\">Harrison Preparatory School<\/a>) im Bundesstaat Washington (USA) begonnen. Im ersten Schuljahr sind sie auf dem Land- und Seeweg s\u00fcdlich bis Kolumbien gereist. Von dort aus sind sie mit einem Frachtschiff zur\u00fcck nach Europa gereist, um das Pilotschuljahr mit ihren zwei \u00f6sterreichischen Partnerschulen (<a title=\"HLTW13 Bergheidengasse\" href=\"http:\/\/www.hltw13.at\/\" target=\"_blank\" rel=\"noopener\">HLTW13<\/a> und <a title=\"Neue Mittelschule Retz\" href=\"http:\/\/nmsretz.ac.at\/\" target=\"_blank\" rel=\"noopener\">Neue Mittelschule Retz<\/a>) erfolgreich abzuschliessen. Ihre Reise geht im Schuljahr 2014\/2015 weiter, dieses Mal mit zwei amerikanischen Partnerschulen (<a title=\"Harrison Preparatory School\" href=\"http:\/\/www.edline.net\/pages\/Harrison_Preparatory_School\" target=\"_blank\" rel=\"noopener\">Harrison Preparatory School<\/a> und <a title=\"Sumner High School\" href=\"http:\/\/www.sumner.wednet.edu\/ourschools\/sumner_hs\/\" target=\"_blank\" rel=\"noopener\">Sumner High School<\/a>) und einer \u00f6sterreichischen Partnerschule (<a title=\"HLTW13 Bergheidengasse\" href=\"http:\/\/www.hltw13.at\/\" target=\"_blank\" rel=\"noopener\">HLTW13<\/a>) und von Europa aus auf dem Landweg \u00fcber Russland, die Mongolei und China nach S\u00fcdostasien. Im Mai 2015 setzen sie mit dem Frachtschiff von Shanghai nach Seattle \u00fcber, um das zweite Jahr ihres Nachaltigkeits-Abenteuers vor Ort mit ihren zwei amerikanischen Partnerschulen abzuschliessen.<\/p>\n<p style=\"text-align: justify;\">Ihre Motivation, das Projekt zu starten:<\/p>\n<blockquote>\n<p style=\"text-align: justify;\">Wir sind der festen \u00dcberzeugung, dass Reisen bildet, den Horizont erweitert und Menschen verbindet. Weil wir es schade fanden, dass Reisen trotzdem kaum als Unterrichtsmittel f\u00fcr Schulen und Bildung f\u00fcr Nachhaltige Entwicklung eingesetzt wird, haben wir uns das Konzept f\u00fcr \u201eChoose Your Own Sustainability Adventure\u201c \u00fcberlegt. Denn man muss ja nicht immer selbst reisen. Dank der neuen Medien und einer per Internet vernetzten Welt, k\u00f6nnen wir nun unsere Eindr\u00fccke von der ganzen Welt teilen und f\u00fcr gemeinsames und interaktives Lernen nutzen. Mit \u201eChoose Your Own Sustainability Adventure\u201c ist ein spielerischer Ansatz entstanden, bei dem Reisende wie wir gemeinsam mit Sch\u00fclerInnen zu Hause nicht nur zu den unterschiedlichen Themen der Nachhaltigkeit recherchieren und diskutieren, sondern auch etwas \u00fcber fremde L\u00e4nder und Kulturen lernen. Wir hoffen damit einen kleinen Beitrag zu leisten, f\u00fcr mehr verantwortungsvolle globale Weltenb\u00fcrgerInnen!<\/p>\n<\/blockquote>\n","protected":false},"excerpt":{"rendered":"<p>Die folgenden engagierten Reisenden haben im Rahmen des Choose-Your-Own-Sustainability-Adventure-Projekts eine oder mehrere Schulklassen &#8218;adoptiert&#8216;, die ihre Nachhaltigkeits-Abenteuer, Kulturbegegnungen und Reiseerlebnisse virtuell mitverfolgen und regelm\u00e4\u00dfig aktiv mitgestalten! Wenn du auch SDG-ReporterIn werden willst, schreib uns eine Email mit ein paar Eckdaten zu deiner Person, deiner geplanten Reise und deinen Kenntissen, Skills und Interessen zum Thema Nachhaltigkeit und schicke sie an: sustainability.adventure@forum-via.org SDG-ReporterInnen Stephan hat Umwelt- und Bioressourcenmanagement studiert und verfolgt mehrere Unternehmungen im Nachhaltigkeitsbereich. 2019 ergab sich f\u00fcr ihn die M\u00f6glichkeit,&hellip;<\/p>\n","protected":false},"author":1,"featured_media":0,"parent":0,"menu_order":0,"comment_status":"closed","ping_status":"closed","template":"","meta":{"footnotes":""},"translation":{"provider":"WPGlobus","version":"3.0.2","language":"de","enabled_languages":["en","de"],"languages":{"en":{"title":true,"content":true,"excerpt":false},"de":{"title":true,"content":true,"excerpt":false}}},"acf":[],"_links":{"self":[{"href":"https:\/\/forum-via.org\/de\/wp-json\/wp\/v2\/pages\/1879"}],"collection":[{"href":"https:\/\/forum-via.org\/de\/wp-json\/wp\/v2\/pages"}],"about":[{"href":"https:\/\/forum-via.org\/de\/wp-json\/wp\/v2\/types\/page"}],"author":[{"embeddable":true,"href":"https:\/\/forum-via.org\/de\/wp-json\/wp\/v2\/users\/1"}],"replies":[{"embeddable":true,"href":"https:\/\/forum-via.org\/de\/wp-json\/wp\/v2\/comments?post=1879"}],"version-history":[{"count":48,"href":"https:\/\/forum-via.org\/de\/wp-json\/wp\/v2\/pages\/1879\/revisions"}],"predecessor-version":[{"id":4697,"href":"https:\/\/forum-via.org\/de\/wp-json\/wp\/v2\/pages\/1879\/revisions\/4697"}],"wp:attachment":[{"href":"https:\/\/forum-via.org\/de\/wp-json\/wp\/v2\/media?parent=1879"}],"curies":[{"name":"wp","href":"https:\/\/api.w.org\/{rel}","templated":true}]}}