{"id":194,"date":"2012-11-07T02:37:03","date_gmt":"2012-11-07T01:37:03","guid":{"rendered":"http:\/\/forum-via.org\/?page_id=194"},"modified":"2013-05-06T10:53:23","modified_gmt":"2013-05-06T08:53:23","slug":"test-page","status":"publish","type":"page","link":"https:\/\/forum-via.org\/de\/test-page\/","title":{"rendered":"test page"},"content":{"rendered":"<p><a title=\"ERDgespr\u00e4che\" href=\"http:\/\/forum-via.org\/wp-content\/uploads\/2013\/04\/ERDgespraeche_logo.png\" target=\"_blank\"><img decoding=\"async\" loading=\"lazy\" class=\"alignleft\" title=\"ERDgespraeche\" alt=\"ERDgespraeche\" src=\"http:\/\/forum-via.org\/wp-content\/uploads\/2013\/04\/ERDgespraeche_logo.png\" width=\"310\" height=\"226\" \/><\/a>Bereits zum 6. Mal finden die <a title=\"ERDgespr\u00e4che\" href=\"http:\/\/www.erdgespraeche.net\/\" target=\"_blank\"><strong>ERDgespr\u00e4che<\/strong><\/a> unter dem Motto &#8222;<strong><em>Bottom up<\/em><\/strong>&#8220; statt! \u00d6sterreichs gr\u00f6\u00dfte gr\u00fcne Vortragsveranstaltung findet heuer am <strong>16. Mai in der Wiener Hofburg<\/strong> statt und wird vom ViA Partner <a title=\"NEONGREEN NETWORK\" href=\"http:\/\/www.neongruen.net\/\" target=\"_blank\"><strong>NEONGREEN NETWORK<\/strong><\/a> veranstaltet.<\/p>\n<p>Wir werden dabei sein und freuen uns, euch dort zu sehen!<\/p>\n","protected":false},"excerpt":{"rendered":"<p>Bereits zum 6. Mal finden die ERDgespr\u00e4che unter dem Motto &#8222;Bottom up&#8220; statt! \u00d6sterreichs gr\u00f6\u00dfte gr\u00fcne Vortragsveranstaltung findet heuer am 16. Mai in der Wiener Hofburg statt und wird vom ViA Partner NEONGREEN NETWORK veranstaltet. Wir werden dabei sein und freuen uns, euch dort zu sehen!<\/p>\n","protected":false},"author":1,"featured_media":0,"parent":0,"menu_order":0,"comment_status":"closed","ping_status":"closed","template":"","meta":{"footnotes":""},"translation":{"provider":"WPGlobus","version":"3.0.2","language":"de","enabled_languages":["en","de"],"languages":{"en":{"title":true,"content":true,"excerpt":false},"de":{"title":false,"content":false,"excerpt":false}}},"acf":[],"_links":{"self":[{"href":"https:\/\/forum-via.org\/de\/wp-json\/wp\/v2\/pages\/194"}],"collection":[{"href":"https:\/\/forum-via.org\/de\/wp-json\/wp\/v2\/pages"}],"about":[{"href":"https:\/\/forum-via.org\/de\/wp-json\/wp\/v2\/types\/page"}],"author":[{"embeddable":true,"href":"https:\/\/forum-via.org\/de\/wp-json\/wp\/v2\/users\/1"}],"replies":[{"embeddable":true,"href":"https:\/\/forum-via.org\/de\/wp-json\/wp\/v2\/comments?post=194"}],"version-history":[{"count":6,"href":"https:\/\/forum-via.org\/de\/wp-json\/wp\/v2\/pages\/194\/revisions"}],"predecessor-version":[{"id":197,"href":"https:\/\/forum-via.org\/de\/wp-json\/wp\/v2\/pages\/194\/revisions\/197"}],"wp:attachment":[{"href":"https:\/\/forum-via.org\/de\/wp-json\/wp\/v2\/media?parent=194"}],"curies":[{"name":"wp","href":"https:\/\/api.w.org\/{rel}","templated":true}]}}