{"id":1947,"date":"2015-01-29T05:03:23","date_gmt":"2015-01-29T04:03:23","guid":{"rendered":"http:\/\/forum-via.org\/?page_id=1947"},"modified":"2015-01-29T05:38:39","modified_gmt":"2015-01-29T04:38:39","slug":"challenge-myanmar-indien","status":"publish","type":"page","link":"https:\/\/forum-via.org\/de\/educational-games\/projekte\/challenges-de\/challenge-myanmar-indien\/","title":{"rendered":"1. Challenge &#8211; Myanmar\/Indien"},"content":{"rendered":"<p style=\"text-align: justify;\"><strong>Titel<\/strong><br \/>\n\u201eSich \u00fcber Wasser halten\u201c &#8211; Welche Rolle spielt Wasser in unserem Leben?<\/p>\n<p style=\"text-align: justify;\"><strong>Ort und Datum:<\/strong><br \/>\nMyanmar und Indien, Januar\/Februar 2015<\/p>\n<p style=\"text-align: justify;\"><strong>Themenbereiche:<\/strong><br \/>\nSoziales, Ressourcen<\/p>\n<p><strong>Kurzbeschreibung:<\/strong><br \/>\nTrinkwasser ist nicht immer selbstverst\u00e4ndlich, selbst wenn es viel Wasser in einem Land gibt. Das ist uns auf unserer Reise schnell klar geworden und wir mussten die Effekte von verunreinigtem Wasser schon am eigenen Leib sp\u00fcren. Wir kommen aus einem Land in dem wir bedenkenlos vom Wasserhahn trinken k\u00f6nnen und sogar unsere Toiletten mit Trinkwasser sp\u00fclen. Das ist erstmal eine Umstellung f\u00fcr uns.<\/p>\n<p style=\"text-align: justify;\">Vor diesem Kontrast machen wir uns zum ersten Mal seit langem Gedanken \u00fcber die Wasser-Situation zu Hause und fragen uns, wie Trink-und Leitungswasser dort eigentlich organisiert ist.<\/p>\n<p style=\"text-align: justify;\"><strong>Die Challenge:<\/strong><\/p>\n<ul style=\"text-align: justify;\">\n<li><em>Was k\u00f6nnt ihr uns \u00fcber das Trinkwasservorkommen in Deutschland berichten? (z.B. Auflagen f\u00fcr Leitungswasser, Vorkommen)<\/em><\/li>\n<li><em>F\u00fcr uns w\u00e4re total interessant zu wissen, wie sich eure gewonnenen Informationen aus Deutschland von der Situation mit dem Trink-, Leitungswasser in Myanmar und unserem n\u00e4chsten Reiseland Indien unterscheiden. K\u00f6nnt ihr die drei L\u00e4ndersituationen f\u00fcr uns vergleichend unter die Lupe nehmen?<\/em><\/li>\n<li><em>Wir fragen uns auch: Welche Auswirkungen kann es f\u00fcr uns haben, wenn wir verunreinigtes Wasser zu uns nehmen? (Krankheiten, usw.)<\/em><\/li>\n<li><em>Und: Wie viele Menschen k\u00f6nnen sich \u00fcberhaupt sauberes Wasser leisten?<\/em><\/li>\n<\/ul>\n<p style=\"text-align: justify;\"><em>Vielen Dank f\u00fcr eure Recherchen und eure Unters\u00fctzung!!! Wir freuen uns \u00fcber R\u00fcckmeldung bis zum 06. Februar und melden uns dann wieder aus Indien!<\/em><\/p>\n<p style=\"text-align: justify;\"><strong>Links und Vertiefungsm\u00f6glichkeiten*:<\/strong><br \/>\n<em>Unser Filmtipp: \u201eBottled Life\u201c und \u201eund dann der Regen\u201c<\/em><\/p>\n<p style=\"text-align: justify;\"><em>Myanmar Times (S. 12-13) <\/em><a href=\"https:\/\/www.scribd.com\/doc\/252356423\/201438763\"><em>https:\/\/www.scribd.com\/doc\/252356423\/201438763<\/em><\/a><\/p>\n<p style=\"text-align: justify;\"><em>Exkursionsidee: Trinkwasserspeicher in eurer Stadt\/Region <\/em><\/p>\n<p style=\"text-align: justify;\"><em>* Wir \u00fcbernehmen keine Verantwortung f\u00fcr die Inhalte der hier verlinkten Webseiten und teilen nicht unbedingt die Informationen bzw. Meinungen, die darauf zu finden sind. Diese Links wurden nur zusammengestellt, um einen Ausgangspunkt f\u00fcr eure Recherche zu bieten! <\/em><\/p>\n","protected":false},"excerpt":{"rendered":"<p>Titel \u201eSich \u00fcber Wasser halten\u201c &#8211; Welche Rolle spielt Wasser in unserem Leben? Ort und Datum: Myanmar und Indien, Januar\/Februar 2015 Themenbereiche: Soziales, Ressourcen Kurzbeschreibung: Trinkwasser ist nicht immer selbstverst\u00e4ndlich, selbst wenn es viel Wasser in einem Land gibt. Das ist uns auf unserer Reise schnell klar geworden und wir mussten die Effekte von verunreinigtem Wasser schon am eigenen Leib sp\u00fcren. Wir kommen aus einem Land in dem wir bedenkenlos vom Wasserhahn trinken k\u00f6nnen und sogar unsere Toiletten mit Trinkwasser&hellip;<\/p>\n","protected":false},"author":1,"featured_media":0,"parent":1695,"menu_order":0,"comment_status":"closed","ping_status":"closed","template":"sidebar-page.php","meta":{"footnotes":""},"translation":{"provider":"WPGlobus","version":"3.0.2","language":"de","enabled_languages":["en","de"],"languages":{"en":{"title":true,"content":true,"excerpt":false},"de":{"title":false,"content":false,"excerpt":false}}},"acf":[],"_links":{"self":[{"href":"https:\/\/forum-via.org\/de\/wp-json\/wp\/v2\/pages\/1947"}],"collection":[{"href":"https:\/\/forum-via.org\/de\/wp-json\/wp\/v2\/pages"}],"about":[{"href":"https:\/\/forum-via.org\/de\/wp-json\/wp\/v2\/types\/page"}],"author":[{"embeddable":true,"href":"https:\/\/forum-via.org\/de\/wp-json\/wp\/v2\/users\/1"}],"replies":[{"embeddable":true,"href":"https:\/\/forum-via.org\/de\/wp-json\/wp\/v2\/comments?post=1947"}],"version-history":[{"count":5,"href":"https:\/\/forum-via.org\/de\/wp-json\/wp\/v2\/pages\/1947\/revisions"}],"predecessor-version":[{"id":1949,"href":"https:\/\/forum-via.org\/de\/wp-json\/wp\/v2\/pages\/1947\/revisions\/1949"}],"up":[{"embeddable":true,"href":"https:\/\/forum-via.org\/de\/wp-json\/wp\/v2\/pages\/1695"}],"wp:attachment":[{"href":"https:\/\/forum-via.org\/de\/wp-json\/wp\/v2\/media?parent=1947"}],"curies":[{"name":"wp","href":"https:\/\/api.w.org\/{rel}","templated":true}]}}