{"id":1981,"date":"2015-02-24T08:15:58","date_gmt":"2015-02-24T07:15:58","guid":{"rendered":"http:\/\/forum-via.org\/?page_id=1981"},"modified":"2015-02-24T08:30:04","modified_gmt":"2015-02-24T07:30:04","slug":"auflosung-challenge-mongolei","status":"publish","type":"page","link":"https:\/\/forum-via.org\/de\/auflosung-challenge-mongolei\/","title":{"rendered":"Aufl\u00f6sung &#8211; Challenge Mongolei"},"content":{"rendered":"<p align=\"justify\">Dank der super Recherche unserer Partnerschulklassen konnten wir auf unserem Nachhaltigkeitsabenteuer in der Mongolei einiges dazulernen. In Powerpointpr\u00e4sentationen und eigens angelegten WordPress-Blogs, haben sie auf unsere Fragen geantwortet und uns mit wichtigen Rahmeninformationen zur Mongolei und der Sitation dort versorgt.<\/p>\n<p align=\"justify\">Klicke unten auf die Bilder um zu den Blogbeitr\u00e4gen der Sch\u00fclerInnen zu gelangen und &#8211; wie wir &#8211; mehr zu erfahren.<\/p>\n<p><a href=\"https:\/\/tanjatancee.wordpress.com\/\" target=\"_blank\"><img decoding=\"async\" loading=\"lazy\" class=\"alignleft wp-image-1966\" src=\"http:\/\/forum-via.org\/wp-content\/uploads\/2015\/02\/screenshot_mongolia_wordpress.jpg\" alt=\"\" width=\"129\" height=\"99\" \/><\/a> <a href=\"https:\/\/stefanieshi50.wordpress.com\/\" target=\"_blank\"><img decoding=\"async\" loading=\"lazy\" class=\"alignleft wp-image-1967\" src=\"http:\/\/forum-via.org\/wp-content\/uploads\/2015\/02\/screenshot_mongolia_wordpress1.jpg\" alt=\"\" width=\"129\" height=\"101\" \/><\/a> \u00a0 \u00a0 \u00a0 \u00a0\u00a0<a href=\"https:\/\/miaablogdotcom.wordpress.com\/\" target=\"_blank\"><img decoding=\"async\" loading=\"lazy\" class=\"alignleft wp-image-1968\" src=\"http:\/\/forum-via.org\/wp-content\/uploads\/2015\/02\/screenshot_mongolia_wordpress2.jpg\" alt=\"\" width=\"138\" height=\"96\" \/><\/a><\/p>\n<p align=\"justify\">Es war auch sehr hilfreich unsere Fragen mit unseren Partnerklassen in den USA zu diskutieren um sich klar zu machen, welche Formen von Energie, Rohstoffe ben\u00f6tigen und welche nicht und welche Konsequenzen der Abbau der jeweiligen Rohstoffe nach sich zieht. W\u00e4hrend Kohle und Uran beides Rohstoffe sind, die in rie\u00dfigen Minen in der Mongolei f\u00fcr die Stromerzeugung in Kohle- und Atomkraftwerken (meistens im Ausland) abgebaut werden, haben die Sch\u00fclerInnen auf Grund von geographischen und Klimadaten erarbeitet, dass Wind- und Solarenergie in der Mongolei eigentlich sinnvoller zu nutzen w\u00e4ren f\u00fcr die Stromerzeugung vor allem.<\/p>\n<p align=\"justify\">Und sie lagen gar nicht so falsch: Zumindest verglichen mit den Beobachtungen, die wir w\u00e4hrend unserer Reise durch die mongolische Steppe machen konnten: Tats\u00e4chlich war fast jede Jurte am Land (traditionelle Behausung \u2013 siehe Foto) mit einem kleinen Solarpanel versehen.<\/p>\n<p align=\"justify\"><a href=\"http:\/\/forum-via.org\/wp-content\/uploads\/2015\/02\/ger_with_solarpanel_opt.jpg\" rel=\"lightbox\"><img decoding=\"async\" loading=\"lazy\" class=\"alignleft  wp-image-1964\" src=\"http:\/\/forum-via.org\/wp-content\/uploads\/2015\/02\/ger_with_solarpanel_opt.jpg\" alt=\"ger_with_solarpanel_opt\" width=\"228\" height=\"174\" \/><\/a>Weil die Jurten teilweise einen halbtagesritt voneinander entfernt sind, hat sich auch die UN gedacht, dass eine dezentrale autonome Stromversorgung durch erneuerabre Solar-Energie perfekt sein k\u00f6nnte f\u00fcr den nomadischen Lebenstil vieler Mongolen und Mongolinnen und \u2013 wie uns von einigen Mongolen erz\u00e4hlt wurde \u2013 fast jeder Familie ein kleines Solarpanel organisiert. So mussten keine Leitungen verlegt werden und trotzdem gibt es am Abend Strom f\u00fcr Licht und das Telefon. Davon haben auch wir profitiert und mit unserer Gastfamilie in der Jurte am Abend einen Stummfilm auf unserem Tablet angesehen (s. Foto). Und auch einen Windpark haben wir etwas au\u00dferhalb der Hauptstadt f\u00fcr die Stromerzeugung ersp\u00e4ht. Ihr lagt also richtig. Wobei auch die Kohle zum Heizen und zur Stromerzeugung genutzt wird, um genug Strom f\u00fcr das rasante Wachstum der Hauptstadt bereitzustellen.<\/p>\n<p align=\"justify\"><a href=\"http:\/\/forum-via.org\/wp-content\/uploads\/2015\/02\/choka_fam_and_film_opt1.jpg\" rel=\"lightbox\"><img decoding=\"async\" loading=\"lazy\" class=\"  wp-image-1973 alignright\" src=\"http:\/\/forum-via.org\/wp-content\/uploads\/2015\/02\/choka_fam_and_film_opt1.jpg\" alt=\"choka_fam_and_film_opt\" width=\"181\" height=\"138\" \/><\/a>Aber nutzt die Massen an abgebauten Rohstoffe dann allein die Mongolei? Nein! Wie unsere Schulklassen ja auch richtig erarbeiten haben, haben die Mongolen ja selbst nur 2,9 Millionen Einwohner der\/die durschnittliche Mongole\/Mongolin verbraucht 1.338 kWh pro Jahr (im Vergleich zu 7.758 kWh\/Jahr des\/der durchschn. \u00d6sterreicher\/in und 12.186 kWh\/Jahr des\/der durchschn. Amerikaner\/in). Und wir sind bei unserer Reise durch die Mongolei ja auch Zeuge davon geworden, dass zumindest die l\u00e4ndliche Bev\u00f6lkerung in der Mongolei sehr bescheiden und suffizient von ihren Herden lebt. Sogar geheizt wird in ihren Jurten mit dem getrockneten Dung ihrer Weidetiere und Holz! Und wir haben ihn selbst w\u00e4hrend unseres Volunteer-Aufenthalts bei zwei unterschiedlichen (nomadischen) Mongolen Familien augesammelt. Aber warum boomt dann der Bergbau so, und wer baut ihn ab?<\/p>\n<p align=\"justify\">Um das rauszufinden, haben wir den Antropologie Forscher Nicola Imoli aus Italien in Ulanbator, der Hauptstadt der Mongolei getroffen und er hat uns einen Eindruck davon geben konnte, wie die Situation f\u00fcr die Menschen vor Ort gestaltet. Er hat f\u00fcr seine Forschungsarbeit f\u00fcr einige Zeit mit der lokale Nomadenbev\u00f6lkerung mitten in einem der gr\u00f6\u00dften Rohstoff-Bergbau Gegenden gelebt und dabei festhalten k\u00f6nnen, wer die Rohstoffminen betreibt, was sie abbauen und welche Auswirkungen der Abbau auf die lokale mongolische Bev\u00f6lkerung hat. Bei unserer Fahrt durch die S\u00fcdmongolei bestand also weniger Anlass zur Sorge f\u00fcr uns, als f\u00fcr die dort lebende Bev\u00f6lkerung. denn weil sich ihr Lebensraum durch den Abbau der Rohstoffe stark ver\u00e4ndert.<\/p>\n<p align=\"justify\">Wie stark sich das Leben f\u00fcr die mongolische Bev\u00f6lkerung ver\u00e4ndert und welche eher \u00fcberraschenden Sorgen der Bergbau den Menschen vor Ort bereitet, hat Nicola in folgendem Interview berichtet:<\/p>\n<p><iframe loading=\"lazy\" src=\"https:\/\/www.youtube.com\/embed\/Lpm5p0oKATI?feature=player_detailpage\" width=\"640\" height=\"360\" frameborder=\"0\" allowfullscreen=\"allowfullscreen\"><\/iframe><\/p>\n<p align=\"justify\">Gott sei Dank konnte uns Nicola schlie\u00dflich auch noch gute Neuigkeiten mitgeben: Die Menschen vor Ort haben geschafft ihrer Stimme geh\u00f6r zu Verleihen, in dem sie sich zusammengeschlossen haben. Wir hatten die Gelegenheit die leitende Gesch\u00e4ftsf\u00fchrerin <strong>Sukhgerel Dugersuren<\/strong> von <a title=\"Mine Watch Mongolia\" href=\"http:\/\/en.minewatch.mn\/\" target=\"_blank\">Mine Watch Mongolia<\/a> per Email zu interviewen. Was die gr\u00f6\u00dften Herausforderungen sind und ihre gr\u00f6\u00dften W\u00fcnsche und Visionen f\u00fcr eine nachhaltigere Zukunft, k\u00f6nnt ihr im kurzen interview auf Englisch hier nachlesen (<a title=\"Interview Sukhgerel Dugersuren\" href=\"http:\/\/forum-via.org\/wp-content\/uploads\/2015\/02\/Challenge_Mongolia_Sukhgerel_Interview.pdf\" target=\"_blank\">PDF herunterladen<\/a>).<\/p>\n","protected":false},"excerpt":{"rendered":"<p>Dank der super Recherche unserer Partnerschulklassen konnten wir auf unserem Nachhaltigkeitsabenteuer in der Mongolei einiges dazulernen. In Powerpointpr\u00e4sentationen und eigens angelegten WordPress-Blogs, haben sie auf unsere Fragen geantwortet und uns mit wichtigen Rahmeninformationen zur Mongolei und der Sitation dort versorgt. Klicke unten auf die Bilder um zu den Blogbeitr\u00e4gen der Sch\u00fclerInnen zu gelangen und &#8211; wie wir &#8211; mehr zu erfahren. \u00a0 \u00a0 \u00a0 \u00a0\u00a0 Es war auch sehr hilfreich unsere Fragen mit unseren Partnerklassen in den USA zu diskutieren&hellip;<\/p>\n","protected":false},"author":1,"featured_media":0,"parent":0,"menu_order":0,"comment_status":"closed","ping_status":"closed","template":"sidebar-page.php","meta":{"footnotes":""},"translation":{"provider":"WPGlobus","version":"3.0.2","language":"de","enabled_languages":["en","de"],"languages":{"en":{"title":true,"content":true,"excerpt":false},"de":{"title":false,"content":false,"excerpt":false}}},"acf":[],"_links":{"self":[{"href":"https:\/\/forum-via.org\/de\/wp-json\/wp\/v2\/pages\/1981"}],"collection":[{"href":"https:\/\/forum-via.org\/de\/wp-json\/wp\/v2\/pages"}],"about":[{"href":"https:\/\/forum-via.org\/de\/wp-json\/wp\/v2\/types\/page"}],"author":[{"embeddable":true,"href":"https:\/\/forum-via.org\/de\/wp-json\/wp\/v2\/users\/1"}],"replies":[{"embeddable":true,"href":"https:\/\/forum-via.org\/de\/wp-json\/wp\/v2\/comments?post=1981"}],"version-history":[{"count":7,"href":"https:\/\/forum-via.org\/de\/wp-json\/wp\/v2\/pages\/1981\/revisions"}],"predecessor-version":[{"id":1991,"href":"https:\/\/forum-via.org\/de\/wp-json\/wp\/v2\/pages\/1981\/revisions\/1991"}],"wp:attachment":[{"href":"https:\/\/forum-via.org\/de\/wp-json\/wp\/v2\/media?parent=1981"}],"curies":[{"name":"wp","href":"https:\/\/api.w.org\/{rel}","templated":true}]}}