{"id":2168,"date":"2015-12-15T14:23:25","date_gmt":"2015-06-10T21:39:03","guid":{"rendered":"http:\/\/forum-via.org\/?page_id=2168"},"modified":"2015-12-15T13:57:10","modified_gmt":"2015-12-15T12:57:10","slug":"challenge-philippinen","status":"publish","type":"page","link":"https:\/\/forum-via.org\/de\/educational-games\/projekte\/challenges-de\/challenge-philippinen\/","title":{"rendered":"2. Challenge &#8211; Korallen in den Philippinen"},"content":{"rendered":"<p><strong>DAS AUFL\u00d6SUNGSVIDEO FINDEN SIE\/FINDEST DU UNTEN AUF DIESER SEITE!<\/strong><\/p>\n<p><strong>F\u00fcr die Challenge lesen Sie\/lies weiter oder schauen Sie\/schau dieses Video von Hannah und Mathis an:<\/strong><br \/>\n<iframe loading=\"lazy\" src=\"https:\/\/www.youtube.com\/embed\/aHlAnppXPZQ\" width=\"854\" height=\"480\" frameborder=\"0\" allowfullscreen=\"allowfullscreen\"><\/iframe><\/p>\n<p style=\"text-align: justify;\"><strong>Titel<a href=\"http:\/\/forum-via.org\/wp-content\/uploads\/2015\/06\/reef_fish.jpg\" target=\"_blank\"><img decoding=\"async\" loading=\"lazy\" class=\"alignright wp-image-2384\" src=\"http:\/\/forum-via.org\/wp-content\/uploads\/2015\/06\/reef_fish-300x225.jpg\" alt=\"reef_fish\" width=\"231\" height=\"176\" \/><\/a><\/strong><br \/>\n\u201eTatort Korallenriff&#8220;: Was hat es mit dem Sterben der Korallen auf sich?<\/p>\n<p style=\"text-align: justify;\"><strong>Ort und Datum<\/strong><br \/>\nDie Philippinen, April\/Mai 2015<\/p>\n<p style=\"text-align: justify;\"><strong>Themenbereiche<\/strong><br \/>\nRessourcen, Klima, Governance, Biodiversit\u00e4t<\/p>\n<p style=\"text-align: justify;\"><strong>Kurzbeschreibung<\/strong><br \/>\nWir haben uns auf den Philippinen beim Tauchen und Schnorcheln genau unter Wasser umgesehen. Dabei sind wir auf eine unglaubliche Vielzahl an Korallen gesto\u00dfen. In und um die Korallen herum brodelte das Leben; kleine bunte Fische, Seepferdchen, Mur\u00e4nen, Schnecken in den buntesten Farben, au\u00dferdem Schildkr\u00f6ten, Haie, usw. Umso best\u00fcrzter waren wir, dass an manchen Stellen viele Korallen tot waren, gerade begannen zu sterben, oder gro\u00dfe L\u00f6cher in den bunten Korallenriffs sich zeigten. An diesen Stellen war kaum noch etwas von dem bunten Treiben zu sehen.<\/p>\n<p>Deshalb unsere Fragen an euch:<\/p>\n<p><strong>Konkrete Challenge\/Aufgabe<\/strong><\/p>\n<ul>\n<li>Was f\u00fcr einen Zweck erf\u00fcllen eigentlich Korallen?<\/li>\n<li>Woran liegt es, dass immer mehr Korallen sterben?<\/li>\n<li>Betrifft uns Menschen das \u00fcberhaupt?<\/li>\n<li>Was k\u00f6nnen wir gegen das Korallensterben tun?<\/li>\n<\/ul>\n<p><strong><a href=\"http:\/\/forum-via.org\/wp-content\/uploads\/2015\/06\/striped_fish_green.jpg\" target=\"_blank\"><img decoding=\"async\" loading=\"lazy\" class=\"alignleft wp-image-2385\" src=\"http:\/\/forum-via.org\/wp-content\/uploads\/2015\/06\/striped_fish_green-300x205.jpg\" alt=\"striped_fish_green\" width=\"276\" height=\"193\" \/><\/a>Kompetenzorientierte Ziele<\/strong><\/p>\n<ul>\n<li>Kritisches Denken<\/li>\n<li>Zusammenh\u00e4nge unseres komplexen \u00d6kosystems verstehen<\/li>\n<li>Sensibilisierung f\u00fcr Auswirkungen menschlichen Handelns auf die Natur<\/li>\n<li>Sch\u00f6nheit und Biodiversit\u00e4t des Planeten greifbar machen<\/li>\n<\/ul>\n<p><strong>Konnex zum Lehrplan<\/strong><\/p>\n<ul>\n<li>Schuljahresabschlussthemen<\/li>\n<\/ul>\n<p><strong>Links und Vertiefungsm\u00f6glichkeiten<\/strong><\/p>\n<ul>\n<li>Dokumentation zu den Meeren und den Einfluss des Menschen (<a title=\"Planet Ocean\" href=\"https:\/\/www.youtube.com\/watch?v=j1RGVArjJac\" target=\"_blank\">Vollversion<\/a> bei Youtube zu sehen): \u201e<a title=\"Planet Ocean\" href=\"https:\/\/www.youtube.com\/watch?v=j1RGVArjJac\" target=\"_blank\">Planet Ocean<\/a>\u201c<br \/>\nSequenzen speziell zum Thema Korallen:<br \/>\n&#8212; 21:11 bis 32:00 Minuten<br \/>\n&#8212; 1:04:30 bis 1:05:40 Minuten<\/li>\n<\/ul>\n<p><strong>R\u00fcckmeldefrist<\/strong><br \/>\nWir freuen uns \u00fcber eure R\u00fcckmeldung bis zum 28. Mai!<\/p>\n<p><strong>AUFL\u00d6SUNGSVIDEO<\/strong><br \/>\n<iframe loading=\"lazy\" src=\"https:\/\/www.youtube.com\/embed\/9fwcTXttlGE\" width=\"854\" height=\"480\" frameborder=\"0\" allowfullscreen=\"allowfullscreen\"><\/iframe><\/p>\n","protected":false},"excerpt":{"rendered":"<p>DAS AUFL\u00d6SUNGSVIDEO FINDEN SIE\/FINDEST DU UNTEN AUF DIESER SEITE! F\u00fcr die Challenge lesen Sie\/lies weiter oder schauen Sie\/schau dieses Video von Hannah und Mathis an: Titel \u201eTatort Korallenriff&#8220;: Was hat es mit dem Sterben der Korallen auf sich? Ort und Datum Die Philippinen, April\/Mai 2015 Themenbereiche Ressourcen, Klima, Governance, Biodiversit\u00e4t Kurzbeschreibung Wir haben uns auf den Philippinen beim Tauchen und Schnorcheln genau unter Wasser umgesehen. Dabei sind wir auf eine unglaubliche Vielzahl an Korallen gesto\u00dfen. In und um die Korallen&hellip;<\/p>\n","protected":false},"author":1,"featured_media":0,"parent":1695,"menu_order":0,"comment_status":"closed","ping_status":"closed","template":"sidebar-page.php","meta":{"footnotes":""},"translation":{"provider":"WPGlobus","version":"3.0.2","language":"de","enabled_languages":["en","de"],"languages":{"en":{"title":true,"content":true,"excerpt":false},"de":{"title":false,"content":false,"excerpt":false}}},"acf":[],"_links":{"self":[{"href":"https:\/\/forum-via.org\/de\/wp-json\/wp\/v2\/pages\/2168"}],"collection":[{"href":"https:\/\/forum-via.org\/de\/wp-json\/wp\/v2\/pages"}],"about":[{"href":"https:\/\/forum-via.org\/de\/wp-json\/wp\/v2\/types\/page"}],"author":[{"embeddable":true,"href":"https:\/\/forum-via.org\/de\/wp-json\/wp\/v2\/users\/1"}],"replies":[{"embeddable":true,"href":"https:\/\/forum-via.org\/de\/wp-json\/wp\/v2\/comments?post=2168"}],"version-history":[{"count":20,"href":"https:\/\/forum-via.org\/de\/wp-json\/wp\/v2\/pages\/2168\/revisions"}],"predecessor-version":[{"id":2389,"href":"https:\/\/forum-via.org\/de\/wp-json\/wp\/v2\/pages\/2168\/revisions\/2389"}],"up":[{"embeddable":true,"href":"https:\/\/forum-via.org\/de\/wp-json\/wp\/v2\/pages\/1695"}],"wp:attachment":[{"href":"https:\/\/forum-via.org\/de\/wp-json\/wp\/v2\/media?parent=2168"}],"curies":[{"name":"wp","href":"https:\/\/api.w.org\/{rel}","templated":true}]}}