{"id":2221,"date":"2015-08-24T12:47:00","date_gmt":"2015-08-24T10:46:18","guid":{"rendered":"http:\/\/forum-via.org\/?page_id=2221"},"modified":"2017-11-03T12:31:39","modified_gmt":"2017-11-03T11:31:39","slug":"weltklimaprojekt","status":"publish","type":"page","link":"https:\/\/forum-via.org\/de\/educational-games\/projekte\/weltklimaprojekt\/","title":{"rendered":"Weltklimaprojekt"},"content":{"rendered":"<p><a href=\"http:\/\/forum-via.org\/wp-content\/uploads\/2015\/08\/climate-pic-opt-DE.jpg\" rel=\"lightbox\"><img decoding=\"async\" loading=\"lazy\" class=\"aligncenter wp-image-2258 size-full\" src=\"http:\/\/forum-via.org\/wp-content\/uploads\/2015\/08\/climate-pic-opt-DE.jpg\" alt=\"\" width=\"800\" height=\"200\" srcset=\"https:\/\/forum-via.org\/wp-content\/uploads\/2015\/08\/climate-pic-opt-DE.jpg 800w, https:\/\/forum-via.org\/wp-content\/uploads\/2015\/08\/climate-pic-opt-DE-300x75.jpg 300w, https:\/\/forum-via.org\/wp-content\/uploads\/2015\/08\/climate-pic-opt-DE-500x125.jpg 500w\" sizes=\"(max-width: 800px) 100vw, 800px\" \/><\/a><\/p>\n<blockquote>\n<p lang=\"zxx\" style=\"text-align: justify;\">&#8222;Die globale Erw\u00e4rmung ist nicht mehr von der Hand zu weisen, und viele der beobachteten meteorologischen Ver\u00e4nderungen in den letzten Jahrzehnten sind beispiellos. Die Atmosph\u00e4re und die Ozeane haben sich erw\u00e4rmt, die Mengen an Schnee und Eis haben drastisch abgenommen, der Meeresspiegel ist gestiegen.&#8220;<\/p>\n<p lang=\"zxx\" style=\"text-align: justify;\">&#8222;Der menschliche Einfluss auf das Klimasystem ist offensichtlich, und die j\u00fcngsten anthropogenen Emissionen von Treibhausgasen sind die h\u00f6chsten in der Geschichte. J\u00fcngste Klimaver\u00e4nderungen hatten bisher starke Auswirkungen auf den Menschen und \u00d6kosysteme.&#8220;<\/p>\n<\/blockquote>\n<p style=\"text-align: right;\" align=\"justify\"><span style=\"color: #000000;\"><span style=\"font-family: Times New Roman,serif;\"><span style=\"font-size: medium;\">Seite 2, <a href=\"https:\/\/www.ipcc.ch\/pdf\/assessment-report\/ar5\/syr\/AR5_SYR_FINAL_SPM.pdf\" target=\"_blank\">IPCC Synthesis Report<\/a> (2014), <\/span><\/span><span style=\"font-family: Times New Roman,serif;\"><span style=\"font-size: medium;\">\u00fcbersetzt<\/span><\/span><\/span><\/p>\n<p style=\"text-align: justify;\">Unser Klima ver\u00e4ndert sich und der Mensch hat einen betr\u00e4chtlichen Anteil daran. Die Zahl extremer Wetterereignisse nimmt kontinuierlich zu. Diese globale Herausforderung wurde im Dezember 2015 anl\u00e4sslich der UN Klimakonferenz (<a href=\"http:\/\/unfccc.int\/\" target=\"_blank\">United Nations Framework Convention on Climate Change<\/a> &#8211; UNFCCC) von f\u00fchrenden Politikern dieser Welt <a href=\"http:\/\/www.cop21.gouv.fr\/en\" target=\"_blank\">in Paris<\/a> disuktiert, und ein historisches internationales Klimaabkommen ausgehandelt.<\/p>\n<p style=\"text-align: justify;\">Damit ist jedoch nur ein erster Schritt getan. Um \u201ef\u00fcr die gr\u00f6\u00dfte Herausforderung der Menschheit\u201c das n\u00f6tige Bewusstsein in der Bev\u00f6lkerung zu schaffen, soll es Menschen erm\u00f6glicht werden, selbst an nachgestellten Klimaverhandlungen teilzunehmen. Die Teilnehmenden k\u00f6nnen so am eigenen Leib die Bedeutung von (angewandter) Klimapolitik f\u00fcr die Stabilisierung des Weltklimas erfahren. Damit dies besonders effektiv geling hat Forum ViA das interaktive Rollenspiel von <a href=\"https:\/\/www.climateinteractive.org\/\" target=\"_blank\">Climate Interactive<\/a> und <a href=\"http:\/\/web.mit.edu\/\" target=\"_blank\">MIT<\/a> <a href=\"https:\/\/www.climateinteractive.org\/world-climate-project\/\" target=\"_blank\">World Climate Project<\/a> f\u00fcr den Unterricht in \u00d6sterreich adaptiert.<\/p>\n<p style=\"text-align: justify;\">Herausgekommen ist ein Rollenspiel, bei dem ein UN-Gipfeltreffen simuliert wird, das den TeilnehmerInnen erm\u00f6glicht selbst die Tragweite der UN-Klimaverhandlungen <span style=\"font-family: Times New Roman,serif;\"><span style=\"font-size: medium;\">zu erfahren<\/span><\/span> und ein Gef\u00fchl f\u00fcr anstehenden Herausforderungen und Ma\u00dfnahmen im Umgang mit dem Klimawandel zu bekommen.<\/p>\n<p style=\"text-align: justify;\">Zusammen mit dem <a href=\"http:\/\/www.boku.ac.at\/wissenschaftliche-initiativen\/zentrum-fuer-globalen-wandel-nachhaltigkeit\/\" target=\"_blank\">Zentrum f\u00fcr globalen Wandel und Nachhaltigkeit<\/a> an der Universit\u00e4t f\u00fcr Bodenkultur Wien (<a href=\"http:\/\/www.boku.ac.at\/\" target=\"_blank\">BOKU<\/a>) bietet das Forum ViA dieses Weltklimaprojekt im Vorfeld, sowie in der Nachbereitung der Klimagespr\u00e4che in Paris an \u00f6sterreichischen Schulen, Universit\u00e4ten sowie mit VertreterInnen der Regierung und Medien an.<\/p>\n<p style=\"text-align: justify;\">H\u00e4tten Sie gerne mehr Informationen zum Weltklimaprojekt oder haben Sie Interesse selbst ein Event auszurichten, dann schreiben Sie uns eine E-Mail! F\u00fcr weitere Information zum Projekt bzw. zum Spielablauf, schauen Sie diese <strong><a href=\"http:\/\/forum-via.org\/wp-content\/uploads\/2015\/10\/Weltklima_Rollenspiel_-_Flyer.pdf\" target=\"_blank\">Spielbeschreibung<\/a><\/strong> an oder klicken Sie oben auf die Links.<\/p>\n<p style=\"text-align: justify;\"><strong>Ansprechpartner<\/strong><br \/>\nValentina Aversano-Dearborn, <a href=\"mailto:valentina@forum-via.org\" target=\"_blank\">valentina@forum-via.org<\/a><\/p>\n<p style=\"text-align: justify;\"><a href=\"http:\/\/forum-via.org\/wp-content\/uploads\/2015\/08\/climate-pic-2_opt1.jpg\" rel=\"lightbox\"><img decoding=\"async\" loading=\"lazy\" class=\"size-full wp-image-2242 aligncenter\" src=\"http:\/\/forum-via.org\/wp-content\/uploads\/2015\/08\/climate-pic-2_opt1.jpg\" alt=\"climate pic 2_opt\" width=\"800\" height=\"200\" srcset=\"https:\/\/forum-via.org\/wp-content\/uploads\/2015\/08\/climate-pic-2_opt1.jpg 800w, https:\/\/forum-via.org\/wp-content\/uploads\/2015\/08\/climate-pic-2_opt1-300x75.jpg 300w, https:\/\/forum-via.org\/wp-content\/uploads\/2015\/08\/climate-pic-2_opt1-500x125.jpg 500w\" sizes=\"(max-width: 800px) 100vw, 800px\" \/><\/a><\/p>\n<p><span style=\"border-radius: 2px; text-indent: 20px; width: auto; padding: 0px 4px 0px 0px; text-align: center; font: bold 11px\/20px 'Helvetica Neue',Helvetica,sans-serif; color: #ffffff; background: #bd081c no-repeat scroll 3px 50% \/ 14px 14px; position: absolute; opacity: 1; z-index: 8675309; display: none; cursor: pointer;\">Merken<\/span><\/p>\n<p><span style=\"border-radius: 2px; text-indent: 20px; width: auto; padding: 0px 4px 0px 0px; text-align: center; font: bold 11px\/20px 'Helvetica Neue',Helvetica,sans-serif; color: #ffffff; background: #bd081c  no-repeat scroll 3px 50% \/ 14px 14px; position: absolute; opacity: 1; z-index: 8675309; display: none; cursor: pointer;\">Merken<\/span><\/p>\n","protected":false},"excerpt":{"rendered":"<p>&#8222;Die globale Erw\u00e4rmung ist nicht mehr von der Hand zu weisen, und viele der beobachteten meteorologischen Ver\u00e4nderungen in den letzten Jahrzehnten sind beispiellos. Die Atmosph\u00e4re und die Ozeane haben sich erw\u00e4rmt, die Mengen an Schnee und Eis haben drastisch abgenommen, der Meeresspiegel ist gestiegen.&#8220; &#8222;Der menschliche Einfluss auf das Klimasystem ist offensichtlich, und die j\u00fcngsten anthropogenen Emissionen von Treibhausgasen sind die h\u00f6chsten in der Geschichte. J\u00fcngste Klimaver\u00e4nderungen hatten bisher starke Auswirkungen auf den Menschen und \u00d6kosysteme.&#8220; Seite 2, IPCC Synthesis&hellip;<\/p>\n","protected":false},"author":1,"featured_media":0,"parent":27,"menu_order":0,"comment_status":"closed","ping_status":"closed","template":"sidebar-page.php","meta":{"footnotes":""},"translation":{"provider":"WPGlobus","version":"3.0.2","language":"de","enabled_languages":["en","de"],"languages":{"en":{"title":true,"content":true,"excerpt":false},"de":{"title":false,"content":false,"excerpt":false}}},"acf":[],"_links":{"self":[{"href":"https:\/\/forum-via.org\/de\/wp-json\/wp\/v2\/pages\/2221"}],"collection":[{"href":"https:\/\/forum-via.org\/de\/wp-json\/wp\/v2\/pages"}],"about":[{"href":"https:\/\/forum-via.org\/de\/wp-json\/wp\/v2\/types\/page"}],"author":[{"embeddable":true,"href":"https:\/\/forum-via.org\/de\/wp-json\/wp\/v2\/users\/1"}],"replies":[{"embeddable":true,"href":"https:\/\/forum-via.org\/de\/wp-json\/wp\/v2\/comments?post=2221"}],"version-history":[{"count":21,"href":"https:\/\/forum-via.org\/de\/wp-json\/wp\/v2\/pages\/2221\/revisions"}],"predecessor-version":[{"id":2889,"href":"https:\/\/forum-via.org\/de\/wp-json\/wp\/v2\/pages\/2221\/revisions\/2889"}],"up":[{"embeddable":true,"href":"https:\/\/forum-via.org\/de\/wp-json\/wp\/v2\/pages\/27"}],"wp:attachment":[{"href":"https:\/\/forum-via.org\/de\/wp-json\/wp\/v2\/media?parent=2221"}],"curies":[{"name":"wp","href":"https:\/\/api.w.org\/{rel}","templated":true}]}}