{"id":2290,"date":"2015-10-22T15:21:07","date_gmt":"2015-10-22T13:21:07","guid":{"rendered":"http:\/\/forum-via.org\/?page_id=2290"},"modified":"2018-05-24T02:21:06","modified_gmt":"2018-05-24T00:21:06","slug":"participating-as-a-teacher","status":"publish","type":"page","link":"https:\/\/forum-via.org\/de\/participating-as-a-teacher\/","title":{"rendered":"PartnerlehrerIn im &#8222;Sustainability Adventure&#8220; werden"},"content":{"rendered":"<p>M\u00f6chten Sie gern ein(e) PartnerlehrerIn werden im &#8222;Sustainability Adventure&#8220; Projekt? Dann schreiben Sie uns eine Email und vielleicht wird ihre Klasse schon bald ausgew\u00e4hlt, um gemeinsam mit einem unserer SDG Reporter auf Recherche-Reise zu gehen.<\/p>\n<p>Email: <a href=\"mailto:info@forum-via.org\">info@forum-via.org<\/a><\/p>\n<p>Um mehr dar\u00fcber zu erfahren, wie Sie, Ihre Klasse und unsere SDG ReporterInnen zusammenarbeiten k\u00f6nnten, k\u00f6nnen Sie sich die folgende Infografik anschauen:<\/p>\n<p><img decoding=\"async\" loading=\"lazy\" class=\"aligncenter size-full wp-image-4280\" src=\"http:\/\/forum-via.org\/wp-content\/uploads\/2018\/05\/Leitfaden_SchoolTeachers_dt_2018.png\" alt=\"\" width=\"800\" height=\"1404\" srcset=\"https:\/\/forum-via.org\/wp-content\/uploads\/2018\/05\/Leitfaden_SchoolTeachers_dt_2018.png 800w, https:\/\/forum-via.org\/wp-content\/uploads\/2018\/05\/Leitfaden_SchoolTeachers_dt_2018-171x300.png 171w, https:\/\/forum-via.org\/wp-content\/uploads\/2018\/05\/Leitfaden_SchoolTeachers_dt_2018-768x1348.png 768w, https:\/\/forum-via.org\/wp-content\/uploads\/2018\/05\/Leitfaden_SchoolTeachers_dt_2018-583x1024.png 583w\" sizes=\"(max-width: 800px) 100vw, 800px\" \/><\/p>\n","protected":false},"excerpt":{"rendered":"<p>M\u00f6chten Sie gern ein(e) PartnerlehrerIn werden im &#8222;Sustainability Adventure&#8220; Projekt? Dann schreiben Sie uns eine Email und vielleicht wird ihre Klasse schon bald ausgew\u00e4hlt, um gemeinsam mit einem unserer SDG Reporter auf Recherche-Reise zu gehen. Email: info@forum-via.org Um mehr dar\u00fcber zu erfahren, wie Sie, Ihre Klasse und unsere SDG ReporterInnen zusammenarbeiten k\u00f6nnten, k\u00f6nnen Sie sich die folgende Infografik anschauen:<\/p>\n","protected":false},"author":1,"featured_media":0,"parent":0,"menu_order":0,"comment_status":"closed","ping_status":"closed","template":"","meta":{"footnotes":""},"translation":{"provider":"WPGlobus","version":"3.0.2","language":"de","enabled_languages":["en","de"],"languages":{"en":{"title":true,"content":true,"excerpt":false},"de":{"title":true,"content":true,"excerpt":false}}},"acf":[],"_links":{"self":[{"href":"https:\/\/forum-via.org\/de\/wp-json\/wp\/v2\/pages\/2290"}],"collection":[{"href":"https:\/\/forum-via.org\/de\/wp-json\/wp\/v2\/pages"}],"about":[{"href":"https:\/\/forum-via.org\/de\/wp-json\/wp\/v2\/types\/page"}],"author":[{"embeddable":true,"href":"https:\/\/forum-via.org\/de\/wp-json\/wp\/v2\/users\/1"}],"replies":[{"embeddable":true,"href":"https:\/\/forum-via.org\/de\/wp-json\/wp\/v2\/comments?post=2290"}],"version-history":[{"count":7,"href":"https:\/\/forum-via.org\/de\/wp-json\/wp\/v2\/pages\/2290\/revisions"}],"predecessor-version":[{"id":4393,"href":"https:\/\/forum-via.org\/de\/wp-json\/wp\/v2\/pages\/2290\/revisions\/4393"}],"wp:attachment":[{"href":"https:\/\/forum-via.org\/de\/wp-json\/wp\/v2\/media?parent=2290"}],"curies":[{"name":"wp","href":"https:\/\/api.w.org\/{rel}","templated":true}]}}