{"id":2410,"date":"2016-01-10T19:35:42","date_gmt":"2016-01-10T18:35:42","guid":{"rendered":"http:\/\/forum-via.org\/?page_id=2410"},"modified":"2016-01-10T19:37:44","modified_gmt":"2016-01-10T18:37:44","slug":"pressespiegel-weltklima-rollenspiel","status":"publish","type":"page","link":"https:\/\/forum-via.org\/de\/educational-games\/projekte\/weltklimaprojekt\/pressespiegel-weltklima-rollenspiel\/","title":{"rendered":"Pressespiegel Weltklima Rollenspiel"},"content":{"rendered":"<p style=\"text-align: justify;\">Nach der Klimakonferenz ist vor der Klimakonferenz, denn die n\u00e4chste Klimakonferenz kommt bestimmt und bis dahin sollten wir den ambitionierten Zielen aus Paris schon etwas n\u00e4her gekommen sein.<\/p>\n<p style=\"text-align: justify;\">Wie wichtig und gleichzeitig herausfordernd die aktuellen Zielsetzungen sind, k\u00f6nnen Schulklassen weiterhin am eigenen Leib erfahren, indem sie in die Rolle unterschiedlicher nationaler Klimaverhandler schl\u00fcpfen und in Wien Weltpolitik simulieren: Das Rollenspiel &#8222;World Climate&#8220; wird auch 2016 weiter von uns angeboten.<\/p>\n<p style=\"text-align: justify;\">Das Medienecho zu unserem Weltklima Rollenspiel finden Sie <a href=\"http:\/\/www.lebensart.at\/klimakonferenz-fuer-junge-erwachsene\" target=\"_blank\">hier.<\/a><\/p>\n<p><a href=\"http:\/\/www.lebensart.at\/klimakonferenz-fuer-junge-erwachsene\" target=\"_blank\" rel=\"attachment wp-att-923\"><img decoding=\"async\" loading=\"lazy\" class=\"alignleft size-medium wp-image-923\" src=\"http:\/\/forum-via.org\/wp-content\/uploads\/2013\/08\/BUA-LEA-logo_oC_RGB_300dpi-300x160.jpg\" alt=\"LEBENSART\" width=\"300\" height=\"160\" \/><\/a><\/p>\n<p>&nbsp;<\/p>\n<p>&nbsp;<\/p>\n<p>&nbsp;<\/p>\n<p>&nbsp;<\/p>\n<p>&nbsp;<\/p>\n<p style=\"text-align: justify;\">Im <a href=\"http:\/\/forum-via.org\/events\/category\/world-climate-game\/\" target=\"_blank\">Veranstaltungskalender <\/a>sehen Sie, welche Schulen und Universit\u00e4ten sich daf\u00fcr bereits angemeldet haben und welche Termine 2016 noch zur Verf\u00fcgung stehen.<\/p>\n","protected":false},"excerpt":{"rendered":"<p>Nach der Klimakonferenz ist vor der Klimakonferenz, denn die n\u00e4chste Klimakonferenz kommt bestimmt und bis dahin sollten wir den ambitionierten Zielen aus Paris schon etwas n\u00e4her gekommen sein. Wie wichtig und gleichzeitig herausfordernd die aktuellen Zielsetzungen sind, k\u00f6nnen Schulklassen weiterhin am eigenen Leib erfahren, indem sie in die Rolle unterschiedlicher nationaler Klimaverhandler schl\u00fcpfen und in Wien Weltpolitik simulieren: Das Rollenspiel &#8222;World Climate&#8220; wird auch 2016 weiter von uns angeboten. Das Medienecho zu unserem Weltklima Rollenspiel finden Sie hier. &nbsp; &nbsp;&hellip;<\/p>\n","protected":false},"author":1,"featured_media":0,"parent":2221,"menu_order":0,"comment_status":"closed","ping_status":"closed","template":"sidebar-page.php","meta":{"footnotes":""},"translation":{"provider":"WPGlobus","version":"3.0.2","language":"de","enabled_languages":["en","de"],"languages":{"en":{"title":true,"content":true,"excerpt":false},"de":{"title":false,"content":false,"excerpt":false}}},"acf":[],"_links":{"self":[{"href":"https:\/\/forum-via.org\/de\/wp-json\/wp\/v2\/pages\/2410"}],"collection":[{"href":"https:\/\/forum-via.org\/de\/wp-json\/wp\/v2\/pages"}],"about":[{"href":"https:\/\/forum-via.org\/de\/wp-json\/wp\/v2\/types\/page"}],"author":[{"embeddable":true,"href":"https:\/\/forum-via.org\/de\/wp-json\/wp\/v2\/users\/1"}],"replies":[{"embeddable":true,"href":"https:\/\/forum-via.org\/de\/wp-json\/wp\/v2\/comments?post=2410"}],"version-history":[{"count":4,"href":"https:\/\/forum-via.org\/de\/wp-json\/wp\/v2\/pages\/2410\/revisions"}],"predecessor-version":[{"id":2414,"href":"https:\/\/forum-via.org\/de\/wp-json\/wp\/v2\/pages\/2410\/revisions\/2414"}],"up":[{"embeddable":true,"href":"https:\/\/forum-via.org\/de\/wp-json\/wp\/v2\/pages\/2221"}],"wp:attachment":[{"href":"https:\/\/forum-via.org\/de\/wp-json\/wp\/v2\/media?parent=2410"}],"curies":[{"name":"wp","href":"https:\/\/api.w.org\/{rel}","templated":true}]}}