{"id":2476,"date":"2016-02-08T23:12:24","date_gmt":"2016-02-08T22:10:50","guid":{"rendered":"http:\/\/forum-via.org\/?page_id=2476"},"modified":"2018-05-30T13:53:05","modified_gmt":"2018-05-30T11:53:05","slug":"1-challenge-clara-seraphin","status":"publish","type":"page","link":"https:\/\/forum-via.org\/de\/1-challenge-clara-seraphin\/","title":{"rendered":"1. Challenge Clara &#038; Seraphin"},"content":{"rendered":"<h2><strong>Challenge 1 Indien: Schulessen als Sozialprojekt!?<\/strong><\/h2>\n<div class=\"ctsc-focus ctsc-focus-normal \" style=\" background:#bae3e3;\">\n<ul>\n<li><a href=\"http:\/\/forum-via.org\/de\/1-challenge-clara-seraphin\/1-challenge-clara-seraphin-solution\/\">HIER <\/a>gehts zur Aufl\u00f6sung der Challenge<\/li>\n<li>Diese Challenge als PDF Lernmodul <a href=\"http:\/\/forum-via.org\/wp-content\/uploads\/2016\/02\/Challenge1_Clara_Seraphin.pdf\" target=\"_blank\" rel=\"noopener\">herunterladen<\/a> und ausdrucken.<\/div><\/li>\n<\/ul>\n<h2><em>Die NGO: &#8222;Akshaya Patra Foundation&#8220;<\/em><\/h2>\n<p>Wir haben die Akshaya Patra Foundation besucht! Hier gleich zwei Videos mit Interviews und Einblicken in die Organisation, ihre T\u00e4tigkeiten und nat\u00fcrlich auch die K\u00fcche! \ud83d\ude42 Unten kann man mehr \u00fcber Akshaya Patra lesen bzw. findet man weiterf\u00fchrende Links.<\/p>\n<p><iframe loading=\"lazy\" src=\"https:\/\/www.youtube.com\/embed\/Pivt6_TKGBY\" width=\"600\" height=\"360\" frameborder=\"0\" allowfullscreen=\"allowfullscreen\" data-mce-fragment=\"1\"><\/iframe><\/p>\n<p><iframe loading=\"lazy\" src=\"https:\/\/www.youtube.com\/embed\/xiBjTmO2_rI\" width=\"600\" height=\"360\" frameborder=\"0\" allowfullscreen=\"allowfullscreen\" data-mce-fragment=\"1\"><\/iframe><\/p>\n<p><strong>Hintergrund:<\/strong> Wir sind nun seit knapp 3 Wochen in Indien und uns ist aufgefallen, dass es eine gro\u00dfe, relativ arme Schicht gibt, in der die Eltern arbeiten und die Kinder oft irgendwo zwischen Marktst\u00e4nden und Stra\u00dfenleben herumirren. Genau f\u00fcr diese ist Schule eine unglaubliche M\u00f6glichkeit &#8211; auf Bildung und Ver\u00e4nderung. Das t\u00e4gliche Essen ist f\u00fcr viele dieser Familien auch nicht selbstverst\u00e4ndlich, deshalb geben gratis Schulessen einen besonderen Anreiz f\u00fcr die Eltern, die Kids in die Schule zu schicken anstatt sie (zuhause oder anderswo) arbeiten zu lassen.<\/p>\n<div id=\"attachment_2485\" style=\"width: 310px\" class=\"wp-caption aligncenter\"><a href=\"http:\/\/forum-via.org\/wp-content\/uploads\/2016\/02\/image6.jpg\" rel=\"attachment wp-att-2485\"><img aria-describedby=\"caption-attachment-2485\" decoding=\"async\" loading=\"lazy\" class=\"size-medium wp-image-2485\" src=\"http:\/\/forum-via.org\/wp-content\/uploads\/2016\/02\/image6-300x225.jpg\" alt=\"OLYMPUS DIGITAL CAMERA\" width=\"300\" height=\"225\" srcset=\"https:\/\/forum-via.org\/wp-content\/uploads\/2016\/02\/image6-300x225.jpg 300w, https:\/\/forum-via.org\/wp-content\/uploads\/2016\/02\/image6-400x300.jpg 400w, https:\/\/forum-via.org\/wp-content\/uploads\/2016\/02\/image6.jpg 640w\" sizes=\"(max-width: 300px) 100vw, 300px\" \/><\/a><p id=\"caption-attachment-2485\" class=\"wp-caption-text\">Ein Junge (links) vor einem mobilen Essensstandl im Gro\u00dfstadtgewusel<\/p><\/div>\n<p><strong>Konkrete Challenge:<\/strong> Wir m\u00f6chten die Themen &#8222;Armut&#8220;, &#8222;Bildung&#8220; und die M\u00f6glichkeit, durch Bildung aus Armut herauszubrechen, recherchieren. Dazu bitten wir euch, als erstes ein paar Recherchen zu erledigen und euch 3 Fragen an die NGO Akshaya Patra, die jeden Tag 180.000 kostenlose Mittagessen f\u00fcr indische Schulkinder bereitstellt, zu \u00fcberlegen.<\/p>\n<ul>\n<li><u>Hier mehr Infos zu der spannenden NGO auf ihrer Homepage:\u00a0 <\/u><a href=\"http:\/\/www.akshayapatra.org\/\">www.akshayapatra.org\/<\/a><\/li>\n<li><u>Hier ein kurzes Video zum Schulessen-Projekt (2:45):\u00a0 <\/u><a href=\"https:\/\/www.youtube.com\/watch?v=G1DfmguKVHE&amp;feature=player_embedded\">www.youtube.com\/watch?v=G1DfmguKVHE&amp;feature=player_embedded<\/a><\/li>\n<\/ul>\n<p>Wir wollen anschlie\u00dfend die NGO besuchen gehen (hoffentlich auch eine ihrer Schulen und eine ihrer K\u00fcchen) um dort die Antworten auf eure (und unsere) Fragen einzuholen (Aufgabe 1). Dabei d\u00fcrft ihr uns ein wenig fordern (Aufgabe 2) \ud83d\ude09<\/p>\n<p><strong>Aufgabe 1:<\/strong> Bitte unterst\u00fctzt uns bei der Recherche einiger Fragen, die sich uns stellen, seit wir hier sind:<\/p>\n<ul>\n<li>Was ist die Organisation Akshaya Patra und was ist ihre Philosophie hinter dem Ganzen?<\/li>\n<li>Wie ist die Wohlstandsverteilung in Indien*, wie in \u00d6sterreich? Wieviel Geld hat eine durchschnittliche Familie zur Verf\u00fcgung?<\/li>\n<li>Wie hoch ist die Bildungsquote in \u00d6, wie hoch in Indien*? Welchen Abschluss haben die meisten?<\/li>\n<li>Was passiert in \u00d6, wenn jemand arm ist? Wie hilft der Staat, wie NGOs? Wie ist das in Indien?*<\/li>\n<li>Wie schwer\/leicht denkt ihr, ist es in \u00d6, aus armen Verh\u00e4ltnissen auszubrechen und sich selbst ein wohlhabenderes Leben aufzubauen? Wie wichtig ist Bildung dabei?<\/li>\n<\/ul>\n<p><em>\u00a0* Falls ihr dies Infos nicht findet, werden wir versuchen, sie hier aufzutreiben \ud83d\ude09 <\/em><\/p>\n<div id=\"attachment_2488\" style=\"width: 310px\" class=\"wp-caption aligncenter\"><a href=\"http:\/\/forum-via.org\/wp-content\/uploads\/2016\/02\/image3.jpg\" rel=\"attachment wp-att-2488\"><img aria-describedby=\"caption-attachment-2488\" decoding=\"async\" loading=\"lazy\" class=\"size-medium wp-image-2488\" src=\"http:\/\/forum-via.org\/wp-content\/uploads\/2016\/02\/image3-300x225.jpg\" alt=\"OLYMPUS DIGITAL CAMERA\" width=\"300\" height=\"225\" srcset=\"https:\/\/forum-via.org\/wp-content\/uploads\/2016\/02\/image3-300x225.jpg 300w, https:\/\/forum-via.org\/wp-content\/uploads\/2016\/02\/image3-400x300.jpg 400w, https:\/\/forum-via.org\/wp-content\/uploads\/2016\/02\/image3.jpg 640w\" sizes=\"(max-width: 300px) 100vw, 300px\" \/><\/a><p id=\"caption-attachment-2488\" class=\"wp-caption-text\">Auch die &#8222;heiligen&#8220; K\u00fche m\u00fcssen an ungew\u00f6hnlichen Orten nach etwas Essbaren suchen..<\/p><\/div>\n<p><strong>M\u00f6gliche Fragen an die NGO\/ Kinder hier:<\/strong><\/p>\n<ul>\n<li>Was sind die W\u00fcnsche, Tr\u00e4ume der Kinder in Indien? Welche Rolle spielt Schule bei deren Realisierung?<\/li>\n<li>Wie hilft Bildung, aus armen Verh\u00e4ltnissen auszubrechen?<\/li>\n<li>Wie ver\u00e4ndert der t\u00e4gliche Schulbesuch das Leben der Kinder?<\/li>\n<li><strong>BITTE SCHICKT UNS NOCH 3 WEITERE FRAGEN, DIE WIR F\u00dcR EUCH STELLEN WERDEN!!!<\/strong><\/li>\n<\/ul>\n<p><strong>Aufgabe 2:<\/strong><\/p>\n<p><strong>Ihr d\u00fcrft entscheiden<\/strong>, was wir in Bengalore, dem Sitz der NGO, f\u00fcr euch erledigen und mitdokumentieren:<\/p>\n<ol>\n<li>In der K\u00fcche mitkochen (wenn m\u00f6glich)<\/li>\n<li>Einen Tag lang die Schulen in die Essen ausgeliefert wird besuchen (wenn m\u00f6glich)<\/li>\n<li>Eine Woche lang mit indischem Gehalt leben (gebt uns in dem Fall Bescheid, wie viel bzw. wie wenig das ist (vgl. Aufgabe 1))<\/li>\n<\/ol>\n<p><a href=\"http:\/\/forum-via.org\/wp-content\/uploads\/2016\/02\/Foto-20.01.16-12-20-04.jpg\" rel=\"attachment wp-att-2489\"><img decoding=\"async\" loading=\"lazy\" class=\"alignleft size-medium wp-image-2489\" src=\"http:\/\/forum-via.org\/wp-content\/uploads\/2016\/02\/Foto-20.01.16-12-20-04-300x225.jpg\" alt=\"\" width=\"300\" height=\"225\" srcset=\"https:\/\/forum-via.org\/wp-content\/uploads\/2016\/02\/Foto-20.01.16-12-20-04-300x225.jpg 300w, https:\/\/forum-via.org\/wp-content\/uploads\/2016\/02\/Foto-20.01.16-12-20-04-768x576.jpg 768w, https:\/\/forum-via.org\/wp-content\/uploads\/2016\/02\/Foto-20.01.16-12-20-04-1024x768.jpg 1024w, https:\/\/forum-via.org\/wp-content\/uploads\/2016\/02\/Foto-20.01.16-12-20-04-400x300.jpg 400w, https:\/\/forum-via.org\/wp-content\/uploads\/2016\/02\/Foto-20.01.16-12-20-04.jpg 2048w\" sizes=\"(max-width: 300px) 100vw, 300px\" \/><\/a><\/p>\n<p>Wir sind gespannt, wie ihr entscheidet und erwarten mit Spannung eure Ergebnisse <strong>bis Dienstag, 16. Februar<\/strong>. Dann sind wir in Bengalore und bereit f\u00fcr Interviews und Challenges!!!<\/p>\n<p><strong>Links und Vertiefungsm\u00f6glichkeiten<\/strong><\/p>\n<p><a href=\"http:\/\/www.akshayapatra.org\/\">www.akshayapatra.org\/<\/a><\/p>\n<p>Doku auf ARTE zum gr\u00f6\u00dften Schulessensprojekt der Welt (54min):<\/p>\n<p><a href=\"http:\/\/www.srf.ch\/sendungen\/geo360\/indien-das-groesste-schulessen-der-welt\">www.srf.ch\/sendungen\/geo360\/indien-das-groesste-schulessen-der-welt<\/a><\/p>\n<p>bzw.:<\/p>\n<p><a href=\"https:\/\/www.youtube.com\/watch?v=H-0EDaaMoN8\">https:\/\/www.youtube.com\/watch?v=H-0EDaaMoN8<\/a><\/p>\n<h2><\/h2>\n","protected":false},"excerpt":{"rendered":"<p>Challenge 1 Indien: Schulessen als Sozialprojekt!? Die NGO: &#8222;Akshaya Patra Foundation&#8220; Wir haben die Akshaya Patra Foundation besucht! Hier gleich zwei Videos mit Interviews und Einblicken in die Organisation, ihre T\u00e4tigkeiten und nat\u00fcrlich auch die K\u00fcche! \ud83d\ude42 Unten kann man mehr \u00fcber Akshaya Patra lesen bzw. findet man weiterf\u00fchrende Links. Hintergrund: Wir sind nun seit knapp 3 Wochen in Indien und uns ist aufgefallen, dass es eine gro\u00dfe, relativ arme Schicht gibt, in der die Eltern arbeiten und die Kinder&hellip;<\/p>\n","protected":false},"author":1,"featured_media":0,"parent":0,"menu_order":0,"comment_status":"closed","ping_status":"closed","template":"","meta":{"footnotes":""},"translation":{"provider":"WPGlobus","version":"3.0.2","language":"de","enabled_languages":["en","de"],"languages":{"en":{"title":true,"content":true,"excerpt":false},"de":{"title":true,"content":true,"excerpt":false}}},"acf":[],"_links":{"self":[{"href":"https:\/\/forum-via.org\/de\/wp-json\/wp\/v2\/pages\/2476"}],"collection":[{"href":"https:\/\/forum-via.org\/de\/wp-json\/wp\/v2\/pages"}],"about":[{"href":"https:\/\/forum-via.org\/de\/wp-json\/wp\/v2\/types\/page"}],"author":[{"embeddable":true,"href":"https:\/\/forum-via.org\/de\/wp-json\/wp\/v2\/users\/1"}],"replies":[{"embeddable":true,"href":"https:\/\/forum-via.org\/de\/wp-json\/wp\/v2\/comments?post=2476"}],"version-history":[{"count":18,"href":"https:\/\/forum-via.org\/de\/wp-json\/wp\/v2\/pages\/2476\/revisions"}],"predecessor-version":[{"id":4204,"href":"https:\/\/forum-via.org\/de\/wp-json\/wp\/v2\/pages\/2476\/revisions\/4204"}],"wp:attachment":[{"href":"https:\/\/forum-via.org\/de\/wp-json\/wp\/v2\/media?parent=2476"}],"curies":[{"name":"wp","href":"https:\/\/api.w.org\/{rel}","templated":true}]}}