{"id":2492,"date":"2016-02-09T10:13:13","date_gmt":"2016-02-09T09:13:13","guid":{"rendered":"http:\/\/forum-via.org\/?page_id=2492"},"modified":"2018-05-04T20:00:34","modified_gmt":"2018-05-04T18:00:34","slug":"rollenspiel-world-climate","status":"publish","type":"page","link":"https:\/\/forum-via.org\/de\/educational-games\/projekte\/weltklimaprojekt\/rollenspiel-world-climate\/","title":{"rendered":"Rollenspiel &#8222;World Climate&#8220;"},"content":{"rendered":"<p><a href=\"http:\/\/forum-via.org\/wp-content\/uploads\/2016\/02\/worl-climateBanner_gr.jpg\" rel=\"attachment wp-att-2499\"><img decoding=\"async\" loading=\"lazy\" class=\"alignleft wp-image-2499\" src=\"http:\/\/forum-via.org\/wp-content\/uploads\/2016\/02\/worl-climateBanner_gr-300x43.jpg\" alt=\"\" width=\"399\" height=\"68\" \/><\/a><\/p>\n<p>&nbsp;<\/p>\n<p>&#8222;World Climate&#8220; ist ein Rollenspiel, bei dem ein UN-Klima-Gipfeltreffen simuliert wird, das den TeilnehmerInnen erm\u00f6glicht selbst die Tragweite der UN-Klimaverhandlungen zu erfahren und ein Gef\u00fchl f\u00fcr anstehenden Herausforderungen und Ma\u00dfnahmen im Umgang mit dem Klimawandel zu bekommen.<\/p>\n<p>Das meinen Teilnehmende des Rollenspiels:<\/p>\n<p><strong><em><a href=\"http:\/\/forum-via.org\/wp-content\/uploads\/2016\/02\/KlimaspielHaizingergasse1.jpg\" rel=\"attachment wp-att-2495\"><img decoding=\"async\" loading=\"lazy\" class=\"alignleft wp-image-2495\" src=\"http:\/\/forum-via.org\/wp-content\/uploads\/2016\/02\/KlimaspielHaizingergasse1-300x225.jpg\" alt=\"KlimaspielHaizingergasse1\" width=\"229\" height=\"174\" \/><\/a>&#8222;Im Rollenspiel vertritt man zwar ein Land oder eine L\u00e4ndergruppe, hat aber gleichzeitig ein Gruppen\u00fcbergreifendes Ziel: Das Weltklima zu stabilisieren. Es war schon ein &#8222;Aha-Effekt&#8220; zu sehen, welche unterschiedlichen Interessen und Werte dabei aufeinandertreffen.&#8220; <\/em><\/strong><em>(Sch\u00fclergruppe des Gymnasiums Haizingergasse<\/em><em>)<\/em><\/p>\n<p><strong><em>&#8222;Es war cool mal in die Rolle von Politikerinnen und Diplomatinnen unterschiedlicher L\u00e4nder schl\u00fcpfen zu k\u00f6nnen und im Computersimulator sofort die Konsequenzen der eigenen Entscheidungen auf das Weltklima zu sehen&#8220;\u00a0 <\/em><\/strong><em>(Sch\u00fclerin der HLTW13)<\/em><\/p>\n<p><strong><em>&#8222;Das Rollenspiel hat es geschafft, die Dimensionen der Klimakonferenz begreifbar zu machen. Durch die Emotionen, die im Spiel aufkommen, setzt ein besonderer Lerneffekt ein!&#8220; <\/em><\/strong><em>(Lehrer des Gymnasiums Haizingergasse)<\/em><\/p>\n<p><a href=\"http:\/\/forum-via.org\/wp-content\/uploads\/2016\/02\/Team_China.jpg\" rel=\"attachment wp-att-2497\"><img decoding=\"async\" loading=\"lazy\" class=\"alignleft wp-image-2497\" src=\"http:\/\/forum-via.org\/wp-content\/uploads\/2016\/02\/Team_China-225x300.jpg\" alt=\"\" width=\"162\" height=\"213\" \/><\/a><\/p>\n<p>H\u00e4tten Sie gerne mehr Informationen zum Weltklimaprojekt oder haben Sie Interesse selbst ein Event auszurichten, dann schreiben Sie uns eine E-Mail! F\u00fcr weitere Information zum Projekt bzw. zum Spielablauf, schauen Sie diese <strong><a href=\"http:\/\/forum-via.org\/wp-content\/uploads\/2015\/10\/Weltklima_Rollenspiel_-_Flyer.pdf\" target=\"_blank\" rel=\"noopener\">Spielbeschreibung<\/a><\/strong> an oder klicken auf &#8222;Weltklimaprojekt&#8220; und erfahren Sie mehr zum <a href=\"http:\/\/forum-via.org\/projekte\/weltklimaprojekt\/\">Hintergrund und Ablauf <\/a>des Projekts.<\/p>\n","protected":false},"excerpt":{"rendered":"<p>&nbsp; &#8222;World Climate&#8220; ist ein Rollenspiel, bei dem ein UN-Klima-Gipfeltreffen simuliert wird, das den TeilnehmerInnen erm\u00f6glicht selbst die Tragweite der UN-Klimaverhandlungen zu erfahren und ein Gef\u00fchl f\u00fcr anstehenden Herausforderungen und Ma\u00dfnahmen im Umgang mit dem Klimawandel zu bekommen. Das meinen Teilnehmende des Rollenspiels: &#8222;Im Rollenspiel vertritt man zwar ein Land oder eine L\u00e4ndergruppe, hat aber gleichzeitig ein Gruppen\u00fcbergreifendes Ziel: Das Weltklima zu stabilisieren. Es war schon ein &#8222;Aha-Effekt&#8220; zu sehen, welche unterschiedlichen Interessen und Werte dabei aufeinandertreffen.&#8220; (Sch\u00fclergruppe des Gymnasiums&hellip;<\/p>\n","protected":false},"author":1,"featured_media":0,"parent":2221,"menu_order":1,"comment_status":"closed","ping_status":"closed","template":"","meta":{"footnotes":""},"translation":{"provider":"WPGlobus","version":"3.0.2","language":"de","enabled_languages":["en","de"],"languages":{"en":{"title":true,"content":true,"excerpt":false},"de":{"title":true,"content":true,"excerpt":false}}},"acf":[],"_links":{"self":[{"href":"https:\/\/forum-via.org\/de\/wp-json\/wp\/v2\/pages\/2492"}],"collection":[{"href":"https:\/\/forum-via.org\/de\/wp-json\/wp\/v2\/pages"}],"about":[{"href":"https:\/\/forum-via.org\/de\/wp-json\/wp\/v2\/types\/page"}],"author":[{"embeddable":true,"href":"https:\/\/forum-via.org\/de\/wp-json\/wp\/v2\/users\/1"}],"replies":[{"embeddable":true,"href":"https:\/\/forum-via.org\/de\/wp-json\/wp\/v2\/comments?post=2492"}],"version-history":[{"count":11,"href":"https:\/\/forum-via.org\/de\/wp-json\/wp\/v2\/pages\/2492\/revisions"}],"predecessor-version":[{"id":2504,"href":"https:\/\/forum-via.org\/de\/wp-json\/wp\/v2\/pages\/2492\/revisions\/2504"}],"up":[{"embeddable":true,"href":"https:\/\/forum-via.org\/de\/wp-json\/wp\/v2\/pages\/2221"}],"wp:attachment":[{"href":"https:\/\/forum-via.org\/de\/wp-json\/wp\/v2\/media?parent=2492"}],"curies":[{"name":"wp","href":"https:\/\/api.w.org\/{rel}","templated":true}]}}