{"id":2513,"date":"2016-02-10T11:03:10","date_gmt":"2016-02-10T10:03:10","guid":{"rendered":"http:\/\/forum-via.org\/?page_id=2513"},"modified":"2018-05-30T13:11:40","modified_gmt":"2018-05-30T11:11:40","slug":"1-challenge-irene","status":"publish","type":"page","link":"https:\/\/forum-via.org\/de\/1-challenge-irene\/","title":{"rendered":"1. Challenge Irene"},"content":{"rendered":"<h2>Malaysia \u2013 was erwartet uns dort? Geschichte \u2013 Religion\/Kultur \u2013 Wirtschaft<\/h2>\n<div class=\"ctsc-focus ctsc-focus-normal \" style=\" background:#bae3e3;\">\n<p>Das Lernmodul zur Challenge f\u00fcr LehrerInnen gibt es hier als pdf-Download: <a href=\"http:\/\/forum-via.org\/wp-content\/uploads\/2016\/02\/Challenge1_Malaysia.pdf\">Challenge1_Umsetzungsvorschlag_Irene<\/a><\/p>\n<\/div>\n<p><strong><a href=\"http:\/\/forum-via.org\/wp-content\/uploads\/2016\/02\/Irne-on-the-way.jpg\" rel=\"attachment wp-att-2515\"><img decoding=\"async\" loading=\"lazy\" class=\"alignleft size-medium wp-image-2515\" src=\"http:\/\/forum-via.org\/wp-content\/uploads\/2016\/02\/Irne-on-the-way-168x300.jpg\" alt=\"Irne on the way\" width=\"168\" height=\"300\" srcset=\"https:\/\/forum-via.org\/wp-content\/uploads\/2016\/02\/Irne-on-the-way-168x300.jpg 168w, https:\/\/forum-via.org\/wp-content\/uploads\/2016\/02\/Irne-on-the-way.jpg 539w\" sizes=\"(max-width: 168px) 100vw, 168px\" \/><\/a>Hintergrund:<\/strong><\/p>\n<p><em>Das Endziel meines Nachhaltigkeitsabenteuers ist bald Malaysia. Dort habe ich ein Praktikum in einer lokalen NGO organisieren k\u00f6nnen. Das Hauptziel dieser Organisation ist es, Arbeiterinnenrechte vor Ort zu st\u00e4rken und Arbeiterinnen zu helfen sich zu organisieren.<\/em><\/p>\n<p><em>Dieses Thema m\u00f6chte ich gerne in einer weiteren Challenge besprechen, aber das geht nicht ohne, dass wir vorher alle einen groben \u00dcberblick \u00fcber das Land gewinnen.<\/em><\/p>\n<p><strong>Konkrete Challenge\/Aufgabe:<\/strong><\/p>\n<p><em>Ich brauche daher eure Hilfe bei der Recherche zu allgemeinem Hintergrundwissen \u00fcber Malaysia um mein Praktikum hier besser absolvieren zu k\u00f6nnen.<\/em><\/p>\n<ul>\n<li><em>Bitte w\u00e4hlt aus den folgenden Thema eines aus, recherchiert dar\u00fcber und haltet eure Erkenntnisse in einer kurzen Ausarbeitung fest (2-3 Seiten):<br \/>\n<\/em><\/li>\n<\/ul>\n<ul>\n<li>Geschichte \u2013 2. Weltkrieg<\/li>\n<li>Kolonialzeit<\/li>\n<li>Wirtschaft<\/li>\n<li>Religion<\/li>\n<li>Minderheiten<\/li>\n<\/ul>\n<p>Am besten ihr Recherchiert in Gruppen in der Schule und\/oder zu Hause und besprecht euch im Anschluss welche Infos ihr wie pr\u00e4sentieren wollt.<\/p>\n<p>Eurer Kreativit\u00e4t sind keine Grenzen gesetzt!<\/p>\n<p>Es gibt momentan noch sehr wenig Infos zu Malaysia online. Vor allem auf deutsch findet man wenig Hintergrundinfos, die z.B. auf Youtube ansprechend pr\u00e4sentiert w\u00e4ren..<br \/>\nVielleicht k\u00f6nnen wir so einen bereichernden Beitrag zum deutschsprachigen E-Lernmaterial zu Malaysia gestalten?<\/p>\n<p>(<strong>Das Lernmodul zur Challenge f\u00fcr LehrerInnen gibt es hier als pdf-Download: <a href=\"http:\/\/forum-via.org\/wp-content\/uploads\/2016\/02\/Challenge1_Malaysia.pdf\">Challenge1_Umsetzungsvorschlag_Irene<\/a><\/strong>)<\/p>\n<p><strong>AUFL\u00d6SUNG DER CHALLENGE HIER:\u00a0<\/strong><\/p>\n<p><iframe loading=\"lazy\" src=\"https:\/\/www.youtube.com\/embed\/U7a36YGlIEA\" width=\"600\" height=\"400\" frameborder=\"0\" allowfullscreen=\"allowfullscreen\" data-mce-fragment=\"1\"><\/iframe><\/p>\n<p>Danke f\u00fcr eure M\u00fchen!<\/p>\n<p>Euer Video zu Malaysien ist echt super geworden. Freut mich, dass ihr meine Fotos aus Malaysia auch verwenden konntet!<\/p>\n<p>&nbsp;<\/p>\n","protected":false},"excerpt":{"rendered":"<p>Malaysia \u2013 was erwartet uns dort? Geschichte \u2013 Religion\/Kultur \u2013 Wirtschaft Hintergrund: Das Endziel meines Nachhaltigkeitsabenteuers ist bald Malaysia. Dort habe ich ein Praktikum in einer lokalen NGO organisieren k\u00f6nnen. Das Hauptziel dieser Organisation ist es, Arbeiterinnenrechte vor Ort zu st\u00e4rken und Arbeiterinnen zu helfen sich zu organisieren. Dieses Thema m\u00f6chte ich gerne in einer weiteren Challenge besprechen, aber das geht nicht ohne, dass wir vorher alle einen groben \u00dcberblick \u00fcber das Land gewinnen. Konkrete Challenge\/Aufgabe: Ich brauche daher eure&hellip;<\/p>\n","protected":false},"author":1,"featured_media":0,"parent":0,"menu_order":2,"comment_status":"closed","ping_status":"closed","template":"","meta":{"footnotes":""},"translation":{"provider":"WPGlobus","version":"3.0.2","language":"de","enabled_languages":["en","de"],"languages":{"en":{"title":true,"content":true,"excerpt":false},"de":{"title":true,"content":true,"excerpt":false}}},"acf":[],"_links":{"self":[{"href":"https:\/\/forum-via.org\/de\/wp-json\/wp\/v2\/pages\/2513"}],"collection":[{"href":"https:\/\/forum-via.org\/de\/wp-json\/wp\/v2\/pages"}],"about":[{"href":"https:\/\/forum-via.org\/de\/wp-json\/wp\/v2\/types\/page"}],"author":[{"embeddable":true,"href":"https:\/\/forum-via.org\/de\/wp-json\/wp\/v2\/users\/1"}],"replies":[{"embeddable":true,"href":"https:\/\/forum-via.org\/de\/wp-json\/wp\/v2\/comments?post=2513"}],"version-history":[{"count":11,"href":"https:\/\/forum-via.org\/de\/wp-json\/wp\/v2\/pages\/2513\/revisions"}],"predecessor-version":[{"id":4489,"href":"https:\/\/forum-via.org\/de\/wp-json\/wp\/v2\/pages\/2513\/revisions\/4489"}],"wp:attachment":[{"href":"https:\/\/forum-via.org\/de\/wp-json\/wp\/v2\/media?parent=2513"}],"curies":[{"name":"wp","href":"https:\/\/api.w.org\/{rel}","templated":true}]}}