{"id":2528,"date":"2016-03-07T12:44:43","date_gmt":"2016-03-07T11:44:43","guid":{"rendered":"http:\/\/forum-via.org\/?page_id=2528"},"modified":"2018-05-30T13:51:18","modified_gmt":"2018-05-30T11:51:18","slug":"1-challenge-clara-seraphin-solution","status":"publish","type":"page","link":"https:\/\/forum-via.org\/de\/1-challenge-clara-seraphin\/1-challenge-clara-seraphin-solution\/","title":{"rendered":"1. Challenge Indien &#8211; Aufl\u00f6sung"},"content":{"rendered":"<div class=\"ctsc-focus ctsc-focus-normal \" style=\" background:#bae3e3;\">\n<p>Mit einem indischen Wochenlohn auskommen. Hier gibt&#8217;s die Buchf\u00fchrung zum Download: <a href=\"http:\/\/forum-via.org\/wp-content\/uploads\/2016\/03\/Challenge-1-Indien.pdf\" rel=\"\">Challenge 1 Indien_Buchf\u00fchrung<\/a>.<\/div>\n<p>&nbsp;<\/p>\n<p>Wir haben die Challenge angenommen und gemacht, worum ihr uns gebeten habt: So lange wie m\u00f6glich mit einem indischen Wochenlohn auskommen!!!! Nach euren Recherchen hei\u00dft das, mit 5369 Rupee bzw. 76,70 Euro pro Familie und Woche auszukommen. Puhhhh!!!!<\/p>\n<p>Das gr\u00f6\u00dfte Hindernis was nat\u00fcrlich gleich mal die Unterkunft, bei der<\/p>\n<div id=\"attachment_2531\" style=\"width: 310px\" class=\"wp-caption alignleft\"><a href=\"http:\/\/forum-via.org\/wp-content\/uploads\/2016\/03\/W\u00e4sche.jpg\" rel=\"attachment wp-att-2531\"><img aria-describedby=\"caption-attachment-2531\" decoding=\"async\" loading=\"lazy\" class=\"wp-image-2531 size-medium\" src=\"http:\/\/forum-via.org\/wp-content\/uploads\/2016\/03\/W\u00e4sche-300x225.jpg\" alt=\"W\u00e4sche waschen mit der Hand statt Waschsalon\" width=\"300\" height=\"225\" srcset=\"https:\/\/forum-via.org\/wp-content\/uploads\/2016\/03\/W\u00e4sche-300x225.jpg 300w, https:\/\/forum-via.org\/wp-content\/uploads\/2016\/03\/W\u00e4sche-768x576.jpg 768w, https:\/\/forum-via.org\/wp-content\/uploads\/2016\/03\/W\u00e4sche-1024x768.jpg 1024w, https:\/\/forum-via.org\/wp-content\/uploads\/2016\/03\/W\u00e4sche-400x300.jpg 400w, https:\/\/forum-via.org\/wp-content\/uploads\/2016\/03\/W\u00e4sche.jpg 2048w\" sizes=\"(max-width: 300px) 100vw, 300px\" \/><\/a><p id=\"caption-attachment-2531\" class=\"wp-caption-text\">W\u00e4sche waschen mit der Hand statt im Waschsalon<\/p><\/div>\n<p>wir einen Durchschnittswert von 500 Rupee genommen haben &#8211; das sind aber auch schon 7,14 Euro und pro Tag hatten wir ja nur 10,96 Euro!<\/p>\n<p>Ok, so haben wir also versucht, m\u00f6glichst sparsam zu leben. Auf jegliches Touristenzeugs wie Safari, Hikingguide, Rikscha-Rundfahrt, etc. mussten wir v\u00f6llig ve<a href=\"http:\/\/forum-via.org\/wp-content\/uploads\/2016\/03\/Schneider-mit-unserem-Rucksack.jpg\" rel=\"attachment wp-att-2533\"><img decoding=\"async\" loading=\"lazy\" class=\"wp-image-2533 size-thumbnail alignright\" src=\"http:\/\/forum-via.org\/wp-content\/uploads\/2016\/03\/Schneider-mit-unserem-Rucksack-150x150.jpg\" alt=\"\" width=\"150\" height=\"150\" \/><\/a>rzichten, das w\u00e4re sich nie im Leben ausgegangen. Wir sind fast alles zu Fu\u00df gegangen, haben Auto- gestoppt und den kaputten Rucksack lie\u00dfen wir nat\u00fcrlich reparieren, statt einen neuen zu kaufen &#8211; es gibt unheimlich viele Schneider hier. Auch auf Krimskrams, der das Leben vers\u00fc\u00dft, wie Schokolade oder R\u00e4ucherst\u00e4bchen, haben wir verzichtet.<br \/>\nNa gut, ohne dem lie\u00dfe es sich vielleicht noch aushalten (ist aber f\u00fcr uns auf Dauer auch zach und ungewohnt), aber es geht noch viel weiter. Sogar M\u00fcsli mit frischen Fr\u00fcchten zum Fr\u00fchst\u00fcck ist ein Luxus, der uns sicher zu viel gekostet hat. Indisches Fr\u00fchst\u00fcck, das oft ziemlich \u00f6lig und scharf ist, kostet nur einen Bruchteil, so haben wir versucht uns damit halbwegs anzufreunden.\u00a0 Die Einheimischen essen hier mittags oder abends zuhause (Gem\u00fcse vom Markt war sehr g\u00fcnstig!) <a href=\"http:\/\/forum-via.org\/wp-content\/uploads\/2016\/03\/Dosa-Masala.jpg\" rel=\"attachment wp-att-2536\"><img decoding=\"async\" loading=\"lazy\" class=\"alignleft size-thumbnail wp-image-2536\" src=\"http:\/\/forum-via.org\/wp-content\/uploads\/2016\/03\/Dosa-Masala-150x150.jpg\" alt=\"\" width=\"150\" height=\"150\" \/><\/a><a href=\"http:\/\/forum-via.org\/wp-content\/uploads\/2016\/03\/Gem\u00fcsestand.jpg\" rel=\"attachment wp-att-2529\"><img decoding=\"async\" loading=\"lazy\" class=\"alignleft wp-image-2529 size-thumbnail\" src=\"http:\/\/forum-via.org\/wp-content\/uploads\/2016\/03\/Gem\u00fcsestand-150x150.jpg\" alt=\"\" width=\"150\" height=\"150\" \/><\/a>oder <a href=\"http:\/\/forum-via.org\/wp-content\/uploads\/2016\/03\/Streetfood.jpg\" rel=\"attachment wp-att-2540\"><img decoding=\"async\" loading=\"lazy\" class=\"alignleft size-thumbnail wp-image-2540\" src=\"http:\/\/forum-via.org\/wp-content\/uploads\/2016\/03\/Streetfood-150x150.jpg\" alt=\"\" width=\"150\" height=\"150\" \/><\/a>sogenannte &#8222;Meals&#8220; in recht einfachen Restaurants mit Plastiksesseln: Reis mit Gem\u00fcse und Sambar, all you can eat. Sehr lecker, aber jeden Tag Reis ist f\u00fcr unsere verw\u00f6hnten Gaumen einfach auch irgendwann soooooo langweilig!<br \/>\nUnser Fazit: 4,5 Tage haben wir als sparsame Touristen geschafft! Die letzten Tage, an denen wir uns schon sehr eingeschr\u00e4nkt haben, fast nur indische Meals und Reis gegessen haben und sonst kaum was gemacht haben au\u00dfer (wundersch\u00f6ne!) Wanderungen, waren schon sehr ungewohnt f\u00fcr uns &#8211; obwohl wi<a href=\"http:\/\/forum-via.org\/wp-content\/uploads\/2016\/03\/Busfahrt.jpg\" rel=\"attachment wp-att-2541\"><img decoding=\"async\" loading=\"lazy\" class=\"size-thumbnail wp-image-2541 alignleft\" src=\"http:\/\/forum-via.org\/wp-content\/uploads\/2016\/03\/Busfahrt-150x150.jpg\" alt=\"\" width=\"150\" height=\"150\" \/><\/a>r prinzipiell <a href=\"http:\/\/forum-via.org\/wp-content\/uploads\/2016\/03\/Teeplantage.jpg\" rel=\"attachment wp-att-2539\"><img decoding=\"async\" loading=\"lazy\" class=\"size-thumbnail wp-image-2539 alignleft\" src=\"http:\/\/forum-via.org\/wp-content\/uploads\/2016\/03\/Teeplantage-150x150.jpg\" alt=\"\" width=\"150\" height=\"150\" \/><\/a>immer recht sparsam sind.<\/p>\n<p>&nbsp;<\/p>\n<p>&nbsp;<\/p>\n<p>&nbsp;<\/p>\n<p>Abe<a href=\"http:\/\/forum-via.org\/wp-content\/uploads\/2016\/03\/Chai.jpg\" rel=\"attachment wp-att-2532\"><img decoding=\"async\" loading=\"lazy\" class=\"size-thumbnail wp-image-2532 alignleft\" src=\"http:\/\/forum-via.org\/wp-content\/uploads\/2016\/03\/Chai-150x150.jpg\" alt=\"\" width=\"150\" height=\"150\" \/><\/a>r die eine oder andere Mahlzeit bzw. R\u00e4ucherst\u00e4bchen oder was S\u00fc\u00dfes g\u00f6nnen wir uns schon mal ganz gerne. Nat\u00fcrlich ist f\u00fcr uns ohnehin alles teurer als f\u00fcr Inder (ohne Haus und ohne K\u00fcche zum Selberkochen und au\u00dferdem Touristen- statt Freunderlpreise), wir waren aber auch nur zu zweit und in einer indischen Familie leben oft viele viele Menschen mit Kindern. Wir haben jedoch das Gef\u00fchl, dass sich viele Einheimische nicht unbedingt t\u00e4glichen Luxus g\u00f6nnen, sich aber damit gut abfinden. Nur auf den Chai am Chaistand m\u00f6chten sie nicht verzichten! Der kostet aber auch nur maximal 10 Rupee, und das ist er allemal wert. \ud83d\ude09<br \/>\nSodale, das war&#8217;s von unseren doch recht harten Tagen mit indischem Budget! Hier seht ihr ganz genau, was wir ausgegeben haben, denn wir haben f\u00fcr euch ganz genau Buch gef\u00fchrt: <a href=\"http:\/\/forum-via.org\/wp-content\/uploads\/2016\/03\/Challenge-1-Indien.pdf\" rel=\"\">Challenge 1 Indien_Buchf\u00fchrung<\/a><\/p>\n","protected":false},"excerpt":{"rendered":"<p>&nbsp; Wir haben die Challenge angenommen und gemacht, worum ihr uns gebeten habt: So lange wie m\u00f6glich mit einem indischen Wochenlohn auskommen!!!! Nach euren Recherchen hei\u00dft das, mit 5369 Rupee bzw. 76,70 Euro pro Familie und Woche auszukommen. Puhhhh!!!! Das gr\u00f6\u00dfte Hindernis was nat\u00fcrlich gleich mal die Unterkunft, bei der wir einen Durchschnittswert von 500 Rupee genommen haben &#8211; das sind aber auch schon 7,14 Euro und pro Tag hatten wir ja nur 10,96 Euro! Ok, so haben wir also&hellip;<\/p>\n","protected":false},"author":1,"featured_media":0,"parent":2476,"menu_order":1,"comment_status":"closed","ping_status":"closed","template":"","meta":{"footnotes":""},"translation":{"provider":"WPGlobus","version":"3.0.2","language":"de","enabled_languages":["en","de"],"languages":{"en":{"title":true,"content":true,"excerpt":false},"de":{"title":true,"content":true,"excerpt":false}}},"acf":[],"_links":{"self":[{"href":"https:\/\/forum-via.org\/de\/wp-json\/wp\/v2\/pages\/2528"}],"collection":[{"href":"https:\/\/forum-via.org\/de\/wp-json\/wp\/v2\/pages"}],"about":[{"href":"https:\/\/forum-via.org\/de\/wp-json\/wp\/v2\/types\/page"}],"author":[{"embeddable":true,"href":"https:\/\/forum-via.org\/de\/wp-json\/wp\/v2\/users\/1"}],"replies":[{"embeddable":true,"href":"https:\/\/forum-via.org\/de\/wp-json\/wp\/v2\/comments?post=2528"}],"version-history":[{"count":14,"href":"https:\/\/forum-via.org\/de\/wp-json\/wp\/v2\/pages\/2528\/revisions"}],"predecessor-version":[{"id":4443,"href":"https:\/\/forum-via.org\/de\/wp-json\/wp\/v2\/pages\/2528\/revisions\/4443"}],"up":[{"embeddable":true,"href":"https:\/\/forum-via.org\/de\/wp-json\/wp\/v2\/pages\/2476"}],"wp:attachment":[{"href":"https:\/\/forum-via.org\/de\/wp-json\/wp\/v2\/media?parent=2528"}],"curies":[{"name":"wp","href":"https:\/\/api.w.org\/{rel}","templated":true}]}}