{"id":2594,"date":"2016-04-24T23:10:50","date_gmt":"2016-04-24T21:10:50","guid":{"rendered":"http:\/\/forum-via.org\/?page_id=2594"},"modified":"2018-05-30T14:05:26","modified_gmt":"2018-05-30T12:05:26","slug":"2-challenge-clara-seraphin-solution","status":"publish","type":"page","link":"https:\/\/forum-via.org\/de\/2-challenge-clara-seraphin-solution\/","title":{"rendered":"2. Challenge Clara &#038; Seraphin &#8211; Aufl\u00f6sung"},"content":{"rendered":"<p>Wie ist die 2. Challenge ausgegangen? Lies weiter, um mehr zu erfahren, was die Schulklassen herausgefunden haben und wie es Clara und Seraphin gegangen ist!<\/p>\n<p><strong>Clara &amp; Seraphin<\/strong><\/p>\n<p><em><a href=\"http:\/\/forum-via.org\/wp-content\/uploads\/2016\/04\/muellsack2.jpg\" rel=\"lightbox\"><img decoding=\"async\" loading=\"lazy\" class=\"alignleft wp-image-2598 size-thumbnail\" src=\"http:\/\/forum-via.org\/wp-content\/uploads\/2016\/04\/muellsack2-150x150.jpg\" alt=\"muellsack2\" width=\"150\" height=\"150\" srcset=\"https:\/\/forum-via.org\/wp-content\/uploads\/2016\/04\/muellsack2-150x150.jpg 150w, https:\/\/forum-via.org\/wp-content\/uploads\/2016\/04\/muellsack2-300x300.jpg 300w, https:\/\/forum-via.org\/wp-content\/uploads\/2016\/04\/muellsack2.jpg 640w\" sizes=\"(max-width: 150px) 100vw, 150px\" \/><\/a>&#8222;Wir haben einen Tag lang wirklich alles gesammelt, was bei uns in Hoi An in Vietnam angefallen ist &#8211; teilweise auch im Restaurant. Da waren wir schon nochmal geschockt, zum Beispiel was allein f\u00fcr ein Soda Zitrone anf\u00e4llt: eine Dose (!) Soda, 1 Strohhalm, 1 Zitronenscheibe, 1 Schirmchen. Das Fr\u00fchst\u00fcck haben wir selbst zubereitet und bemerkt, dass da auch ganz sch\u00f6n viel anf\u00e4llt (siehe Foto): 2 Plastikbecher, 1 Plastikflasche, Verpackung f\u00fcr Apfel, etc. <a href=\"http:\/\/forum-via.org\/wp-content\/uploads\/2016\/04\/muellsack1.jpg\" rel=\"lightbox\"><img decoding=\"async\" loading=\"lazy\" class=\"alignright wp-image-2597\" src=\"http:\/\/forum-via.org\/wp-content\/uploads\/2016\/04\/muellsack1-150x150.jpg\" alt=\"muellsack1\" width=\"121\" height=\"121\" srcset=\"https:\/\/forum-via.org\/wp-content\/uploads\/2016\/04\/muellsack1-150x150.jpg 150w, https:\/\/forum-via.org\/wp-content\/uploads\/2016\/04\/muellsack1-300x300.jpg 300w, https:\/\/forum-via.org\/wp-content\/uploads\/2016\/04\/muellsack1.jpg 640w\" sizes=\"(max-width: 121px) 100vw, 121px\" \/><\/a><\/em><\/p>\n<p><em>Beim Reisen in Asien sind generell vor allem Plastikflaschen ein Thema. Das Leitungswasser ist ja nicht trinkbar, deshalb k\u00f6nnen wir dem Plastikwahn hier sehr schwer entgehen. Wir bem\u00fchen uns, zumindest 1,5l-Flaschen zu kaufen, aber in den hei\u00dfen Regionen werden das auch gleich ein paar pro Tag.<\/em><\/p>\n<p><em><a href=\"http:\/\/forum-via.org\/wp-content\/uploads\/2016\/04\/muellsack-und-fruehstueck.jpg\" rel=\"lightbox\"><img decoding=\"async\" loading=\"lazy\" class=\"alignleft wp-image-2599\" src=\"http:\/\/forum-via.org\/wp-content\/uploads\/2016\/04\/muellsack-und-fruehstueck-150x150.jpg\" alt=\"muellsack und fruehstueck\" width=\"168\" height=\"168\" \/><\/a>Beim Einkaufen verzichten wir fast immer auf Plastiksackerl, da sind die Leute meist sehr \u00fcberrascht und verstehen manchmal nicht, warum wir das Eingekaufte (teils ein bissl m\u00fchsam) in der Hand tragen. Andere, die es verstehen, lachen und es wirkt, als w\u00fcrden sie sich schon ein wenig freuen, dass sich irgendwer Gedanken zum M\u00fcll in ihrem Land macht. Doch es sollten noch ein wenig mehr werden, denn wie ihr ja an den Fotos bereits gesehen habt, ist hier noch einiges zu tun &#8230;&#8220;<\/em><\/p>\n<p><strong>Und was haben die Schulklassen des Bundesrealgymnasiums Ringstra\u00dfe in Krems und der GWIKU18 Haizingergasse in Wien herausgefunden?<\/strong><\/p>\n<p>Die <strong>6C in Haizingergasse<\/strong> hat folgendes zu ihrer <a href=\"http:\/\/forum-via.org\/wp-content\/uploads\/2016\/04\/fotos-von-der-schule4.jpg\" rel=\"lightbox\"><img decoding=\"async\" loading=\"lazy\" class=\"alignright wp-image-2621\" src=\"http:\/\/forum-via.org\/wp-content\/uploads\/2016\/04\/fotos-von-der-schule4.jpg\" alt=\"fotos von der schule4\" width=\"141\" height=\"193\" \/><\/a>eigenen M\u00fcllerzeugung geschrieben und ein paar Fotos von ihrem M\u00fcll geschickt:<\/p>\n<p>&#8222;Unsere Ergebnisse haben gezeigt, dass wir, die Sch\u00fclerInnen, der 6C eigentlich sehr umweltbewusst sind. Wir essen zu Mittag oft zuhause, wobei dann nat\u00fcrlich kaum M\u00fcll entsteht, da wir es nur aufw\u00e4rmen m\u00fcssen, beziehungsweise nehmen wir unser Essen oft in Glasbeh\u00e4ltern mit in die Schule. Die meisten von uns benutzen auch Glasflaschen.<br \/>\nWelchen M\u00fcll wir \u00fcberhaupt nicht <a href=\"http:\/\/forum-via.org\/wp-content\/uploads\/2016\/04\/fotos-von-der-schule2.jpg\" rel=\"lightbox\"><img decoding=\"async\" loading=\"lazy\" class=\"alignright wp-image-2623\" src=\"http:\/\/forum-via.org\/wp-content\/uploads\/2016\/04\/fotos-von-der-schule2.jpg\" alt=\"\" width=\"141\" height=\"116\" \/><\/a>verstehen, sind jene der Gem\u00fcse und Obst Verpackungen. Viele kann man nicht lose kaufen, <a href=\"http:\/\/forum-via.org\/wp-content\/uploads\/2016\/04\/fotos-von-der-schule3.jpg\" rel=\"lightbox\"><img decoding=\"async\" loading=\"lazy\" class=\"alignleft wp-image-2624\" src=\"http:\/\/forum-via.org\/wp-content\/uploads\/2016\/04\/fotos-von-der-schule3.jpg\" alt=\"\" width=\"99\" height=\"77\" \/><\/a>sondern nur in Styroportassen und Plastikh\u00fcllen. Im Unterricht haben wir uns online ein Gesch\u00e4ft angesehen, welches nur lose Produkte, angefangen von Obst \u00fcber Gem\u00fcse, bis hin zu Fleisch oder auch <a href=\"http:\/\/forum-via.org\/wp-content\/uploads\/2016\/04\/fotos-von-der-schule1.jpg\" rel=\"lightbox\"><img decoding=\"async\" loading=\"lazy\" class=\"alignleft wp-image-2622\" src=\"http:\/\/forum-via.org\/wp-content\/uploads\/2016\/04\/fotos-von-der-schule1.jpg\" alt=\"\" width=\"99\" height=\"77\" \/><\/a>Shampoo und andere Produkte, die man sich selbst in Glasbeh\u00e4lter abf\u00fcllen kann. Das fanden wir wirklich interessant und hoffen, dass sich dieser Trend auch in normalen Superm\u00e4rkten durchsetzen wird.&#8220;<\/p>\n<p>Zu den 3 Fragen der Challenge haben die Sch\u00fclerInnen des Bundesrealgymnasiums Ringstra\u00dfe in Krems folgendes herausgefunden:<\/p>\n<p><strong>Frage 1: Wie lange brauchen 1 Banane, 1 Zeitung, 1 Apfel, 1 Plastikflasche, 1 Autoreifen, 1 Blechdose, 1 Kaugummi zum Verrotten?<\/strong><\/p>\n<p><strong>Antwort:<a href=\"http:\/\/forum-via.org\/wp-content\/uploads\/2016\/04\/how-long-until-its-gone.png\" rel=\"lightbox\"><img decoding=\"async\" loading=\"lazy\" class=\"wp-image-2610 alignright\" src=\"http:\/\/forum-via.org\/wp-content\/uploads\/2016\/04\/how-long-until-its-gone-300x216.png\" alt=\"\" width=\"218\" height=\"160\" \/><\/a><\/strong><br \/>\nBanane: 2 Jahre<br \/>\nZeitung: 6 Wochen \/1 -3 Jahre<br \/>\nApfel: 2 Monate<br \/>\nPlastikflasche: 450 Jahre<br \/>\nAutoreifen: 1000 Jahre<br \/>\nBlechdose: 50 Jahre<br \/>\nKaugummi: 5 Jahre<\/p>\n<p><strong>Frage 2: Was passiert, wenn man M\u00fcll (Plastik) verbrennt? Wie wirkt es sich auf die Umwelt\/ auf die Gesundheit aus?<\/strong><\/p>\n<blockquote><p>&#8222;Es kann sowohl sch\u00e4dlich f\u00fcr den Menschen als auch f\u00fcr die Umwelt sein.<br \/>\nEs k\u00f6nnen Abgase aus Wasserdampf, CO2, Kohlenmonoxid und Ru\u00df sowie Aromate (Benzol,\u2026) entstehen. Diese sind teils hochgiftig (z.B. CO), k\u00f6nnen langfristige Sch\u00e4den hervorrufen und auch krebserregend sein. Es kommt auf alle F\u00e4lle darauf an, um welche Art von Plastik es sich handelt. Verrottung von Plastik dauert zwischen 100 und 200 Jahre.&#8220;<\/p><\/blockquote>\n<p><strong>Frage 3: Wie viel M\u00fcll f\u00e4llt in \u00d6sterreich, wieviel in Asien pro Kopf an?<\/strong><\/p>\n<blockquote><p>&#8222;587 Kilogramm Abfall produziert ein \u00d6sterreicher bzw. eine \u00d6sterreicherin pro Jahr.&#8220;<\/p>\n<p>&#8222;Laut Prognose produziert jede Person in der Region Europa und Zentralasien im Jahr 2025 rund 1,5 Kilogramm Siedlungsabfall pro Tag.&#8220;<\/p><\/blockquote>\n<p><a href=\"http:\/\/forum-via.org\/wp-content\/uploads\/2016\/04\/Abfallaufkommen-pro-Kopf-in-ausg.-Staaten.png\" rel=\"lightbox\"><img decoding=\"async\" loading=\"lazy\" class=\"aligncenter wp-image-2616 size-full\" src=\"http:\/\/forum-via.org\/wp-content\/uploads\/2016\/04\/Abfallaufkommen-pro-Kopf-in-ausg.-Staaten.png\" alt=\"\" width=\"471\" height=\"324\" srcset=\"https:\/\/forum-via.org\/wp-content\/uploads\/2016\/04\/Abfallaufkommen-pro-Kopf-in-ausg.-Staaten.png 471w, https:\/\/forum-via.org\/wp-content\/uploads\/2016\/04\/Abfallaufkommen-pro-Kopf-in-ausg.-Staaten-300x206.png 300w, https:\/\/forum-via.org\/wp-content\/uploads\/2016\/04\/Abfallaufkommen-pro-Kopf-in-ausg.-Staaten-436x300.png 436w\" sizes=\"(max-width: 471px) 100vw, 471px\" \/><\/a><\/p>\n","protected":false},"excerpt":{"rendered":"<p>Wie ist die 2. Challenge ausgegangen? Lies weiter, um mehr zu erfahren, was die Schulklassen herausgefunden haben und wie es Clara und Seraphin gegangen ist! Clara &amp; Seraphin &#8222;Wir haben einen Tag lang wirklich alles gesammelt, was bei uns in Hoi An in Vietnam angefallen ist &#8211; teilweise auch im Restaurant. Da waren wir schon nochmal geschockt, zum Beispiel was allein f\u00fcr ein Soda Zitrone anf\u00e4llt: eine Dose (!) Soda, 1 Strohhalm, 1 Zitronenscheibe, 1 Schirmchen. Das Fr\u00fchst\u00fcck haben wir&hellip;<\/p>\n","protected":false},"author":1,"featured_media":0,"parent":0,"menu_order":0,"comment_status":"closed","ping_status":"closed","template":"","meta":{"footnotes":""},"translation":{"provider":"WPGlobus","version":"3.0.2","language":"de","enabled_languages":["en","de"],"languages":{"en":{"title":true,"content":true,"excerpt":false},"de":{"title":true,"content":true,"excerpt":false}}},"acf":[],"_links":{"self":[{"href":"https:\/\/forum-via.org\/de\/wp-json\/wp\/v2\/pages\/2594"}],"collection":[{"href":"https:\/\/forum-via.org\/de\/wp-json\/wp\/v2\/pages"}],"about":[{"href":"https:\/\/forum-via.org\/de\/wp-json\/wp\/v2\/types\/page"}],"author":[{"embeddable":true,"href":"https:\/\/forum-via.org\/de\/wp-json\/wp\/v2\/users\/1"}],"replies":[{"embeddable":true,"href":"https:\/\/forum-via.org\/de\/wp-json\/wp\/v2\/comments?post=2594"}],"version-history":[{"count":18,"href":"https:\/\/forum-via.org\/de\/wp-json\/wp\/v2\/pages\/2594\/revisions"}],"predecessor-version":[{"id":4206,"href":"https:\/\/forum-via.org\/de\/wp-json\/wp\/v2\/pages\/2594\/revisions\/4206"}],"wp:attachment":[{"href":"https:\/\/forum-via.org\/de\/wp-json\/wp\/v2\/media?parent=2594"}],"curies":[{"name":"wp","href":"https:\/\/api.w.org\/{rel}","templated":true}]}}