{"id":2636,"date":"2016-06-08T22:22:42","date_gmt":"2016-06-08T20:22:42","guid":{"rendered":"http:\/\/forum-via.org\/?page_id=2636"},"modified":"2018-05-30T13:58:19","modified_gmt":"2018-05-30T11:58:19","slug":"3-challenge-clara-seraphin","status":"publish","type":"page","link":"https:\/\/forum-via.org\/de\/3-challenge-clara-seraphin\/","title":{"rendered":"3. Challenge Clara &#038; Seraphin"},"content":{"rendered":"<p>&nbsp;<\/p>\n<div class=\"ctsc-focus ctsc-focus-normal \" style=\" background:#bae3e3;\">\n<p>Hier gehts zur <a href=\"http:\/\/forum-via.org\/de\/3-challenge-clara-seraphin-solution\/\">Aufl\u00f6sung der Challenge<\/a><br \/>\n<\/div>\n<p>Hallo ihr Lieben!<\/p>\n<p>Wir sind inzwischen in Myanmar gelandet, einem unheimlic<a href=\"http:\/\/forum-via.org\/wp-content\/uploads\/2016\/06\/DSCN7912_opt.jpg\" rel=\"lightbox\"><img decoding=\"async\" loading=\"lazy\" class=\"wp-image-2642 alignright\" src=\"http:\/\/forum-via.org\/wp-content\/uploads\/2016\/06\/DSCN7912_opt.jpg\" width=\"152\" height=\"118\" \/><\/a>h spannenden Land, das sich gerade in einem gro\u00dfen Umschwung befindet &#8211; das autorit\u00e4re Milit\u00e4rregime, das mehr als 50 Jahre an der Macht war, wurde vor zwei Monaten offiziell von den Demokraten abgel\u00f6st! Da es hier so viel Interessantes gibt, wollen wir euch das nicht vorenthalten und haben uns eine Challenge \u00fcberlegt.<\/p>\n<p>Lasst euch kurz von uns durch die Situation in diesem Land f\u00fchren &#8211; hin zu unserer Challenge &#8230;<\/p>\n<p>Vor der \u00d6ffnung Myanmars vor rund 10 Jahren waren die Burmanen v\u00f6llig abgeschottet: Kein Internet, keine Handys (Sim-Karte kostete angeblich 15000 USD), nur lokale Fernsehsender und Produkte. Aus- und Einreise war sehr schwierig, die Einheimischen hatten keine Reisep\u00e4sse und wurden &#8211; wenn sie viel Geld bezahlten und doch mal ausreisen konnten &#8211; bei der R\u00fcckkehr wie Spione behandelt, kurzzeitig im Gef\u00e4ngnis gehalten, vernommen. Die meisten hier sind aber ohnehin arme Bauern, auch heute noch, und h\u00e4tten sich das nie leisten k\u00f6nnen. Touristen d\u00fcrften keine ins Land. Die Einheimischen wussten also lange nicht, wie es au\u00dferhalb der eigenen Grenzen aussieht und waren dem Milit\u00e4rregime unterworfen. Das ging so weit, dass man ihnen vorschrieb, wie sie bei den Wahlen zu w\u00e4hlen hatten: &#8222;Das Kreuzerl hier ist falsch, du musst es dort machen.&#8220; So hat es uns ein einheimischer Restaurantbesitzer erz\u00e4hlt &#8230;<\/p>\n<p><a href=\"http:\/\/forum-via.org\/wp-content\/uploads\/2016\/06\/DSCN7864_opt.jpg\" rel=\"lightbox\"><img decoding=\"async\" loading=\"lazy\" class=\"alignnone wp-image-2658\" src=\"http:\/\/forum-via.org\/wp-content\/uploads\/2016\/06\/DSCN7864_opt-150x150.jpg\" alt=\"DSCN7864_opt\" width=\"100\" height=\"75\" srcset=\"https:\/\/forum-via.org\/wp-content\/uploads\/2016\/06\/DSCN7864_opt-300x225.jpg 300w, https:\/\/forum-via.org\/wp-content\/uploads\/2016\/06\/DSCN7864_opt.jpg 400w\" sizes=\"(max-width: 100px) 100vw, 100px\" \/><\/a><a href=\"http:\/\/forum-via.org\/wp-content\/uploads\/2016\/06\/DSCN8942_opt.jpg\" rel=\"lightbox\"><img decoding=\"async\" loading=\"lazy\" class=\"alignnone wp-image-2647\" src=\"http:\/\/forum-via.org\/wp-content\/uploads\/2016\/06\/DSCN8942_opt-150x150.jpg\" alt=\"DSCN8942_opt\" width=\"100\" height=\"75\" srcset=\"https:\/\/forum-via.org\/wp-content\/uploads\/2016\/06\/DSCN8942_opt-300x225.jpg 300w, https:\/\/forum-via.org\/wp-content\/uploads\/2016\/06\/DSCN8942_opt.jpg 400w\" sizes=\"(max-width: 100px) 100vw, 100px\" \/><\/a><a href=\"http:\/\/forum-via.org\/wp-content\/uploads\/2016\/06\/DSCN7607_opt.jpg\" rel=\"lightbox\"><img decoding=\"async\" loading=\"lazy\" class=\"alignnone wp-image-2656\" src=\"http:\/\/forum-via.org\/wp-content\/uploads\/2016\/06\/DSCN7607_opt-150x150.jpg\" alt=\"DSCN7607_opt\" width=\"100\" height=\"75\" srcset=\"https:\/\/forum-via.org\/wp-content\/uploads\/2016\/06\/DSCN7607_opt-300x225.jpg 300w, https:\/\/forum-via.org\/wp-content\/uploads\/2016\/06\/DSCN7607_opt.jpg 400w\" sizes=\"(max-width: 100px) 100vw, 100px\" \/><\/a><a href=\"http:\/\/forum-via.org\/wp-content\/uploads\/2016\/06\/DSCN7567_opt.jpg\" rel=\"lightbox\"><img decoding=\"async\" loading=\"lazy\" class=\"alignnone wp-image-2653\" src=\"http:\/\/forum-via.org\/wp-content\/uploads\/2016\/06\/DSCN7567_opt-150x150.jpg\" alt=\"DSCN7567_opt\" width=\"100\" height=\"75\" srcset=\"https:\/\/forum-via.org\/wp-content\/uploads\/2016\/06\/DSCN7567_opt-300x225.jpg 300w, https:\/\/forum-via.org\/wp-content\/uploads\/2016\/06\/DSCN7567_opt.jpg 400w\" sizes=\"(max-width: 100px) 100vw, 100px\" \/><\/a><a href=\"http:\/\/forum-via.org\/wp-content\/uploads\/2016\/06\/DSCN7420_opt.jpg\" rel=\"lightbox\"><img decoding=\"async\" loading=\"lazy\" class=\"alignnone wp-image-2651\" src=\"http:\/\/forum-via.org\/wp-content\/uploads\/2016\/06\/DSCN7420_opt-150x150.jpg\" alt=\"DSCN7420_opt\" width=\"100\" height=\"75\" srcset=\"https:\/\/forum-via.org\/wp-content\/uploads\/2016\/06\/DSCN7420_opt-300x225.jpg 300w, https:\/\/forum-via.org\/wp-content\/uploads\/2016\/06\/DSCN7420_opt.jpg 400w\" sizes=\"(max-width: 100px) 100vw, 100px\" \/><\/a><\/p>\n<p>Vieles \u00e4nderte sich (jetzt schon!) nach der Wahl vor rund 2 Monaten: Die demokratische Partei unter Friedensnobelpreistr\u00e4gerin Aung San Suu Kyi gewann und kam diesmal auch an die Macht. Einheimische erz\u00e4hlten uns freudig von dem Ereignis, einige hatten Plakate mit ihrem Gesicht aufgeh\u00e4ngt. Andere zeigen sich verhalten, so als h\u00e4tten sie ein wenig Angst, ihre Meinung zu laut auszusprechen. Doch einige Vorteile bekamen wir sofort zu Ohren: Restaurants bekommen jetzt Hilfe, ihre Gesundheitsstandards einzuhalten\/ zu verbessern, Schulen werden verbessert, das Volk wird aufgefordert, korrupte Polizisten zu filmen und online zu melden. Einiges wird sich wohl verbessern.<\/p>\n<p>Trotzdem ist das Volk nach vielen Jahren hinter geschlossenen Grenzen in einigen Bereichen unerfahren. Damit das Land und seine B\u00fcrgerInnen nicht von lokalen und globalen Herausforderungen und Interessen \u00fcberw\u00e4ltigt werden und den neu gewonnenen Handlungsspielraum gut nutzen k\u00f6nnen, bietet die NGO <a href=\"http:\/\/www.need-burma.org\/\" target=\"_blank\" rel=\"noopener\"><strong>NEED Burma<\/strong><\/a> seit einigen Jahren &#8222;Capacity Building&#8220; Programme an. Die Programme der einheimischen NGO haben einen Fokus auf F\u00f6rderung von Know-How und Wissen u.a. in den Bereichen nachhaltige Landwirtschaft, aber sind auch allgemein auf die Zivilgesellschaft bezogen:<\/p>\n<blockquote><p>&#8222;NEED educates, trains and empowers the next generation of Burmese civil society leaders in sustainable agriculture, environmental conservation and community-based economic development in order to protect the livelihood, interests, and human rights of all Burmese people.&#8220;<\/p><\/blockquote>\n<p>Und wie das funktioniert?<\/p>\n<blockquote><p>&#8222;Through the motivation and education of social change-makers within Burmese civil society, so that they may engage in sustainable development by putting critical thinking and theory into practice. Through the exploration of alternative development paths that takes into consideration the diverse ethnicities, religions, local knowledge and cultures of Burma.&#8220;<\/p><\/blockquote>\n<p>In 10-monatigen Programmen wird all das vermittelt. Nun zur Challenge &#8230;<\/p>\n<p><strong>CHALLENGE: MYANMAR<\/strong><br \/>\nWir haben die Gelegenheit, die NGO auf ihrer Eco Village Farm School zu besuchen und den Leiter der NGO zu interviewen und haben dazu eine Challenge, f\u00fcr die wir eure Hilfe brauchen: Zwei Via-Botschafter waren bereits einmal bei NEED Burma und haben ein Interview f\u00fcr euch zusammengeschnitten. Seht euch das doch einmal an:<\/p>\n<p><iframe loading=\"lazy\" src=\"https:\/\/www.youtube.com\/embed\/nb7ATesWgzE\" width=\"600\" height=\"400\" frameborder=\"0\" allowfullscreen=\"allowfullscreen\" data-mce-fragment=\"1\"><\/iframe><\/p>\n<p>Was ist euer Empfinden? Wie sch\u00e4tzt ihr die Lage ein? Der Besuch der NGO ist DIE Chance, unsere eigenen und eure Vorstellungen von der Situation im Land mit denen eines lokalen Experten zu vergleichen. Was sind daher Fragen, die euch f\u00fcr NEED Burma in den Sinn kommen? Uns brennen die folgenden Fragen zur Situation im Land und zu den Aktivit\u00e4ten von NEED Burma unter den N\u00e4geln und es w\u00e4re super, wenn ihr sie f\u00fcr uns recherchieren bzw. diskutieren k\u00f6nntet, damit wir sie vor dem Treffen mit NEED Burma haben:<\/p>\n<ul>\n<li>Welche Bedeutung k\u00f6nnte der <a href=\"http:\/\/forum-via.org\/wp-content\/uploads\/2016\/06\/DSCN9037_opt.jpg\" rel=\"lightbox\"><img decoding=\"async\" loading=\"lazy\" class=\" wp-image-2648 alignright\" src=\"http:\/\/forum-via.org\/wp-content\/uploads\/2016\/06\/DSCN9037_opt.jpg\" alt=\"DSCN9037_opt\" width=\"140\" height=\"201\" \/><\/a>Regierungswechsel f\u00fcr die einheimischen Bauern haben? Wie k\u00f6nnten\/werden sie profitieren?<\/li>\n<li>Gibt es ein spezielles Projekt von NEED Burma, das auf diesen Wandel eingeht?<\/li>\n<li>K\u00f6nnen NGOs wie NEED Burma selbst von der neuen Regierung profitieren? Wenn ja, wie?<\/li>\n<li>Seit der \u00d6ffnung d\u00fcrfen auch ausl\u00e4ndische Firmen und Investoren ins Land. Wie k\u00f6nnte sich das langfristig auf die Bev\u00f6lkerung auswirken? Was bedeutet das \u00fcberhaupt f\u00fcr ein Land?<\/li>\n<li>Was muss passieren, damit das Geld, das so ins Land flie\u00dft, auch gerecht verteilt wird?<\/li>\n<li>NEED hat zur schrittweisen \u00d6ffnung bereits 2014 <strong><a href=\"http:\/\/www.need-burma.org\/our-projects\/llet-training-program\" target=\"_blank\" rel=\"noopener\">ein Projekt<\/a><\/strong> gestartet. Was will man den Menschen damit und eventuellen weiteren Projekten vermitteln?<\/li>\n<li>Warum ist eine starke Zivilgesellschaft gerade besonders wichtig in Myanmar?<\/li>\n<\/ul>\n<p>Fallen euch noch andere Fragen ein, die wir Khaing Wan, dem Begr\u00fcnder der NGO vor Ort stellen sollen? Bitte schickt sie uns allersp\u00e4testens bis Freitag, dem 27.5, damit wir gut vorbereitet in das Gespr\u00e4ch gehen k\u00f6nnen! Per Email haben wir Khaing Wan n\u00e4mlich schon angek\u00fcndigt, dass wir nicht nur unsere Fragen, sondern auch Fragen von einer Schulklasse in \u00d6sterreich mitbringen werden \ud83d\ude09<\/p>\n<p>Wir sind auch gespannt auf eure Gruppen-Diskussionsergebnisse zu den Fragen oben &#8211; und lassen uns \u00fcberraschen, in welcher Form ihr sie sammelt und sie uns zur\u00fcckschickt (abfotografierte Poster\/Flipcharts, Film auf Youtube, Audiomitschnitt etc..) Kommendes Wochenende werden wir dann die Antworten vor Ort f\u00fcr euch einzuholen. Es wird sicher spannend, unsere und eure \u00dcberlegungen mit den Einsch\u00e4tzungen des Experten zu vergleichen! \ud83d\ude42<\/p>\n<p>Also, wir freuen uns auf eure Antwort und schicken euch ganz liebe Gr\u00fc\u00dfe aus Yangon!<br \/>\nClara &amp; Sera<\/p>\n<p><a href=\"http:\/\/forum-via.org\/wp-content\/uploads\/2016\/06\/DSCN8372_opt.jpg\" rel=\"lightbox\"><img decoding=\"async\" loading=\"lazy\" class=\"alignnone wp-image-2663\" src=\"http:\/\/forum-via.org\/wp-content\/uploads\/2016\/06\/DSCN8372_opt.jpg\" alt=\"DSCN8372_opt\" width=\"150\" height=\"113\" srcset=\"https:\/\/forum-via.org\/wp-content\/uploads\/2016\/06\/DSCN8372_opt.jpg 400w, https:\/\/forum-via.org\/wp-content\/uploads\/2016\/06\/DSCN8372_opt-300x225.jpg 300w\" sizes=\"(max-width: 150px) 100vw, 150px\" \/><\/a><a href=\"http:\/\/forum-via.org\/wp-content\/uploads\/2016\/06\/DSCN8162_opt.jpg\" rel=\"lightbox\"><img decoding=\"async\" loading=\"lazy\" class=\"alignnone wp-image-2660\" src=\"http:\/\/forum-via.org\/wp-content\/uploads\/2016\/06\/DSCN8162_opt.jpg\" alt=\"DSCN8162_opt\" width=\"85\" height=\"113\" srcset=\"https:\/\/forum-via.org\/wp-content\/uploads\/2016\/06\/DSCN8162_opt.jpg 400w, https:\/\/forum-via.org\/wp-content\/uploads\/2016\/06\/DSCN8162_opt-225x300.jpg 225w\" sizes=\"(max-width: 85px) 100vw, 85px\" \/><\/a><a href=\"http:\/\/forum-via.org\/wp-content\/uploads\/2016\/06\/DSCN8228_opt.jpg\" rel=\"lightbox\"><img decoding=\"async\" loading=\"lazy\" class=\"alignnone wp-image-2662\" src=\"http:\/\/forum-via.org\/wp-content\/uploads\/2016\/06\/DSCN8228_opt.jpg\" alt=\"DSCN8228_opt\" width=\"150\" height=\"113\" srcset=\"https:\/\/forum-via.org\/wp-content\/uploads\/2016\/06\/DSCN8228_opt.jpg 400w, https:\/\/forum-via.org\/wp-content\/uploads\/2016\/06\/DSCN8228_opt-300x225.jpg 300w\" sizes=\"(max-width: 150px) 100vw, 150px\" \/><\/a><a href=\"http:\/\/forum-via.org\/wp-content\/uploads\/2016\/06\/DSCN8166_opt.jpg\" rel=\"lightbox\"><img decoding=\"async\" loading=\"lazy\" class=\"alignnone wp-image-2661\" src=\"http:\/\/forum-via.org\/wp-content\/uploads\/2016\/06\/DSCN8166_opt.jpg\" alt=\"DSCN8166_opt\" width=\"80\" height=\"113\" srcset=\"https:\/\/forum-via.org\/wp-content\/uploads\/2016\/06\/DSCN8166_opt.jpg 400w, https:\/\/forum-via.org\/wp-content\/uploads\/2016\/06\/DSCN8166_opt-213x300.jpg 213w\" sizes=\"(max-width: 80px) 100vw, 80px\" \/><\/a><\/p>\n<p><strong><a href=\"http:\/\/forum-via.org\/projekte\/sustainability-adventure\/challenges-de\/clara-seraphins-challenges\/3-challenge-burma\/3-challenge-burma-auflosung\/\">HIER<\/a> kannst du entdecken, wie die Challenge ausgegangen ist!<\/strong><\/p>\n<p>&nbsp;<\/p>\n","protected":false},"excerpt":{"rendered":"<p>&nbsp; Hallo ihr Lieben! Wir sind inzwischen in Myanmar gelandet, einem unheimlich spannenden Land, das sich gerade in einem gro\u00dfen Umschwung befindet &#8211; das autorit\u00e4re Milit\u00e4rregime, das mehr als 50 Jahre an der Macht war, wurde vor zwei Monaten offiziell von den Demokraten abgel\u00f6st! Da es hier so viel Interessantes gibt, wollen wir euch das nicht vorenthalten und haben uns eine Challenge \u00fcberlegt. Lasst euch kurz von uns durch die Situation in diesem Land f\u00fchren &#8211; hin zu unserer Challenge&hellip;<\/p>\n","protected":false},"author":1,"featured_media":0,"parent":0,"menu_order":0,"comment_status":"closed","ping_status":"closed","template":"","meta":{"footnotes":""},"translation":{"provider":"WPGlobus","version":"3.0.2","language":"de","enabled_languages":["en","de"],"languages":{"en":{"title":true,"content":true,"excerpt":false},"de":{"title":true,"content":true,"excerpt":false}}},"acf":[],"_links":{"self":[{"href":"https:\/\/forum-via.org\/de\/wp-json\/wp\/v2\/pages\/2636"}],"collection":[{"href":"https:\/\/forum-via.org\/de\/wp-json\/wp\/v2\/pages"}],"about":[{"href":"https:\/\/forum-via.org\/de\/wp-json\/wp\/v2\/types\/page"}],"author":[{"embeddable":true,"href":"https:\/\/forum-via.org\/de\/wp-json\/wp\/v2\/users\/1"}],"replies":[{"embeddable":true,"href":"https:\/\/forum-via.org\/de\/wp-json\/wp\/v2\/comments?post=2636"}],"version-history":[{"count":16,"href":"https:\/\/forum-via.org\/de\/wp-json\/wp\/v2\/pages\/2636\/revisions"}],"predecessor-version":[{"id":4210,"href":"https:\/\/forum-via.org\/de\/wp-json\/wp\/v2\/pages\/2636\/revisions\/4210"}],"wp:attachment":[{"href":"https:\/\/forum-via.org\/de\/wp-json\/wp\/v2\/media?parent=2636"}],"curies":[{"name":"wp","href":"https:\/\/api.w.org\/{rel}","templated":true}]}}