{"id":2669,"date":"2016-06-08T23:58:38","date_gmt":"2016-06-08T21:58:38","guid":{"rendered":"http:\/\/forum-via.org\/?page_id=2669"},"modified":"2018-05-30T13:56:24","modified_gmt":"2018-05-30T11:56:24","slug":"3-challenge-clara-seraphin-solution","status":"publish","type":"page","link":"https:\/\/forum-via.org\/de\/3-challenge-clara-seraphin-solution\/","title":{"rendered":"3. Challenge Clara &#038; Seraphin &#8211; solution"},"content":{"rendered":"<p><strong>Was ist NEED Burma?<\/strong> Eine NGO, die 2006 von<a href=\"http:\/\/forum-via.org\/wp-content\/uploads\/2016\/06\/DSCN9286_opt.jpg\" rel=\"lightbox\"><img decoding=\"async\" loading=\"lazy\" class=\" wp-image-2649 alignright\" src=\"http:\/\/forum-via.org\/wp-content\/uploads\/2016\/06\/DSCN9286_opt.jpg\" alt=\"DSCN9286_opt\" width=\"107\" height=\"139\" \/><\/a> <strong>Khaing Dhu Wang<\/strong> in Chiang Mai in Thailand gegr\u00fcndet wurde. Er war vor langer Zeit vor dem Milit\u00e4rregime gefl\u00fcchtet und ausgewandert. Vor drei Jahren, nach der \u00d6ffnung der Grenzen, hat er in Myanmar Land gekauft und begonnen, eine Farm aufzubauen. Er lebt hier mit viel Idealismus und gro\u00dfem Eifer f\u00fcr den Gesellschaftswandel in Myanmar. Inzwischen bildet er jedes Jahr 40-50 Sch\u00fcler aus den l\u00e4ndlichen Gebieten Myanmars mit unterschiedlichen Backgrounds (u.a. aus verschiedenen, teils im Konflikt stehenden, ethnische Gruppen oder Religionsgemeinschaften) aus. Einerseits will er ihnen nachhaltige Landwirtschaft, rechtliche Grundlagen, Computerbasics und mehr n\u00e4herbringen. Andererseits ist es ein gro\u00dfer Wunsch, die eben genannten Unterschiede in der Gesellschaft zu vereinen. In dieser Einigung definiert er f\u00fcr sich Frieden, den er anstrebt.<\/p>\n<p>Dazu sagte uns <strong>Tham Shwe, Program Officer<\/strong>:<br \/>\nVIDEO folgt*<\/p>\n<p><strong>Ioa Khaoung, Alumni Coordinator<\/strong>, zeigt uns, was auf de Farm angebaut wird:<br \/>\nVIDEO folgt!*<\/p>\n<p><strong><a href=\"http:\/\/forum-via.org\/wp-content\/uploads\/2016\/06\/OLYMPUS-DIGITAL-CAMERA_188_opt.jpg\" rel=\"lightbox\"><img decoding=\"async\" loading=\"lazy\" class=\"alignnone wp-image-2677\" src=\"http:\/\/forum-via.org\/wp-content\/uploads\/2016\/06\/OLYMPUS-DIGITAL-CAMERA_188_opt.jpg\" width=\"151\" height=\"113\" srcset=\"https:\/\/forum-via.org\/wp-content\/uploads\/2016\/06\/OLYMPUS-DIGITAL-CAMERA_188_opt.jpg 400w, https:\/\/forum-via.org\/wp-content\/uploads\/2016\/06\/OLYMPUS-DIGITAL-CAMERA_188_opt-300x225.jpg 300w\" sizes=\"(max-width: 151px) 100vw, 151px\" \/><\/a><a href=\"http:\/\/forum-via.org\/wp-content\/uploads\/2016\/06\/OLYMPUS-DIGITAL-CAMERA_191_opt.jpg\" rel=\"lightbox\"><img decoding=\"async\" loading=\"lazy\" class=\"alignnone wp-image-2678\" src=\"http:\/\/forum-via.org\/wp-content\/uploads\/2016\/06\/OLYMPUS-DIGITAL-CAMERA_191_opt.jpg\" width=\"174\" height=\"113\" srcset=\"https:\/\/forum-via.org\/wp-content\/uploads\/2016\/06\/OLYMPUS-DIGITAL-CAMERA_191_opt.jpg 400w, https:\/\/forum-via.org\/wp-content\/uploads\/2016\/06\/OLYMPUS-DIGITAL-CAMERA_191_opt-300x195.jpg 300w\" sizes=\"(max-width: 174px) 100vw, 174px\" \/><\/a><a href=\"http:\/\/forum-via.org\/wp-content\/uploads\/2016\/06\/OLYMPUS-DIGITAL-CAMERA_194_opt.jpg\" rel=\"lightbox\"><img decoding=\"async\" loading=\"lazy\" class=\"alignnone wp-image-2679\" src=\"http:\/\/forum-via.org\/wp-content\/uploads\/2016\/06\/OLYMPUS-DIGITAL-CAMERA_194_opt.jpg\" width=\"151\" height=\"113\" srcset=\"https:\/\/forum-via.org\/wp-content\/uploads\/2016\/06\/OLYMPUS-DIGITAL-CAMERA_194_opt.jpg 400w, https:\/\/forum-via.org\/wp-content\/uploads\/2016\/06\/OLYMPUS-DIGITAL-CAMERA_194_opt-300x225.jpg 300w\" sizes=\"(max-width: 151px) 100vw, 151px\" \/><\/a><\/strong><\/p>\n<p><strong>Warum nachhaltige Landwirtschaft?<\/strong> Weil es gesundheitlich und umwelttechnisch wichtig ist und au\u00dferdem die Unabh\u00e4ngigkeit von gro\u00dfen Konzernen garantiert &#8211; zum Beispiel jenen, die g\u00fcnstige, aber schlechte Samen verkaufen, die nur einj\u00e4hrig sprie\u00dfen und danach unfruchtbar sind. Oder die Firmen preisen chemische Mittel an, die den Bauern rasche und g\u00fcnstige Sch\u00e4dlingsbek\u00e4mpfung und eine gute Ernte versprechen, aber in Wirklichkeit das Erdreich dauerhaft von den Mitteln (und dadurch von den Gro\u00dfkonzernen) abh\u00e4ngig machen. Bewirtschaftet man die Felder \u00f6kologisch, passiert das nicht. Khaing will als Gegenstimme zu den starken, \u00fcberzeugenden Konzernen dienen.<\/p>\n<p>Seht euch dazu gerne nochmal das Video der <strong>Kaffeefarm Honey Valley<\/strong> an, darin erkl\u00e4rt er ein \u00e4hnliches Prinzip:<\/p>\n<p><iframe loading=\"lazy\" src=\"https:\/\/www.youtube.com\/embed\/x4yXiJKSX_w\" width=\"600\" height=\"400\" frameborder=\"0\" allowfullscreen=\"allowfullscreen\" data-mce-fragment=\"1\"><\/iframe><\/p>\n<p><strong>Wie erfahren die Bauern am Land von NEED Burma?<\/strong> Durch lokale NGOs, mit denen NEED zusammenarbeitet, \u00fcber Mund-zu-Mund-Propaganda und Facebook. Das 10-monatige Ausbildungsprogramm inklusive Verpflegung und Unterkunft ist f\u00fcr alle Teilnehmer kostenlos. Viele, die davon wissen, k\u00f6nnen es sich dennoch nicht leisten, zuhause als Arbeitskraft zu fehlen.<\/p>\n<p><strong>Wie finanziert sich NEED?<\/strong> Geld flie\u00dft nur \u00fcber die <strong><a href=\"http:\/\/childsdream.org\/de\/\" target=\"_blank\" rel=\"noopener\">Child&#8217;s Dream Foundation<\/a><\/strong> herein und ein paar kleine Projekte, mit denen Khaing experimentiert (zB Pilzzucht). Das Gem\u00fcse, das geerntet wird, dient zur Versorgung der Crew und der Sch\u00fcler. Staatliche Unterst\u00fctzung gibt es keine.<\/p>\n<p><strong>K\u00f6nnen NGOs wie NEED Burma selbst von der neuen Regierung profitieren?<\/strong><br \/>\nWelche Bedeutung k\u00f6nnte der Regierungswechsel f\u00fcr die einheimischen Bauern haben?<br \/>\nMomentan erwartet Khaing keine Unterst\u00fctzung, weil die Regierung selbst kein Geld hat. Langfristig k\u00f6nnte er sich aber vorstellen, dass die neue &#8222;Staatsberaterin&#8220; (agiert eher als Ministerpr\u00e4sidentin, darf sie aber formell nicht sein, angeblich u.a. weil sie einen Ausl\u00e4nder geheiratet hat) <strong>Aung San Suu Kyi<\/strong> aber auch Geld f\u00fcr die Bauern schafft. So wie sie es jetzt schon f\u00fcr <a href=\"http:\/\/forum-via.org\/wp-content\/uploads\/2016\/06\/DSCN8523_opt.jpg\" rel=\"lightbox\"><img decoding=\"async\" loading=\"lazy\" class=\" wp-image-2643 alignright\" src=\"http:\/\/forum-via.org\/wp-content\/uploads\/2016\/06\/DSCN8523_opt.jpg\" alt=\"DSCN8523_opt\" width=\"161\" height=\"124\" \/><\/a>Schulen tut: die Steuern f\u00fcr Mobiltelefonie wurden um 5% erh\u00f6ht, das Geld flie\u00dft direkt in Schulen. Khaing selbst ist mit NLP-Politikern in Kontakt und erhofft sich auch von ihnen mehr Zusammenarbeit. Zum Beispiel auch, dass sein Trainingsprogramm staatlich anerkannt wird &#8211; in Form eines Zeugnisses der Universit\u00e4t.<\/p>\n<p><strong>Gibt es ein spezielles Projekt von NEED Burma, das auf diesen Wandel eingeht?<\/strong> ZB das LLET &#8211; <strong><a href=\"http:\/\/www.need-burma.org\/our-projects\/llet-training-program\" target=\"_blank\" rel=\"noopener\">Law, Land, Economics Training Program<\/a><\/strong>. Die Verkn\u00fcpfung dieser Bereiche ist enorm wichtig in Myanmar, weil laut Verfassung alle Ressourcen dem Staat geh\u00f6ren. Die Bauern sollen dar\u00fcber aufgekl\u00e4rt werden, momentan wei\u00df der Staat immer mehr als sie, wodurch sie enormen Nachteil erleiden. Das 3-monatige Programm soll sie u.a. \u00fcber ihre Rechte aufkl\u00e4ren. (Mehr dazu <strong><a href=\"http:\/\/www.need-burma.org\/our-projects\/llet-training-program\" target=\"_blank\" rel=\"noopener\">hier<\/a><\/strong>) Khaing rechnet zuk\u00fcnftig mit starker Popularit\u00e4t dieses Programmes.<\/p>\n<p><strong>Seit der \u00d6ffnung d\u00fcrfen auch ausl\u00e4ndische Firmen und Investoren ins Land. Wie k\u00f6nnte sich das langfristig auf die Bev\u00f6lkerung auswirken? Was bedeutet das \u00fcberhaupt f\u00fcr ein Land? Was muss passieren, damit das Geld, das so ins Land flie\u00dft, auch gerecht verteilt wird?<\/strong><br \/>\nFirmen (auch ausl\u00e4ndische) m\u00fcssen Steuern zahlen, die wiederum der Bev\u00f6lkerung zugut kommen &#8211; wenn die Regierung richtig und gerecht wirtschaftet. Wie anfangs bereits erkl\u00e4rt, erwartet sich Khaing das von Aung San Suu Kyi. Recht viel mehr konnte er zu der Frage auch nicht sagen, er ist wie viele anderen eher unsicher, was das Land erwartet.<\/p>\n<p><strong>Warum ist eine starke Zivilgesellschaft gerade besonders wichtig in Myanmar?<\/strong> Weil es in Myanmar so viele verschiedene (religi\u00f6se, kulturelle, ethnische) Gruppen gibt, die in Konflikt stehen. Teilweise in jahrzehntelangem B\u00fcrgerkrieg. Wenn der politische und gesellschaftliche Wandel erfolgreich gelingen soll, m\u00fcssen auch die unterschiedlichen Gruppen zusammenfinden und Frieden schlie\u00dfen. NEED setzt bei den Bauern an, die 90% der l\u00e4ndlichen Bev\u00f6lkerung ausmachen. Sie in den Programmen zu vereinen, ist ein erster Schritt zu einer st\u00e4rkeren Zivilgesellschaft.<\/p>\n<p><a href=\"http:\/\/forum-via.org\/wp-content\/uploads\/2016\/06\/DSCN7281_opt.jpg\" rel=\"lightbox\"><img decoding=\"async\" loading=\"lazy\" class=\"alignnone wp-image-2650\" src=\"http:\/\/forum-via.org\/wp-content\/uploads\/2016\/06\/DSCN7281_opt.jpg\" alt=\"DSCN7281_opt\" width=\"150\" height=\"113\" srcset=\"https:\/\/forum-via.org\/wp-content\/uploads\/2016\/06\/DSCN7281_opt.jpg 400w, https:\/\/forum-via.org\/wp-content\/uploads\/2016\/06\/DSCN7281_opt-300x225.jpg 300w\" sizes=\"(max-width: 150px) 100vw, 150px\" \/><\/a><a href=\"http:\/\/forum-via.org\/wp-content\/uploads\/2016\/06\/DSCN7828_opt.jpg\" rel=\"lightbox\"><img decoding=\"async\" loading=\"lazy\" class=\"alignnone wp-image-2657\" src=\"http:\/\/forum-via.org\/wp-content\/uploads\/2016\/06\/DSCN7828_opt.jpg\" alt=\"DSCN7828_opt\" width=\"182\" height=\"113\" srcset=\"https:\/\/forum-via.org\/wp-content\/uploads\/2016\/06\/DSCN7828_opt.jpg 400w, https:\/\/forum-via.org\/wp-content\/uploads\/2016\/06\/DSCN7828_opt-300x187.jpg 300w\" sizes=\"(max-width: 182px) 100vw, 182px\" \/><\/a><a href=\"http:\/\/forum-via.org\/wp-content\/uploads\/2016\/06\/DSCN7426_opt.jpg\" rel=\"lightbox\"><img decoding=\"async\" loading=\"lazy\" class=\"alignnone wp-image-2652\" src=\"http:\/\/forum-via.org\/wp-content\/uploads\/2016\/06\/DSCN7426_opt.jpg\" alt=\"DSCN7426_opt\" width=\"151\" height=\"113\" srcset=\"https:\/\/forum-via.org\/wp-content\/uploads\/2016\/06\/DSCN7426_opt.jpg 400w, https:\/\/forum-via.org\/wp-content\/uploads\/2016\/06\/DSCN7426_opt-300x225.jpg 300w\" sizes=\"(max-width: 151px) 100vw, 151px\" \/><\/a><\/p>\n<p><em>* Wegen eines technischen Problems k\u00f6nnen wir momentan nicht auf die Videos zugreifen. Hoffentlich bald!<\/em><\/p>\n<p>&nbsp;<\/p>\n","protected":false},"excerpt":{"rendered":"<p>Was ist NEED Burma? Eine NGO, die 2006 von Khaing Dhu Wang in Chiang Mai in Thailand gegr\u00fcndet wurde. Er war vor langer Zeit vor dem Milit\u00e4rregime gefl\u00fcchtet und ausgewandert. Vor drei Jahren, nach der \u00d6ffnung der Grenzen, hat er in Myanmar Land gekauft und begonnen, eine Farm aufzubauen. Er lebt hier mit viel Idealismus und gro\u00dfem Eifer f\u00fcr den Gesellschaftswandel in Myanmar. Inzwischen bildet er jedes Jahr 40-50 Sch\u00fcler aus den l\u00e4ndlichen Gebieten Myanmars mit unterschiedlichen Backgrounds (u.a. aus&hellip;<\/p>\n","protected":false},"author":1,"featured_media":0,"parent":0,"menu_order":0,"comment_status":"closed","ping_status":"closed","template":"","meta":{"footnotes":""},"translation":{"provider":"WPGlobus","version":"3.0.2","language":"de","enabled_languages":["en","de"],"languages":{"en":{"title":true,"content":true,"excerpt":false},"de":{"title":true,"content":true,"excerpt":false}}},"acf":[],"_links":{"self":[{"href":"https:\/\/forum-via.org\/de\/wp-json\/wp\/v2\/pages\/2669"}],"collection":[{"href":"https:\/\/forum-via.org\/de\/wp-json\/wp\/v2\/pages"}],"about":[{"href":"https:\/\/forum-via.org\/de\/wp-json\/wp\/v2\/types\/page"}],"author":[{"embeddable":true,"href":"https:\/\/forum-via.org\/de\/wp-json\/wp\/v2\/users\/1"}],"replies":[{"embeddable":true,"href":"https:\/\/forum-via.org\/de\/wp-json\/wp\/v2\/comments?post=2669"}],"version-history":[{"count":11,"href":"https:\/\/forum-via.org\/de\/wp-json\/wp\/v2\/pages\/2669\/revisions"}],"predecessor-version":[{"id":4213,"href":"https:\/\/forum-via.org\/de\/wp-json\/wp\/v2\/pages\/2669\/revisions\/4213"}],"wp:attachment":[{"href":"https:\/\/forum-via.org\/de\/wp-json\/wp\/v2\/media?parent=2669"}],"curies":[{"name":"wp","href":"https:\/\/api.w.org\/{rel}","templated":true}]}}