{"id":2687,"date":"2016-09-18T12:47:58","date_gmt":"2016-09-18T10:31:41","guid":{"rendered":"http:\/\/forum-via.org\/?page_id=2687"},"modified":"2018-05-30T12:35:58","modified_gmt":"2018-05-30T10:35:58","slug":"news-archive","status":"publish","type":"page","link":"https:\/\/forum-via.org\/de\/about-us\/via-in-the-media\/news-archive\/","title":{"rendered":"News-Archiv"},"content":{"rendered":"<p>Unten findest du die archivierten Forum-ViA-News angefangen beim aktuellsten Post (oben) bis zum \u00e4ltesten Post (unten).<\/p>\n<p>________________________________________________________________________<\/p>\n<p><a class=\"cboxElement\" href=\"http:\/\/forum-via.org\/wp-content\/uploads\/2013\/09\/CYOSA_logo.png\" rel=\"lightbox\"><img decoding=\"async\" loading=\"lazy\" class=\" wp-image-1524 aligncenter\" src=\"http:\/\/forum-via.org\/wp-content\/uploads\/2013\/09\/CYOSA_logo.png\" alt=\"CYOSA_logo\" width=\"223\" height=\"93\" \/><\/a><strong>Ein neues Jahr mit neuen ViA Botschaftern und einer neuen Partnerschule in einem neuen Land!<\/strong> Hannah und Mathis starteten ihre Weltreise als ViA Botschafter am 5. Dezember 2014 in Thailand. Ihre Nachhaltigkeits-Abenteuer teilen sie mit einer \u201eadoptierten\u201c Schulklasse in Essing (DE), die ihnen dabei helfen wird \u201eNachhaltigkeits-Challenges\u201c in aller Welt zu l\u00f6sen. Wir posten bald mehr Infos zu Hannah und Mathis und ihrer Schulklasse in Essing .. also schaut demn\u00e4chst wieder vorbei!<\/p>\n<p>________________________________________________________________________<\/p>\n<p><a class=\"cboxElement\" href=\"http:\/\/forum-via.org\/wp-content\/uploads\/2013\/07\/SeektheChange.jpg\" rel=\"lightbox\"><img decoding=\"async\" loading=\"lazy\" class=\"alignleft size-full wp-image-1868\" src=\"http:\/\/forum-via.org\/wp-content\/uploads\/2013\/07\/SeektheChange.jpg\" sizes=\"(max-width: 800px) 100vw, 800px\" srcset=\"http:\/\/forum-via.org\/wp-content\/uploads\/2013\/07\/SeektheChange.jpg 800w, http:\/\/forum-via.org\/wp-content\/uploads\/2013\/07\/SeektheChange-300x37.jpg 300w, http:\/\/forum-via.org\/wp-content\/uploads\/2013\/07\/SeektheChange-500x61.jpg 500w\" alt=\"SeektheChange\" width=\"800\" height=\"98\" \/><\/a>Es lebe die Vernetzung! Die Nachhaltigkeitswelt ist eine kleine Welt. Wir wurden \u00fcber Jenny von <a title=\"Baikal Environmental Wave\" href=\"http:\/\/www.facebook.com\/baikalvolna\" target=\"_blank\" rel=\"noopener\">Baikal Wave<\/a> in Irkutsk, Russland mit <strong>Emily Dunning<\/strong> vernetzt. Emily hat ein \u00e4hnliches Projekt wie wir und reist durch die Welt auf ihrer <a title=\"Seek the Change\" href=\"http:\/\/www.seekthechange.org\/\" target=\"_blank\" rel=\"noopener\">SEEK THE CHANGE<\/a> Journey. Dabei interviewt sie Menschen und Organisationen, die sich f\u00fcr eine nachhaltige Welt einsetzen. Auch wir hatten die Ehre von ihr per Skype interviewt zu werden. Das Ergebnis des Interviews hat sie <strong><a title=\"Forum ViA profile\" href=\"http:\/\/www.seekthechange.org\/profiles\/forum-via\/\" target=\"_blank\" rel=\"noopener\">hier<\/a><\/strong> auf ihrem Blog gepostet. Da wir sehr \u00e4hnliche Ziele haben, haben wir uns daf\u00fcr entschieden, uns zusammenzuschliessen und uns gegenseitig als Partner zu unterst\u00fctzen! Frei nach dem Motto: \u201eAlleine kommt man vielleicht schneller voran, aber zusammen kommt man weiter!\u201c<\/p>\n<p>________________________________________________________________________<\/p>\n<p><a class=\"cboxElement\" href=\"http:\/\/forum-via.org\/wp-content\/uploads\/2014\/11\/biorama_logo-e1416513254669.jpg\" rel=\"lightbox\"><img decoding=\"async\" loading=\"lazy\" class=\"alignleft wp-image-1830\" src=\"http:\/\/forum-via.org\/wp-content\/uploads\/2014\/11\/biorama_logo-e1416513254669.jpg\" alt=\"biorama_logo\" width=\"200\" height=\"62\" \/><\/a>Was steckt hinter dem ViA Nachhaltigkeits-Abenteuer? Das k\u00f6nnt ihr im Artikel \u201e<a title=\"Eine Weltreise als Schulfach\" href=\"http:\/\/www.biorama.eu\/eine-weltreise-als-schulfach\/\" target=\"_blank\" rel=\"noopener\">Eine Weltreise als Schulfach<\/a>\u201c von Doris Fr\u00f6hlich im \u00f6sterreichischen Magazin <a title=\"BIORAMA\" href=\"http:\/\/www.biorama.eu\/\" target=\"_blank\" rel=\"noopener\">BIORAMA<\/a> erfahren!<\/p>\n<p>________________________________________________________________________<\/p>\n<p><a class=\"cboxElement\" href=\"http:\/\/forum-via.org\/wp-content\/uploads\/2014\/08\/screenshot_seedbarkroot.jpg\" rel=\"lightbox\"><img decoding=\"async\" loading=\"lazy\" class=\"aligncenter wp-image-1615 size-medium\" src=\"http:\/\/forum-via.org\/wp-content\/uploads\/2014\/08\/screenshot_seedbarkroot-300x187.jpg\" sizes=\"(max-width: 300px) 100vw, 300px\" srcset=\"http:\/\/forum-via.org\/wp-content\/uploads\/2014\/08\/screenshot_seedbarkroot-300x187.jpg 300w, http:\/\/forum-via.org\/wp-content\/uploads\/2014\/08\/screenshot_seedbarkroot-1024x640.jpg 1024w, http:\/\/forum-via.org\/wp-content\/uploads\/2014\/08\/screenshot_seedbarkroot-479x300.jpg 479w, http:\/\/forum-via.org\/wp-content\/uploads\/2014\/08\/screenshot_seedbarkroot.jpg 1062w\" alt=\"screenshot_seedbarkroot\" width=\"300\" height=\"187\" \/><\/a>Valentina und Matt haben Kayci und Joe, Blogger bei\u00a0<a title=\"Seed, Bark &amp; Root\" href=\"http:\/\/www.seedbarkroot.com\" target=\"_blank\" rel=\"noopener\">Seed, Bark &amp; Root<\/a>, in Mai auf der Reise durch Kolumbien kennengelernt. Sie haben die zwei ViA Ambassadors im Sommer interviewt \u2013 klicke <a title=\"Seed, Bark &amp; Root Interview mit ViA\" href=\"http:\/\/www.seedbarkroot.com\/our-stories\/interview-sustainability-via\" target=\"_blank\" rel=\"noopener\">hier,<\/a> um das Interview zu lesen!<\/p>\n<p>________________________________________________________________________<\/p>\n<p>Mehr als 20.000km auf dem Land und Meer, 100te von tollen Menschen, +50 Nachhaltigkeitsinitiativen, 9 L\u00e4nder, 8 Monate, 3 Partnerschulklassen auf 2 Kontinenten, 2 Reisende und ein unglaubliches Abenteuer \u2013 das erste Jahr unseres Projekts <strong>Choose Your Own Sustainability Adventure<\/strong> (\u201eW\u00e4hle dein eigenes Nachhaltigkeits-Abenteuer\u201c) ist beendet!<\/p>\n<p><strong>Schau dieses Video an<\/strong>, um mehr \u00fcber das erste Jahr des Projekts zu erfahren! Besuche uns auch auf <a title=\"Forum ViA on Facebook!\" href=\"http:\/\/facebook.com\/forumvia\" target=\"_blank\" rel=\"noopener\">Facebook<\/a> oder unsere <a title=\"Choose Your Own Sustainability Adventure!\" href=\"http:\/\/www.sustainability-adventure.org\" target=\"_blank\" rel=\"noopener\">Projekthomepage <\/a>und folge uns im Schuljahr 2014\/2015 weiter, wenn das Abenteuer auf dem Landweg nach S\u00fcdostasien weitergeht!<\/p>\n<p><iframe loading=\"lazy\" src=\"http:\/\/www.youtube.com\/embed\/AMTyIgnwuAc?feature=player_detailpage\" width=\"640\" height=\"360\" frameborder=\"0\" allowfullscreen=\"allowfullscreen\" data-mce-fragment=\"1\"><\/iframe><\/p>\n<p>________________________________________________________________________<\/p>\n<p><a class=\"cboxElement\" href=\"http:\/\/forum-via.org\/wp-content\/uploads\/2014\/06\/tbnn-header.png\" target=\"_blank\" rel=\"lightbox noopener\"><img decoding=\"async\" loading=\"lazy\" class=\"aligncenter wp-image-1570 size-full\" src=\"http:\/\/forum-via.org\/wp-content\/uploads\/2014\/06\/tbnn-header.png\" sizes=\"(max-width: 451px) 100vw, 451px\" srcset=\"http:\/\/forum-via.org\/wp-content\/uploads\/2014\/06\/tbnn-header.png 451w, http:\/\/forum-via.org\/wp-content\/uploads\/2014\/06\/tbnn-header-300x63.png 300w\" alt=\"the bird's new nest\" width=\"451\" height=\"95\" \/><\/a>Das Online-Magazin <a title=\"the birds new nest\" href=\"http:\/\/thebirdsnewnest.com\/\" target=\"_blank\" rel=\"noopener\">the bird\u2019s new nest: Eco.Life.Style.Magazine<\/a> hat ein Interview mit den ViA Ambassadors gef\u00fchrt! Klicke <a title=\"the birds new nest\" href=\"http:\/\/thebirdsnewnest.com\/tbnn\/nachhaltigkeits-abenteurer-mit-nachwuchs\/\" target=\"_blank\" rel=\"noopener\">hier<\/a>, um den Artikel zum Interview zu lesen!<\/p>\n<p>________________________________________________________________________<\/p>\n<p><a class=\"cboxElement\" href=\"http:\/\/forum-via.org\/wp-content\/uploads\/2014\/04\/Ideenwettbewerb_logo.jpg\" rel=\"lightbox\"><img decoding=\"async\" loading=\"lazy\" class=\"alignleft wp-image-1471\" src=\"http:\/\/forum-via.org\/wp-content\/uploads\/2014\/04\/Ideenwettbewerb_logo.jpg\" alt=\"Ideenwettbewerb_logo\" width=\"194\" height=\"138\" \/><\/a>Das ganze Forum ViA Team, inklusive seiner PartnerlehrerInnen in Retz und Wien, freut sich sehr dar\u00fcber, zu den <strong>SiegerInnen des Ideenwettbewerbs \u201e<a title=\"Nachhaltig Zukunft lehren - ein Ideenwettbewerb\" href=\"http:\/\/www.umweltbildung.at\/news\/news-detailansicht\/nachhaltig-zukunft-lehren-ein-ideenwettbewerb.html\" target=\"_blank\" rel=\"noopener\">Nachhaltig Zukunft lehren<\/a>\u201e<\/strong> zu z\u00e4hlen!<\/p>\n<p>Pr\u00e4miert wurde unser didaktische Vorschlag f\u00fcr den Unterricht zum Themenbereich Ern\u00e4hrung und Beschaffung, n\u00e4mlich die <a title=\"ZWEITE CHALLENGE!\" href=\"http:\/\/forum-via.org\/zweite-challenge\/\">zweite Challenge des Sustainability Adventure<\/a> mit dem Titel: \u201eErdbeerkrimi: Erdbeertraum oder Erdbeeralbtraum\u201c.<\/p>\n<p><strong>Die offizielle Verleihungsveranstaltung wird am 14. Mai 2014 ab 16:00 in der KPH Wien (Strebersdorf) stattfinden<\/strong>.<\/p>\n<p>________________________________________________________________________<\/p>\n<p><a class=\"cboxElement\" href=\"http:\/\/forum-via.org\/wp-content\/uploads\/2014\/03\/UN_Dekadenprojekt_logo.jpg\" rel=\"lightbox\"><img decoding=\"async\" loading=\"lazy\" class=\"alignleft\" src=\"http:\/\/forum-via.org\/wp-content\/uploads\/2014\/03\/UN_Dekadenprojekt_logo.jpg\" alt=\"\" width=\"180\" height=\"172\" \/><\/a>Tolle Neuigkeiten! Forum ViA darf stolz darauf sein, dass sein Projekt <a title=\"Choose Your Own Sustainability Adventure\" href=\"http:\/\/forum-via.org\/projekte\/sustainability-adventure\/\">Choose Your Own Sustainability Adventure<\/a> als offizielles Dekadenprojekt der <a title=\"UN Decade of Education for Sustainable Development\" href=\"http:\/\/www.desd.org\/\" target=\"_blank\" rel=\"noopener\">UN Dekade Bildung f\u00fcr Nachhaltige Entwicklung<\/a> von der <a title=\"\u00d6sterreichische UNESCO-Kommission\" href=\"http:\/\/www.unesco.at\/bildung\/nachhaltigkeit.htm\" target=\"_blank\" rel=\"noopener\">\u00d6sterreichischen UNESCO-Kommission<\/a> ausgezeichnet wurde!<\/p>\n<p>Diese Anerkennung w\u00fcrdigt die Bem\u00fchungen des Projekts, die Ziele und Werte von Bildung f\u00fcr Nachhaltige Entwicklung und Globalem Lernen voranzutreiben und zu f\u00f6rdern.<\/p>\n<p>________________________________________________________________________<\/p>\n<p><a class=\"cboxElement\" href=\"http:\/\/forum-via.org\/wp-content\/uploads\/2013\/09\/CYOSA_logo.png\" rel=\"lightbox\"><img decoding=\"async\" loading=\"lazy\" class=\"aligncenter\" src=\"http:\/\/forum-via.org\/wp-content\/uploads\/2013\/09\/CYOSA_logo.png\" alt=\"\" width=\"366\" height=\"138\" \/><\/a><\/p>\n<p><strong>Die Challenges unseres <a title=\"Choose Your Own Sustainability Adventure\" href=\"http:\/\/forum-via.org\/projekte\/sustainability-adventure\/\">Choose Your Own Sustainability Adventure<\/a> Projekts sind jetzt \u00f6ffentlich zug\u00e4nglich!<\/strong><\/p>\n<p><a title=\"Challenges\" href=\"http:\/\/forum-via.org\/challenges-de\/\"><strong>HIER<\/strong><\/a> kann man jetzt mehr \u00fcber die aktuelle Challenge und alle vorherige Challenges lesen! Die Challenges k\u00f6nnen auch einzeln im Men\u00fc oben (unter \u201eSustainability Adventure\u201c) angeklickt werden.<\/p>\n<p>________________________________________________________________________<\/p>\n<p><a title=\"LEBENSART\" href=\"http:\/\/www.lebensart.at\" target=\"_blank\" rel=\"noopener\"><img decoding=\"async\" loading=\"lazy\" class=\"alignleft\" src=\"http:\/\/forum-via.org\/wp-content\/uploads\/2013\/08\/BUA-LEA-logo_oC_RGB_300dpi-e1377563853805.jpg\" alt=\"\" width=\"197\" height=\"105\" \/><\/a>Die ersten Blogeintr\u00e4ge des <a title=\"Choose Your Own Sustainability Adventure\" href=\"http:\/\/forum-via.org\/projekte\/sustainability-adventure\/\">Sustainability Adventure<\/a> k\u00f6nnen jetzt auf der Homepage unseres Partners <a title=\"LEBENSART\" href=\"http:\/\/www.lebensart.at\" target=\"_blank\" rel=\"noopener\">LEBENSART<\/a> <strong><a title=\"LEBENSART - Valentinas Blog\" href=\"http:\/\/www.lebensart.at\/start.asp?list=yes&amp;sw=96&amp;sort=begindat_desc&amp;notr=yes&amp;b=50&amp;headerid=blog96\" target=\"_blank\" rel=\"noopener\">HIER<\/a><\/strong> gelesen werden!<\/p>\n<p>Diese Blogeintr\u00e4ge bilden eine Reihe von L\u00e4nder- und Reiseberichten, die in regelm\u00e4\u00dfigen Abst\u00e4nden auf dem Blog von Lebensart zu finden sein werden.<\/p>\n<p>________________________________________________________________________<\/p>\n<p>Hier ein Video, das den Kick-Off des Projekts <strong>Choose You Own Sustainability Adventure<\/strong>\u00a0in Lakewood (Bundesstaat Washington) und die Aufl\u00f6sung der ersten Challenge zeigt!<\/p>\n<p><iframe loading=\"lazy\" src=\"http:\/\/www.youtube.com\/embed\/fosm51kQ3pQ?feature=player_detailpage\" width=\"640\" height=\"360\" frameborder=\"0\" allowfullscreen=\"allowfullscreen\" data-mce-fragment=\"1\"><\/iframe><br \/>\n________________________________________________________________________<\/p>\n<p><a class=\"cboxElement\" href=\"http:\/\/forum-via.org\/wp-content\/uploads\/2013\/09\/Bike_HarrisonPrep.jpg\" rel=\"lightbox\"><img decoding=\"async\" loading=\"lazy\" class=\"alignleft\" title=\"By bike from Harrison Prep to Olympia, WA\" src=\"http:\/\/forum-via.org\/wp-content\/uploads\/2013\/09\/Bike_HarrisonPrep.jpg\" alt=\"\" width=\"130\" height=\"173\" \/><\/a>Am <strong>26.<\/strong> <strong>September<\/strong>\u00a0haben die ViA Ambassadors sich mit den Sch\u00fclerInnen der U.S. Partnerschule, <strong><a title=\"Harrison Preparatory School\" href=\"http:\/\/www.edline.net\/pages\/Harrison_Preparatory_School\" target=\"_blank\" rel=\"noopener\">Harrison Prep<\/a><\/strong>, in Lakewood (WA) getroffen und das <a title=\"Choose Your Own Sustainability Adventure\" href=\"http:\/\/forum-via.org\/projekte\/sustainability-adventure\/\"><strong>Sustainability Adventure<\/strong><\/a> mit einer Radfahrt nach Olympia (WA) <strong>offiziell gestartet!<\/strong><\/p>\n<p>Nach einem st\u00fcrmischen Wochenende ging das Abenteuer weiter, mit dem n\u00e4chsten Aufenthalt in Portland (OR)!<\/p>\n<p>F\u00fcr weitere Informationen klickt bitte <strong><a title=\"Choose Your Own Sustainability Adventure\" href=\"http:\/\/forum-via.org\/projekte\/sustainability-adventure\/\">hier<\/a><\/strong> oder verfolgt uns auf <strong><a title=\"Forum ViA Twitter\" href=\"https:\/\/twitter.com\/Forum_ViA\" target=\"_blank\" rel=\"noopener\">Twitter<\/a><\/strong>!<\/p>\n<p>________________________________________________________________________<\/p>\n<p><a class=\"cboxElement\" href=\"http:\/\/forum-via.org\/wp-content\/uploads\/2014\/08\/BBF_logo.jpg\" rel=\"lightbox\"><img decoding=\"async\" loading=\"lazy\" class=\"alignleft wp-image-1621\" src=\"http:\/\/forum-via.org\/wp-content\/uploads\/2014\/08\/BBF_logo.jpg\" sizes=\"(max-width: 300px) 100vw, 300px\" srcset=\"http:\/\/forum-via.org\/wp-content\/uploads\/2014\/08\/BBF_logo.jpg 373w, http:\/\/forum-via.org\/wp-content\/uploads\/2014\/08\/BBF_logo-300x108.jpg 300w\" alt=\"BBF_logo\" width=\"300\" height=\"109\" \/><\/a>Forum ViA wurde im Rahmen des <a title=\"Bildungsf\u00f6rderungsfonds\" href=\"http:\/\/www.umweltbildung.at\/index.php?id=904\" target=\"_blank\" rel=\"noopener\">Bildungsf\u00f6rderungsfonds<\/a> des \u00f6sterr. <a title=\"Bundesministerium f\u00fcr Bildung und Frauen\" href=\"https:\/\/www.bmbf.gv.at\" target=\"_blank\" rel=\"noopener\">Bundesministeriums f\u00fcr Bildung und Frauen<\/a>\u00a0f\u00fcr eine Finanzierung ausgew\u00e4hlt! Wir freuen uns sehr \u00fcber die Unterst\u00fctzung!<\/p>\n<p>________________________________________________________________________<\/p>\n<p><a class=\"cboxElement\" href=\"http:\/\/forum-via.org\/wp-content\/uploads\/2012\/11\/World_map_CYOSA_large.jpg\" rel=\"lightbox\"><img decoding=\"async\" loading=\"lazy\" class=\"size-full wp-image-765 alignleft\" src=\"http:\/\/forum-via.org\/wp-content\/uploads\/2012\/11\/World_map_CYOSA_small.jpg\" sizes=\"(max-width: 310px) 100vw, 310px\" srcset=\"http:\/\/forum-via.org\/wp-content\/uploads\/2012\/11\/World_map_CYOSA_small.jpg 310w, http:\/\/forum-via.org\/wp-content\/uploads\/2012\/11\/World_map_CYOSA_small-300x204.jpg 300w\" alt=\"World_map_CYOSA_small\" width=\"310\" height=\"211\" \/><\/a>Wir freuen uns \u00fcber die Auswahl der folgenden <strong>drei Partnerschulen<\/strong> f\u00fcr unser Projekt <strong><a title=\"Choose Your Own Sustainability Adventure\" href=\"http:\/\/forum-via.org\/projekte\/sustainability-adventure\/\">Choose Your Own Sustainability Adventure<\/a><\/strong>!<\/p>\n<p><strong>\u2013 HLTW13 Bergheidengasse<\/strong><br \/>\n<strong>\u2013 Neue N\u00d6 Mittelschule Retz<\/strong><br \/>\n<strong>\u2013 Harrison Preparatory School<\/strong><\/p>\n<p>Mehr Infos <a title=\"Partnerschulen\" href=\"http:\/\/forum-via.org\/projekte\/sustainability-adventure\/partnerschulen\/\">hier<\/a>\u2026<\/p>\n<p>________________________________________________________________________<\/p>\n<p><a title=\"ERDgespr\u00e4che\" href=\"http:\/\/forum-via.org\/wp-content\/uploads\/2013\/04\/ERDgespraeche_logo.png\" target=\"_blank\" rel=\"noopener\"><img decoding=\"async\" loading=\"lazy\" class=\"alignleft\" title=\"ERDgespraeche\" src=\"http:\/\/forum-via.org\/wp-content\/uploads\/2013\/04\/ERDgespraeche_logo.png\" alt=\"ERDgespraeche\" width=\"310\" height=\"226\" \/><\/a>Die <a title=\"ERDgespr\u00e4che\" href=\"http:\/\/www.erdgespraeche.net\/\" target=\"_blank\" rel=\"noopener\"><strong>ERDgespr\u00e4che<\/strong><\/a> fanden am <strong>16. Mai in der Wiener Hofburg<\/strong> unter dem Motto \u201e<strong><em>Bottom up<\/em><\/strong>\u201c statt! \u00d6sterreichs gr\u00f6\u00dfte gr\u00fcne Vortragsveranstaltung wurde vom ViA Partner <a title=\"NEONGREEN NETWORK\" href=\"http:\/\/www.neongruen.net\/\" target=\"_blank\" rel=\"noopener\"><strong>NEONGREEN NETWORK<\/strong><\/a> veranstaltet.<\/p>\n<p>Wir waren dabei und haben uns sehr dar\u00fcber gefreut, neue Leute kennenzulernen und alte FreundInnen wieder zu sehen!<\/p>\n<p>________________________________________________________________________<\/p>\n<p><img decoding=\"async\" class=\"aligncenter\" title=\"UNAOC logo\" src=\"http:\/\/forum-via.org\/wp-content\/uploads\/2012\/12\/UNAOC_logo.jpg\" alt=\"UNAOC logo\" width=\"339\" \/><\/p>\n<p>ViA freut sich dar\u00fcber, am <strong><a href=\"http:\/\/www.vienna5unaoc.org\/\" target=\"_blank\" rel=\"noopener\">5th Global Forum of the UN Alliance of Civilizations<\/a><\/strong> und seinem <strong>Youth Event<\/strong> vom 26.2.-28.2. in Wien teilgenommen zu haben!<br \/>\n<a title=\"5th Global Forum of the UN Alliance of Civilizations\" href=\"http:\/\/forum-via.org\/5th-global-forum-of-the-un-alliance-of-civilizations\/\"><strong>Mehr<\/strong><\/a> lesen\u2026<\/p>\n<p>________________________________________________________________________<\/p>\n<h1><img decoding=\"async\" loading=\"lazy\" class=\"alignleft\" title=\"Visions 2040\" src=\"http:\/\/forum-via.org\/wp-content\/uploads\/2012\/11\/Bild_Visionen20403.jpg\" alt=\"Visionen 2040 Poster\" width=\"305\" height=\"178\" \/>\u201eVisionen f\u00fcr 2040\u201c<\/h1>\n<div>\n<p>Finde heraus, welche Visionen bei der Veranstaltung <a title=\"Visionen 2040\" href=\"http:\/\/forum-via.org\/?page_id=29\"><strong>Visionen f\u00fcr 2040<\/strong><\/a> am 14. November 2012 im Afroasiatischen Institut entwickelt wurden!<\/p>\n<\/div>\n","protected":false},"excerpt":{"rendered":"<p>Unten findest du die archivierten Forum-ViA-News angefangen beim aktuellsten Post (oben) bis zum \u00e4ltesten Post (unten). ________________________________________________________________________ Ein neues Jahr mit neuen ViA Botschaftern und einer neuen Partnerschule in einem neuen Land! Hannah und Mathis starteten ihre Weltreise als ViA Botschafter am 5. Dezember 2014 in Thailand. Ihre Nachhaltigkeits-Abenteuer teilen sie mit einer \u201eadoptierten\u201c Schulklasse in Essing (DE), die ihnen dabei helfen wird \u201eNachhaltigkeits-Challenges\u201c in aller Welt zu l\u00f6sen. Wir posten bald mehr Infos zu Hannah und Mathis und ihrer&hellip;<\/p>\n","protected":false},"author":1,"featured_media":0,"parent":4434,"menu_order":0,"comment_status":"closed","ping_status":"closed","template":"","meta":{"footnotes":""},"translation":{"provider":"WPGlobus","version":"3.0.2","language":"de","enabled_languages":["en","de"],"languages":{"en":{"title":true,"content":true,"excerpt":false},"de":{"title":true,"content":true,"excerpt":false}}},"acf":[],"_links":{"self":[{"href":"https:\/\/forum-via.org\/de\/wp-json\/wp\/v2\/pages\/2687"}],"collection":[{"href":"https:\/\/forum-via.org\/de\/wp-json\/wp\/v2\/pages"}],"about":[{"href":"https:\/\/forum-via.org\/de\/wp-json\/wp\/v2\/types\/page"}],"author":[{"embeddable":true,"href":"https:\/\/forum-via.org\/de\/wp-json\/wp\/v2\/users\/1"}],"replies":[{"embeddable":true,"href":"https:\/\/forum-via.org\/de\/wp-json\/wp\/v2\/comments?post=2687"}],"version-history":[{"count":8,"href":"https:\/\/forum-via.org\/de\/wp-json\/wp\/v2\/pages\/2687\/revisions"}],"predecessor-version":[{"id":4438,"href":"https:\/\/forum-via.org\/de\/wp-json\/wp\/v2\/pages\/2687\/revisions\/4438"}],"up":[{"embeddable":true,"href":"https:\/\/forum-via.org\/de\/wp-json\/wp\/v2\/pages\/4434"}],"wp:attachment":[{"href":"https:\/\/forum-via.org\/de\/wp-json\/wp\/v2\/media?parent=2687"}],"curies":[{"name":"wp","href":"https:\/\/api.w.org\/{rel}","templated":true}]}}