{"id":27,"date":"2012-11-02T13:24:30","date_gmt":"2012-11-02T12:24:30","guid":{"rendered":"http:\/\/forum-via.org\/?page_id=27"},"modified":"2018-04-25T23:10:57","modified_gmt":"2018-04-25T21:10:57","slug":"projekte","status":"publish","type":"page","link":"https:\/\/forum-via.org\/de\/educational-games\/projekte\/","title":{"rendered":"Sustainability Adventure"},"content":{"rendered":"<p><strong>Choose Your Own Sustainability Adventure \/ W\u00e4hle dein eigenes Nachhaltigkeits-Abenteuer<br \/>\n<\/strong><\/p>\n<p style=\"text-align: justify;\"><a href=\"http:\/\/forum-via.org\/wp-content\/uploads\/2012\/11\/UNESCO_original1.jpg\" rel=\"lightbox\"><img decoding=\"async\" loading=\"lazy\" class=\"alignright wp-image-1873\" src=\"http:\/\/forum-via.org\/wp-content\/uploads\/2012\/11\/UNESCO_original1-1024x977.jpg\" alt=\"DESD oeuk RZ\" width=\"136\" height=\"130\" srcset=\"https:\/\/forum-via.org\/wp-content\/uploads\/2012\/11\/UNESCO_original1-1024x977.jpg 1024w, https:\/\/forum-via.org\/wp-content\/uploads\/2012\/11\/UNESCO_original1-300x286.jpg 300w, https:\/\/forum-via.org\/wp-content\/uploads\/2012\/11\/UNESCO_original1-314x300.jpg 314w, https:\/\/forum-via.org\/wp-content\/uploads\/2012\/11\/UNESCO_original1.jpg 1299w\" sizes=\"(max-width: 136px) 100vw, 136px\" \/><\/a>Ein Projekt mit Schulklassen in \u00d6sterreich, Deutschland und den Vereinigten Staaten im Sinne der Ziele der <a href=\"http:\/\/www.unesco.at\/bildung\/nachhaltigkeit.htm\" target=\"_blank\" rel=\"noopener\">UN Dekade f\u00fcr Bildung f\u00fcr Nachhaltige Entwicklung<\/a> sowie des Globalen Lernens. Das Projekt wurde als offizielles Projekt der UN Dekade f\u00fcr BNE von der \u00f6sterreichischen UNESCO-Kommission ausgezeichnet.<\/p>\n<p>Mehr Information finden Sie <a title=\"Choose Your Own Sustainability Adventure\" href=\"http:\/\/forum-via.org\/projekte\/sustainability-adventure\/\">hier<\/a>.<\/p>\n<p>___________________________________________________________________________<\/p>\n<p><strong>Visionen 2040<\/strong><\/p>\n<p><strong><img decoding=\"async\" loading=\"lazy\" style=\"float: right;\" src=\"http:\/\/forum-via.org\/wp-content\/uploads\/2012\/11\/P1190444_opt_opt.jpg\" alt=\"Best practice poster\" width=\"168\" height=\"126\" \/><\/strong><\/p>\n<p style=\"text-align: justify;\">Eine Veranstaltung am 14. November 2012 gemeinsam mit dem <a href=\"http:\/\/www.oessfo.at\/\" target=\"_blank\" rel=\"noopener\">\u00d6kosozialen Studierenden Forum<\/a> (\u00d6SSFO), dem <a href=\"www.globalchange.boku.ac.at\" target=\"_blank\" rel=\"noopener\">Zentrum f\u00fcr Globalen Wandel und Nachhaltigkeit<\/a> der Universit\u00e4t f\u00fcr Bodenkultur, Wien (BOKU), <a href=\"http:\/\/austria.ashoka.org\/\" target=\"_blank\" rel=\"noopener\">Ashoka Austria<\/a>, <a href=\"http:\/\/www.lebensart.at\/\" target=\"_blank\" rel=\"noopener\">Lebensart<\/a> und mehr.<\/p>\n<p>Mehr Information finden Sie <a title=\"Visionen f\u00fcr 2040\" href=\"http:\/\/forum-via.org\/projekte\/visionen-2040\/\">hier<\/a>.<\/p>\n","protected":false},"excerpt":{"rendered":"<p>Choose Your Own Sustainability Adventure \/ W\u00e4hle dein eigenes Nachhaltigkeits-Abenteuer Ein Projekt mit Schulklassen in \u00d6sterreich, Deutschland und den Vereinigten Staaten im Sinne der Ziele der UN Dekade f\u00fcr Bildung f\u00fcr Nachhaltige Entwicklung sowie des Globalen Lernens. Das Projekt wurde als offizielles Projekt der UN Dekade f\u00fcr BNE von der \u00f6sterreichischen UNESCO-Kommission ausgezeichnet. Mehr Information finden Sie hier. ___________________________________________________________________________ Visionen 2040 Eine Veranstaltung am 14. November 2012 gemeinsam mit dem \u00d6kosozialen Studierenden Forum (\u00d6SSFO), dem Zentrum f\u00fcr Globalen Wandel und&hellip;<\/p>\n","protected":false},"author":1,"featured_media":0,"parent":3615,"menu_order":0,"comment_status":"closed","ping_status":"open","template":"","meta":{"footnotes":""},"translation":{"provider":"WPGlobus","version":"3.0.2","language":"de","enabled_languages":["en","de"],"languages":{"en":{"title":true,"content":true,"excerpt":false},"de":{"title":false,"content":false,"excerpt":false}}},"acf":[],"_links":{"self":[{"href":"https:\/\/forum-via.org\/de\/wp-json\/wp\/v2\/pages\/27"}],"collection":[{"href":"https:\/\/forum-via.org\/de\/wp-json\/wp\/v2\/pages"}],"about":[{"href":"https:\/\/forum-via.org\/de\/wp-json\/wp\/v2\/types\/page"}],"author":[{"embeddable":true,"href":"https:\/\/forum-via.org\/de\/wp-json\/wp\/v2\/users\/1"}],"replies":[{"embeddable":true,"href":"https:\/\/forum-via.org\/de\/wp-json\/wp\/v2\/comments?post=27"}],"version-history":[{"count":14,"href":"https:\/\/forum-via.org\/de\/wp-json\/wp\/v2\/pages\/27\/revisions"}],"predecessor-version":[{"id":4006,"href":"https:\/\/forum-via.org\/de\/wp-json\/wp\/v2\/pages\/27\/revisions\/4006"}],"up":[{"embeddable":true,"href":"https:\/\/forum-via.org\/de\/wp-json\/wp\/v2\/pages\/3615"}],"wp:attachment":[{"href":"https:\/\/forum-via.org\/de\/wp-json\/wp\/v2\/media?parent=27"}],"curies":[{"name":"wp","href":"https:\/\/api.w.org\/{rel}","templated":true}]}}