{"id":3615,"date":"2018-04-25T23:07:36","date_gmt":"2018-04-25T21:07:36","guid":{"rendered":"http:\/\/forum-via.org\/?page_id=3615"},"modified":"2020-07-10T15:05:32","modified_gmt":"2020-07-10T13:05:32","slug":"educational-games","status":"publish","type":"page","link":"https:\/\/forum-via.org\/de\/educational-games\/","title":{"rendered":"Bildungsaktivit\u00e4ten"},"content":{"rendered":"<p>Forum ViA <strong>ist ein Fan von erfahrungsbasierten und transformativen Lernmethoden<\/strong>. Mit folgenden Programmen, Projekten und Simulations-Workshops k\u00f6nnen wir komplexe Konzepte einer nachhaltigen Entwicklung an unterschiedlichen Zielgruppen spielerisch vermitteln.<\/p>\n<div class=\"ctsc-column ctsc-col2\">\n<p><a href=\"http:\/\/forum-via.org\/portfolio-item\/sustainability-adventure\/\"><strong>Sustainability Adventure<\/strong><\/a><\/p>\n<p><img loading=\"lazy\" class=\"alignleft wp-image-4143 size-thumbnail\" src=\"http:\/\/forum-via.org\/wp-content\/uploads\/2012\/05\/nature-3294632_1280-150x150.jpg\" alt=\"\" width=\"150\" height=\"150\" \/><\/p>\n<p>Hier erfahren Sie, wie sie <a href=\"http:\/\/forum-via.org\/de\/participating-as-a-teacher\/\">PartnerlehrerIn im Sustainability Adventure werden<\/a> und mit Ihrer Schulklasse und unseren SDG Reportern gemeinsam zu Nachhaltigkeits-Challenges und L\u00f6sungen aus aller Welt berichten.<\/p>\n<div class=\"ctsc-separator ctsc-separator-normal \"><div class=\"ctsc-separator-line\"><\/div><div class=\"clear\"><\/div><\/div>\n<div class=\"ctsc-column ctsc-col2\"><\/div>\n<p><a href=\"http:\/\/forum-via.org\/de\/portfolio-item\/un-climate-simulation\/\"><strong>Die UN Klima Simulation<\/strong><\/a><\/p>\n<p><img loading=\"lazy\" class=\"alignleft wp-image-4144 size-thumbnail\" src=\"http:\/\/forum-via.org\/wp-content\/uploads\/2012\/05\/climate-change-1908381_1280-150x150.png\" alt=\"\" width=\"150\" height=\"150\" \/><\/p>\n<p><a href=\"http:\/\/forum-via.org\/de\/portfolio-item\/climate-simulation\">Die UN Klima Simulation <\/a>ist ein simuliertes UN-Gipfeltreffen, das den TeilnehmerInnen erm\u00f6glicht selbst die Tragweite der UN-Klimaverhandlungen mit ihren naturwissenschaftlichen Grundlagen zu erfassen.<\/p>\n<div class=\"ctsc-separator ctsc-separator-normal \"><div class=\"ctsc-separator-line\"><\/div><div class=\"clear\"><\/div><\/div>\n<p><a href=\"http:\/\/forum-via.org\/de\/portfolio-item\/international-activities\/\"><strong>International activities<\/strong><\/a><\/p>\n<p><img loading=\"lazy\" class=\"alignleft wp-image-4155 size-thumbnail\" src=\"http:\/\/forum-via.org\/wp-content\/uploads\/2012\/04\/art-2026066_1280-150x150.png\" alt=\"\" width=\"150\" height=\"150\" \/>Zur Zeit bieten wir Workshops in \u00d6sterreich, Deutschland und im Senegal an. Dank unserer Partner und Volunteers, kann man aber fast \u00fcberall in der Welt spielerisch erfahren, was es hei\u00dft nachhaltig zu leben und zu handeln.<\/p>\n<div class=\"ctsc-separator ctsc-separator-normal \"><div class=\"ctsc-separator-line\"><\/div><div class=\"clear\"><\/div><\/div>\n<\/div>\n<div class=\"ctsc-column ctsc-col2 ctsc-col-last\">\n<p><a href=\"http:\/\/forum-via.org\/de\/portfolio-item\/the-hectar-game\/\"><strong>Das Hektar-Spiel: Unser \u00f6kologische Fu\u00dfabdruck<\/strong><\/a><\/p>\n<p><img loading=\"lazy\" class=\"alignleft wp-image-4145 size-thumbnail\" src=\"http:\/\/forum-via.org\/wp-content\/uploads\/2012\/05\/field-of-rapeseeds-1433380_1920-150x150.jpg\" alt=\"\" width=\"150\" height=\"150\" \/><\/p>\n<p><strong>Das &#8222;Hektar-Spiel&#8220;<\/strong> ist ein Spiel, das Einblicke in unseren \u00f6kologischen Fu\u00dfabdruck gibt und aufzeigt, \u00a0wie dieser mit unserem Lebensstil zusammenh\u00e4ngt.<\/p>\n<div class=\"ctsc-separator ctsc-separator-normal \"><div class=\"ctsc-separator-line\"><\/div><div class=\"clear\"><\/div><\/div>\n<p><a href=\"http:\/\/forum-via.org\/de\/portfolio-item\/other-games\/\"><strong>Mehr Gelegenheiten f\u00fcr Transformatives Lernen <\/strong><\/a><\/p>\n<p><img loading=\"lazy\" class=\"alignleft wp-image-4142 size-thumbnail\" src=\"http:\/\/forum-via.org\/wp-content\/uploads\/2012\/05\/play-stone-1744790_1280-150x150.jpg\" alt=\"\" width=\"150\" height=\"150\" \/><\/p>\n<p>Mit folgenden Spielen k\u00f6nnen komplexe Konzepte einer nachhaltigen Entwicklung an unterschiedlichen Zielgruppen spielerisch vermittelt werden.<\/p>\n<\/div><div class=\"col-divide\"><\/div>\n","protected":false},"excerpt":{"rendered":"<p>Forum ViA ist ein Fan von erfahrungsbasierten und transformativen Lernmethoden. Mit folgenden Programmen, Projekten und Simulations-Workshops k\u00f6nnen wir komplexe Konzepte einer nachhaltigen Entwicklung an unterschiedlichen Zielgruppen spielerisch vermitteln.<\/p>\n","protected":false},"author":2,"featured_media":0,"parent":0,"menu_order":0,"comment_status":"closed","ping_status":"closed","template":"","meta":{"footnotes":""},"translation":{"provider":"WPGlobus","version":"3.0.2","language":"de","enabled_languages":["en","de"],"languages":{"en":{"title":true,"content":true,"excerpt":false},"de":{"title":true,"content":true,"excerpt":false}}},"acf":[],"_links":{"self":[{"href":"https:\/\/forum-via.org\/de\/wp-json\/wp\/v2\/pages\/3615"}],"collection":[{"href":"https:\/\/forum-via.org\/de\/wp-json\/wp\/v2\/pages"}],"about":[{"href":"https:\/\/forum-via.org\/de\/wp-json\/wp\/v2\/types\/page"}],"author":[{"embeddable":true,"href":"https:\/\/forum-via.org\/de\/wp-json\/wp\/v2\/users\/2"}],"replies":[{"embeddable":true,"href":"https:\/\/forum-via.org\/de\/wp-json\/wp\/v2\/comments?post=3615"}],"version-history":[{"count":11,"href":"https:\/\/forum-via.org\/de\/wp-json\/wp\/v2\/pages\/3615\/revisions"}],"predecessor-version":[{"id":4799,"href":"https:\/\/forum-via.org\/de\/wp-json\/wp\/v2\/pages\/3615\/revisions\/4799"}],"wp:attachment":[{"href":"https:\/\/forum-via.org\/de\/wp-json\/wp\/v2\/media?parent=3615"}],"curies":[{"name":"wp","href":"https:\/\/api.w.org\/{rel}","templated":true}]}}