{"id":377,"date":"2012-11-07T00:29:52","date_gmt":"2012-11-18T16:45:14","guid":{"rendered":"http:\/\/forum-via.org\/?page_id=377"},"modified":"2018-06-12T13:25:42","modified_gmt":"2018-06-12T11:25:42","slug":"our-principles","status":"publish","type":"page","link":"https:\/\/forum-via.org\/de\/about-us\/our-principles\/","title":{"rendered":"Unsere Prinzipien"},"content":{"rendered":"<p>In Anlehnung an die zwei im <strong><a title=\"Leitbild\" href=\"http:\/\/forum-via.org\/de\/about-us\/mission-statement\/\">Leitbild<\/a><\/strong> genannten Konzepte von <em>Globalem Lernen<\/em> und <em>Bildung f\u00fcr Nachhaltige Entwicklung<\/em> sind die zentralen Werte unserer Arbeit die Folgenden:<\/p>\n<ul>\n<li>Toleranz,<\/li>\n<li>Solidarit\u00e4t,<\/li>\n<li>Gleichberechtigung,<\/li>\n<li>Gerechtigkeit,<\/li>\n<li>\u00f6kologische Verantwortung,<\/li>\n<li>gesellschaftliche Teilhabe,<\/li>\n<li>Kooperation und<\/li>\n<li>Gewaltfreiheit.<\/li>\n<\/ul>\n<p>Um unsere Ziele und unsere Zielgruppe zu erreichen und interaktiv einzubinden, sind unsere Projekte so organisiert, dass sie m\u00f6glichst:<\/p>\n<ul>\n<li>partizipatorisch,<\/li>\n<li>am Lernenden orientiert,<\/li>\n<li>kooperativ gestaltet,<\/li>\n<li>erlebnisp\u00e4dagogisch,<\/li>\n<li>aktivierend und<\/li>\n<li>erm\u00e4chtigend sind.<\/li>\n<\/ul>\n","protected":false},"excerpt":{"rendered":"<p>In Anlehnung an die zwei im Leitbild genannten Konzepte von Globalem Lernen und Bildung f\u00fcr Nachhaltige Entwicklung sind die zentralen Werte unserer Arbeit die Folgenden: Toleranz, Solidarit\u00e4t, Gleichberechtigung, Gerechtigkeit, \u00f6kologische Verantwortung, gesellschaftliche Teilhabe, Kooperation und Gewaltfreiheit. Um unsere Ziele und unsere Zielgruppe zu erreichen und interaktiv einzubinden, sind unsere Projekte so organisiert, dass sie m\u00f6glichst: partizipatorisch, am Lernenden orientiert, kooperativ gestaltet, erlebnisp\u00e4dagogisch, aktivierend und erm\u00e4chtigend sind.<\/p>\n","protected":false},"author":1,"featured_media":0,"parent":6,"menu_order":0,"comment_status":"closed","ping_status":"closed","template":"","meta":{"footnotes":""},"translation":{"provider":"WPGlobus","version":"3.0.2","language":"de","enabled_languages":["en","de"],"languages":{"en":{"title":true,"content":true,"excerpt":false},"de":{"title":true,"content":true,"excerpt":false}}},"acf":[],"_links":{"self":[{"href":"https:\/\/forum-via.org\/de\/wp-json\/wp\/v2\/pages\/377"}],"collection":[{"href":"https:\/\/forum-via.org\/de\/wp-json\/wp\/v2\/pages"}],"about":[{"href":"https:\/\/forum-via.org\/de\/wp-json\/wp\/v2\/types\/page"}],"author":[{"embeddable":true,"href":"https:\/\/forum-via.org\/de\/wp-json\/wp\/v2\/users\/1"}],"replies":[{"embeddable":true,"href":"https:\/\/forum-via.org\/de\/wp-json\/wp\/v2\/comments?post=377"}],"version-history":[{"count":11,"href":"https:\/\/forum-via.org\/de\/wp-json\/wp\/v2\/pages\/377\/revisions"}],"predecessor-version":[{"id":4536,"href":"https:\/\/forum-via.org\/de\/wp-json\/wp\/v2\/pages\/377\/revisions\/4536"}],"up":[{"embeddable":true,"href":"https:\/\/forum-via.org\/de\/wp-json\/wp\/v2\/pages\/6"}],"wp:attachment":[{"href":"https:\/\/forum-via.org\/de\/wp-json\/wp\/v2\/media?parent=377"}],"curies":[{"name":"wp","href":"https:\/\/api.w.org\/{rel}","templated":true}]}}