{"id":4632,"date":"2018-11-13T14:42:40","date_gmt":"2018-11-13T13:42:40","guid":{"rendered":"http:\/\/forum-via.org\/?page_id=4632"},"modified":"2018-11-13T15:38:31","modified_gmt":"2018-11-13T14:38:31","slug":"senegal-chapter","status":"publish","type":"page","link":"https:\/\/forum-via.org\/de\/senegal-chapter\/","title":{"rendered":"Senegal Chapter"},"content":{"rendered":"<h1><span style=\"color: #99cc00;\">Sustainable Visions in Action im Senegal<\/span><\/h1>\n<p><img decoding=\"async\" loading=\"lazy\" class=\"alignleft size-full wp-image-4636\" src=\"http:\/\/forum-via.org\/wp-content\/uploads\/2018\/11\/Visionaries-In-Action_Senegal.png\" alt=\"\" width=\"945\" height=\"756\" srcset=\"https:\/\/forum-via.org\/wp-content\/uploads\/2018\/11\/Visionaries-In-Action_Senegal.png 945w, https:\/\/forum-via.org\/wp-content\/uploads\/2018\/11\/Visionaries-In-Action_Senegal-300x240.png 300w, https:\/\/forum-via.org\/wp-content\/uploads\/2018\/11\/Visionaries-In-Action_Senegal-768x614.png 768w\" sizes=\"(max-width: 945px) 100vw, 945px\" \/><\/p>\n<p>Mit einer kleinen Gruppe von Ehrenamtlichen arbeitet Forum ViA auch vom nationalen Chapter im Senegal aus. Wir sind aktiv im Vernetzen von lokalen sozialen &amp; \u00f6kologischen Initiativen, bieten unsere SDG bezogenen Workshops in Schulen an und helfen regelm\u00e4\u00dfig beim Organisieren von &#8222;Beach-Clean-Up Aktionen&#8220;.<\/p>\n<p>Um mehr \u00fcber unsere aktuellen Aktivit\u00e4ten in Dakar (Senegal) zu erfahren, schau auf unsere <a href=\"https:\/\/web.facebook.com\/forumvia\/\" target=\"_blank\" rel=\"noopener\"><strong>FACEBOOK<\/strong><\/a> Seite oder kontaktiere: eva[at]forum-via.org<\/p>\n","protected":false},"excerpt":{"rendered":"<p>Sustainable Visions in Action im Senegal Mit einer kleinen Gruppe von Ehrenamtlichen arbeitet Forum ViA auch vom nationalen Chapter im Senegal aus. Wir sind aktiv im Vernetzen von lokalen sozialen &amp; \u00f6kologischen Initiativen, bieten unsere SDG bezogenen Workshops in Schulen an und helfen regelm\u00e4\u00dfig beim Organisieren von &#8222;Beach-Clean-Up Aktionen&#8220;. Um mehr \u00fcber unsere aktuellen Aktivit\u00e4ten in Dakar (Senegal) zu erfahren, schau auf unsere FACEBOOK Seite oder kontaktiere: eva[at]forum-via.org<\/p>\n","protected":false},"author":1,"featured_media":0,"parent":0,"menu_order":0,"comment_status":"closed","ping_status":"closed","template":"","meta":{"footnotes":""},"translation":{"provider":"WPGlobus","version":"3.0.2","language":"de","enabled_languages":["en","de"],"languages":{"en":{"title":true,"content":true,"excerpt":false},"de":{"title":true,"content":true,"excerpt":false}}},"acf":[],"_links":{"self":[{"href":"https:\/\/forum-via.org\/de\/wp-json\/wp\/v2\/pages\/4632"}],"collection":[{"href":"https:\/\/forum-via.org\/de\/wp-json\/wp\/v2\/pages"}],"about":[{"href":"https:\/\/forum-via.org\/de\/wp-json\/wp\/v2\/types\/page"}],"author":[{"embeddable":true,"href":"https:\/\/forum-via.org\/de\/wp-json\/wp\/v2\/users\/1"}],"replies":[{"embeddable":true,"href":"https:\/\/forum-via.org\/de\/wp-json\/wp\/v2\/comments?post=4632"}],"version-history":[{"count":7,"href":"https:\/\/forum-via.org\/de\/wp-json\/wp\/v2\/pages\/4632\/revisions"}],"predecessor-version":[{"id":4634,"href":"https:\/\/forum-via.org\/de\/wp-json\/wp\/v2\/pages\/4632\/revisions\/4634"}],"wp:attachment":[{"href":"https:\/\/forum-via.org\/de\/wp-json\/wp\/v2\/media?parent=4632"}],"curies":[{"name":"wp","href":"https:\/\/api.w.org\/{rel}","templated":true}]}}