{"id":4682,"date":"2019-10-30T11:56:40","date_gmt":"2019-10-30T10:56:40","guid":{"rendered":"http:\/\/forum-via.org\/?page_id=4682"},"modified":"2019-10-30T18:14:28","modified_gmt":"2019-10-30T17:14:28","slug":"cop-in-my-school-dezember-2019","status":"publish","type":"page","link":"https:\/\/forum-via.org\/de\/cop-in-my-school-dezember-2019\/","title":{"rendered":"COP IN MY SCHOOL &#8211; DEZEMBER 2019"},"content":{"rendered":"<p><img decoding=\"async\" loading=\"lazy\" class=\"alignleft size-full wp-image-4694\" src=\"http:\/\/forum-via.org\/wp-content\/uploads\/2019\/10\/UN-Klima-Simulation_Neu_Dez_2019.png\" alt=\"\" width=\"800\" height=\"2000\" srcset=\"https:\/\/forum-via.org\/wp-content\/uploads\/2019\/10\/UN-Klima-Simulation_Neu_Dez_2019.png 800w, https:\/\/forum-via.org\/wp-content\/uploads\/2019\/10\/UN-Klima-Simulation_Neu_Dez_2019-120x300.png 120w, https:\/\/forum-via.org\/wp-content\/uploads\/2019\/10\/UN-Klima-Simulation_Neu_Dez_2019-768x1920.png 768w, https:\/\/forum-via.org\/wp-content\/uploads\/2019\/10\/UN-Klima-Simulation_Neu_Dez_2019-410x1024.png 410w\" sizes=\"(max-width: 800px) 100vw, 800px\" \/><\/p>\n<p>*Ein herzliches Dankesch\u00f6n geht an dieser Stelle nochmal an die <a href=\"https:\/\/www.facebook.com\/sektion.rot\/\" target=\"_blank\" rel=\"noopener\">Sektion Rot Landstra\u00dfe\/Wien<\/a>, die durch ihre Spendenaktion u.a. die Verlosung von zwei gratis Workshops in diesem Rahmen erm\u00f6glicht hat!!! Auch der <a href=\"http:\/\/forum-via.org\/portfolio-item\/de\/the-hectar-game\/\">Footprint-Workshop<\/a> und unser &#8222;<a href=\"http:\/\/forum-via.org\/portfolio-item\/de\/sustainability-adventure\/\" target=\"_blank\" rel=\"noopener\">Sustainability Adventure<\/a>&#8220; Programm, das unserem SDG Reporter Stephan eine interaktive und direkte Berichterstattung von der COP in die Klassenzimmer \u00d6sterreichs erlaubt, freut sich \u00fcber die Unterst\u00fctzung der Sektion Rot!<\/p>\n","protected":false},"excerpt":{"rendered":"<p>*Ein herzliches Dankesch\u00f6n geht an dieser Stelle nochmal an die Sektion Rot Landstra\u00dfe\/Wien, die durch ihre Spendenaktion u.a. die Verlosung von zwei gratis Workshops in diesem Rahmen erm\u00f6glicht hat!!! Auch der Footprint-Workshop und unser &#8222;Sustainability Adventure&#8220; Programm, das unserem SDG Reporter Stephan eine interaktive und direkte Berichterstattung von der COP in die Klassenzimmer \u00d6sterreichs erlaubt, freut sich \u00fcber die Unterst\u00fctzung der Sektion Rot!<\/p>\n","protected":false},"author":1,"featured_media":0,"parent":0,"menu_order":0,"comment_status":"closed","ping_status":"closed","template":"","meta":{"footnotes":""},"translation":{"provider":"WPGlobus","version":"3.0.2","language":"de","enabled_languages":["en","de"],"languages":{"en":{"title":true,"content":true,"excerpt":false},"de":{"title":true,"content":true,"excerpt":false}}},"acf":[],"_links":{"self":[{"href":"https:\/\/forum-via.org\/de\/wp-json\/wp\/v2\/pages\/4682"}],"collection":[{"href":"https:\/\/forum-via.org\/de\/wp-json\/wp\/v2\/pages"}],"about":[{"href":"https:\/\/forum-via.org\/de\/wp-json\/wp\/v2\/types\/page"}],"author":[{"embeddable":true,"href":"https:\/\/forum-via.org\/de\/wp-json\/wp\/v2\/users\/1"}],"replies":[{"embeddable":true,"href":"https:\/\/forum-via.org\/de\/wp-json\/wp\/v2\/comments?post=4682"}],"version-history":[{"count":7,"href":"https:\/\/forum-via.org\/de\/wp-json\/wp\/v2\/pages\/4682\/revisions"}],"predecessor-version":[{"id":4692,"href":"https:\/\/forum-via.org\/de\/wp-json\/wp\/v2\/pages\/4682\/revisions\/4692"}],"wp:attachment":[{"href":"https:\/\/forum-via.org\/de\/wp-json\/wp\/v2\/media?parent=4682"}],"curies":[{"name":"wp","href":"https:\/\/api.w.org\/{rel}","templated":true}]}}