{"id":4809,"date":"2021-06-23T15:26:31","date_gmt":"2021-06-23T13:26:31","guid":{"rendered":"http:\/\/forum-via.org\/?page_id=4809"},"modified":"2021-06-23T15:37:45","modified_gmt":"2021-06-23T13:37:45","slug":"datenschutz","status":"publish","type":"page","link":"https:\/\/forum-via.org\/de\/datenschutz\/","title":{"rendered":"Datenschutz"},"content":{"rendered":"\n\n\n<p>Vielen Dank f\u00fcr den Besuch unserer Website. Wir nehmen den Schutz eurer pers\u00f6nlichen Daten sehr ernst und sind daher bestrebt, euch nicht nur ein umfassendes Online-Angebot zur Verf\u00fcgung zu stellen, sondern dabei auch eure Recht auf informationelle Selbstbestimmung zu gew\u00e4hrleisten. Als gesetzliche Grundlage dienen insbesondere das Bundesdatenschutzgesetz (BDSG) und das Telemediengesetz (TMG).<\/p>\n\n\n\n<h4 class=\"wp-block-heading\">Datennutzung<\/h4>\n\n\n\n<p>Sofern innerhalb des Internetangebotes die M\u00f6glichkeit zur Eingabe pers\u00f6nlicher oder gesch\u00e4ftlicher Daten (z. B. E-Mail-Adressen, Namen oder Anschriften) besteht, erfolgt die Preisgabe dieser Daten seitens des Nutzers auf ausdr\u00fccklich freiwilliger Basis. Diese personenbezogenen Daten nutzen wir zur Pflege der Kundenbeziehungen und zur Auftragsabwicklung. Die daf\u00fcr erforderlichen Daten werden ggf. an Dienstleister weitergeleitet. Wir werden eure Daten jedoch weder an Dritte verkaufen noch anderweitig vermarkten. <\/p>\n\n\n\n<h4 class=\"wp-block-heading\">Cookies<\/h4>\n\n\n\n<p>Um euch den Besuch unserer Website so komfortabel wie m\u00f6glich zu gestalten, setzen wir zur Anzeige des Produktangebotes Cookies ein. Cookies sind kleine Textdateien, die lokal im Zwischenspeicher des Internet-Browsers des Seitenbesuchers gespeichert werden. Selbstverst\u00e4ndlich k\u00f6nnt ihr eure so einstellen, dass keine Cookies auf der Festplatte abgelegt werden bzw. bereits abgelegte Cookies wieder gel\u00f6scht werden. Wie das im Einzelnen funktioniert, findet ihr in der Anleitung des jeweiligen Browser-Herstellers.<\/p>\n\n\n\n<h4 class=\"wp-block-heading\">Auskunftsrecht<\/h4>\n\n\n\n<p>Ihr habt das Recht, auf Antrag unentgeltlich Auskunft \u00fcber die \u00fcber euch gespeicherten personenbezogenen Daten zu erhalten. Weiterhin habt ihr nach dem Bundesdatenschutzgesetz ein Widerspruchsrecht gegen die Nutzung und\/oder \u00dcbermittlung Ihrer Daten f\u00fcr Werbezwecke. Zus\u00e4tzlich habt ihr nach Ma\u00dfgabe der gesetzlichen Bestimmungen ein Recht auf Berichtigung, Sperrung und L\u00f6schung dieser personenbezogenen Daten. Wendet euch bitte in diesen F\u00e4llen schriftlich oder per E-Mail an uns.<\/p>\n\n\n\n<h4 class=\"wp-block-heading\">Verwendung von Google Analytics<\/h4>\n\n\n\n<p>Diese Website benutzt kein Google Analytics.<\/p>\n","protected":false},"excerpt":{"rendered":"<p>Vielen Dank f\u00fcr den Besuch unserer Website. Wir nehmen den Schutz eurer pers\u00f6nlichen Daten sehr ernst und sind daher bestrebt, euch nicht nur ein umfassendes Online-Angebot zur Verf\u00fcgung zu stellen, sondern dabei auch eure Recht auf informationelle Selbstbestimmung zu gew\u00e4hrleisten. Als gesetzliche Grundlage dienen insbesondere das Bundesdatenschutzgesetz (BDSG) und das Telemediengesetz (TMG). Datennutzung Sofern innerhalb des Internetangebotes die M\u00f6glichkeit zur Eingabe pers\u00f6nlicher oder gesch\u00e4ftlicher Daten (z. B. E-Mail-Adressen, Namen oder Anschriften) besteht, erfolgt die Preisgabe dieser Daten seitens des Nutzers&hellip;<\/p>\n","protected":false},"author":1,"featured_media":0,"parent":0,"menu_order":0,"comment_status":"closed","ping_status":"closed","template":"","meta":{"footnotes":""},"translation":{"provider":"WPGlobus","version":"3.0.2","language":"de","enabled_languages":["en","de"],"languages":{"en":{"title":true,"content":true,"excerpt":false},"de":{"title":false,"content":false,"excerpt":false}}},"acf":[],"_links":{"self":[{"href":"https:\/\/forum-via.org\/de\/wp-json\/wp\/v2\/pages\/4809"}],"collection":[{"href":"https:\/\/forum-via.org\/de\/wp-json\/wp\/v2\/pages"}],"about":[{"href":"https:\/\/forum-via.org\/de\/wp-json\/wp\/v2\/types\/page"}],"author":[{"embeddable":true,"href":"https:\/\/forum-via.org\/de\/wp-json\/wp\/v2\/users\/1"}],"replies":[{"embeddable":true,"href":"https:\/\/forum-via.org\/de\/wp-json\/wp\/v2\/comments?post=4809"}],"version-history":[{"count":2,"href":"https:\/\/forum-via.org\/de\/wp-json\/wp\/v2\/pages\/4809\/revisions"}],"predecessor-version":[{"id":4897,"href":"https:\/\/forum-via.org\/de\/wp-json\/wp\/v2\/pages\/4809\/revisions\/4897"}],"wp:attachment":[{"href":"https:\/\/forum-via.org\/de\/wp-json\/wp\/v2\/media?parent=4809"}],"curies":[{"name":"wp","href":"https:\/\/api.w.org\/{rel}","templated":true}]}}