{"id":499,"date":"2013-01-27T14:35:11","date_gmt":"2013-01-27T13:35:11","guid":{"rendered":"http:\/\/forum-via.org\/?page_id=499"},"modified":"2018-05-06T00:05:07","modified_gmt":"2018-05-05T22:05:07","slug":"5th-global-forum-of-the-un-alliance-of-civilizations-2","status":"publish","type":"page","link":"https:\/\/forum-via.org\/de\/5th-global-forum-of-the-un-alliance-of-civilizations-2\/","title":{"rendered":"5th Global Forum of the UN Alliance of Civilizations"},"content":{"rendered":"<div class=\"youtube\"><object width=\"350\" height=\"300\" classid=\"clsid:d27cdb6e-ae6d-11cf-96b8-444553540000\" codebase=\"http:\/\/download.macromedia.com\/pub\/shockwave\/cabs\/flash\/swflash.cab#version=6,0,40,0\" data-mce-fragment=\"1\"><param name=\"wmode\" value=\"transparent\" \/><param name=\"src\" value=\"http:\/\/www.youtube.com\/v\/o90usXUQisk\" \/><embed type=\"application\/x-shockwave-flash\" src=\"http:\/\/www.youtube.com\/v\/o90usXUQisk\" wmode=\"transparent\" width=\"350\" height=\"300\" \/><\/object><\/div>\n<p>Neben seiner Teilnahme an der Konferenz, die vom 26. bis 28. Februar in Wien stattgefunden hat, wurde ViA von den OrganisatorInnen der Konferenz angefragt, ob wir im Vorfeld der Konferenz das online Diskussionsforum zum Thema &#8222;Migration, Integration und Mobilit\u00e4t&#8220; und die Breakout Session zum gleichen Thema w\u00e4hrend des Youth Forums ko-moderieren w\u00fcrden. Die Breakout Sessions hatten zum Ziel die Erarbeitung von Empfehlungen, die von der UNAOC dokumentiert und Entscheidungstr\u00e4gern aus der Politik, der Zivilgesellschaft und dem privaten Sektor beim Globalen Forum vorgestellt wurden. ViA freut sich dar\u00fcber, diese tolle Gelegenheit gehabt zu haben, mit anderen jungen Menschen aus aller Welt auszutauschen, dabei zum Erfolg der Konferenz beizutragen und die Stimme der Jugend zu st\u00e4rken!<\/p>\n<p><strong><a href=\"http:\/\/www.vienna5unaoc.org\/documentation\/reports-on-youth-event\/\" target=\"_blank\" rel=\"noopener\">Hier <\/a><\/strong>findest du die <strong>Empfehlungen der Jugendlichen<\/strong> sowie weitere Dokumentation des Forums.<\/p>\n<p>Um zu der <strong>vollen Dokumentation des Youth und Global Forums <\/strong>zu gelangen, inkl. der <em><strong>Vienna Declaration<\/strong><\/em>, dem Konzeptpapier, der Konferenzbrosch\u00fcre und einigen der <strong>Reden (u.a. vom UN Generalsekret\u00e4r Ban Ki-moon<\/strong>, dem \u00f6sterreichischen Pr\u00e4sident Heinz Fischer und dem Emir von Qatar Sheikh Hamad Bin Khalifa Al-Thani), klicke <a href=\"http:\/\/www.vienna5unaoc.org\/documentation\/\" target=\"_blank\" rel=\"noopener\"><strong>hier<\/strong><\/a>!<\/p>\n<p>Mehr Informationen \u00fcber die Konferenz (Youth Forum und Global Forum) findest du auf der <strong><a href=\"http:\/\/www.vienna5unaoc.org\/\" target=\"_blank\" rel=\"noopener\">Homepage<\/a><\/strong> der Konferenz.<\/p>\n<p>Unten findest du ein weiteres Video vom Youth Forum. Die ersten 1m30s sind Eindr\u00fccke des Ereignisses (ohne Ton). Bei 1m30s stellen junge TeilnehmerInnen einige der Empfehlungen vor.<\/p>\n<p><object id=\"flashObj\" width=\"350\" height=\"300\" classid=\"clsid:d27cdb6e-ae6d-11cf-96b8-444553540000\" codebase=\"http:\/\/download.macromedia.com\/pub\/shockwave\/cabs\/flash\/swflash.cab#version=6,0,40,0\" data-mce-fragment=\"1\"><param name=\"flashVars\" value=\"videoId=2194265187001&amp;linkBaseURL=http%3A%2F%2Fwebtv.un.org%2Fmeetings-events%2Fconferencessummits%2Fun-alliance-of-civilizations-5th-global-forum-27-28-february-2013-vienna%2Fwatch%2Fyouth-event-unaoc-5th-global-forum-vienna-2013%2F2194265187001&amp;playerID=1613589742001&amp;playerKey=AQ~~,AAABPSuWdxE~,UHaNXUUB06UyR-VN7Xc3JTqRSSQh-p7W&amp;domain=embed&amp;dynamicStreaming=true\" \/><param name=\"base\" value=\"http:\/\/admin.brightcove.com\" \/><param name=\"seamlesstabbing\" value=\"false\" \/><param name=\"allowFullScreen\" value=\"true\" \/><param name=\"swLiveConnect\" value=\"true\" \/><param name=\"allowScriptAccess\" value=\"always\" \/><param name=\"src\" value=\"http:\/\/c.brightcove.com\/services\/viewer\/federated_f9?isVid=1&amp;isUI=1\" \/><param name=\"flashvars\" value=\"videoId=2194265187001&amp;linkBaseURL=http%3A%2F%2Fwebtv.un.org%2Fmeetings-events%2Fconferencessummits%2Fun-alliance-of-civilizations-5th-global-forum-27-28-february-2013-vienna%2Fwatch%2Fyouth-event-unaoc-5th-global-forum-vienna-2013%2F2194265187001&amp;playerID=1613589742001&amp;playerKey=AQ~~,AAABPSuWdxE~,UHaNXUUB06UyR-VN7Xc3JTqRSSQh-p7W&amp;domain=embed&amp;dynamicStreaming=true\" \/><param name=\"allowfullscreen\" value=\"true\" \/><param name=\"allowscriptaccess\" value=\"always\" \/><param name=\"swliveconnect\" value=\"true\" \/><param name=\"pluginspage\" value=\"http:\/\/www.macromedia.com\/shockwave\/download\/index.cgi?P1_Prod_Version=ShockwaveFlash\" \/><embed id=\"flashObj\" type=\"application\/x-shockwave-flash\" src=\"http:\/\/c.brightcove.com\/services\/viewer\/federated_f9?isVid=1&amp;isUI=1\" flashvars=\"videoId=2194265187001&amp;linkBaseURL=http%3A%2F%2Fwebtv.un.org%2Fmeetings-events%2Fconferencessummits%2Fun-alliance-of-civilizations-5th-global-forum-27-28-february-2013-vienna%2Fwatch%2Fyouth-event-unaoc-5th-global-forum-vienna-2013%2F2194265187001&amp;playerID=1613589742001&amp;playerKey=AQ~~,AAABPSuWdxE~,UHaNXUUB06UyR-VN7Xc3JTqRSSQh-p7W&amp;domain=embed&amp;dynamicStreaming=true\" base=\"http:\/\/admin.brightcove.com\" seamlesstabbing=\"false\" allowfullscreen=\"allowfullscreen\" swliveconnect=\"true\" allowscriptaccess=\"always\" pluginspage=\"http:\/\/www.macromedia.com\/shockwave\/download\/index.cgi?P1_Prod_Version=ShockwaveFlash\" bgcolor=\"#FFFFFF\" width=\"350\" height=\"300\" \/><\/object><\/p>\n","protected":false},"excerpt":{"rendered":"<p>Neben seiner Teilnahme an der Konferenz, die vom 26. bis 28. Februar in Wien stattgefunden hat, wurde ViA von den OrganisatorInnen der Konferenz angefragt, ob wir im Vorfeld der Konferenz das online Diskussionsforum zum Thema &#8222;Migration, Integration und Mobilit\u00e4t&#8220; und die Breakout Session zum gleichen Thema w\u00e4hrend des Youth Forums ko-moderieren w\u00fcrden. Die Breakout Sessions hatten zum Ziel die Erarbeitung von Empfehlungen, die von der UNAOC dokumentiert und Entscheidungstr\u00e4gern aus der Politik, der Zivilgesellschaft und dem privaten Sektor beim Globalen&hellip;<\/p>\n","protected":false},"author":1,"featured_media":0,"parent":0,"menu_order":0,"comment_status":"closed","ping_status":"closed","template":"","meta":{"footnotes":""},"translation":{"provider":"WPGlobus","version":"3.0.2","language":"de","enabled_languages":["en","de"],"languages":{"en":{"title":true,"content":true,"excerpt":false},"de":{"title":true,"content":true,"excerpt":false}}},"acf":[],"_links":{"self":[{"href":"https:\/\/forum-via.org\/de\/wp-json\/wp\/v2\/pages\/499"}],"collection":[{"href":"https:\/\/forum-via.org\/de\/wp-json\/wp\/v2\/pages"}],"about":[{"href":"https:\/\/forum-via.org\/de\/wp-json\/wp\/v2\/types\/page"}],"author":[{"embeddable":true,"href":"https:\/\/forum-via.org\/de\/wp-json\/wp\/v2\/users\/1"}],"replies":[{"embeddable":true,"href":"https:\/\/forum-via.org\/de\/wp-json\/wp\/v2\/comments?post=499"}],"version-history":[{"count":23,"href":"https:\/\/forum-via.org\/de\/wp-json\/wp\/v2\/pages\/499\/revisions"}],"predecessor-version":[{"id":3897,"href":"https:\/\/forum-via.org\/de\/wp-json\/wp\/v2\/pages\/499\/revisions\/3897"}],"wp:attachment":[{"href":"https:\/\/forum-via.org\/de\/wp-json\/wp\/v2\/media?parent=499"}],"curies":[{"name":"wp","href":"https:\/\/api.w.org\/{rel}","templated":true}]}}