{"id":534,"date":"2013-02-17T19:14:03","date_gmt":"2013-02-17T18:14:03","guid":{"rendered":"http:\/\/forum-via.org\/?page_id=534"},"modified":"2013-05-06T12:48:13","modified_gmt":"2013-05-06T10:48:13","slug":"ausschreibung-partnerschule","status":"publish","type":"page","link":"https:\/\/forum-via.org\/de\/educational-games\/projekte\/ausschreibung-partnerschule\/","title":{"rendered":"Ausschreibung: Partnerschule"},"content":{"rendered":"<p><strong><span style=\"color: #ff0000;\">*** Drei Partnerschulen wurden ausgew\u00e4hlt! Klicken Sie <a title=\"Partnerschulen\" href=\"http:\/\/forum-via.org\/projekte\/sustainability-adventure\/partnerschulen\/\">hier<\/a>, um mehr dar\u00fcber zu lesen ***<\/span><\/strong><\/p>\n<p>Ausschreibung als .pdf-Datei <a title=\"Ausschreibung: Partnerschule\" href=\"http:\/\/forum-via.org\/wp-content\/uploads\/2013\/03\/Ausschreibung_ViA_LetsGoAndiamoViA_bis12.4..pdf\" target=\"_blank\">herunterladen<\/a>.<\/p>\n<p><span style=\"font-size: 22px; color: #2688bc;\"><strong>Werde Partnerschule bei Let\u2019s Go \u2013 Andiamo ViA! und erlebe die Welt!<\/strong><\/span><\/p>\n<p><strong>Ausschreibung <span style=\"text-decoration: underline;\">verl\u00e4ngert<\/span> bis zum 12. April 2013!<\/strong><\/p>\n<p>Das <a title=\"Willkommen!\" href=\"http:\/\/forum-via.org\/\">Forum f\u00fcr nachhaltige Visionen in Aktion<\/a> (Forum ViA) erm\u00f6glicht einer \u00f6sterreichischen und einer amerikanischen Schule\/Schulklasse am Pilotprojekt \u201eLet\u2019s Go \u2013 Andiamo ViA! Choose Your Own Sustainability Adventure\u201c teilzunehmen und vom Klassenzimmer aus in ein spannendes Lernreise-Erlebnis einzutauchen.<\/p>\n<p><strong>Bildung f\u00fcr Nachhaltige Entwicklung (BNE) und Globale Verantwortung im Blogformat \u2013 ViA bietet spannende Gestaltung von Unterrichtsstunden<\/strong><br \/>\nEin <strong>innovatives, multimediales Reiseblog-Format<\/strong> erm\u00f6glicht den ausgew\u00e4hlten Schulklassen ein entscheidender Teil der Reise der zwei ViA Ambassadors zu den Nachhaltigkeits-Hotspots der Welt zu werden und neue Medien kreativ und sinnvoll zu nutzen. Denn auf der <strong>Nachhaltigkeits-Reise durch die Welt<\/strong> lernen die Sch\u00fcler und Sch\u00fclerinnen nicht nur unterschiedliche Herausforderungen, sondern auch zukunftsf\u00e4hige L\u00f6sungsans\u00e4tze f\u00fcr Reisen, Kleidung, Essen, Landwirtschaft oder politische und wirtschaftliche Mitgestaltung <strong>hautnah und im Dialog mit anderen Kulturen<\/strong> kennen. Und nicht nur das: \u00dcber die Online-Plattform sollen sie im Austausch mit den reisenden ViA-Ambassadors <strong>mitrecherchieren und mitentscheiden<\/strong>, wo die Reise beispielsweise als n\u00e4chstes hingeht, welche Fortbewegungsmittel gew\u00e4hlt werden, was man (z.B. kulturell) am jeweiligen Ort beachten muss und wie das mit nachhaltiger Entwicklung und globaler Verantwortung zusammenh\u00e4ngt.<\/p>\n<p>Sch\u00fclerInnen, LehrerInnen und ViA-Ambassadors schreiben also gemeinsam das Skript der Nachhaltigkeitsreise und werden so zu <strong>Kultur-, Umwelt-, und EthikberaterInnen mit Verantwortung f\u00fcr den Erfolg der Reise<\/strong>. Die Ambassadors melden als ReisejournalistInnen <strong>live aus aller Welt per Videobotschaften, Blogeintr\u00e4gen und Fotodokumentationen<\/strong> zur\u00fcck, wie der Plan der Schulklassen aufgeht. Tr\u00e4umen ist der erste wichtige Schritt, Recherchieren und Absprechen der Zweite und die Umsetzung und Nachbesprechung der Reise-Etappen der dritte und letzte Schritt: So wird Lernen zum spielerischen Nebeneffekt. W\u00e4hrend LehrerInnen Ihren Sch\u00fclerInnen in etwa eine Schulstunde pro Woche (bei wechselnden Schulf\u00e4chern) f\u00fcr die Bearbeitung der \u201eSustainability Adventures\u201c bzw. f\u00fcr die Diskussion der zur\u00fcckgemeldeten Feedbacks (Videos, Fotos, Blogberichte) zur Verf\u00fcgung stellen, liefert das Forum ViA in Absprache mit den LehrerInnen f\u00fcr diese Stunden das Material.<\/p>\n<p><strong>Hintergrund und Benefits der virtuellen Nachhaltigkeitslernreise<\/strong><br \/>\nL\u00e4ngst sind in den meisten Lehrpl\u00e4nen Themen der Nachhaltigkeit vorgesehen. Obwohl sie angesichts aktueller komplexer Krisen wichtiger denn je w\u00e4ren, f\u00e4llt die Einbeziehung der Themen oft schwer. Das Forum ViA bietet LehrerInnen einer \u00f6sterreichischen und einer US-Schule Unterst\u00fctzung bei der Vorbereitung von interaktiven und spannenden Unterrichtseinheiten von \u201eBildung f\u00fcr Nachhaltige Entwicklung\u201c im Schulalltag in Zusammenarbeit mit internationalen WissenschaftlerInnen und PraxispartnerInnen.<\/p>\n<p><strong>Gewinnt Eine(r) \u2013 gewinnen Alle<\/strong><br \/>\nDurch die regelm\u00e4\u00dfigen Beitr\u00e4ge und Mitentscheidungen der Sch\u00fclerInnen, das kontinuierliche Verfolgen der Blog-Berichterstattung und die Kommunikation mit den Sch\u00fclerInnen in den USA, werden Sch\u00fclerinnen und Sch\u00fcler nicht nur zu Lernenden, sondern auch zu Lehrenden und zu MultiplikatorInnen von nachhaltigen Reise- und Handlungsm\u00f6glichkeiten. Jedes \u201eSustainability Adventure\u201c ist ein Schritt weiter in Richtung eines kritischen, offenen und verantwortungsbewussten Weltb\u00fcrgerInnentums. Der Spa\u00df und das Gef\u00fchl etwas ver\u00e4ndern zu k\u00f6nnen, kommt dabei auch f\u00fcr die LehrerInnen und die ViA Ambassadors nicht zu kurz!<\/p>\n<p><strong>Zielgruppe:<\/strong> Sekundarstufe 2 (Sch\u00fclerInnen ab Klasse 9) \u2013 Sch\u00fclerInnen und LehrerInnen aller Schultypen in \u00d6sterreich und Amerika.<\/p>\n<p><strong>Projektzeitraum:<\/strong> Vorbereitung und erster Austausch: April 2013, Durchf\u00fchrung: ab September 2013<\/p>\n<p><strong>Dauer des Pilotprojekts:<\/strong> Ein Schuljahr (September 2013 bis Juni 2014). Ein Wechsel der LehrerInnen innerhalb einer Schule ist m\u00f6glich und erw\u00fcnscht.<\/p>\n<p>Sie wollen die erste \u00f6sterreichische Klasse sein, die am einzigartigen Pilotprojekt teilnimmt?<\/p>\n<p><strong>Dann jetzt bewerben und mit dem Forum ViA und seinem Projekt f\u00fcr Bildung nachhaltige Entwicklung (BNE) im n\u00e4chsten Schuljahr die Welt erleben!<\/strong><\/p>\n<p>Schicken Sie <span style=\"text-decoration: underline;\"><strong>bis 30 M\u00e4rz eine formlose Interessensbekundung Ihrer Schule, sowie von mindestens zwei LehrerInnen unterschiedlicher F\u00e4cher<\/strong><\/span> (z.B. Ethik, Biologie, Geographie, Englisch, Deutsch etc.) per Email <span style=\"text-decoration: underline;\"><strong>an\u00a0<\/strong><strong><a href=\"mailto:lets-go@forum-via.org\">lets-go@forum-via.org<\/a><\/strong><\/span> [je max. 250 W\u00f6rter]<\/p>\n<p><strong>R\u00fcckfragen unter:\u00a0<a href=\"mailto:info@forum-via.org\">info@forum-via.org<\/a><\/strong><\/p>\n<p>&nbsp;<\/p>\n","protected":false},"excerpt":{"rendered":"<p>*** Drei Partnerschulen wurden ausgew\u00e4hlt! Klicken Sie hier, um mehr dar\u00fcber zu lesen *** Ausschreibung als .pdf-Datei herunterladen. Werde Partnerschule bei Let\u2019s Go \u2013 Andiamo ViA! und erlebe die Welt! Ausschreibung verl\u00e4ngert bis zum 12. April 2013! Das Forum f\u00fcr nachhaltige Visionen in Aktion (Forum ViA) erm\u00f6glicht einer \u00f6sterreichischen und einer amerikanischen Schule\/Schulklasse am Pilotprojekt \u201eLet\u2019s Go \u2013 Andiamo ViA! Choose Your Own Sustainability Adventure\u201c teilzunehmen und vom Klassenzimmer aus in ein spannendes Lernreise-Erlebnis einzutauchen. Bildung f\u00fcr Nachhaltige Entwicklung (BNE)&hellip;<\/p>\n","protected":false},"author":1,"featured_media":0,"parent":27,"menu_order":0,"comment_status":"closed","ping_status":"closed","template":"showcase.php","meta":{"footnotes":""},"translation":{"provider":"WPGlobus","version":"3.0.2","language":"de","enabled_languages":["en","de"],"languages":{"en":{"title":true,"content":true,"excerpt":false},"de":{"title":false,"content":false,"excerpt":false}}},"acf":[],"_links":{"self":[{"href":"https:\/\/forum-via.org\/de\/wp-json\/wp\/v2\/pages\/534"}],"collection":[{"href":"https:\/\/forum-via.org\/de\/wp-json\/wp\/v2\/pages"}],"about":[{"href":"https:\/\/forum-via.org\/de\/wp-json\/wp\/v2\/types\/page"}],"author":[{"embeddable":true,"href":"https:\/\/forum-via.org\/de\/wp-json\/wp\/v2\/users\/1"}],"replies":[{"embeddable":true,"href":"https:\/\/forum-via.org\/de\/wp-json\/wp\/v2\/comments?post=534"}],"version-history":[{"count":31,"href":"https:\/\/forum-via.org\/de\/wp-json\/wp\/v2\/pages\/534\/revisions"}],"predecessor-version":[{"id":541,"href":"https:\/\/forum-via.org\/de\/wp-json\/wp\/v2\/pages\/534\/revisions\/541"}],"up":[{"embeddable":true,"href":"https:\/\/forum-via.org\/de\/wp-json\/wp\/v2\/pages\/27"}],"wp:attachment":[{"href":"https:\/\/forum-via.org\/de\/wp-json\/wp\/v2\/media?parent=534"}],"curies":[{"name":"wp","href":"https:\/\/api.w.org\/{rel}","templated":true}]}}