{"id":6,"date":"2012-11-03T11:00:10","date_gmt":"2012-10-28T20:59:11","guid":{"rendered":"http:\/\/forum-via.org\/?page_id=6"},"modified":"2020-01-22T21:27:23","modified_gmt":"2020-01-22T20:27:23","slug":"about-us","status":"publish","type":"page","link":"https:\/\/forum-via.org\/de\/about-us\/","title":{"rendered":"\u00dcber uns"},"content":{"rendered":"<p><a title=\"Willkommen!\" href=\"http:\/\/forum-via.org\/de\/about-us\/experience-sustainability-with-us\/\">Wir von <strong>ViA<\/strong><\/a>\u00a0 sind junge\u00a0 \u201eVision\u00e4re in Aktion\u201c, die die \u00dcberzeugung teilen, dass es transformatives Lernen f\u00fcr den Wandel braucht.<\/p>\n<p>In der interaktiven Arbeit mit Jugendlichen und jungen Erwachsenen wollen wir die Herausforderungen unserer Zeit (Wirtschaftskrisen, Biodiversit\u00e4tskrise, Umweltschutz, Klimawandel, soziale Ungleichheit usw.) nicht nur thematisieren, sondern auch einen konstruktiven und proaktiven Umgang damit f\u00f6rdern. Denn wir sind \u00fcberzeugt, dass <strong>zukunftsf\u00e4hige Lebens-Wirtschafts- und Arbeitsformen<\/strong> nicht nur m\u00f6glich sind, sondern bereits weltweit verf\u00fcgbar und in Aktion! Und nicht nur das.: Sie sind auch besser; F\u00fcr uns und den Planeten!<\/p>\n<p><em>Ohnmacht wird zu Mitmacht \u2013 MACHT MIT!<\/em><\/p>\n<p>Durch unsere <a title=\"Projekte\" href=\"http:\/\/forum-via.org\/de\/educational-games\/\"><strong>Aktivit\u00e4ten und Spiele <\/strong><\/a>machen wir den \u00fcbernutzten und abstrakten Begriff der Nachhaltigkeit greifbar und zeigen Initiativen, in denen \u00f6kologische, soziale, wirtschaftliche und transkulturelle Nachhaltigkeit bereits heute gelebt wird.<\/p>\n<p>In unseren Veranstaltungen und Projekten (<a href=\"http:\/\/forum-via.org\/de\/about-us\/visions-2040\/\"><strong>Visionen f\u00fcr 2040<\/strong><\/a>, <a title=\"Choose Your Own Sustainability Adventure\" href=\"http:\/\/forum-via.org\/de\/sustainability-adventure\/\"><strong>Choose Your Own Sustainability Adventure<\/strong><\/a>, <a href=\"http:\/\/forum-via.org\/de\/portfolio-item\/un-climate-simulation\/\"><strong>UN Klimakonferenz-Simulationen<\/strong><\/a> etc.)\u00a0 erarbeiten wir gemeinsam Wege, die wir schon heute beschreiten k\u00f6nnen, um ein Teil (s)einer nachhaltigen Zukunft werden.<\/p>\n<p>Denn die Welt von morgen beginnt schon heute!<\/p>\n<p>Erfahren Sie mehr zu unserem <a title=\"Leitbild\" href=\"http:\/\/forum-via.org\/de\/about-us\/mission-statement\/\"><strong>Leitbild<\/strong><\/a> und <a title=\"Unsere Prinzipien\" href=\"http:\/\/forum-via.org\/de\/our-principles\/\"><strong>unseren Prinzipien<\/strong><\/a>.<\/p>\n","protected":false},"excerpt":{"rendered":"<p>Wir von ViA\u00a0 sind junge\u00a0 \u201eVision\u00e4re in Aktion\u201c, die die \u00dcberzeugung teilen, dass es transformatives Lernen f\u00fcr den Wandel braucht. In der interaktiven Arbeit mit Jugendlichen und jungen Erwachsenen wollen wir die Herausforderungen unserer Zeit (Wirtschaftskrisen, Biodiversit\u00e4tskrise, Umweltschutz, Klimawandel, soziale Ungleichheit usw.) nicht nur thematisieren, sondern auch einen konstruktiven und proaktiven Umgang damit f\u00f6rdern. Denn wir sind \u00fcberzeugt, dass zukunftsf\u00e4hige Lebens-Wirtschafts- und Arbeitsformen nicht nur m\u00f6glich sind, sondern bereits weltweit verf\u00fcgbar und in Aktion! Und nicht nur das.: Sie sind&hellip;<\/p>\n","protected":false},"author":1,"featured_media":0,"parent":0,"menu_order":0,"comment_status":"closed","ping_status":"open","template":"","meta":{"footnotes":""},"translation":{"provider":"WPGlobus","version":"3.0.2","language":"de","enabled_languages":["en","de"],"languages":{"en":{"title":true,"content":true,"excerpt":false},"de":{"title":true,"content":true,"excerpt":false}}},"acf":[],"_links":{"self":[{"href":"https:\/\/forum-via.org\/de\/wp-json\/wp\/v2\/pages\/6"}],"collection":[{"href":"https:\/\/forum-via.org\/de\/wp-json\/wp\/v2\/pages"}],"about":[{"href":"https:\/\/forum-via.org\/de\/wp-json\/wp\/v2\/types\/page"}],"author":[{"embeddable":true,"href":"https:\/\/forum-via.org\/de\/wp-json\/wp\/v2\/users\/1"}],"replies":[{"embeddable":true,"href":"https:\/\/forum-via.org\/de\/wp-json\/wp\/v2\/comments?post=6"}],"version-history":[{"count":25,"href":"https:\/\/forum-via.org\/de\/wp-json\/wp\/v2\/pages\/6\/revisions"}],"predecessor-version":[{"id":4702,"href":"https:\/\/forum-via.org\/de\/wp-json\/wp\/v2\/pages\/6\/revisions\/4702"}],"wp:attachment":[{"href":"https:\/\/forum-via.org\/de\/wp-json\/wp\/v2\/media?parent=6"}],"curies":[{"name":"wp","href":"https:\/\/api.w.org\/{rel}","templated":true}]}}