{"id":619,"date":"2013-03-24T17:40:33","date_gmt":"2013-03-24T16:40:33","guid":{"rendered":"http:\/\/forum-via.org\/?page_id=619"},"modified":"2021-01-10T22:49:49","modified_gmt":"2021-01-10T21:49:49","slug":"partner","status":"publish","type":"page","link":"https:\/\/forum-via.org\/de\/about-us\/partner\/","title":{"rendered":"Partner"},"content":{"rendered":"<p>Wir freuen uns \u00fcber die Kooperation mit folgenden Organisationen und Initiativen:<\/p>\n<div class=\"ctsc-column ctsc-col3\">\n<p><strong>Zentrum f\u00fcr globalen Wandel und Nachhaltigkeit<\/strong><\/p>\n<p><a href=\"http:\/\/www.boku.ac.at\/gwn.html?&#038;L=0\" target=\"_blank\" rel=\"noopener noreferrer\"><img loading=\"lazy\" class=\"alignnone wp-image-603\" src=\"http:\/\/forum-via.org\/wp-content\/uploads\/2013\/03\/gWN_de-1024x651.png\" alt=\"gWN_de\" width=\"252\" height=\"161\" \/><\/a><\/p>\n<div class=\"ctsc-separator ctsc-separator-dashed \"><div class=\"ctsc-separator-line\"><\/div><div class=\"clear\"><\/div><\/div>\n<p><strong>Ecosocial Student Forum<\/strong><\/p>\n<p><a href=\"http:\/\/www.oessfo.at\/\" target=\"_blank\" rel=\"noopener noreferrer\"><img loading=\"lazy\" class=\"aligncenter\" src=\"http:\/\/forum-via.org\/wp-content\/uploads\/2013\/03\/OESSFO.jpg\" alt=\"OESSFO\" width=\"219\" height=\"112\" \/><\/a><div class=\"ctsc-separator ctsc-separator-dashed \"><div class=\"ctsc-separator-line\"><\/div><div class=\"clear\"><\/div><\/div><\/p>\n<p><strong>SDG Watch Austria<br \/>\n<\/strong><\/p>\n<p><a title=\"forum Nachhaltig Wirtschaften\" href=\"http:\/\/www.forum-csr.net\/\" target=\"_blank\" rel=\"lightbox noopener noreferrer\"><img loading=\"lazy\" class=\"wp-image-4620 size-medium aligncenter\" src=\"http:\/\/forum-via.org\/wp-content\/uploads\/2018\/09\/SDGW_Basic2-300x116.jpg\" alt=\"\" width=\"300\" height=\"116\" \/><\/a><\/p>\n<\/div><div class=\"ctsc-column ctsc-col3\">\n<p><strong>NEONGREEN NETWORK<\/strong><\/p>\n<p><a href=\"http:\/\/www.neongruen.net\/index.php?article_id=2&#038;clang=1\" target=\"_blank\" rel=\"noopener noreferrer\"><img loading=\"lazy\" class=\"aligncenter\" src=\"http:\/\/forum-via.org\/wp-content\/uploads\/2013\/03\/NeonGreenNetwork.png\" alt=\"NeonGreenNetwork\" width=\"90\" height=\"143\" \/><\/a><div class=\"ctsc-separator ctsc-separator-dashed \"><div class=\"ctsc-separator-line\"><\/div><div class=\"clear\"><\/div><\/div><\/p>\n<p><strong>LEBENSART &#038; BUSINESSART Magazines<\/strong><\/p>\n<p><a title=\"LEBENSART\" href=\"http:\/\/www.lebensart.at\/\" target=\"_blank\" rel=\"noopener noreferrer\"><strong><img loading=\"lazy\" class=\"aligncenter\" src=\"http:\/\/forum-via.org\/wp-content\/uploads\/2013\/08\/BUA-LEA-logo_oC_RGB_300dpi-e1377563853805.jpg\" alt=\"LEBENSART\" width=\"243\" height=\"130\" \/><\/strong><\/a><\/p>\n<p><strong><div class=\"ctsc-separator ctsc-separator-dashed \"><div class=\"ctsc-separator-line\"><\/div><div class=\"clear\"><\/div><\/div>CliMates Austria<br \/>\n<\/strong><\/p>\n<p><a href=\"https:\/\/climatesaustria.org\/\"><img loading=\"lazy\" class=\"aligncenter wp-image-4858\" src=\"http:\/\/forum-via.org\/wp-content\/uploads\/2021\/01\/CliMates-Austria_Text-Logo_mit-5mm-Rand.png\" alt=\"\" width=\"374\" height=\"187\" \/><\/a><\/p>\n<\/div><div class=\"ctsc-column ctsc-col3 ctsc-col-last\">\n<p><strong>Pilgrim Schools<\/strong><\/p>\n<p><a href=\"http:\/\/www.pilgrimschule.at\/seiten\/start.php\" target=\"_blank\" rel=\"noopener noreferrer\"><img loading=\"lazy\" class=\"aligncenter\" src=\"http:\/\/forum-via.org\/wp-content\/uploads\/2013\/03\/Pilgrim.jpg\" alt=\"Pilgrim\" width=\"185\" height=\"150\" \/><\/a><\/p>\n<div class=\"ctsc-separator ctsc-separator-dashed \"><div class=\"ctsc-separator-line\"><\/div><div class=\"clear\"><\/div><\/div>\n<p><strong>Seek the Change<\/strong><\/p>\n<p><strong><a title=\"Seek the Change\" href=\"http:\/\/www.seekthechange.org\/\" target=\"_blank\" rel=\"lightbox noopener noreferrer\"><img loading=\"lazy\" class=\"wp-image-1859 aligncenter\" src=\"http:\/\/forum-via.org\/wp-content\/uploads\/2013\/03\/SeektheChange.jpg\" alt=\"SeektheChange\" width=\"425\" height=\"60\" \/><\/a><\/strong><div class=\"ctsc-separator ctsc-separator-dashed \"><div class=\"ctsc-separator-line\"><\/div><div class=\"clear\"><\/div><\/div><\/p>\n<p><strong>pk-pr<\/strong><\/p>\n<p><a href=\"http:\/\/www.pk-pr.com\" target=\"_blank\" rel=\"noopener noreferrer\"><img loading=\"lazy\" class=\"aligncenter wp-image-3969 size-thumbnail\" src=\"http:\/\/forum-via.org\/wp-content\/uploads\/2018\/05\/Logo_ich_nicht-Sandy-150x150.png\" alt=\"\" width=\"150\" height=\"150\" \/><\/a><\/p>\n<\/div><div class=\"col-divide\"><\/div><\/p>\n<h4><strong>Projektbasierte Unterst\u00fctzung<br \/>\n<\/strong><\/h4>\n<p>Das Projekt <a title=\"Choose Your Own Sustainability Adventure\" href=\"http:\/\/forum-via.org\/projekte\/sustainability-adventure\/\">Choose Your Own Sustainability Adventure<\/a> wird finanziell unterst\u00fctzt von:<\/p>\n<div class=\"ctsc-column ctsc-col2\">\n<p><strong>Bundesministerium f\u00fcr Bildung und Frauen (<a title=\"Bundesministerium f\u00fcr Bildung und Frauen\" href=\"https:\/\/www.bmbf.gv.at\" target=\"_blank\" rel=\"noopener noreferrer\">BMBF<\/a>)<\/strong> im Rahmen des <a title=\"Bildungsf\u00f6rderungsfonds\" href=\"http:\/\/www.umweltbildung.at\/index.php?id=904\" target=\"_blank\" rel=\"noopener noreferrer\">Bildungsf\u00f6rderungsfonds<\/a>.<\/p>\n<p><a href=\"http:\/\/forum-via.org\/wp-content\/uploads\/2014\/08\/BBF_logo.jpg\" rel=\"lightbox\"><img loading=\"lazy\" class=\"alignleft wp-image-1622 size-medium\" src=\"http:\/\/forum-via.org\/wp-content\/uploads\/2014\/08\/BBF_logo-300x108.jpg\" alt=\"BBF_logo\" width=\"300\" height=\"108\" \/><\/a><\/p>\n<div class=\"ctsc-separator ctsc-separator-dashed \"><div class=\"ctsc-separator-line\"><\/div><div class=\"clear\"><\/div><\/div>\n<p>Das Projekt wird freundlicherweise durch Sachspenden unterst\u00fctzt, von: <strong>Patagonia, Inc.<\/strong> , eine f\u00fchrende Outdoor-Ausr\u00fcstungsfirma, deren Leitbild das Folgende ist (auf Englisch): &#8222;<em>Build the best product, cause no unnecessary harm, use business to inspire and implement solutions to the environmental crisis.&#8220;<\/em><\/p>\n<p><em>\u00a0<\/em><\/p>\n<p><a title=\"Patagonia\" href=\"http:\/\/www.patagonia.com\/\" target=\"_blank\" rel=\"noopener noreferrer\"><img loading=\"lazy\" class=\"aligncenter\" title=\"Patagonia\" src=\"http:\/\/forum-via.org\/wp-content\/uploads\/2013\/09\/PatagoniaLogo.jpg\" alt=\"\" width=\"311\" height=\"207\" \/><\/a><\/p>\n<\/div><div class=\"ctsc-column ctsc-col2 ctsc-col-last\">\n<p>Eine Medienkooperation besteht mit den \u00f6sterreichischen Nachhaltigkeitsmagazinen <strong><a title=\"LEBENSART\" href=\"http:\/\/www.lebensart.at\/\" target=\"_blank\" rel=\"noopener noreferrer\">LEBENSART<\/a><\/strong> und <strong><a title=\"BUSINESSART\" href=\"http:\/\/www.lebensart.at\/businessart\" target=\"_blank\" rel=\"noopener noreferrer\">BUSINESSART<\/a><\/strong> sowie mit dem deutschen Nachhaltigkeitsmagazin <a title=\"forum Nachhaltig Wirtschaften\" href=\"http:\/\/www.forum-csr.net\/\" target=\"_blank\" rel=\"noopener noreferrer\"><strong>forum Nachhaltig Wirtschaften.<\/strong><\/a><\/p>\n<p><strong><a title=\"LEBENSART\" href=\"http:\/\/lebensart.at\/\" target=\"_blank\" rel=\"noopener noreferrer\"><img loading=\"lazy\" class=\"aligncenter\" src=\"http:\/\/forum-via.org\/wp-content\/uploads\/2013\/08\/BUA-LEA-logo_oC_RGB_300dpi-e1377563853805.jpg\" alt=\"\" width=\"300\" height=\"160\" \/><\/a><\/strong><\/p>\n<p><em>\u00a0<\/em><\/p>\n<p><a title=\"forum Nachhaltig Wirtschaften\" href=\"http:\/\/www.forum-csr.net\/\" target=\"_blank\" rel=\"lightbox noopener noreferrer\"><img loading=\"lazy\" class=\"wp-image-1940 aligncenter\" src=\"http:\/\/forum-via.org\/wp-content\/uploads\/2013\/07\/Forum_nachhaltigWirtschaften_Logo.jpg\" alt=\"Forum_nachhaltigWirtschaften_Logo\" width=\"300\" height=\"121\" \/><\/a><\/p>\n<\/div><div class=\"col-divide\"><\/div><\/p>\n<p><strong>Die folgenden Organisationen unterst\u00fctzen uns bei der Entwicklung und Durchf\u00fchrung des Projekts haupts\u00e4chlich durch ihre Expertise und Netzwerke.<\/strong><\/p>\n<div class=\"ctsc-column ctsc-col3\">\n<p><strong>Zentrum f\u00fcr globalen Wandel und Nachhaltigkeit:<\/strong><\/p>\n<p><a href=\"http:\/\/www.boku.ac.at\/gwn.html?&#038;L=0\" target=\"_blank\" rel=\"noopener noreferrer\"><img loading=\"lazy\" class=\"wp-image-603 aligncenter\" src=\"http:\/\/forum-via.org\/wp-content\/uploads\/2013\/03\/gWN_de-1024x651.png\" alt=\"gWN_de\" width=\"252\" height=\"161\" \/><\/a><strong><div class=\"ctsc-separator ctsc-separator-dashed \"><div class=\"ctsc-separator-line\"><\/div><div class=\"clear\"><\/div><\/div><\/strong><\/p>\n<p><strong>Pilgrim Schools<\/strong><\/p>\n<p><a href=\"http:\/\/pilgrim.at\/\" target=\"_blank\" rel=\"noopener noreferrer\"><img loading=\"lazy\" class=\"aligncenter\" src=\"http:\/\/forum-via.org\/wp-content\/uploads\/2013\/03\/Pilgrim.jpg\" alt=\"Pilgrim\" width=\"185\" height=\"150\" \/><\/a><\/p>\n<p><div class=\"ctsc-separator ctsc-separator-dashed \"><div class=\"ctsc-separator-line\"><\/div><div class=\"clear\"><\/div><\/div><\/div><div class=\"ctsc-column ctsc-col3\">\n<p><strong>\u00d6kosoziales Studierendenforum<\/strong><\/p>\n<p><a href=\"http:\/\/www.oessfo.at\/\" target=\"_blank\" rel=\"noopener noreferrer\"><img loading=\"lazy\" class=\"aligncenter\" src=\"http:\/\/forum-via.org\/wp-content\/uploads\/2013\/03\/OESSFO.jpg\" alt=\"OESSFO\" width=\"219\" height=\"112\" \/><\/a><\/p>\n<div class=\"ctsc-separator ctsc-separator-dashed \"><div class=\"ctsc-separator-line\"><\/div><div class=\"clear\"><\/div><\/div>\n<p><strong>SEEK THE CHANGE<br \/>\n<\/strong><\/p>\n<p><strong><a title=\"Seek the Change\" href=\"http:\/\/www.seekthechange.org\/\" target=\"_blank\" rel=\"lightbox noopener noreferrer\"><img loading=\"lazy\" class=\"wp-image-1859 aligncenter\" src=\"http:\/\/forum-via.org\/wp-content\/uploads\/2013\/03\/SeektheChange.jpg\" alt=\"SeektheChange\" width=\"457\" height=\"67\" \/><\/a><\/strong><div class=\"ctsc-separator ctsc-separator-dashed \"><div class=\"ctsc-separator-line\"><\/div><div class=\"clear\"><\/div><\/div><\/p>\n<\/div><div class=\"ctsc-column ctsc-col3 ctsc-col-last\">\n<p><strong>NEONGREEN NETWORK<\/strong><\/p>\n<p><a href=\"http:\/\/www.neongruen.net\/index.php?article_id=2&#038;clang=1\" target=\"_blank\" rel=\"noopener noreferrer\"><img loading=\"lazy\" class=\"aligncenter\" src=\"http:\/\/forum-via.org\/wp-content\/uploads\/2013\/03\/NeonGreenNetwork.png\" alt=\"NeonGreenNetwork\" width=\"90\" height=\"143\" \/><\/a><div class=\"ctsc-separator ctsc-separator-dashed \"><div class=\"ctsc-separator-line\"><\/div><div class=\"clear\"><\/div><\/div><\/p>\n<p><strong>S\u00fcdwind Agentur<\/strong><\/p>\n<p><a title=\"S\u00fcdwind Agentur\" href=\"http:\/\/www.suedwind-agentur.at\/start.asp?ID=15013&#038;b=466\" target=\"_blank\" rel=\"noopener noreferrer\"><img loading=\"lazy\" class=\"wp-image-1822 size-medium aligncenter\" src=\"http:\/\/forum-via.org\/wp-content\/uploads\/2014\/10\/SW_Bildung-300x118.jpg\" alt=\"SW_Muster\" width=\"300\" height=\"118\" \/><\/a><div class=\"ctsc-separator ctsc-separator-dashed \"><div class=\"ctsc-separator-line\"><\/div><div class=\"clear\"><\/div><\/div><\/p>\n<\/div><div class=\"col-divide\"><\/div><\/p>\n","protected":false},"excerpt":{"rendered":"<p>Wir freuen uns \u00fcber die Kooperation mit folgenden Organisationen und Initiativen: Projektbasierte Unterst\u00fctzung Das Projekt Choose Your Own Sustainability Adventure wird finanziell unterst\u00fctzt von: Die folgenden Organisationen unterst\u00fctzen uns bei der Entwicklung und Durchf\u00fchrung des Projekts haupts\u00e4chlich durch ihre Expertise und Netzwerke.<\/p>\n","protected":false},"author":1,"featured_media":0,"parent":6,"menu_order":0,"comment_status":"closed","ping_status":"closed","template":"","meta":{"footnotes":""},"translation":{"provider":"WPGlobus","version":"3.0.2","language":"de","enabled_languages":["en","de"],"languages":{"en":{"title":true,"content":true,"excerpt":false},"de":{"title":true,"content":true,"excerpt":false}}},"acf":[],"_links":{"self":[{"href":"https:\/\/forum-via.org\/de\/wp-json\/wp\/v2\/pages\/619"}],"collection":[{"href":"https:\/\/forum-via.org\/de\/wp-json\/wp\/v2\/pages"}],"about":[{"href":"https:\/\/forum-via.org\/de\/wp-json\/wp\/v2\/types\/page"}],"author":[{"embeddable":true,"href":"https:\/\/forum-via.org\/de\/wp-json\/wp\/v2\/users\/1"}],"replies":[{"embeddable":true,"href":"https:\/\/forum-via.org\/de\/wp-json\/wp\/v2\/comments?post=619"}],"version-history":[{"count":32,"href":"https:\/\/forum-via.org\/de\/wp-json\/wp\/v2\/pages\/619\/revisions"}],"predecessor-version":[{"id":4866,"href":"https:\/\/forum-via.org\/de\/wp-json\/wp\/v2\/pages\/619\/revisions\/4866"}],"up":[{"embeddable":true,"href":"https:\/\/forum-via.org\/de\/wp-json\/wp\/v2\/pages\/6"}],"wp:attachment":[{"href":"https:\/\/forum-via.org\/de\/wp-json\/wp\/v2\/media?parent=619"}],"curies":[{"name":"wp","href":"https:\/\/api.w.org\/{rel}","templated":true}]}}