{"id":742,"date":"2013-05-06T11:26:58","date_gmt":"2013-05-06T09:26:58","guid":{"rendered":"http:\/\/forum-via.org\/?page_id=742"},"modified":"2018-05-04T17:39:02","modified_gmt":"2018-05-04T15:39:02","slug":"partnerschulen","status":"publish","type":"page","link":"https:\/\/forum-via.org\/de\/educational-games\/projekte\/partnerschulen\/","title":{"rendered":"Partnerschulen"},"content":{"rendered":"<p><a href=\"http:\/\/forum-via.org\/wp-content\/uploads\/2013\/05\/Schulbesuch_Retz_Mai2013-e1367843354988.jpg\" rel=\"lightbox\"><img decoding=\"async\" loading=\"lazy\" class=\" wp-image-756 aligncenter\" src=\"http:\/\/forum-via.org\/wp-content\/uploads\/2013\/05\/Schulbesuch_Retz_Mai2013_opt1.jpg\" alt=\"Schulbesuch_Retz_Mai2013_opt\" width=\"295\" height=\"162\" \/><\/a><strong>LERNE UNSERE PARTNERSCHULEN KENNEN!<\/strong><\/p>\n<p>Wir freuen uns sehr \u00fcber das rege Interesse an einer Teilnahme am Projekt <a title=\"Choose Your Own Sustainability Adventure\" href=\"http:\/\/forum-via.org\/projekte\/sustainability-adventure\/\">Choose Your Own Sustainability Adventure<\/a>! Acht Schulklassen der folgenden Schulen in \u00d6sterreich, Deutschland und den USA wurden bisher ausgew\u00e4hlt, um mit ihren engagierten LehrerInnen &#8222;Nachhaltigkeits Abenteuer&#8220; in aller Welt mitzugestalten:<\/p>\n<p><strong>\u00d6sterreich:<\/strong><br \/>\n<strong><a title=\"HLTW13 Bergheidengasse\" href=\"http:\/\/www.hltw13.at\/\" target=\"_blank\" rel=\"noopener\">Bergheidengasse<\/a><\/strong>, H\u00f6here Bundeslehranstalt f\u00fcr Tourismus und Wirtschaft (Wien 13)<br \/>\nAnsprechperson: Daniel Wandl<br \/>\n<a href=\"http:\/\/www.fsstockerau.ac.at\/\" target=\"_blank\" rel=\"noopener\"><strong>Fachschule f\u00fcr Sozialberufe<\/strong><\/a> (Stockerau)<br \/>\nAnsprechperson: Renate Sch\u00f6pf<br \/>\n<strong><a href=\"http:\/\/www.rosasgasse.at\/\" target=\"_blank\" rel=\"noopener\">Rosasgasse Gymnasium<\/a><\/strong> (Wien 12)<br \/>\nAnsprechperson: Isabella Gr\u00fcnbeck<br \/>\n<strong><a href=\"http:\/\/nmsretz.ac.at\/\" target=\"_blank\" rel=\"noopener\">Neue Mittelschule Retz<\/a><\/strong> (Retz)<br \/>\nAnsprechperson: Cornelia Dammelhart<br \/>\n<a href=\"http:\/\/www.brgkrems.ac.at\/\" target=\"_blank\" rel=\"noopener\"><strong>Bundesrealgymasium Krems Ringstra\u00dfe<\/strong><\/a> (Krems)<br \/>\nAnsprechperson: Christoph Lachawitz<\/p>\n<p><strong>Deutschland:<\/strong><br \/>\n<a title=\"Montessori Essing\" href=\"http:\/\/montessori-essing.de\/\" target=\"_blank\" rel=\"noopener\"><strong>Montessori Essing<\/strong><\/a>, (Essing, Deutschland)<br \/>\nAnsprechperson: Stefan Hilpert<\/p>\n<p><strong>USA:<\/strong><br \/>\n<a title=\"Harrison Preparatory School\" href=\"http:\/\/www.edline.net\/pages\/Harrison_Preparatory_School\" target=\"_blank\" rel=\"noopener\"><strong>Harrison Preparatory School<\/strong><\/a> (Lakewood, Washington)<br \/>\nAnsprechperson: Jason Dearborn<br \/>\n<a title=\"Sumner High School\" href=\"http:\/\/www.sumner.wednet.edu\/ourschools\/sumner_hs\/\" target=\"_blank\" rel=\"noopener\"><strong>Sumner High School<\/strong><\/a> (Sumner, Washington)<br \/>\nAnsprechperson: Emily Browning-Cray<\/p>\n<p>Die ausgew\u00e4hlten Schulen setzen sich bereits aktiv mit Themen der \u00f6kologischen, sozialen und \u00f6konomischen Nachhaltigkeit (z.B.Fairer Handel) auseinander und sind offen f\u00fcr neue Formen des Lernens. Sie sind daher ideale Partnerschulen, um Globales Lernen und Bildung f\u00fcr Nachhaltige Entwicklung mit dem Projekt <a title=\"Choose Your Own Sustainability Adventure\" href=\"http:\/\/forum-via.org\/projekte\/sustainability-adventure\/\">Choose Your Own Sustainability Adventure<\/a> auf eine neue Ebene zu heben.<\/p>\n<p>Dabei k\u00f6nnen unsere Partnerschulen auf unterschiedliche Ressourcen innovativer Schulnetzwerke wie &#8222;<a title=\"\u00d6KOLOG\" href=\"http:\/\/www.oekolog.at\/\" target=\"_blank\" rel=\"noopener\">\u00d6KOLOG<\/a>, <a title=\"PILGRIM\" href=\"http:\/\/www.pilgrimschule.at\/seiten\/start.php\" target=\"_blank\" rel=\"noopener\">PILGRIM<\/a>, <a title=\"COOL\" href=\"http:\/\/www.cooltrainers.at\/\" target=\"_blank\" rel=\"noopener\">COOL<\/a> Schulen und &#8222;<a title=\"IBO\" href=\"http:\/\/www.ibo.org\/\" target=\"_blank\" rel=\"noopener\">International Baccalaureate Schools<\/a>&#8220; oder &#8222;<a href=\"http:\/\/www.unesco-schulen.at\/\" target=\"_blank\" rel=\"noopener\">UNESCO-Schule \u00d6sterreich<\/a>&#8220; zur\u00fcckgreifen.<\/p>\n<table border=\"0\" cellpadding=\"2\" align=\"center\">\n<tbody>\n<tr>\n<td><a href=\"http:\/\/forum-via.org\/wp-content\/uploads\/2013\/05\/Bergheidengasse_logo.jpg\" rel=\"lightbox\"><img decoding=\"async\" loading=\"lazy\" class=\" wp-image-745 aligncenter\" src=\"http:\/\/forum-via.org\/wp-content\/uploads\/2013\/05\/Bergheidengasse_logo.jpg\" alt=\"Bergheidengasse_logo\" width=\"177\" height=\"178\" srcset=\"https:\/\/forum-via.org\/wp-content\/uploads\/2013\/05\/Bergheidengasse_logo.jpg 295w, https:\/\/forum-via.org\/wp-content\/uploads\/2013\/05\/Bergheidengasse_logo-150x150.jpg 150w\" sizes=\"(max-width: 177px) 100vw, 177px\" \/><\/a><\/td>\n<td><a href=\"http:\/\/forum-via.org\/wp-content\/uploads\/2014\/08\/spartan_logo.png\" rel=\"lightbox\"><img decoding=\"async\" loading=\"lazy\" class=\" wp-image-747 aligncenter\" src=\"http:\/\/forum-via.org\/wp-content\/uploads\/2014\/08\/spartan_logo.png\" alt=\"spartan_logo\" width=\"192\" height=\"178\" \/><\/a><\/td>\n<td><a href=\"http:\/\/forum-via.org\/wp-content\/uploads\/2013\/05\/HarrisonPrepLogo.jpg\" rel=\"lightbox\"><img decoding=\"async\" loading=\"lazy\" class=\"size-full wp-image-746 aligncenter\" src=\"http:\/\/forum-via.org\/wp-content\/uploads\/2013\/05\/HarrisonPrepLogo.jpg\" alt=\"HarrisonPrepLogo\" width=\"219\" height=\"160\" \/><\/a><\/td>\n<\/tr>\n<\/tbody>\n<\/table>\n<p><a href=\"http:\/\/forum-via.org\/wp-content\/uploads\/2013\/05\/Montessori_Essing1.png\" rel=\"lightbox\"><img decoding=\"async\" loading=\"lazy\" class=\"wp-image-1931 alignleft\" src=\"http:\/\/forum-via.org\/wp-content\/uploads\/2013\/05\/Montessori_Essing1.png\" alt=\"Montessori_Essing\" width=\"394\" height=\"67\" \/><\/a><a href=\"http:\/\/forum-via.org\/wp-content\/uploads\/2013\/05\/BRG-Krems-Logo.jpg\" rel=\"attachment wp-att-2416\"><img decoding=\"async\" loading=\"lazy\" class=\"size-full wp-image-2416 alignnone\" src=\"http:\/\/forum-via.org\/wp-content\/uploads\/2013\/05\/BRG-Krems-Logo.jpg\" alt=\"BRG Krems Logo\" width=\"132\" height=\"80\" \/><\/a><\/p>\n<p><a href=\"http:\/\/forum-via.org\/wp-content\/uploads\/2013\/05\/Logo-Rosasgasse-1.png\" rel=\"attachment wp-att-2422\"><img decoding=\"async\" loading=\"lazy\" class=\"wp-image-2422 aligncenter\" src=\"http:\/\/forum-via.org\/wp-content\/uploads\/2013\/05\/Logo-Rosasgasse-1.png\" alt=\"Logo-Rosasgasse\" width=\"165\" height=\"139\" \/><\/a><\/p>\n","protected":false},"excerpt":{"rendered":"<p>LERNE UNSERE PARTNERSCHULEN KENNEN! Wir freuen uns sehr \u00fcber das rege Interesse an einer Teilnahme am Projekt Choose Your Own Sustainability Adventure! Acht Schulklassen der folgenden Schulen in \u00d6sterreich, Deutschland und den USA wurden bisher ausgew\u00e4hlt, um mit ihren engagierten LehrerInnen &#8222;Nachhaltigkeits Abenteuer&#8220; in aller Welt mitzugestalten: \u00d6sterreich: Bergheidengasse, H\u00f6here Bundeslehranstalt f\u00fcr Tourismus und Wirtschaft (Wien 13) Ansprechperson: Daniel Wandl Fachschule f\u00fcr Sozialberufe (Stockerau) Ansprechperson: Renate Sch\u00f6pf Rosasgasse Gymnasium (Wien 12) Ansprechperson: Isabella Gr\u00fcnbeck Neue Mittelschule Retz (Retz) Ansprechperson: Cornelia&hellip;<\/p>\n","protected":false},"author":1,"featured_media":0,"parent":27,"menu_order":0,"comment_status":"closed","ping_status":"closed","template":"","meta":{"footnotes":""},"translation":{"provider":"WPGlobus","version":"3.0.2","language":"de","enabled_languages":["en","de"],"languages":{"en":{"title":true,"content":true,"excerpt":false},"de":{"title":true,"content":true,"excerpt":false}}},"acf":[],"_links":{"self":[{"href":"https:\/\/forum-via.org\/de\/wp-json\/wp\/v2\/pages\/742"}],"collection":[{"href":"https:\/\/forum-via.org\/de\/wp-json\/wp\/v2\/pages"}],"about":[{"href":"https:\/\/forum-via.org\/de\/wp-json\/wp\/v2\/types\/page"}],"author":[{"embeddable":true,"href":"https:\/\/forum-via.org\/de\/wp-json\/wp\/v2\/users\/1"}],"replies":[{"embeddable":true,"href":"https:\/\/forum-via.org\/de\/wp-json\/wp\/v2\/comments?post=742"}],"version-history":[{"count":39,"href":"https:\/\/forum-via.org\/de\/wp-json\/wp\/v2\/pages\/742\/revisions"}],"predecessor-version":[{"id":4290,"href":"https:\/\/forum-via.org\/de\/wp-json\/wp\/v2\/pages\/742\/revisions\/4290"}],"up":[{"embeddable":true,"href":"https:\/\/forum-via.org\/de\/wp-json\/wp\/v2\/pages\/27"}],"wp:attachment":[{"href":"https:\/\/forum-via.org\/de\/wp-json\/wp\/v2\/media?parent=742"}],"curies":[{"name":"wp","href":"https:\/\/api.w.org\/{rel}","templated":true}]}}