{"id":8,"date":"2012-10-28T21:59:56","date_gmt":"2012-10-28T20:59:56","guid":{"rendered":"http:\/\/forum-via.org\/?page_id=8"},"modified":"2018-05-12T01:50:49","modified_gmt":"2018-05-11T23:50:49","slug":"team","status":"publish","type":"page","link":"https:\/\/forum-via.org\/de\/about-us\/team\/","title":{"rendered":"Unser Team"},"content":{"rendered":"<p>Unser Team ist vielf\u00e4ltig und engagiert &#8211; und wir freuen uns \u00fcber jeden, der es mit seinem Engagement f\u00fcr eine nachhaltige Entwicklung unterst\u00fctzt. Interessiert? Dann schreibe uns: <a href=\"mailto:info@forum-via.org\">info[at]forum-via.org <\/a><\/p>\n","protected":false},"excerpt":{"rendered":"<p>Unser Team ist vielf\u00e4ltig und engagiert &#8211; und wir freuen uns \u00fcber jeden, der es mit seinem Engagement f\u00fcr eine nachhaltige Entwicklung unterst\u00fctzt. Interessiert? Dann schreibe uns: info[at]forum-via.org<\/p>\n","protected":false},"author":1,"featured_media":0,"parent":6,"menu_order":0,"comment_status":"closed","ping_status":"open","template":"page-templates\/template-team.php","meta":{"footnotes":""},"translation":{"provider":"WPGlobus","version":"3.0.2","language":"de","enabled_languages":["en","de"],"languages":{"en":{"title":true,"content":false,"excerpt":false},"de":{"title":true,"content":true,"excerpt":false}}},"acf":[],"_links":{"self":[{"href":"https:\/\/forum-via.org\/de\/wp-json\/wp\/v2\/pages\/8"}],"collection":[{"href":"https:\/\/forum-via.org\/de\/wp-json\/wp\/v2\/pages"}],"about":[{"href":"https:\/\/forum-via.org\/de\/wp-json\/wp\/v2\/types\/page"}],"author":[{"embeddable":true,"href":"https:\/\/forum-via.org\/de\/wp-json\/wp\/v2\/users\/1"}],"replies":[{"embeddable":true,"href":"https:\/\/forum-via.org\/de\/wp-json\/wp\/v2\/comments?post=8"}],"version-history":[{"count":103,"href":"https:\/\/forum-via.org\/de\/wp-json\/wp\/v2\/pages\/8\/revisions"}],"predecessor-version":[{"id":2217,"href":"https:\/\/forum-via.org\/de\/wp-json\/wp\/v2\/pages\/8\/revisions\/2217"}],"up":[{"embeddable":true,"href":"https:\/\/forum-via.org\/de\/wp-json\/wp\/v2\/pages\/6"}],"wp:attachment":[{"href":"https:\/\/forum-via.org\/de\/wp-json\/wp\/v2\/media?parent=8"}],"curies":[{"name":"wp","href":"https:\/\/api.w.org\/{rel}","templated":true}]}}